{"id":130025,"date":"2025-10-20T11:37:42","date_gmt":"2025-10-20T09:37:42","guid":{"rendered":"https:\/\/grontkontor.dk\/?post_type=product&#038;p=130025"},"modified":"2025-11-03T10:00:13","modified_gmt":"2025-11-03T09:00:13","slug":"julepynt-i-skifer-juletrae","status":"publish","type":"product","link":"https:\/\/grontkontor.dk\/en\/shop\/julepynt-i-skifer-juletrae\/","title":{"rendered":"Christmas decorations in slate &#8211; Christmas tree"},"content":{"rendered":"<p>Give your Christmas decorations a unique and responsible touch with eco-friendly Christmas decorations in slate. This beautiful hanger is an elegant alternative to traditional plastic ornaments and is made of natural slate. The material gives a rustic and timeless look that fits perfectly in both the modern and the classic Christmas home. The dark, matte surface of the slate creates a beautiful contrast to the green colour of the Christmas tree and the glow of the light.   <\/p>\n<p>Available with or without engraving or logo printing<\/p>\n<p>Get eco-friendly Christmas decorations in the shape of a slate like a classic Christmas tree and come with a string hanger so they are ready to be hung up immediately. Slate is an extremely durable and natural material, making this a climate-friendly choice that you can reuse year after year. It is a small but significant step towards a more environmentally friendly Christmas.  <\/p>\n<p>The decorations are perfect as a thoughtful and stylish Christmas gift for employees, customers or as part of a gift basket. It&#8217;s an elegant way to show that your company values quality and natural materials. The decorations can be advantageously engraved with a logo or a personal Christmas message, making it a memorable piece of Christmas decoration. Make this year&#8217;s Christmas gift climate-friendly and beautiful.   <\/p>\n<p>&nbsp;<\/p>\n","protected":false},"excerpt":{"rendered":"<p>Give your Christmas decorations a unique and responsible touch with eco-friendly Christmas decorations in slate. This beautiful hanger is an elegant alternative to traditional plastic ornaments and is made of natural slate. The material gives a rustic and timeless look that fits perfectly in both the modern and the classic Christmas home. The dark, matte [&hellip;]<\/p>\n","protected":false},"featured_media":130030,"comment_status":"closed","ping_status":"closed","template":"","meta":{"_acf_changed":false},"product_cat":[4846,2106,2390],"product_tag":[4845,2556],"class_list":{"0":"post-130025","1":"product","2":"type-product","3":"status-publish","4":"has-post-thumbnail","6":"product_cat-jul-og-hoejtid-en","7":"product_cat-dummy-moq-1-en","8":"product_cat-news","9":"product_tag-jul-en","10":"product_tag-julepynt-en","11":"tm-has-options","13":"first","14":"instock","15":"taxable","16":"shipping-taxable","17":"purchasable","18":"product-type-simple"},"acf":[],"yoast_head":"<!-- This site is optimized with the Yoast SEO Premium plugin v21.2 (Yoast SEO v21.2) - https:\/\/yoast.com\/wordpress\/plugins\/seo\/ -->\n<title>Eco-friendly Christmas decorations in slate<\/title>\n<meta name=\"description\" content=\"Buy eco-friendly Christmas decorations in slate. The natural slate hanger is a climate-friendly choice for the Christmas tree. Rustic, elegant and perfect for corporate gifts.\" \/>\n<meta name=\"robots\" content=\"index, follow, max-snippet:-1, max-image-preview:large, max-video-preview:-1\" \/>\n<link rel=\"canonical\" href=\"https:\/\/grontkontor.dk\/en\/shop\/julepynt-i-skifer-juletrae\/\" \/>\n<meta property=\"og:locale\" content=\"en_US\" \/>\n<meta property=\"og:type\" content=\"article\" \/>\n<meta property=\"og:title\" content=\"Christmas decorations in slate - Christmas tree\" \/>\n<meta property=\"og:description\" content=\"Buy eco-friendly Christmas decorations in slate. The natural slate hanger is a climate-friendly choice for the Christmas tree. Rustic, elegant and perfect for corporate gifts.\" \/>\n<meta property=\"og:url\" content=\"https:\/\/grontkontor.dk\/en\/shop\/julepynt-i-skifer-juletrae\/\" \/>\n<meta property=\"og:site_name\" content=\"Gr\u00f8nt Kontor\" \/>\n<meta property=\"article:publisher\" content=\"https:\/\/www.facebook.com\/grontkontor.dk\/\" \/>\n<meta property=\"article:modified_time\" content=\"2025-11-03T09:00:13+00:00\" \/>\n<meta property=\"og:image\" content=\"https:\/\/grontkontor.dk\/wp-content\/uploads\/2025\/10\/Miljoevenligt-jylepynt-i-skifer-juletrae.jpg\" \/>\n\t<meta property=\"og:image:width\" content=\"900\" \/>\n\t<meta property=\"og:image:height\" content=\"639\" \/>\n\t<meta property=\"og:image:type\" content=\"image\/jpeg\" \/>\n<meta name=\"twitter:card\" content=\"summary_large_image\" \/>\n<meta name=\"twitter:label1\" content=\"Est. reading time\" \/>\n\t<meta name=\"twitter:data1\" content=\"1 minute\" \/>\n<script type=\"application\/ld+json\" class=\"yoast-schema-graph\">{\"@context\":\"https:\/\/schema.org\",\"@graph\":[{\"@type\":\"WebPage\",\"@id\":\"https:\/\/grontkontor.dk\/en\/shop\/julepynt-i-skifer-juletrae\/\",\"url\":\"https:\/\/grontkontor.dk\/en\/shop\/julepynt-i-skifer-juletrae\/\",\"name\":\"Eco-friendly Christmas decorations in slate\",\"isPartOf\":{\"@id\":\"https:\/\/grontkontor.dk\/#website\"},\"datePublished\":\"2025-10-20T09:37:42+00:00\",\"dateModified\":\"2025-11-03T09:00:13+00:00\",\"description\":\"Buy eco-friendly Christmas decorations in slate. The natural slate hanger is a climate-friendly choice for the Christmas tree. Rustic, elegant and perfect for corporate gifts.\",\"breadcrumb\":{\"@id\":\"https:\/\/grontkontor.dk\/en\/shop\/julepynt-i-skifer-juletrae\/#breadcrumb\"},\"inLanguage\":\"en-US\",\"potentialAction\":[{\"@type\":\"ReadAction\",\"target\":[\"https:\/\/grontkontor.dk\/en\/shop\/julepynt-i-skifer-juletrae\/\"]}]},{\"@type\":\"BreadcrumbList\",\"@id\":\"https:\/\/grontkontor.dk\/en\/shop\/julepynt-i-skifer-juletrae\/#breadcrumb\",\"itemListElement\":[{\"@type\":\"ListItem\",\"position\":1,\"name\":\"Forside\",\"item\":\"https:\/\/grontkontor.dk\/\"},{\"@type\":\"ListItem\",\"position\":2,\"name\":\"Shop\",\"item\":\"https:\/\/grontkontor.dk\/en\/shop-2\/\"},{\"@type\":\"ListItem\",\"position\":3,\"name\":\"Jul og h\u00f8jtid\",\"item\":\"https:\/\/grontkontor.dk\/produkt-kategori\/jul-og-hoejtid\/\"},{\"@type\":\"ListItem\",\"position\":4,\"name\":\"Christmas decorations in slate &#8211; Christmas tree\"}]},{\"@type\":\"WebSite\",\"@id\":\"https:\/\/grontkontor.dk\/#website\",\"url\":\"https:\/\/grontkontor.dk\/\",\"name\":\"Gr\u00f8nt Kontor\",\"description\":\"Milj\u00f8venlige produkter til kontor og erhverv med fokus p\u00e5 b\u00e6redygtighed, design og fair trade.\",\"publisher\":{\"@id\":\"https:\/\/grontkontor.dk\/#organization\"},\"potentialAction\":[{\"@type\":\"SearchAction\",\"target\":{\"@type\":\"EntryPoint\",\"urlTemplate\":\"https:\/\/grontkontor.dk\/?s={search_term_string}\"},\"query-input\":\"required name=search_term_string\"}],\"inLanguage\":\"en-US\"},{\"@type\":\"Organization\",\"@id\":\"https:\/\/grontkontor.dk\/#organization\",\"name\":\"Gr\u00f8nt Kontor\",\"url\":\"https:\/\/grontkontor.dk\/\",\"logo\":{\"@type\":\"ImageObject\",\"inLanguage\":\"en-US\",\"@id\":\"https:\/\/grontkontor.dk\/#\/schema\/logo\/image\/\",\"url\":\"https:\/\/grontkontor.dk\/wp-content\/uploads\/2014\/02\/Logo_groent_kontor_300x80.png\",\"contentUrl\":\"https:\/\/grontkontor.dk\/wp-content\/uploads\/2014\/02\/Logo_groent_kontor_300x80.png\",\"width\":300,\"height\":80,\"caption\":\"Gr\u00f8nt Kontor\"},\"image\":{\"@id\":\"https:\/\/grontkontor.dk\/#\/schema\/logo\/image\/\"},\"sameAs\":[\"https:\/\/www.facebook.com\/grontkontor.dk\/\"]}]}<\/script>\n<!-- \/ Yoast SEO Premium plugin. -->","yoast_head_json":{"title":"Eco-friendly Christmas decorations in slate","description":"Buy eco-friendly Christmas decorations in slate. The natural slate hanger is a climate-friendly choice for the Christmas tree. Rustic, elegant and perfect for corporate gifts.","robots":{"index":"index","follow":"follow","max-snippet":"max-snippet:-1","max-image-preview":"max-image-preview:large","max-video-preview":"max-video-preview:-1"},"canonical":"https:\/\/grontkontor.dk\/en\/shop\/julepynt-i-skifer-juletrae\/","og_locale":"en_US","og_type":"article","og_title":"Christmas decorations in slate - Christmas tree","og_description":"Buy eco-friendly Christmas decorations in slate. The natural slate hanger is a climate-friendly choice for the Christmas tree. Rustic, elegant and perfect for corporate gifts.","og_url":"https:\/\/grontkontor.dk\/en\/shop\/julepynt-i-skifer-juletrae\/","og_site_name":"Gr\u00f8nt Kontor","article_publisher":"https:\/\/www.facebook.com\/grontkontor.dk\/","article_modified_time":"2025-11-03T09:00:13+00:00","og_image":[{"width":900,"height":639,"url":"https:\/\/grontkontor.dk\/wp-content\/uploads\/2025\/10\/Miljoevenligt-jylepynt-i-skifer-juletrae.jpg","type":"image\/jpeg"}],"twitter_card":"summary_large_image","twitter_misc":{"Est. reading time":"1 minute"},"schema":{"@context":"https:\/\/schema.org","@graph":[{"@type":"WebPage","@id":"https:\/\/grontkontor.dk\/en\/shop\/julepynt-i-skifer-juletrae\/","url":"https:\/\/grontkontor.dk\/en\/shop\/julepynt-i-skifer-juletrae\/","name":"Eco-friendly Christmas decorations in slate","isPartOf":{"@id":"https:\/\/grontkontor.dk\/#website"},"datePublished":"2025-10-20T09:37:42+00:00","dateModified":"2025-11-03T09:00:13+00:00","description":"Buy eco-friendly Christmas decorations in slate. The natural slate hanger is a climate-friendly choice for the Christmas tree. Rustic, elegant and perfect for corporate gifts.","breadcrumb":{"@id":"https:\/\/grontkontor.dk\/en\/shop\/julepynt-i-skifer-juletrae\/#breadcrumb"},"inLanguage":"en-US","potentialAction":[{"@type":"ReadAction","target":["https:\/\/grontkontor.dk\/en\/shop\/julepynt-i-skifer-juletrae\/"]}]},{"@type":"BreadcrumbList","@id":"https:\/\/grontkontor.dk\/en\/shop\/julepynt-i-skifer-juletrae\/#breadcrumb","itemListElement":[{"@type":"ListItem","position":1,"name":"Forside","item":"https:\/\/grontkontor.dk\/"},{"@type":"ListItem","position":2,"name":"Shop","item":"https:\/\/grontkontor.dk\/en\/shop-2\/"},{"@type":"ListItem","position":3,"name":"Jul og h\u00f8jtid","item":"https:\/\/grontkontor.dk\/produkt-kategori\/jul-og-hoejtid\/"},{"@type":"ListItem","position":4,"name":"Christmas decorations in slate &#8211; Christmas tree"}]},{"@type":"WebSite","@id":"https:\/\/grontkontor.dk\/#website","url":"https:\/\/grontkontor.dk\/","name":"Gr\u00f8nt Kontor","description":"Milj\u00f8venlige produkter til kontor og erhverv med fokus p\u00e5 b\u00e6redygtighed, design og fair trade.","publisher":{"@id":"https:\/\/grontkontor.dk\/#organization"},"potentialAction":[{"@type":"SearchAction","target":{"@type":"EntryPoint","urlTemplate":"https:\/\/grontkontor.dk\/?s={search_term_string}"},"query-input":"required name=search_term_string"}],"inLanguage":"en-US"},{"@type":"Organization","@id":"https:\/\/grontkontor.dk\/#organization","name":"Gr\u00f8nt Kontor","url":"https:\/\/grontkontor.dk\/","logo":{"@type":"ImageObject","inLanguage":"en-US","@id":"https:\/\/grontkontor.dk\/#\/schema\/logo\/image\/","url":"https:\/\/grontkontor.dk\/wp-content\/uploads\/2014\/02\/Logo_groent_kontor_300x80.png","contentUrl":"https:\/\/grontkontor.dk\/wp-content\/uploads\/2014\/02\/Logo_groent_kontor_300x80.png","width":300,"height":80,"caption":"Gr\u00f8nt Kontor"},"image":{"@id":"https:\/\/grontkontor.dk\/#\/schema\/logo\/image\/"},"sameAs":["https:\/\/www.facebook.com\/grontkontor.dk\/"]}]}},"_links":{"self":[{"href":"https:\/\/grontkontor.dk\/en\/wp-json\/wp\/v2\/product\/130025"}],"collection":[{"href":"https:\/\/grontkontor.dk\/en\/wp-json\/wp\/v2\/product"}],"about":[{"href":"https:\/\/grontkontor.dk\/en\/wp-json\/wp\/v2\/types\/product"}],"replies":[{"embeddable":true,"href":"https:\/\/grontkontor.dk\/en\/wp-json\/wp\/v2\/comments?post=130025"}],"wp:featuredmedia":[{"embeddable":true,"href":"https:\/\/grontkontor.dk\/en\/wp-json\/wp\/v2\/media\/130030"}],"wp:attachment":[{"href":"https:\/\/grontkontor.dk\/en\/wp-json\/wp\/v2\/media?parent=130025"}],"wp:term":[{"taxonomy":"product_cat","embeddable":true,"href":"https:\/\/grontkontor.dk\/en\/wp-json\/wp\/v2\/product_cat?post=130025"},{"taxonomy":"product_tag","embeddable":true,"href":"https:\/\/grontkontor.dk\/en\/wp-json\/wp\/v2\/product_tag?post=130025"}],"curies":[{"name":"wp","href":"https:\/\/api.w.org\/{rel}","templated":true}]}}