{"id":130066,"date":"2025-10-20T14:38:47","date_gmt":"2025-10-20T12:38:48","guid":{"rendered":"https:\/\/grontkontor.dk\/?post_type=product&#038;p=130066"},"modified":"2025-11-03T09:59:43","modified_gmt":"2025-11-03T08:59:43","slug":"julepyntsaet-i-boeg","status":"publish","type":"product","link":"https:\/\/grontkontor.dk\/en\/shop\/julepyntsaet-i-boeg\/","title":{"rendered":"Christmas decoration set in beech"},"content":{"rendered":"<p>Create a natural and warm Christmas atmosphere with this eco-friendly beech wood Christmas decoration set. This set is the ideal choice for those who want to decorate in style while making an eco-friendly choice. The set consists of six beautiful hangers, made of durable beech wood. The design includes classic motifs such as Christmas baubles, Christmas trees and snowflakes, giving your Christmas tree a timeless and elegant look. Comes in a brown gift box with good signals of sustainability.    <\/p>\n<p>Each piece of ornament is equipped with a jute cord, which emphasizes the natural look. Both the beech wood and the jute rope are known for being durable materials, making this set a climate-friendly choice you can reuse year after year. By choosing wood over plastic, you contribute to reducing your environmental footprint and create a Christmas with care.  <\/p>\n<p>Eco-friendly beech wood Christmas decoration set is not only beautiful for your own home; It&#8217;s also the perfect gift. The set comes elegantly presented in a box of kraft cardboard. This makes the set an ideal corporate gift, a thoughtful employee gift, or a Christmas greeting that stands out. Decorate your Christmas tree with these natural ornaments and enjoy the simple beauty that lasts.<\/p>\n","protected":false},"excerpt":{"rendered":"<p>Create a natural and warm Christmas atmosphere with this eco-friendly beech wood Christmas decoration set. This set is the ideal choice for those who want to decorate in style while making an eco-friendly choice. The set consists of six beautiful hangers, made of durable beech wood. The design includes classic motifs such as Christmas baubles, [&hellip;]<\/p>\n","protected":false},"featured_media":130072,"comment_status":"closed","ping_status":"closed","template":"","meta":{"_acf_changed":false},"product_cat":[4846,2106,2390],"product_tag":[4845,2556],"class_list":{"0":"post-130066","1":"product","2":"type-product","3":"status-publish","4":"has-post-thumbnail","6":"product_cat-jul-og-hoejtid-en","7":"product_cat-dummy-moq-1-en","8":"product_cat-news","9":"product_tag-jul-en","10":"product_tag-julepynt-en","11":"tm-has-options","13":"first","14":"instock","15":"taxable","16":"shipping-taxable","17":"purchasable","18":"product-type-simple"},"acf":[],"yoast_head":"<!-- This site is optimized with the Yoast SEO Premium plugin v21.2 (Yoast SEO v21.2) - https:\/\/yoast.com\/wordpress\/plugins\/seo\/ -->\n<title>Eco-friendly beech wood Christmas decoration set<\/title>\n<meta name=\"description\" content=\"Buy an eco-friendly beech wood Christmas decoration set. The set includes 6 wooden Christmas ornaments (baubles, trees, snowflakes) and jute string. A climate-friendly and durable choice, delivered in a power box.\" \/>\n<meta name=\"robots\" content=\"index, follow, max-snippet:-1, max-image-preview:large, max-video-preview:-1\" \/>\n<link rel=\"canonical\" href=\"https:\/\/grontkontor.dk\/en\/shop\/julepyntsaet-i-boeg\/\" \/>\n<meta property=\"og:locale\" content=\"en_US\" \/>\n<meta property=\"og:type\" content=\"article\" \/>\n<meta property=\"og:title\" content=\"Christmas decoration set in beech\" \/>\n<meta property=\"og:description\" content=\"Buy an eco-friendly beech wood Christmas decoration set. The set includes 6 wooden Christmas ornaments (baubles, trees, snowflakes) and jute string. A climate-friendly and durable choice, delivered in a power box.\" \/>\n<meta property=\"og:url\" content=\"https:\/\/grontkontor.dk\/en\/shop\/julepyntsaet-i-boeg\/\" \/>\n<meta property=\"og:site_name\" content=\"Gr\u00f8nt Kontor\" \/>\n<meta property=\"article:publisher\" content=\"https:\/\/www.facebook.com\/grontkontor.dk\/\" \/>\n<meta property=\"article:modified_time\" content=\"2025-11-03T08:59:43+00:00\" \/>\n<meta property=\"og:image\" content=\"https:\/\/grontkontor.dk\/wp-content\/uploads\/2025\/10\/Klimavenligt-jylepyntsaet-i-boeg.jpg\" \/>\n\t<meta property=\"og:image:width\" content=\"900\" \/>\n\t<meta property=\"og:image:height\" content=\"639\" \/>\n\t<meta property=\"og:image:type\" content=\"image\/jpeg\" \/>\n<meta name=\"twitter:card\" content=\"summary_large_image\" \/>\n<meta name=\"twitter:label1\" content=\"Est. reading time\" \/>\n\t<meta name=\"twitter:data1\" content=\"1 minute\" \/>\n<script type=\"application\/ld+json\" class=\"yoast-schema-graph\">{\"@context\":\"https:\/\/schema.org\",\"@graph\":[{\"@type\":\"WebPage\",\"@id\":\"https:\/\/grontkontor.dk\/en\/shop\/julepyntsaet-i-boeg\/\",\"url\":\"https:\/\/grontkontor.dk\/en\/shop\/julepyntsaet-i-boeg\/\",\"name\":\"Eco-friendly beech wood Christmas decoration set\",\"isPartOf\":{\"@id\":\"https:\/\/grontkontor.dk\/#website\"},\"datePublished\":\"2025-10-20T12:38:48+00:00\",\"dateModified\":\"2025-11-03T08:59:43+00:00\",\"description\":\"Buy an eco-friendly beech wood Christmas decoration set. The set includes 6 wooden Christmas ornaments (baubles, trees, snowflakes) and jute string. A climate-friendly and durable choice, delivered in a power box.\",\"breadcrumb\":{\"@id\":\"https:\/\/grontkontor.dk\/en\/shop\/julepyntsaet-i-boeg\/#breadcrumb\"},\"inLanguage\":\"en-US\",\"potentialAction\":[{\"@type\":\"ReadAction\",\"target\":[\"https:\/\/grontkontor.dk\/en\/shop\/julepyntsaet-i-boeg\/\"]}]},{\"@type\":\"BreadcrumbList\",\"@id\":\"https:\/\/grontkontor.dk\/en\/shop\/julepyntsaet-i-boeg\/#breadcrumb\",\"itemListElement\":[{\"@type\":\"ListItem\",\"position\":1,\"name\":\"Forside\",\"item\":\"https:\/\/grontkontor.dk\/\"},{\"@type\":\"ListItem\",\"position\":2,\"name\":\"Shop\",\"item\":\"https:\/\/grontkontor.dk\/en\/shop-2\/\"},{\"@type\":\"ListItem\",\"position\":3,\"name\":\"Jul og h\u00f8jtid\",\"item\":\"https:\/\/grontkontor.dk\/produkt-kategori\/jul-og-hoejtid\/\"},{\"@type\":\"ListItem\",\"position\":4,\"name\":\"Christmas decoration set in beech\"}]},{\"@type\":\"WebSite\",\"@id\":\"https:\/\/grontkontor.dk\/#website\",\"url\":\"https:\/\/grontkontor.dk\/\",\"name\":\"Gr\u00f8nt Kontor\",\"description\":\"Milj\u00f8venlige produkter til kontor og erhverv med fokus p\u00e5 b\u00e6redygtighed, design og fair trade.\",\"publisher\":{\"@id\":\"https:\/\/grontkontor.dk\/#organization\"},\"potentialAction\":[{\"@type\":\"SearchAction\",\"target\":{\"@type\":\"EntryPoint\",\"urlTemplate\":\"https:\/\/grontkontor.dk\/?s={search_term_string}\"},\"query-input\":\"required name=search_term_string\"}],\"inLanguage\":\"en-US\"},{\"@type\":\"Organization\",\"@id\":\"https:\/\/grontkontor.dk\/#organization\",\"name\":\"Gr\u00f8nt Kontor\",\"url\":\"https:\/\/grontkontor.dk\/\",\"logo\":{\"@type\":\"ImageObject\",\"inLanguage\":\"en-US\",\"@id\":\"https:\/\/grontkontor.dk\/#\/schema\/logo\/image\/\",\"url\":\"https:\/\/grontkontor.dk\/wp-content\/uploads\/2014\/02\/Logo_groent_kontor_300x80.png\",\"contentUrl\":\"https:\/\/grontkontor.dk\/wp-content\/uploads\/2014\/02\/Logo_groent_kontor_300x80.png\",\"width\":300,\"height\":80,\"caption\":\"Gr\u00f8nt Kontor\"},\"image\":{\"@id\":\"https:\/\/grontkontor.dk\/#\/schema\/logo\/image\/\"},\"sameAs\":[\"https:\/\/www.facebook.com\/grontkontor.dk\/\"]}]}<\/script>\n<!-- \/ Yoast SEO Premium plugin. -->","yoast_head_json":{"title":"Eco-friendly beech wood Christmas decoration set","description":"Buy an eco-friendly beech wood Christmas decoration set. The set includes 6 wooden Christmas ornaments (baubles, trees, snowflakes) and jute string. A climate-friendly and durable choice, delivered in a power box.","robots":{"index":"index","follow":"follow","max-snippet":"max-snippet:-1","max-image-preview":"max-image-preview:large","max-video-preview":"max-video-preview:-1"},"canonical":"https:\/\/grontkontor.dk\/en\/shop\/julepyntsaet-i-boeg\/","og_locale":"en_US","og_type":"article","og_title":"Christmas decoration set in beech","og_description":"Buy an eco-friendly beech wood Christmas decoration set. The set includes 6 wooden Christmas ornaments (baubles, trees, snowflakes) and jute string. A climate-friendly and durable choice, delivered in a power box.","og_url":"https:\/\/grontkontor.dk\/en\/shop\/julepyntsaet-i-boeg\/","og_site_name":"Gr\u00f8nt Kontor","article_publisher":"https:\/\/www.facebook.com\/grontkontor.dk\/","article_modified_time":"2025-11-03T08:59:43+00:00","og_image":[{"width":900,"height":639,"url":"https:\/\/grontkontor.dk\/wp-content\/uploads\/2025\/10\/Klimavenligt-jylepyntsaet-i-boeg.jpg","type":"image\/jpeg"}],"twitter_card":"summary_large_image","twitter_misc":{"Est. reading time":"1 minute"},"schema":{"@context":"https:\/\/schema.org","@graph":[{"@type":"WebPage","@id":"https:\/\/grontkontor.dk\/en\/shop\/julepyntsaet-i-boeg\/","url":"https:\/\/grontkontor.dk\/en\/shop\/julepyntsaet-i-boeg\/","name":"Eco-friendly beech wood Christmas decoration set","isPartOf":{"@id":"https:\/\/grontkontor.dk\/#website"},"datePublished":"2025-10-20T12:38:48+00:00","dateModified":"2025-11-03T08:59:43+00:00","description":"Buy an eco-friendly beech wood Christmas decoration set. The set includes 6 wooden Christmas ornaments (baubles, trees, snowflakes) and jute string. A climate-friendly and durable choice, delivered in a power box.","breadcrumb":{"@id":"https:\/\/grontkontor.dk\/en\/shop\/julepyntsaet-i-boeg\/#breadcrumb"},"inLanguage":"en-US","potentialAction":[{"@type":"ReadAction","target":["https:\/\/grontkontor.dk\/en\/shop\/julepyntsaet-i-boeg\/"]}]},{"@type":"BreadcrumbList","@id":"https:\/\/grontkontor.dk\/en\/shop\/julepyntsaet-i-boeg\/#breadcrumb","itemListElement":[{"@type":"ListItem","position":1,"name":"Forside","item":"https:\/\/grontkontor.dk\/"},{"@type":"ListItem","position":2,"name":"Shop","item":"https:\/\/grontkontor.dk\/en\/shop-2\/"},{"@type":"ListItem","position":3,"name":"Jul og h\u00f8jtid","item":"https:\/\/grontkontor.dk\/produkt-kategori\/jul-og-hoejtid\/"},{"@type":"ListItem","position":4,"name":"Christmas decoration set in beech"}]},{"@type":"WebSite","@id":"https:\/\/grontkontor.dk\/#website","url":"https:\/\/grontkontor.dk\/","name":"Gr\u00f8nt Kontor","description":"Milj\u00f8venlige produkter til kontor og erhverv med fokus p\u00e5 b\u00e6redygtighed, design og fair trade.","publisher":{"@id":"https:\/\/grontkontor.dk\/#organization"},"potentialAction":[{"@type":"SearchAction","target":{"@type":"EntryPoint","urlTemplate":"https:\/\/grontkontor.dk\/?s={search_term_string}"},"query-input":"required name=search_term_string"}],"inLanguage":"en-US"},{"@type":"Organization","@id":"https:\/\/grontkontor.dk\/#organization","name":"Gr\u00f8nt Kontor","url":"https:\/\/grontkontor.dk\/","logo":{"@type":"ImageObject","inLanguage":"en-US","@id":"https:\/\/grontkontor.dk\/#\/schema\/logo\/image\/","url":"https:\/\/grontkontor.dk\/wp-content\/uploads\/2014\/02\/Logo_groent_kontor_300x80.png","contentUrl":"https:\/\/grontkontor.dk\/wp-content\/uploads\/2014\/02\/Logo_groent_kontor_300x80.png","width":300,"height":80,"caption":"Gr\u00f8nt Kontor"},"image":{"@id":"https:\/\/grontkontor.dk\/#\/schema\/logo\/image\/"},"sameAs":["https:\/\/www.facebook.com\/grontkontor.dk\/"]}]}},"_links":{"self":[{"href":"https:\/\/grontkontor.dk\/en\/wp-json\/wp\/v2\/product\/130066"}],"collection":[{"href":"https:\/\/grontkontor.dk\/en\/wp-json\/wp\/v2\/product"}],"about":[{"href":"https:\/\/grontkontor.dk\/en\/wp-json\/wp\/v2\/types\/product"}],"replies":[{"embeddable":true,"href":"https:\/\/grontkontor.dk\/en\/wp-json\/wp\/v2\/comments?post=130066"}],"wp:featuredmedia":[{"embeddable":true,"href":"https:\/\/grontkontor.dk\/en\/wp-json\/wp\/v2\/media\/130072"}],"wp:attachment":[{"href":"https:\/\/grontkontor.dk\/en\/wp-json\/wp\/v2\/media?parent=130066"}],"wp:term":[{"taxonomy":"product_cat","embeddable":true,"href":"https:\/\/grontkontor.dk\/en\/wp-json\/wp\/v2\/product_cat?post=130066"},{"taxonomy":"product_tag","embeddable":true,"href":"https:\/\/grontkontor.dk\/en\/wp-json\/wp\/v2\/product_tag?post=130066"}],"curies":[{"name":"wp","href":"https:\/\/api.w.org\/{rel}","templated":true}]}}