{"id":130152,"date":"2025-10-21T15:56:22","date_gmt":"2025-10-21T13:56:25","guid":{"rendered":"https:\/\/grontkontor.dk\/?post_type=product&#038;p=130152"},"modified":"2025-11-03T09:59:37","modified_gmt":"2025-11-03T08:59:37","slug":"julemandspose-bomuld","status":"publish","type":"product","link":"https:\/\/grontkontor.dk\/en\/shop\/julemandspose-bomuld\/","title":{"rendered":"Santa Claus Bag Cotton"},"content":{"rendered":"<p>Make this year&#8217;s gift wrapping part of the Christmas joy with our climate-friendly Christmas gift bag in cotton. This large and spacious bag is the perfect eco-friendly alternative to traditional gift wrapping paper and disposable packaging. Made from a strong cotton quality of 180 g\/m\u00b2, this Christmas gift bag ensures that your gifts are stored safely and presentably. With its generous dimensions of approx. 50&#215;70 cm, it is large enough for even the most voluminous gifts and Christmas surprises.   <\/p>\n<p>Available with or without logo print.<\/p>\n<p>This is the ultimate Santa bag that, with its drawstring closure, ensures that the contents remain hidden until the magic moment. Its reusability makes it a truly climate-friendly product that can be used year after year, significantly reducing your waste. It&#8217;s not just practical; It is also a beautiful part of the Christmas decoration under the tree.  <\/p>\n<p>Our climate-friendly cotton Christmas gift bag is an excellent choice as a corporate gift where you want to wrap staff gifts stylishly with consideration for the environment. The bag can be easily personalised with the print of your company logo or a Christmas message, making it a unique and eco-friendly marketing tool. Send a clear message of responsibility and choose a reusable solution for this year&#8217;s gifts.  <\/p>\n<p data-start=\"350\" data-end=\"656\">Cotton is a biodegradable, compostable natural product and one of the worlds oldest commercial and agricultural commodities. This product has been selected solely for its unique design and is one of the few we keep in stock which is not made from organic or recycled cotton - for a more sustainable choice we would recommend these products instead. <\/p>\n<p data-start=\"350\" data-end=\"656\"><a href=\"https:\/\/en.wikipedia.org\/wiki\/Blue_Angel_(certification)\" rel=\"noopener\" target=\"_blank\"><img loading=\"lazy\" decoding=\"async\" class=\"size-full wp-image-12701\" src=\"https:\/\/grontkontor.dk\/wp-content\/uploads\/2023\/09\/amfori-logo.jpg\" width=\"202\" height=\"62\" border=0 \/><\/a><\/p>\n","protected":false},"excerpt":{"rendered":"<p>Make this year&#8217;s gift wrapping part of the Christmas joy with our climate-friendly Christmas gift bag in cotton. This large and spacious bag is the perfect eco-friendly alternative to traditional gift wrapping paper and disposable packaging. Made from a strong cotton quality of 180 g\/m\u00b2, this Christmas gift bag ensures that your gifts are stored [&hellip;]<\/p>\n","protected":false},"featured_media":130262,"comment_status":"closed","ping_status":"closed","template":"","meta":{"_acf_changed":false},"product_cat":[4445,1311,4846,2106,2390],"product_tag":[4845,2553],"class_list":{"0":"post-130152","1":"product","2":"type-product","3":"status-publish","4":"has-post-thumbnail","6":"product_cat-gift-bags-and-gift-boxes","7":"product_cat-carrier-bag","8":"product_cat-jul-og-hoejtid-en","9":"product_cat-dummy-moq-1-en","10":"product_cat-news","11":"product_tag-jul-en","12":"product_tag-gavepose-en","13":"pa_farve-green-en","14":"pa_farve-red-en","15":"tm-has-options","17":"first","18":"instock","19":"taxable","20":"shipping-taxable","21":"purchasable","22":"product-type-variable","23":"has-default-attributes"},"acf":[],"yoast_head":"<!-- This site is optimized with the Yoast SEO Premium plugin v21.2 (Yoast SEO v21.2) - https:\/\/yoast.com\/wordpress\/plugins\/seo\/ -->\n<title>Climate-friendly Christmas gift bag in cotton<\/title>\n<meta name=\"description\" content=\"Buy a climate-friendly Christmas gift bag in cotton (approx. 50x70 cm). The large Santa Claus bag is an environmentally friendly alternative to gift wrap. Perfect as a Christmas gift bag for corporate gifts and recycling year after year.\" \/>\n<meta name=\"robots\" content=\"index, follow, max-snippet:-1, max-image-preview:large, max-video-preview:-1\" \/>\n<link rel=\"canonical\" href=\"https:\/\/grontkontor.dk\/en\/shop\/julemandspose-bomuld\/\" \/>\n<meta property=\"og:locale\" content=\"en_US\" \/>\n<meta property=\"og:type\" content=\"article\" \/>\n<meta property=\"og:title\" content=\"Santa Claus Bag Cotton\" \/>\n<meta property=\"og:description\" content=\"Buy a climate-friendly Christmas gift bag in cotton (approx. 50x70 cm). The large Santa Claus bag is an environmentally friendly alternative to gift wrap. Perfect as a Christmas gift bag for corporate gifts and recycling year after year.\" \/>\n<meta property=\"og:url\" content=\"https:\/\/grontkontor.dk\/en\/shop\/julemandspose-bomuld\/\" \/>\n<meta property=\"og:site_name\" content=\"Gr\u00f8nt Kontor\" \/>\n<meta property=\"article:publisher\" content=\"https:\/\/www.facebook.com\/grontkontor.dk\/\" \/>\n<meta property=\"article:modified_time\" content=\"2025-11-03T08:59:37+00:00\" \/>\n<meta property=\"og:image\" content=\"https:\/\/grontkontor.dk\/wp-content\/uploads\/2025\/10\/Klimavenlig-julegavepose-i-bomuld-groen.jpg\" \/>\n\t<meta property=\"og:image:width\" content=\"900\" \/>\n\t<meta property=\"og:image:height\" content=\"639\" \/>\n\t<meta property=\"og:image:type\" content=\"image\/jpeg\" \/>\n<meta name=\"twitter:card\" content=\"summary_large_image\" \/>\n<meta name=\"twitter:label1\" content=\"Est. reading time\" \/>\n\t<meta name=\"twitter:data1\" content=\"1 minute\" \/>\n<script type=\"application\/ld+json\" class=\"yoast-schema-graph\">{\"@context\":\"https:\/\/schema.org\",\"@graph\":[{\"@type\":\"WebPage\",\"@id\":\"https:\/\/grontkontor.dk\/en\/shop\/julemandspose-bomuld\/\",\"url\":\"https:\/\/grontkontor.dk\/en\/shop\/julemandspose-bomuld\/\",\"name\":\"Climate-friendly Christmas gift bag in cotton\",\"isPartOf\":{\"@id\":\"https:\/\/grontkontor.dk\/#website\"},\"datePublished\":\"2025-10-21T13:56:25+00:00\",\"dateModified\":\"2025-11-03T08:59:37+00:00\",\"description\":\"Buy a climate-friendly Christmas gift bag in cotton (approx. 50x70 cm). The large Santa Claus bag is an environmentally friendly alternative to gift wrap. Perfect as a Christmas gift bag for corporate gifts and recycling year after year.\",\"breadcrumb\":{\"@id\":\"https:\/\/grontkontor.dk\/en\/shop\/julemandspose-bomuld\/#breadcrumb\"},\"inLanguage\":\"en-US\",\"potentialAction\":[{\"@type\":\"ReadAction\",\"target\":[\"https:\/\/grontkontor.dk\/en\/shop\/julemandspose-bomuld\/\"]}]},{\"@type\":\"BreadcrumbList\",\"@id\":\"https:\/\/grontkontor.dk\/en\/shop\/julemandspose-bomuld\/#breadcrumb\",\"itemListElement\":[{\"@type\":\"ListItem\",\"position\":1,\"name\":\"Forside\",\"item\":\"https:\/\/grontkontor.dk\/\"},{\"@type\":\"ListItem\",\"position\":2,\"name\":\"Shop\",\"item\":\"https:\/\/grontkontor.dk\/en\/shop-2\/\"},{\"@type\":\"ListItem\",\"position\":3,\"name\":\"Climate-friendly corporate gifts\",\"item\":\"https:\/\/grontkontor.dk\/en\/produkt-kategori\/sustainable-presents\/\"},{\"@type\":\"ListItem\",\"position\":4,\"name\":\"Gift bags and gift boxes\",\"item\":\"https:\/\/grontkontor.dk\/en\/produkt-kategori\/sustainable-presents\/gift-bags-and-gift-boxes\/\"},{\"@type\":\"ListItem\",\"position\":5,\"name\":\"Santa Claus Bag Cotton\"}]},{\"@type\":\"WebSite\",\"@id\":\"https:\/\/grontkontor.dk\/#website\",\"url\":\"https:\/\/grontkontor.dk\/\",\"name\":\"Gr\u00f8nt Kontor\",\"description\":\"Milj\u00f8venlige produkter til kontor og erhverv med fokus p\u00e5 b\u00e6redygtighed, design og fair trade.\",\"publisher\":{\"@id\":\"https:\/\/grontkontor.dk\/#organization\"},\"potentialAction\":[{\"@type\":\"SearchAction\",\"target\":{\"@type\":\"EntryPoint\",\"urlTemplate\":\"https:\/\/grontkontor.dk\/?s={search_term_string}\"},\"query-input\":\"required name=search_term_string\"}],\"inLanguage\":\"en-US\"},{\"@type\":\"Organization\",\"@id\":\"https:\/\/grontkontor.dk\/#organization\",\"name\":\"Gr\u00f8nt Kontor\",\"url\":\"https:\/\/grontkontor.dk\/\",\"logo\":{\"@type\":\"ImageObject\",\"inLanguage\":\"en-US\",\"@id\":\"https:\/\/grontkontor.dk\/#\/schema\/logo\/image\/\",\"url\":\"https:\/\/grontkontor.dk\/wp-content\/uploads\/2014\/02\/Logo_groent_kontor_300x80.png\",\"contentUrl\":\"https:\/\/grontkontor.dk\/wp-content\/uploads\/2014\/02\/Logo_groent_kontor_300x80.png\",\"width\":300,\"height\":80,\"caption\":\"Gr\u00f8nt Kontor\"},\"image\":{\"@id\":\"https:\/\/grontkontor.dk\/#\/schema\/logo\/image\/\"},\"sameAs\":[\"https:\/\/www.facebook.com\/grontkontor.dk\/\"]}]}<\/script>\n<!-- \/ Yoast SEO Premium plugin. -->","yoast_head_json":{"title":"Climate-friendly Christmas gift bag in cotton","description":"Buy a climate-friendly Christmas gift bag in cotton (approx. 50x70 cm). The large Santa Claus bag is an environmentally friendly alternative to gift wrap. Perfect as a Christmas gift bag for corporate gifts and recycling year after year.","robots":{"index":"index","follow":"follow","max-snippet":"max-snippet:-1","max-image-preview":"max-image-preview:large","max-video-preview":"max-video-preview:-1"},"canonical":"https:\/\/grontkontor.dk\/en\/shop\/julemandspose-bomuld\/","og_locale":"en_US","og_type":"article","og_title":"Santa Claus Bag Cotton","og_description":"Buy a climate-friendly Christmas gift bag in cotton (approx. 50x70 cm). The large Santa Claus bag is an environmentally friendly alternative to gift wrap. Perfect as a Christmas gift bag for corporate gifts and recycling year after year.","og_url":"https:\/\/grontkontor.dk\/en\/shop\/julemandspose-bomuld\/","og_site_name":"Gr\u00f8nt Kontor","article_publisher":"https:\/\/www.facebook.com\/grontkontor.dk\/","article_modified_time":"2025-11-03T08:59:37+00:00","og_image":[{"width":900,"height":639,"url":"https:\/\/grontkontor.dk\/wp-content\/uploads\/2025\/10\/Klimavenlig-julegavepose-i-bomuld-groen.jpg","type":"image\/jpeg"}],"twitter_card":"summary_large_image","twitter_misc":{"Est. reading time":"1 minute"},"schema":{"@context":"https:\/\/schema.org","@graph":[{"@type":"WebPage","@id":"https:\/\/grontkontor.dk\/en\/shop\/julemandspose-bomuld\/","url":"https:\/\/grontkontor.dk\/en\/shop\/julemandspose-bomuld\/","name":"Climate-friendly Christmas gift bag in cotton","isPartOf":{"@id":"https:\/\/grontkontor.dk\/#website"},"datePublished":"2025-10-21T13:56:25+00:00","dateModified":"2025-11-03T08:59:37+00:00","description":"Buy a climate-friendly Christmas gift bag in cotton (approx. 50x70 cm). The large Santa Claus bag is an environmentally friendly alternative to gift wrap. Perfect as a Christmas gift bag for corporate gifts and recycling year after year.","breadcrumb":{"@id":"https:\/\/grontkontor.dk\/en\/shop\/julemandspose-bomuld\/#breadcrumb"},"inLanguage":"en-US","potentialAction":[{"@type":"ReadAction","target":["https:\/\/grontkontor.dk\/en\/shop\/julemandspose-bomuld\/"]}]},{"@type":"BreadcrumbList","@id":"https:\/\/grontkontor.dk\/en\/shop\/julemandspose-bomuld\/#breadcrumb","itemListElement":[{"@type":"ListItem","position":1,"name":"Forside","item":"https:\/\/grontkontor.dk\/"},{"@type":"ListItem","position":2,"name":"Shop","item":"https:\/\/grontkontor.dk\/en\/shop-2\/"},{"@type":"ListItem","position":3,"name":"Climate-friendly corporate gifts","item":"https:\/\/grontkontor.dk\/en\/produkt-kategori\/sustainable-presents\/"},{"@type":"ListItem","position":4,"name":"Gift bags and gift boxes","item":"https:\/\/grontkontor.dk\/en\/produkt-kategori\/sustainable-presents\/gift-bags-and-gift-boxes\/"},{"@type":"ListItem","position":5,"name":"Santa Claus Bag Cotton"}]},{"@type":"WebSite","@id":"https:\/\/grontkontor.dk\/#website","url":"https:\/\/grontkontor.dk\/","name":"Gr\u00f8nt Kontor","description":"Milj\u00f8venlige produkter til kontor og erhverv med fokus p\u00e5 b\u00e6redygtighed, design og fair trade.","publisher":{"@id":"https:\/\/grontkontor.dk\/#organization"},"potentialAction":[{"@type":"SearchAction","target":{"@type":"EntryPoint","urlTemplate":"https:\/\/grontkontor.dk\/?s={search_term_string}"},"query-input":"required name=search_term_string"}],"inLanguage":"en-US"},{"@type":"Organization","@id":"https:\/\/grontkontor.dk\/#organization","name":"Gr\u00f8nt Kontor","url":"https:\/\/grontkontor.dk\/","logo":{"@type":"ImageObject","inLanguage":"en-US","@id":"https:\/\/grontkontor.dk\/#\/schema\/logo\/image\/","url":"https:\/\/grontkontor.dk\/wp-content\/uploads\/2014\/02\/Logo_groent_kontor_300x80.png","contentUrl":"https:\/\/grontkontor.dk\/wp-content\/uploads\/2014\/02\/Logo_groent_kontor_300x80.png","width":300,"height":80,"caption":"Gr\u00f8nt Kontor"},"image":{"@id":"https:\/\/grontkontor.dk\/#\/schema\/logo\/image\/"},"sameAs":["https:\/\/www.facebook.com\/grontkontor.dk\/"]}]}},"_links":{"self":[{"href":"https:\/\/grontkontor.dk\/en\/wp-json\/wp\/v2\/product\/130152"}],"collection":[{"href":"https:\/\/grontkontor.dk\/en\/wp-json\/wp\/v2\/product"}],"about":[{"href":"https:\/\/grontkontor.dk\/en\/wp-json\/wp\/v2\/types\/product"}],"replies":[{"embeddable":true,"href":"https:\/\/grontkontor.dk\/en\/wp-json\/wp\/v2\/comments?post=130152"}],"wp:featuredmedia":[{"embeddable":true,"href":"https:\/\/grontkontor.dk\/en\/wp-json\/wp\/v2\/media\/130262"}],"wp:attachment":[{"href":"https:\/\/grontkontor.dk\/en\/wp-json\/wp\/v2\/media?parent=130152"}],"wp:term":[{"taxonomy":"product_cat","embeddable":true,"href":"https:\/\/grontkontor.dk\/en\/wp-json\/wp\/v2\/product_cat?post=130152"},{"taxonomy":"product_tag","embeddable":true,"href":"https:\/\/grontkontor.dk\/en\/wp-json\/wp\/v2\/product_tag?post=130152"}],"curies":[{"name":"wp","href":"https:\/\/api.w.org\/{rel}","templated":true}]}}