{"id":130282,"date":"2025-10-22T13:41:05","date_gmt":"2025-10-22T11:41:05","guid":{"rendered":"https:\/\/grontkontor.dk\/?post_type=product&#038;p=130282"},"modified":"2025-11-03T09:59:32","modified_gmt":"2025-11-03T08:59:32","slug":"menukortholder-til-jul","status":"publish","type":"product","link":"https:\/\/grontkontor.dk\/en\/shop\/menukortholder-til-jul\/","title":{"rendered":"Menu card holder for Christmas"},"content":{"rendered":"<p>Create a cosy and professional atmosphere in your restaurant or shop with a climate-friendly wooden menu card holder. This elegant holder is the perfect tool for presenting menus, offers, place cards or small notes in a stylish way. Holden&#8217;s base is made of natural wood, an eco-friendly material that contributes to a warm and inviting look. The natural structure of the tree and the Christmas-inspired metal clip create a charming combination that is particularly suitable for holidays, but can also be used throughout the year.   <\/p>\n<p>The wooden menu card holder is equipped with a sturdy metal clip that ensures that your cards, photos or notes are held securely in place. It is ideal for both keeping track of the specialties of the day or for adding a decorative touch to your table or counter. The solid base ensures stability so that the holder does not tip over easily.  <\/p>\n<p>By choosing this holder, you are making a climate-friendly choice that sends a signal of concern for the environment. The natural wood base is an environmentally friendly alternative to many plastic solutions and is designed to last for a long time. Whether you&#8217;re using it to organise your office or to welcome your guests, this is a practical and beautiful addition to your d\u00e9cor<\/p>\n","protected":false},"excerpt":{"rendered":"<p>Create a cosy and professional atmosphere in your restaurant or shop with a climate-friendly wooden menu card holder. This elegant holder is the perfect tool for presenting menus, offers, place cards or small notes in a stylish way. Holden&#8217;s base is made of natural wood, an eco-friendly material that contributes to a warm and inviting [&hellip;]<\/p>\n","protected":false},"featured_media":130292,"comment_status":"closed","ping_status":"closed","template":"","meta":{"_acf_changed":false},"product_cat":[2174,4846,1262,2106,2232,2389,2390],"product_tag":[4845,4723],"class_list":{"0":"post-130282","1":"product","2":"type-product","3":"status-publish","4":"has-post-thumbnail","6":"product_cat-bamboo-products","7":"product_cat-jul-og-hoejtid-en","8":"product_cat-sustainable-presents","9":"product_cat-dummy-moq-1-en","10":"product_cat-food-and-drinkware","11":"product_cat-hotel-restauration-cafe-en","12":"product_cat-news","13":"product_tag-jul-en","14":"product_tag-menu-en-2","15":"tm-has-options","17":"first","18":"instock","19":"taxable","20":"shipping-taxable","21":"purchasable","22":"product-type-variable","23":"has-default-attributes"},"acf":[],"yoast_head":"<!-- This site is optimized with the Yoast SEO Premium plugin v21.2 (Yoast SEO v21.2) - https:\/\/yoast.com\/wordpress\/plugins\/seo\/ -->\n<title>Climate-friendly wooden menu card holder<\/title>\n<meta name=\"description\" content=\"Buy a climate-friendly wooden menu card holder for menus, photos and notes. The holder has a sturdy metal clip and an eco-friendly base in natural wood. Perfect for a professional and cozy look.\" \/>\n<meta name=\"robots\" content=\"index, follow, max-snippet:-1, max-image-preview:large, max-video-preview:-1\" \/>\n<link rel=\"canonical\" href=\"https:\/\/grontkontor.dk\/en\/shop\/menukortholder-til-jul\/\" \/>\n<meta property=\"og:locale\" content=\"en_US\" \/>\n<meta property=\"og:type\" content=\"article\" \/>\n<meta property=\"og:title\" content=\"Menu card holder for Christmas\" \/>\n<meta property=\"og:description\" content=\"Buy a climate-friendly wooden menu card holder for menus, photos and notes. The holder has a sturdy metal clip and an eco-friendly base in natural wood. Perfect for a professional and cozy look.\" \/>\n<meta property=\"og:url\" content=\"https:\/\/grontkontor.dk\/en\/shop\/menukortholder-til-jul\/\" \/>\n<meta property=\"og:site_name\" content=\"Gr\u00f8nt Kontor\" \/>\n<meta property=\"article:publisher\" content=\"https:\/\/www.facebook.com\/grontkontor.dk\/\" \/>\n<meta property=\"article:modified_time\" content=\"2025-11-03T08:59:32+00:00\" \/>\n<meta property=\"og:image\" content=\"https:\/\/grontkontor.dk\/wp-content\/uploads\/2025\/10\/Klimavenlig-menukortholder-i-trae-til-jul.jpg\" \/>\n\t<meta property=\"og:image:width\" content=\"900\" \/>\n\t<meta property=\"og:image:height\" content=\"639\" \/>\n\t<meta property=\"og:image:type\" content=\"image\/jpeg\" \/>\n<meta name=\"twitter:card\" content=\"summary_large_image\" \/>\n<meta name=\"twitter:label1\" content=\"Est. reading time\" \/>\n\t<meta name=\"twitter:data1\" content=\"1 minute\" \/>\n<script type=\"application\/ld+json\" class=\"yoast-schema-graph\">{\"@context\":\"https:\/\/schema.org\",\"@graph\":[{\"@type\":\"WebPage\",\"@id\":\"https:\/\/grontkontor.dk\/en\/shop\/menukortholder-til-jul\/\",\"url\":\"https:\/\/grontkontor.dk\/en\/shop\/menukortholder-til-jul\/\",\"name\":\"Climate-friendly wooden menu card holder\",\"isPartOf\":{\"@id\":\"https:\/\/grontkontor.dk\/#website\"},\"datePublished\":\"2025-10-22T11:41:05+00:00\",\"dateModified\":\"2025-11-03T08:59:32+00:00\",\"description\":\"Buy a climate-friendly wooden menu card holder for menus, photos and notes. The holder has a sturdy metal clip and an eco-friendly base in natural wood. Perfect for a professional and cozy look.\",\"breadcrumb\":{\"@id\":\"https:\/\/grontkontor.dk\/en\/shop\/menukortholder-til-jul\/#breadcrumb\"},\"inLanguage\":\"en-US\",\"potentialAction\":[{\"@type\":\"ReadAction\",\"target\":[\"https:\/\/grontkontor.dk\/en\/shop\/menukortholder-til-jul\/\"]}]},{\"@type\":\"BreadcrumbList\",\"@id\":\"https:\/\/grontkontor.dk\/en\/shop\/menukortholder-til-jul\/#breadcrumb\",\"itemListElement\":[{\"@type\":\"ListItem\",\"position\":1,\"name\":\"Forside\",\"item\":\"https:\/\/grontkontor.dk\/\"},{\"@type\":\"ListItem\",\"position\":2,\"name\":\"Shop\",\"item\":\"https:\/\/grontkontor.dk\/en\/shop-2\/\"},{\"@type\":\"ListItem\",\"position\":3,\"name\":\"Jul og h\u00f8jtid\",\"item\":\"https:\/\/grontkontor.dk\/produkt-kategori\/jul-og-hoejtid\/\"},{\"@type\":\"ListItem\",\"position\":4,\"name\":\"Menu card holder for Christmas\"}]},{\"@type\":\"WebSite\",\"@id\":\"https:\/\/grontkontor.dk\/#website\",\"url\":\"https:\/\/grontkontor.dk\/\",\"name\":\"Gr\u00f8nt Kontor\",\"description\":\"Milj\u00f8venlige produkter til kontor og erhverv med fokus p\u00e5 b\u00e6redygtighed, design og fair trade.\",\"publisher\":{\"@id\":\"https:\/\/grontkontor.dk\/#organization\"},\"potentialAction\":[{\"@type\":\"SearchAction\",\"target\":{\"@type\":\"EntryPoint\",\"urlTemplate\":\"https:\/\/grontkontor.dk\/?s={search_term_string}\"},\"query-input\":\"required name=search_term_string\"}],\"inLanguage\":\"en-US\"},{\"@type\":\"Organization\",\"@id\":\"https:\/\/grontkontor.dk\/#organization\",\"name\":\"Gr\u00f8nt Kontor\",\"url\":\"https:\/\/grontkontor.dk\/\",\"logo\":{\"@type\":\"ImageObject\",\"inLanguage\":\"en-US\",\"@id\":\"https:\/\/grontkontor.dk\/#\/schema\/logo\/image\/\",\"url\":\"https:\/\/grontkontor.dk\/wp-content\/uploads\/2014\/02\/Logo_groent_kontor_300x80.png\",\"contentUrl\":\"https:\/\/grontkontor.dk\/wp-content\/uploads\/2014\/02\/Logo_groent_kontor_300x80.png\",\"width\":300,\"height\":80,\"caption\":\"Gr\u00f8nt Kontor\"},\"image\":{\"@id\":\"https:\/\/grontkontor.dk\/#\/schema\/logo\/image\/\"},\"sameAs\":[\"https:\/\/www.facebook.com\/grontkontor.dk\/\"]}]}<\/script>\n<!-- \/ Yoast SEO Premium plugin. -->","yoast_head_json":{"title":"Climate-friendly wooden menu card holder","description":"Buy a climate-friendly wooden menu card holder for menus, photos and notes. The holder has a sturdy metal clip and an eco-friendly base in natural wood. Perfect for a professional and cozy look.","robots":{"index":"index","follow":"follow","max-snippet":"max-snippet:-1","max-image-preview":"max-image-preview:large","max-video-preview":"max-video-preview:-1"},"canonical":"https:\/\/grontkontor.dk\/en\/shop\/menukortholder-til-jul\/","og_locale":"en_US","og_type":"article","og_title":"Menu card holder for Christmas","og_description":"Buy a climate-friendly wooden menu card holder for menus, photos and notes. The holder has a sturdy metal clip and an eco-friendly base in natural wood. Perfect for a professional and cozy look.","og_url":"https:\/\/grontkontor.dk\/en\/shop\/menukortholder-til-jul\/","og_site_name":"Gr\u00f8nt Kontor","article_publisher":"https:\/\/www.facebook.com\/grontkontor.dk\/","article_modified_time":"2025-11-03T08:59:32+00:00","og_image":[{"width":900,"height":639,"url":"https:\/\/grontkontor.dk\/wp-content\/uploads\/2025\/10\/Klimavenlig-menukortholder-i-trae-til-jul.jpg","type":"image\/jpeg"}],"twitter_card":"summary_large_image","twitter_misc":{"Est. reading time":"1 minute"},"schema":{"@context":"https:\/\/schema.org","@graph":[{"@type":"WebPage","@id":"https:\/\/grontkontor.dk\/en\/shop\/menukortholder-til-jul\/","url":"https:\/\/grontkontor.dk\/en\/shop\/menukortholder-til-jul\/","name":"Climate-friendly wooden menu card holder","isPartOf":{"@id":"https:\/\/grontkontor.dk\/#website"},"datePublished":"2025-10-22T11:41:05+00:00","dateModified":"2025-11-03T08:59:32+00:00","description":"Buy a climate-friendly wooden menu card holder for menus, photos and notes. The holder has a sturdy metal clip and an eco-friendly base in natural wood. Perfect for a professional and cozy look.","breadcrumb":{"@id":"https:\/\/grontkontor.dk\/en\/shop\/menukortholder-til-jul\/#breadcrumb"},"inLanguage":"en-US","potentialAction":[{"@type":"ReadAction","target":["https:\/\/grontkontor.dk\/en\/shop\/menukortholder-til-jul\/"]}]},{"@type":"BreadcrumbList","@id":"https:\/\/grontkontor.dk\/en\/shop\/menukortholder-til-jul\/#breadcrumb","itemListElement":[{"@type":"ListItem","position":1,"name":"Forside","item":"https:\/\/grontkontor.dk\/"},{"@type":"ListItem","position":2,"name":"Shop","item":"https:\/\/grontkontor.dk\/en\/shop-2\/"},{"@type":"ListItem","position":3,"name":"Jul og h\u00f8jtid","item":"https:\/\/grontkontor.dk\/produkt-kategori\/jul-og-hoejtid\/"},{"@type":"ListItem","position":4,"name":"Menu card holder for Christmas"}]},{"@type":"WebSite","@id":"https:\/\/grontkontor.dk\/#website","url":"https:\/\/grontkontor.dk\/","name":"Gr\u00f8nt Kontor","description":"Milj\u00f8venlige produkter til kontor og erhverv med fokus p\u00e5 b\u00e6redygtighed, design og fair trade.","publisher":{"@id":"https:\/\/grontkontor.dk\/#organization"},"potentialAction":[{"@type":"SearchAction","target":{"@type":"EntryPoint","urlTemplate":"https:\/\/grontkontor.dk\/?s={search_term_string}"},"query-input":"required name=search_term_string"}],"inLanguage":"en-US"},{"@type":"Organization","@id":"https:\/\/grontkontor.dk\/#organization","name":"Gr\u00f8nt Kontor","url":"https:\/\/grontkontor.dk\/","logo":{"@type":"ImageObject","inLanguage":"en-US","@id":"https:\/\/grontkontor.dk\/#\/schema\/logo\/image\/","url":"https:\/\/grontkontor.dk\/wp-content\/uploads\/2014\/02\/Logo_groent_kontor_300x80.png","contentUrl":"https:\/\/grontkontor.dk\/wp-content\/uploads\/2014\/02\/Logo_groent_kontor_300x80.png","width":300,"height":80,"caption":"Gr\u00f8nt Kontor"},"image":{"@id":"https:\/\/grontkontor.dk\/#\/schema\/logo\/image\/"},"sameAs":["https:\/\/www.facebook.com\/grontkontor.dk\/"]}]}},"_links":{"self":[{"href":"https:\/\/grontkontor.dk\/en\/wp-json\/wp\/v2\/product\/130282"}],"collection":[{"href":"https:\/\/grontkontor.dk\/en\/wp-json\/wp\/v2\/product"}],"about":[{"href":"https:\/\/grontkontor.dk\/en\/wp-json\/wp\/v2\/types\/product"}],"replies":[{"embeddable":true,"href":"https:\/\/grontkontor.dk\/en\/wp-json\/wp\/v2\/comments?post=130282"}],"wp:featuredmedia":[{"embeddable":true,"href":"https:\/\/grontkontor.dk\/en\/wp-json\/wp\/v2\/media\/130292"}],"wp:attachment":[{"href":"https:\/\/grontkontor.dk\/en\/wp-json\/wp\/v2\/media?parent=130282"}],"wp:term":[{"taxonomy":"product_cat","embeddable":true,"href":"https:\/\/grontkontor.dk\/en\/wp-json\/wp\/v2\/product_cat?post=130282"},{"taxonomy":"product_tag","embeddable":true,"href":"https:\/\/grontkontor.dk\/en\/wp-json\/wp\/v2\/product_tag?post=130282"}],"curies":[{"name":"wp","href":"https:\/\/api.w.org\/{rel}","templated":true}]}}