{"id":130304,"date":"2025-10-22T14:18:32","date_gmt":"2025-10-22T12:18:32","guid":{"rendered":"https:\/\/grontkontor.dk\/?post_type=product&#038;p=130304"},"modified":"2025-11-06T09:22:18","modified_gmt":"2025-11-06T08:22:18","slug":"yoyo-i-klassisk-design-i-fyrretrae","status":"publish","type":"product","link":"https:\/\/grontkontor.dk\/en\/shop\/yoyo-i-klassisk-design-i-fyrretrae\/","title":{"rendered":"Yoyo in classic design in pine wood"},"content":{"rendered":"<p>This yoyo in a classic design is both fun and sustainable \u2013 a timeless toy classic that brings joy to both children and adults. Made from natural pine, it has a beautiful, smooth surface and a light, comfortable weight that makes it easy to handle for all age groups. The natural wood gives each yoyo its own unique look, and at the same time it is an environmentally friendly alternative to plastic toys.  <\/p>\n<p>The yoyo is a perfect giveaway for fairs, events and campaigns where you want to combine entertainment with a green message. It&#8217;s also ideal as a gift for kids in kindergartens, schools, or after-school programs \u2013 a little piece of nostalgia that encourages play and movement.<x id=\"gid_0\"><\/x>The product can be delivered with your company logo or message printed in up to four colours, and can be printed on both sides of the yoyo (printing surface \u00d830 mm). It provides a great opportunity to create a personal and recognizable expression that both spreads joy and strengthens your brand.  <\/p>\n<p>Choose the classic wooden yoyo when you want to give a simple, sustainable and memorable product that is used \u2013 and remembered.<\/p>\n","protected":false},"excerpt":{"rendered":"<p>This yoyo in a classic design is both fun and sustainable \u2013 a timeless toy classic that brings joy to both children and adults. Made from natural pine, it has a beautiful, smooth surface and a light, comfortable weight that makes it easy to handle for all age groups. The natural wood gives each yoyo [&hellip;]<\/p>\n","protected":false},"featured_media":130342,"comment_status":"closed","ping_status":"closed","template":"","meta":{"_acf_changed":false},"product_cat":[1262,2106],"product_tag":[2035,2036],"class_list":{"0":"post-130304","1":"product","2":"type-product","3":"status-publish","4":"has-post-thumbnail","6":"product_cat-sustainable-presents","7":"product_cat-dummy-moq-1-en","8":"product_tag-legetoej-en","9":"product_tag-yoyo-en","10":"tm-has-options","12":"first","13":"instock","14":"taxable","15":"shipping-taxable","16":"purchasable","17":"product-type-simple"},"acf":[],"yoast_head":"<!-- This site is optimized with the Yoast SEO Premium plugin v21.2 (Yoast SEO v21.2) - https:\/\/yoast.com\/wordpress\/plugins\/seo\/ -->\n<title>Yoyo in classic design in pine wood - Gr\u00f8nt Kontor<\/title>\n<meta name=\"robots\" content=\"index, follow, max-snippet:-1, max-image-preview:large, max-video-preview:-1\" \/>\n<link rel=\"canonical\" href=\"https:\/\/grontkontor.dk\/en\/shop\/yoyo-i-klassisk-design-i-fyrretrae\/\" \/>\n<meta property=\"og:locale\" content=\"en_US\" \/>\n<meta property=\"og:type\" content=\"article\" \/>\n<meta property=\"og:title\" content=\"Yoyo in classic design in pine wood\" \/>\n<meta property=\"og:description\" content=\"This yoyo in a classic design is both fun and sustainable \u2013 a timeless toy classic that brings joy to both children and adults. Made from natural pine, it has a beautiful, smooth surface and a light, comfortable weight that makes it easy to handle for all age groups. The natural wood gives each yoyo [&hellip;]\" \/>\n<meta property=\"og:url\" content=\"https:\/\/grontkontor.dk\/en\/shop\/yoyo-i-klassisk-design-i-fyrretrae\/\" \/>\n<meta property=\"og:site_name\" content=\"Gr\u00f8nt Kontor\" \/>\n<meta property=\"article:publisher\" content=\"https:\/\/www.facebook.com\/grontkontor.dk\/\" \/>\n<meta property=\"article:modified_time\" content=\"2025-11-06T08:22:18+00:00\" \/>\n<meta property=\"og:image\" content=\"https:\/\/grontkontor.dk\/wp-content\/uploads\/2025\/10\/yoyo-i-grantrae-og-bomuld.jpg\" \/>\n\t<meta property=\"og:image:width\" content=\"900\" \/>\n\t<meta property=\"og:image:height\" content=\"639\" \/>\n\t<meta property=\"og:image:type\" content=\"image\/jpeg\" \/>\n<meta name=\"twitter:card\" content=\"summary_large_image\" \/>\n<meta name=\"twitter:label1\" content=\"Est. reading time\" \/>\n\t<meta name=\"twitter:data1\" content=\"1 minute\" \/>\n<script type=\"application\/ld+json\" class=\"yoast-schema-graph\">{\"@context\":\"https:\/\/schema.org\",\"@graph\":[{\"@type\":\"WebPage\",\"@id\":\"https:\/\/grontkontor.dk\/en\/shop\/yoyo-i-klassisk-design-i-fyrretrae\/\",\"url\":\"https:\/\/grontkontor.dk\/en\/shop\/yoyo-i-klassisk-design-i-fyrretrae\/\",\"name\":\"Yoyo in classic design in pine wood - Gr\u00f8nt Kontor\",\"isPartOf\":{\"@id\":\"https:\/\/grontkontor.dk\/#website\"},\"datePublished\":\"2025-10-22T12:18:32+00:00\",\"dateModified\":\"2025-11-06T08:22:18+00:00\",\"breadcrumb\":{\"@id\":\"https:\/\/grontkontor.dk\/en\/shop\/yoyo-i-klassisk-design-i-fyrretrae\/#breadcrumb\"},\"inLanguage\":\"en-US\",\"potentialAction\":[{\"@type\":\"ReadAction\",\"target\":[\"https:\/\/grontkontor.dk\/en\/shop\/yoyo-i-klassisk-design-i-fyrretrae\/\"]}]},{\"@type\":\"BreadcrumbList\",\"@id\":\"https:\/\/grontkontor.dk\/en\/shop\/yoyo-i-klassisk-design-i-fyrretrae\/#breadcrumb\",\"itemListElement\":[{\"@type\":\"ListItem\",\"position\":1,\"name\":\"Forside\",\"item\":\"https:\/\/grontkontor.dk\/\"},{\"@type\":\"ListItem\",\"position\":2,\"name\":\"Shop\",\"item\":\"https:\/\/grontkontor.dk\/en\/shop-2\/\"},{\"@type\":\"ListItem\",\"position\":3,\"name\":\"Dummy MOQ 1\",\"item\":\"https:\/\/grontkontor.dk\/produkt-kategori\/dummy-moq-1\/\"},{\"@type\":\"ListItem\",\"position\":4,\"name\":\"Yoyo in classic design in pine wood\"}]},{\"@type\":\"WebSite\",\"@id\":\"https:\/\/grontkontor.dk\/#website\",\"url\":\"https:\/\/grontkontor.dk\/\",\"name\":\"Gr\u00f8nt Kontor\",\"description\":\"Milj\u00f8venlige produkter til kontor og erhverv med fokus p\u00e5 b\u00e6redygtighed, design og fair trade.\",\"publisher\":{\"@id\":\"https:\/\/grontkontor.dk\/#organization\"},\"potentialAction\":[{\"@type\":\"SearchAction\",\"target\":{\"@type\":\"EntryPoint\",\"urlTemplate\":\"https:\/\/grontkontor.dk\/?s={search_term_string}\"},\"query-input\":\"required name=search_term_string\"}],\"inLanguage\":\"en-US\"},{\"@type\":\"Organization\",\"@id\":\"https:\/\/grontkontor.dk\/#organization\",\"name\":\"Gr\u00f8nt Kontor\",\"url\":\"https:\/\/grontkontor.dk\/\",\"logo\":{\"@type\":\"ImageObject\",\"inLanguage\":\"en-US\",\"@id\":\"https:\/\/grontkontor.dk\/#\/schema\/logo\/image\/\",\"url\":\"https:\/\/grontkontor.dk\/wp-content\/uploads\/2014\/02\/Logo_groent_kontor_300x80.png\",\"contentUrl\":\"https:\/\/grontkontor.dk\/wp-content\/uploads\/2014\/02\/Logo_groent_kontor_300x80.png\",\"width\":300,\"height\":80,\"caption\":\"Gr\u00f8nt Kontor\"},\"image\":{\"@id\":\"https:\/\/grontkontor.dk\/#\/schema\/logo\/image\/\"},\"sameAs\":[\"https:\/\/www.facebook.com\/grontkontor.dk\/\"]}]}<\/script>\n<!-- \/ Yoast SEO Premium plugin. -->","yoast_head_json":{"title":"Yoyo in classic design in pine wood - Gr\u00f8nt Kontor","robots":{"index":"index","follow":"follow","max-snippet":"max-snippet:-1","max-image-preview":"max-image-preview:large","max-video-preview":"max-video-preview:-1"},"canonical":"https:\/\/grontkontor.dk\/en\/shop\/yoyo-i-klassisk-design-i-fyrretrae\/","og_locale":"en_US","og_type":"article","og_title":"Yoyo in classic design in pine wood","og_description":"This yoyo in a classic design is both fun and sustainable \u2013 a timeless toy classic that brings joy to both children and adults. Made from natural pine, it has a beautiful, smooth surface and a light, comfortable weight that makes it easy to handle for all age groups. The natural wood gives each yoyo [&hellip;]","og_url":"https:\/\/grontkontor.dk\/en\/shop\/yoyo-i-klassisk-design-i-fyrretrae\/","og_site_name":"Gr\u00f8nt Kontor","article_publisher":"https:\/\/www.facebook.com\/grontkontor.dk\/","article_modified_time":"2025-11-06T08:22:18+00:00","og_image":[{"width":900,"height":639,"url":"https:\/\/grontkontor.dk\/wp-content\/uploads\/2025\/10\/yoyo-i-grantrae-og-bomuld.jpg","type":"image\/jpeg"}],"twitter_card":"summary_large_image","twitter_misc":{"Est. reading time":"1 minute"},"schema":{"@context":"https:\/\/schema.org","@graph":[{"@type":"WebPage","@id":"https:\/\/grontkontor.dk\/en\/shop\/yoyo-i-klassisk-design-i-fyrretrae\/","url":"https:\/\/grontkontor.dk\/en\/shop\/yoyo-i-klassisk-design-i-fyrretrae\/","name":"Yoyo in classic design in pine wood - Gr\u00f8nt Kontor","isPartOf":{"@id":"https:\/\/grontkontor.dk\/#website"},"datePublished":"2025-10-22T12:18:32+00:00","dateModified":"2025-11-06T08:22:18+00:00","breadcrumb":{"@id":"https:\/\/grontkontor.dk\/en\/shop\/yoyo-i-klassisk-design-i-fyrretrae\/#breadcrumb"},"inLanguage":"en-US","potentialAction":[{"@type":"ReadAction","target":["https:\/\/grontkontor.dk\/en\/shop\/yoyo-i-klassisk-design-i-fyrretrae\/"]}]},{"@type":"BreadcrumbList","@id":"https:\/\/grontkontor.dk\/en\/shop\/yoyo-i-klassisk-design-i-fyrretrae\/#breadcrumb","itemListElement":[{"@type":"ListItem","position":1,"name":"Forside","item":"https:\/\/grontkontor.dk\/"},{"@type":"ListItem","position":2,"name":"Shop","item":"https:\/\/grontkontor.dk\/en\/shop-2\/"},{"@type":"ListItem","position":3,"name":"Dummy MOQ 1","item":"https:\/\/grontkontor.dk\/produkt-kategori\/dummy-moq-1\/"},{"@type":"ListItem","position":4,"name":"Yoyo in classic design in pine wood"}]},{"@type":"WebSite","@id":"https:\/\/grontkontor.dk\/#website","url":"https:\/\/grontkontor.dk\/","name":"Gr\u00f8nt Kontor","description":"Milj\u00f8venlige produkter til kontor og erhverv med fokus p\u00e5 b\u00e6redygtighed, design og fair trade.","publisher":{"@id":"https:\/\/grontkontor.dk\/#organization"},"potentialAction":[{"@type":"SearchAction","target":{"@type":"EntryPoint","urlTemplate":"https:\/\/grontkontor.dk\/?s={search_term_string}"},"query-input":"required name=search_term_string"}],"inLanguage":"en-US"},{"@type":"Organization","@id":"https:\/\/grontkontor.dk\/#organization","name":"Gr\u00f8nt Kontor","url":"https:\/\/grontkontor.dk\/","logo":{"@type":"ImageObject","inLanguage":"en-US","@id":"https:\/\/grontkontor.dk\/#\/schema\/logo\/image\/","url":"https:\/\/grontkontor.dk\/wp-content\/uploads\/2014\/02\/Logo_groent_kontor_300x80.png","contentUrl":"https:\/\/grontkontor.dk\/wp-content\/uploads\/2014\/02\/Logo_groent_kontor_300x80.png","width":300,"height":80,"caption":"Gr\u00f8nt Kontor"},"image":{"@id":"https:\/\/grontkontor.dk\/#\/schema\/logo\/image\/"},"sameAs":["https:\/\/www.facebook.com\/grontkontor.dk\/"]}]}},"_links":{"self":[{"href":"https:\/\/grontkontor.dk\/en\/wp-json\/wp\/v2\/product\/130304"}],"collection":[{"href":"https:\/\/grontkontor.dk\/en\/wp-json\/wp\/v2\/product"}],"about":[{"href":"https:\/\/grontkontor.dk\/en\/wp-json\/wp\/v2\/types\/product"}],"replies":[{"embeddable":true,"href":"https:\/\/grontkontor.dk\/en\/wp-json\/wp\/v2\/comments?post=130304"}],"wp:featuredmedia":[{"embeddable":true,"href":"https:\/\/grontkontor.dk\/en\/wp-json\/wp\/v2\/media\/130342"}],"wp:attachment":[{"href":"https:\/\/grontkontor.dk\/en\/wp-json\/wp\/v2\/media?parent=130304"}],"wp:term":[{"taxonomy":"product_cat","embeddable":true,"href":"https:\/\/grontkontor.dk\/en\/wp-json\/wp\/v2\/product_cat?post=130304"},{"taxonomy":"product_tag","embeddable":true,"href":"https:\/\/grontkontor.dk\/en\/wp-json\/wp\/v2\/product_tag?post=130304"}],"curies":[{"name":"wp","href":"https:\/\/api.w.org\/{rel}","templated":true}]}}