{"id":130425,"date":"2025-10-27T15:23:42","date_gmt":"2025-10-27T14:23:42","guid":{"rendered":"https:\/\/grontkontor.dk\/?post_type=product&#038;p=130425"},"modified":"2025-11-03T09:59:04","modified_gmt":"2025-11-03T08:59:04","slug":"julepyntsaet-i-poppeltrae-med-jutesnor","status":"publish","type":"product","link":"https:\/\/grontkontor.dk\/en\/shop\/julepyntsaet-i-poppeltrae-med-jutesnor\/","title":{"rendered":"Poplar wood Christmas decoration set with jute string"},"content":{"rendered":"<p>Color your own Christmas decorations. Create a personal and eco-friendly Christmas with a climate-friendly poplar tree Christmas decoration set. This charming set is the perfect choice for the family or kindergarten who wants to combine creativity with consideration for the environment. The set contains three beautiful Christmas hangers in untreated poplar wood that give a light and natural look. Poplar wood is a fast-growing and climate-friendly resource, making this set a responsible alternative to traditional plastic ornaments.    <\/p>\n<p>The unique thing about a climate-friendly poplar tree Christmas decoration set is that it invites creativity. The set comes complete with four crayons, so you and your family can decorate the decorations exactly as you wish. This not only makes the decorations unique, but also creates a cozy Christmas activity for both children and adults.  <\/p>\n<p>The set comes elegantly presented in a box of kraft cardboard, which emphasizes the natural and environmentally friendly message. This makes it an ideal gift for employees, customers, or as a thoughtful gift during the Advent season. By providing such a kit, your company sends a strong signal of appreciation for both creativity and the environment. Decorate your tree with unique, hand-decorated hangers and enjoy a climate-friendly Christmas.   <\/p>\n<p>A perfect set for kindergartens, museums and the like.<\/p>\n<p>&nbsp;<\/p>\n<a href=\"https:\/\/en.wikipedia.org\/wiki\/Blue_Angel_(certification)\" rel=\"noopener\" target=\"_blank\"><img loading=\"lazy\" decoding=\"async\" class=\"size-full wp-image-12701\" src=\"https:\/\/grontkontor.dk\/wp-content\/uploads\/2023\/09\/amfori-logo.jpg\" width=\"202\" height=\"62\" border=0 \/><\/a>\n","protected":false},"excerpt":{"rendered":"<p>Color your own Christmas decorations. Create a personal and eco-friendly Christmas with a climate-friendly poplar tree Christmas decoration set. This charming set is the perfect choice for the family or kindergarten who wants to combine creativity with consideration for the environment. The set contains three beautiful Christmas hangers in untreated poplar wood that give a [&hellip;]<\/p>\n","protected":false},"featured_media":130430,"comment_status":"closed","ping_status":"closed","template":"","meta":{"_acf_changed":false},"product_cat":[4846,2106,2390],"product_tag":[4845,2556],"class_list":{"0":"post-130425","1":"product","2":"type-product","3":"status-publish","4":"has-post-thumbnail","6":"product_cat-jul-og-hoejtid-en","7":"product_cat-dummy-moq-1-en","8":"product_cat-news","9":"product_tag-jul-en","10":"product_tag-julepynt-en","11":"tm-has-options","13":"first","14":"instock","15":"taxable","16":"shipping-taxable","17":"purchasable","18":"product-type-simple"},"acf":[],"yoast_head":"<!-- This site is optimized with the Yoast SEO Premium plugin v21.2 (Yoast SEO v21.2) - https:\/\/yoast.com\/wordpress\/plugins\/seo\/ -->\n<title>Climate-friendly poplar tree Christmas decoration set<\/title>\n<meta name=\"description\" content=\"Buy a climate-friendly poplar tree Christmas decoration set. The set includes 3 Christmas hangers and 4 crayons for decoration. An environmentally friendly choice, delivered in a power box. Perfect for creative and climate-friendly Christmas fun.\" \/>\n<meta name=\"robots\" content=\"index, follow, max-snippet:-1, max-image-preview:large, max-video-preview:-1\" \/>\n<link rel=\"canonical\" href=\"https:\/\/grontkontor.dk\/en\/shop\/julepyntsaet-i-poppeltrae-med-jutesnor\/\" \/>\n<meta property=\"og:locale\" content=\"en_US\" \/>\n<meta property=\"og:type\" content=\"article\" \/>\n<meta property=\"og:title\" content=\"Poplar wood Christmas decoration set with jute string\" \/>\n<meta property=\"og:description\" content=\"Buy a climate-friendly poplar tree Christmas decoration set. The set includes 3 Christmas hangers and 4 crayons for decoration. An environmentally friendly choice, delivered in a power box. Perfect for creative and climate-friendly Christmas fun.\" \/>\n<meta property=\"og:url\" content=\"https:\/\/grontkontor.dk\/en\/shop\/julepyntsaet-i-poppeltrae-med-jutesnor\/\" \/>\n<meta property=\"og:site_name\" content=\"Gr\u00f8nt Kontor\" \/>\n<meta property=\"article:publisher\" content=\"https:\/\/www.facebook.com\/grontkontor.dk\/\" \/>\n<meta property=\"article:modified_time\" content=\"2025-11-03T08:59:04+00:00\" \/>\n<meta property=\"og:image\" content=\"https:\/\/grontkontor.dk\/wp-content\/uploads\/2025\/10\/Klimavenligt-julepyntsaet-i-poppeltrae.jpg\" \/>\n\t<meta property=\"og:image:width\" content=\"900\" \/>\n\t<meta property=\"og:image:height\" content=\"639\" \/>\n\t<meta property=\"og:image:type\" content=\"image\/jpeg\" \/>\n<meta name=\"twitter:card\" content=\"summary_large_image\" \/>\n<meta name=\"twitter:label1\" content=\"Est. reading time\" \/>\n\t<meta name=\"twitter:data1\" content=\"1 minute\" \/>\n<script type=\"application\/ld+json\" class=\"yoast-schema-graph\">{\"@context\":\"https:\/\/schema.org\",\"@graph\":[{\"@type\":\"WebPage\",\"@id\":\"https:\/\/grontkontor.dk\/en\/shop\/julepyntsaet-i-poppeltrae-med-jutesnor\/\",\"url\":\"https:\/\/grontkontor.dk\/en\/shop\/julepyntsaet-i-poppeltrae-med-jutesnor\/\",\"name\":\"Climate-friendly poplar tree Christmas decoration set\",\"isPartOf\":{\"@id\":\"https:\/\/grontkontor.dk\/#website\"},\"datePublished\":\"2025-10-27T14:23:42+00:00\",\"dateModified\":\"2025-11-03T08:59:04+00:00\",\"description\":\"Buy a climate-friendly poplar tree Christmas decoration set. The set includes 3 Christmas hangers and 4 crayons for decoration. An environmentally friendly choice, delivered in a power box. Perfect for creative and climate-friendly Christmas fun.\",\"breadcrumb\":{\"@id\":\"https:\/\/grontkontor.dk\/en\/shop\/julepyntsaet-i-poppeltrae-med-jutesnor\/#breadcrumb\"},\"inLanguage\":\"en-US\",\"potentialAction\":[{\"@type\":\"ReadAction\",\"target\":[\"https:\/\/grontkontor.dk\/en\/shop\/julepyntsaet-i-poppeltrae-med-jutesnor\/\"]}]},{\"@type\":\"BreadcrumbList\",\"@id\":\"https:\/\/grontkontor.dk\/en\/shop\/julepyntsaet-i-poppeltrae-med-jutesnor\/#breadcrumb\",\"itemListElement\":[{\"@type\":\"ListItem\",\"position\":1,\"name\":\"Forside\",\"item\":\"https:\/\/grontkontor.dk\/\"},{\"@type\":\"ListItem\",\"position\":2,\"name\":\"Shop\",\"item\":\"https:\/\/grontkontor.dk\/en\/shop-2\/\"},{\"@type\":\"ListItem\",\"position\":3,\"name\":\"Jul og h\u00f8jtid\",\"item\":\"https:\/\/grontkontor.dk\/produkt-kategori\/jul-og-hoejtid\/\"},{\"@type\":\"ListItem\",\"position\":4,\"name\":\"Poplar wood Christmas decoration set with jute string\"}]},{\"@type\":\"WebSite\",\"@id\":\"https:\/\/grontkontor.dk\/#website\",\"url\":\"https:\/\/grontkontor.dk\/\",\"name\":\"Gr\u00f8nt Kontor\",\"description\":\"Milj\u00f8venlige produkter til kontor og erhverv med fokus p\u00e5 b\u00e6redygtighed, design og fair trade.\",\"publisher\":{\"@id\":\"https:\/\/grontkontor.dk\/#organization\"},\"potentialAction\":[{\"@type\":\"SearchAction\",\"target\":{\"@type\":\"EntryPoint\",\"urlTemplate\":\"https:\/\/grontkontor.dk\/?s={search_term_string}\"},\"query-input\":\"required name=search_term_string\"}],\"inLanguage\":\"en-US\"},{\"@type\":\"Organization\",\"@id\":\"https:\/\/grontkontor.dk\/#organization\",\"name\":\"Gr\u00f8nt Kontor\",\"url\":\"https:\/\/grontkontor.dk\/\",\"logo\":{\"@type\":\"ImageObject\",\"inLanguage\":\"en-US\",\"@id\":\"https:\/\/grontkontor.dk\/#\/schema\/logo\/image\/\",\"url\":\"https:\/\/grontkontor.dk\/wp-content\/uploads\/2014\/02\/Logo_groent_kontor_300x80.png\",\"contentUrl\":\"https:\/\/grontkontor.dk\/wp-content\/uploads\/2014\/02\/Logo_groent_kontor_300x80.png\",\"width\":300,\"height\":80,\"caption\":\"Gr\u00f8nt Kontor\"},\"image\":{\"@id\":\"https:\/\/grontkontor.dk\/#\/schema\/logo\/image\/\"},\"sameAs\":[\"https:\/\/www.facebook.com\/grontkontor.dk\/\"]}]}<\/script>\n<!-- \/ Yoast SEO Premium plugin. -->","yoast_head_json":{"title":"Climate-friendly poplar tree Christmas decoration set","description":"Buy a climate-friendly poplar tree Christmas decoration set. The set includes 3 Christmas hangers and 4 crayons for decoration. An environmentally friendly choice, delivered in a power box. Perfect for creative and climate-friendly Christmas fun.","robots":{"index":"index","follow":"follow","max-snippet":"max-snippet:-1","max-image-preview":"max-image-preview:large","max-video-preview":"max-video-preview:-1"},"canonical":"https:\/\/grontkontor.dk\/en\/shop\/julepyntsaet-i-poppeltrae-med-jutesnor\/","og_locale":"en_US","og_type":"article","og_title":"Poplar wood Christmas decoration set with jute string","og_description":"Buy a climate-friendly poplar tree Christmas decoration set. The set includes 3 Christmas hangers and 4 crayons for decoration. An environmentally friendly choice, delivered in a power box. Perfect for creative and climate-friendly Christmas fun.","og_url":"https:\/\/grontkontor.dk\/en\/shop\/julepyntsaet-i-poppeltrae-med-jutesnor\/","og_site_name":"Gr\u00f8nt Kontor","article_publisher":"https:\/\/www.facebook.com\/grontkontor.dk\/","article_modified_time":"2025-11-03T08:59:04+00:00","og_image":[{"width":900,"height":639,"url":"https:\/\/grontkontor.dk\/wp-content\/uploads\/2025\/10\/Klimavenligt-julepyntsaet-i-poppeltrae.jpg","type":"image\/jpeg"}],"twitter_card":"summary_large_image","twitter_misc":{"Est. reading time":"1 minute"},"schema":{"@context":"https:\/\/schema.org","@graph":[{"@type":"WebPage","@id":"https:\/\/grontkontor.dk\/en\/shop\/julepyntsaet-i-poppeltrae-med-jutesnor\/","url":"https:\/\/grontkontor.dk\/en\/shop\/julepyntsaet-i-poppeltrae-med-jutesnor\/","name":"Climate-friendly poplar tree Christmas decoration set","isPartOf":{"@id":"https:\/\/grontkontor.dk\/#website"},"datePublished":"2025-10-27T14:23:42+00:00","dateModified":"2025-11-03T08:59:04+00:00","description":"Buy a climate-friendly poplar tree Christmas decoration set. The set includes 3 Christmas hangers and 4 crayons for decoration. An environmentally friendly choice, delivered in a power box. Perfect for creative and climate-friendly Christmas fun.","breadcrumb":{"@id":"https:\/\/grontkontor.dk\/en\/shop\/julepyntsaet-i-poppeltrae-med-jutesnor\/#breadcrumb"},"inLanguage":"en-US","potentialAction":[{"@type":"ReadAction","target":["https:\/\/grontkontor.dk\/en\/shop\/julepyntsaet-i-poppeltrae-med-jutesnor\/"]}]},{"@type":"BreadcrumbList","@id":"https:\/\/grontkontor.dk\/en\/shop\/julepyntsaet-i-poppeltrae-med-jutesnor\/#breadcrumb","itemListElement":[{"@type":"ListItem","position":1,"name":"Forside","item":"https:\/\/grontkontor.dk\/"},{"@type":"ListItem","position":2,"name":"Shop","item":"https:\/\/grontkontor.dk\/en\/shop-2\/"},{"@type":"ListItem","position":3,"name":"Jul og h\u00f8jtid","item":"https:\/\/grontkontor.dk\/produkt-kategori\/jul-og-hoejtid\/"},{"@type":"ListItem","position":4,"name":"Poplar wood Christmas decoration set with jute string"}]},{"@type":"WebSite","@id":"https:\/\/grontkontor.dk\/#website","url":"https:\/\/grontkontor.dk\/","name":"Gr\u00f8nt Kontor","description":"Milj\u00f8venlige produkter til kontor og erhverv med fokus p\u00e5 b\u00e6redygtighed, design og fair trade.","publisher":{"@id":"https:\/\/grontkontor.dk\/#organization"},"potentialAction":[{"@type":"SearchAction","target":{"@type":"EntryPoint","urlTemplate":"https:\/\/grontkontor.dk\/?s={search_term_string}"},"query-input":"required name=search_term_string"}],"inLanguage":"en-US"},{"@type":"Organization","@id":"https:\/\/grontkontor.dk\/#organization","name":"Gr\u00f8nt Kontor","url":"https:\/\/grontkontor.dk\/","logo":{"@type":"ImageObject","inLanguage":"en-US","@id":"https:\/\/grontkontor.dk\/#\/schema\/logo\/image\/","url":"https:\/\/grontkontor.dk\/wp-content\/uploads\/2014\/02\/Logo_groent_kontor_300x80.png","contentUrl":"https:\/\/grontkontor.dk\/wp-content\/uploads\/2014\/02\/Logo_groent_kontor_300x80.png","width":300,"height":80,"caption":"Gr\u00f8nt Kontor"},"image":{"@id":"https:\/\/grontkontor.dk\/#\/schema\/logo\/image\/"},"sameAs":["https:\/\/www.facebook.com\/grontkontor.dk\/"]}]}},"_links":{"self":[{"href":"https:\/\/grontkontor.dk\/en\/wp-json\/wp\/v2\/product\/130425"}],"collection":[{"href":"https:\/\/grontkontor.dk\/en\/wp-json\/wp\/v2\/product"}],"about":[{"href":"https:\/\/grontkontor.dk\/en\/wp-json\/wp\/v2\/types\/product"}],"replies":[{"embeddable":true,"href":"https:\/\/grontkontor.dk\/en\/wp-json\/wp\/v2\/comments?post=130425"}],"wp:featuredmedia":[{"embeddable":true,"href":"https:\/\/grontkontor.dk\/en\/wp-json\/wp\/v2\/media\/130430"}],"wp:attachment":[{"href":"https:\/\/grontkontor.dk\/en\/wp-json\/wp\/v2\/media?parent=130425"}],"wp:term":[{"taxonomy":"product_cat","embeddable":true,"href":"https:\/\/grontkontor.dk\/en\/wp-json\/wp\/v2\/product_cat?post=130425"},{"taxonomy":"product_tag","embeddable":true,"href":"https:\/\/grontkontor.dk\/en\/wp-json\/wp\/v2\/product_tag?post=130425"}],"curies":[{"name":"wp","href":"https:\/\/api.w.org\/{rel}","templated":true}]}}