{"id":130502,"date":"2025-10-28T15:49:02","date_gmt":"2025-10-28T14:49:02","guid":{"rendered":"https:\/\/grontkontor.dk\/?post_type=product&#038;p=130502"},"modified":"2025-11-03T09:59:01","modified_gmt":"2025-11-03T08:59:01","slug":"juledragee-aeg-oekologisk","status":"publish","type":"product","link":"https:\/\/grontkontor.dk\/en\/shop\/juledragee-aeg-oekologisk\/","title":{"rendered":"Christmas drag\u00e9e eggs organic"},"content":{"rendered":"<p>Celebrate Christmas with an exquisite taste experience that is also an eco-friendly choice: organic chocolate for Christmas. Merry Christmas Drag\u00e9e Mix is a festive combination of two irresistible flavours that will immediately get you into the Christmas spirit. The first variant consists of crunchy hazelnuts, embraced by a layer of white chocolate with the sweet taste of raspberries. The other offers hazelnuts with a luxurious caramel flavor, also covered in white chocolate. Both delicacies are beautifully dyed in classic Christmas colors.    <\/p>\n<p>Get an organic chocolate for Christmas, which is made from carefully selected ingredients that are produced with respect for the environment. By choosing organic chocolate, you are supporting farming practices that take into account the health and biodiversity of the soil, making your choice a climate-friendly contribution to the holiday season. <\/p>\n<p>With its elegant presentation and high quality, the Drag\u00e9e Mix is ideal as a thoughtful corporate gift, part of a Christmas basket or as a little luxury for the coffee table. Give your employees or customers a sweet and responsible greeting. This is the perfect way to say &#8220;Merry Christmas&#8221; \u2013 with taste and conscience.  <\/p>\n<p data-start=\"1148\" data-end=\"1429\"><strong>Ingredients:<br \/>\n<\/strong>Cane sugar*, cocoa butter*, <strong>hazelnuts*(19%)<\/strong>, <strong>whole milk powder*<\/strong>, cocoa mass*, freeze-dried raspberry*(1.5%), caramel flavouring* (&lt;1%). Surface treated with spirulina*, safflower*, apple*, water, maltodextrin*, sucrose* and citric acid.<br \/>\n* =organic<br \/>\nMay contain traces of<br \/>\n<b>soy, almonds, cashews<\/b><\/p>\n<p><strong>Nutritional information per 100 g:<br \/>\n<\/strong>Energy 2552 KJ<br \/>\nEnergy 613 Kcal<br \/>\nFat 46g \u2013 of which saturates 22g<br \/>\nCarbohydrates 43g \u2013 of which sugars 40g<br \/>\nProtein 6.8g<br \/>\nSalt 0.20g<br \/>\nDietary fibre 2.09g<\/p>\n<a href=\"https:\/\/www.foedevarestyrelsen.dk\/Leksikon\/Sider\/%C3%98-m%C3%A6rket.aspx\"><img loading=\"lazy\" decoding=\"async\" class=\"size-medium wp-image-24418\" src=\"https:\/\/grontkontor.dk\/wp-content\/uploads\/2024\/05\/statskontrolleret-oekologisk-2.jpg\" alt=\"Statskontrolleret \u00f8kologisk\" width=\"54\" height=\"50\" \/><\/a>\n","protected":false},"excerpt":{"rendered":"<p>Celebrate Christmas with an exquisite taste experience that is also an eco-friendly choice: organic chocolate for Christmas. Merry Christmas Drag\u00e9e Mix is a festive combination of two irresistible flavours that will immediately get you into the Christmas spirit. The first variant consists of crunchy hazelnuts, embraced by a layer of white chocolate with the sweet [&hellip;]<\/p>\n","protected":false},"featured_media":130534,"comment_status":"closed","ping_status":"closed","template":"","meta":{"_acf_changed":false},"product_cat":[2851,4846,2449,2444],"product_tag":[3117],"class_list":{"0":"post-130502","1":"product","2":"type-product","3":"status-publish","4":"has-post-thumbnail","6":"product_cat-sweets-snacks-and-tasty-treats","7":"product_cat-jul-og-hoejtid-en","8":"product_cat-dummy-moq-10-50-en","9":"product_cat-sweets-and-snacks","10":"product_tag-chocolate","11":"tm-no-options","13":"first","14":"instock","15":"taxable","16":"shipping-taxable","17":"purchasable","18":"product-type-simple"},"acf":[],"yoast_head":"<!-- This site is optimized with the Yoast SEO Premium plugin v21.2 (Yoast SEO v21.2) - https:\/\/yoast.com\/wordpress\/plugins\/seo\/ -->\n<title>Organic chocolate for Christmas<\/title>\n<meta name=\"description\" content=\"Buy organic chocolate for Christmas: A festive Drag\u00e9e Mix with hazelnuts, raspberries and caramel flavours in white chocolate. Enjoy an eco-friendly and climate-friendly Christmas treat.\" \/>\n<meta name=\"robots\" content=\"index, follow, max-snippet:-1, max-image-preview:large, max-video-preview:-1\" \/>\n<link rel=\"canonical\" href=\"https:\/\/grontkontor.dk\/en\/shop\/juledragee-aeg-oekologisk\/\" \/>\n<meta property=\"og:locale\" content=\"en_US\" \/>\n<meta property=\"og:type\" content=\"article\" \/>\n<meta property=\"og:title\" content=\"Christmas drag\u00e9e eggs organic\" \/>\n<meta property=\"og:description\" content=\"Buy organic chocolate for Christmas: A festive Drag\u00e9e Mix with hazelnuts, raspberries and caramel flavours in white chocolate. Enjoy an eco-friendly and climate-friendly Christmas treat.\" \/>\n<meta property=\"og:url\" content=\"https:\/\/grontkontor.dk\/en\/shop\/juledragee-aeg-oekologisk\/\" \/>\n<meta property=\"og:site_name\" content=\"Gr\u00f8nt Kontor\" \/>\n<meta property=\"article:publisher\" content=\"https:\/\/www.facebook.com\/grontkontor.dk\/\" \/>\n<meta property=\"article:modified_time\" content=\"2025-11-03T08:59:01+00:00\" \/>\n<meta property=\"og:image\" content=\"https:\/\/grontkontor.dk\/wp-content\/uploads\/2025\/10\/Oekologisk-chokolade-til-jul.jpg\" \/>\n\t<meta property=\"og:image:width\" content=\"900\" \/>\n\t<meta property=\"og:image:height\" content=\"639\" \/>\n\t<meta property=\"og:image:type\" content=\"image\/jpeg\" \/>\n<meta name=\"twitter:card\" content=\"summary_large_image\" \/>\n<meta name=\"twitter:label1\" content=\"Est. reading time\" \/>\n\t<meta name=\"twitter:data1\" content=\"1 minute\" \/>\n<script type=\"application\/ld+json\" class=\"yoast-schema-graph\">{\"@context\":\"https:\/\/schema.org\",\"@graph\":[{\"@type\":\"WebPage\",\"@id\":\"https:\/\/grontkontor.dk\/en\/shop\/juledragee-aeg-oekologisk\/\",\"url\":\"https:\/\/grontkontor.dk\/en\/shop\/juledragee-aeg-oekologisk\/\",\"name\":\"Organic chocolate for Christmas\",\"isPartOf\":{\"@id\":\"https:\/\/grontkontor.dk\/#website\"},\"datePublished\":\"2025-10-28T14:49:02+00:00\",\"dateModified\":\"2025-11-03T08:59:01+00:00\",\"description\":\"Buy organic chocolate for Christmas: A festive Drag\u00e9e Mix with hazelnuts, raspberries and caramel flavours in white chocolate. Enjoy an eco-friendly and climate-friendly Christmas treat.\",\"breadcrumb\":{\"@id\":\"https:\/\/grontkontor.dk\/en\/shop\/juledragee-aeg-oekologisk\/#breadcrumb\"},\"inLanguage\":\"en-US\",\"potentialAction\":[{\"@type\":\"ReadAction\",\"target\":[\"https:\/\/grontkontor.dk\/en\/shop\/juledragee-aeg-oekologisk\/\"]}]},{\"@type\":\"BreadcrumbList\",\"@id\":\"https:\/\/grontkontor.dk\/en\/shop\/juledragee-aeg-oekologisk\/#breadcrumb\",\"itemListElement\":[{\"@type\":\"ListItem\",\"position\":1,\"name\":\"Forside\",\"item\":\"https:\/\/grontkontor.dk\/\"},{\"@type\":\"ListItem\",\"position\":2,\"name\":\"Shop\",\"item\":\"https:\/\/grontkontor.dk\/en\/shop-2\/\"},{\"@type\":\"ListItem\",\"position\":3,\"name\":\"Mad og drikke\",\"item\":\"https:\/\/grontkontor.dk\/produkt-kategori\/mad-og-drikke\/\"},{\"@type\":\"ListItem\",\"position\":4,\"name\":\"Slik og snacks\",\"item\":\"https:\/\/grontkontor.dk\/produkt-kategori\/mad-og-drikke\/slik-og-snacks\/\"},{\"@type\":\"ListItem\",\"position\":5,\"name\":\"Christmas drag\u00e9e eggs organic\"}]},{\"@type\":\"WebSite\",\"@id\":\"https:\/\/grontkontor.dk\/#website\",\"url\":\"https:\/\/grontkontor.dk\/\",\"name\":\"Gr\u00f8nt Kontor\",\"description\":\"Milj\u00f8venlige produkter til kontor og erhverv med fokus p\u00e5 b\u00e6redygtighed, design og fair trade.\",\"publisher\":{\"@id\":\"https:\/\/grontkontor.dk\/#organization\"},\"potentialAction\":[{\"@type\":\"SearchAction\",\"target\":{\"@type\":\"EntryPoint\",\"urlTemplate\":\"https:\/\/grontkontor.dk\/?s={search_term_string}\"},\"query-input\":\"required name=search_term_string\"}],\"inLanguage\":\"en-US\"},{\"@type\":\"Organization\",\"@id\":\"https:\/\/grontkontor.dk\/#organization\",\"name\":\"Gr\u00f8nt Kontor\",\"url\":\"https:\/\/grontkontor.dk\/\",\"logo\":{\"@type\":\"ImageObject\",\"inLanguage\":\"en-US\",\"@id\":\"https:\/\/grontkontor.dk\/#\/schema\/logo\/image\/\",\"url\":\"https:\/\/grontkontor.dk\/wp-content\/uploads\/2014\/02\/Logo_groent_kontor_300x80.png\",\"contentUrl\":\"https:\/\/grontkontor.dk\/wp-content\/uploads\/2014\/02\/Logo_groent_kontor_300x80.png\",\"width\":300,\"height\":80,\"caption\":\"Gr\u00f8nt Kontor\"},\"image\":{\"@id\":\"https:\/\/grontkontor.dk\/#\/schema\/logo\/image\/\"},\"sameAs\":[\"https:\/\/www.facebook.com\/grontkontor.dk\/\"]}]}<\/script>\n<!-- \/ Yoast SEO Premium plugin. -->","yoast_head_json":{"title":"Organic chocolate for Christmas","description":"Buy organic chocolate for Christmas: A festive Drag\u00e9e Mix with hazelnuts, raspberries and caramel flavours in white chocolate. Enjoy an eco-friendly and climate-friendly Christmas treat.","robots":{"index":"index","follow":"follow","max-snippet":"max-snippet:-1","max-image-preview":"max-image-preview:large","max-video-preview":"max-video-preview:-1"},"canonical":"https:\/\/grontkontor.dk\/en\/shop\/juledragee-aeg-oekologisk\/","og_locale":"en_US","og_type":"article","og_title":"Christmas drag\u00e9e eggs organic","og_description":"Buy organic chocolate for Christmas: A festive Drag\u00e9e Mix with hazelnuts, raspberries and caramel flavours in white chocolate. Enjoy an eco-friendly and climate-friendly Christmas treat.","og_url":"https:\/\/grontkontor.dk\/en\/shop\/juledragee-aeg-oekologisk\/","og_site_name":"Gr\u00f8nt Kontor","article_publisher":"https:\/\/www.facebook.com\/grontkontor.dk\/","article_modified_time":"2025-11-03T08:59:01+00:00","og_image":[{"width":900,"height":639,"url":"https:\/\/grontkontor.dk\/wp-content\/uploads\/2025\/10\/Oekologisk-chokolade-til-jul.jpg","type":"image\/jpeg"}],"twitter_card":"summary_large_image","twitter_misc":{"Est. reading time":"1 minute"},"schema":{"@context":"https:\/\/schema.org","@graph":[{"@type":"WebPage","@id":"https:\/\/grontkontor.dk\/en\/shop\/juledragee-aeg-oekologisk\/","url":"https:\/\/grontkontor.dk\/en\/shop\/juledragee-aeg-oekologisk\/","name":"Organic chocolate for Christmas","isPartOf":{"@id":"https:\/\/grontkontor.dk\/#website"},"datePublished":"2025-10-28T14:49:02+00:00","dateModified":"2025-11-03T08:59:01+00:00","description":"Buy organic chocolate for Christmas: A festive Drag\u00e9e Mix with hazelnuts, raspberries and caramel flavours in white chocolate. Enjoy an eco-friendly and climate-friendly Christmas treat.","breadcrumb":{"@id":"https:\/\/grontkontor.dk\/en\/shop\/juledragee-aeg-oekologisk\/#breadcrumb"},"inLanguage":"en-US","potentialAction":[{"@type":"ReadAction","target":["https:\/\/grontkontor.dk\/en\/shop\/juledragee-aeg-oekologisk\/"]}]},{"@type":"BreadcrumbList","@id":"https:\/\/grontkontor.dk\/en\/shop\/juledragee-aeg-oekologisk\/#breadcrumb","itemListElement":[{"@type":"ListItem","position":1,"name":"Forside","item":"https:\/\/grontkontor.dk\/"},{"@type":"ListItem","position":2,"name":"Shop","item":"https:\/\/grontkontor.dk\/en\/shop-2\/"},{"@type":"ListItem","position":3,"name":"Mad og drikke","item":"https:\/\/grontkontor.dk\/produkt-kategori\/mad-og-drikke\/"},{"@type":"ListItem","position":4,"name":"Slik og snacks","item":"https:\/\/grontkontor.dk\/produkt-kategori\/mad-og-drikke\/slik-og-snacks\/"},{"@type":"ListItem","position":5,"name":"Christmas drag\u00e9e eggs organic"}]},{"@type":"WebSite","@id":"https:\/\/grontkontor.dk\/#website","url":"https:\/\/grontkontor.dk\/","name":"Gr\u00f8nt Kontor","description":"Milj\u00f8venlige produkter til kontor og erhverv med fokus p\u00e5 b\u00e6redygtighed, design og fair trade.","publisher":{"@id":"https:\/\/grontkontor.dk\/#organization"},"potentialAction":[{"@type":"SearchAction","target":{"@type":"EntryPoint","urlTemplate":"https:\/\/grontkontor.dk\/?s={search_term_string}"},"query-input":"required name=search_term_string"}],"inLanguage":"en-US"},{"@type":"Organization","@id":"https:\/\/grontkontor.dk\/#organization","name":"Gr\u00f8nt Kontor","url":"https:\/\/grontkontor.dk\/","logo":{"@type":"ImageObject","inLanguage":"en-US","@id":"https:\/\/grontkontor.dk\/#\/schema\/logo\/image\/","url":"https:\/\/grontkontor.dk\/wp-content\/uploads\/2014\/02\/Logo_groent_kontor_300x80.png","contentUrl":"https:\/\/grontkontor.dk\/wp-content\/uploads\/2014\/02\/Logo_groent_kontor_300x80.png","width":300,"height":80,"caption":"Gr\u00f8nt Kontor"},"image":{"@id":"https:\/\/grontkontor.dk\/#\/schema\/logo\/image\/"},"sameAs":["https:\/\/www.facebook.com\/grontkontor.dk\/"]}]}},"_links":{"self":[{"href":"https:\/\/grontkontor.dk\/en\/wp-json\/wp\/v2\/product\/130502"}],"collection":[{"href":"https:\/\/grontkontor.dk\/en\/wp-json\/wp\/v2\/product"}],"about":[{"href":"https:\/\/grontkontor.dk\/en\/wp-json\/wp\/v2\/types\/product"}],"replies":[{"embeddable":true,"href":"https:\/\/grontkontor.dk\/en\/wp-json\/wp\/v2\/comments?post=130502"}],"wp:featuredmedia":[{"embeddable":true,"href":"https:\/\/grontkontor.dk\/en\/wp-json\/wp\/v2\/media\/130534"}],"wp:attachment":[{"href":"https:\/\/grontkontor.dk\/en\/wp-json\/wp\/v2\/media?parent=130502"}],"wp:term":[{"taxonomy":"product_cat","embeddable":true,"href":"https:\/\/grontkontor.dk\/en\/wp-json\/wp\/v2\/product_cat?post=130502"},{"taxonomy":"product_tag","embeddable":true,"href":"https:\/\/grontkontor.dk\/en\/wp-json\/wp\/v2\/product_tag?post=130502"}],"curies":[{"name":"wp","href":"https:\/\/api.w.org\/{rel}","templated":true}]}}