{"id":130595,"date":"2025-10-19T15:13:26","date_gmt":"2025-10-19T13:13:26","guid":{"rendered":"https:\/\/grontkontor.dk\/?post_type=product&#038;p=130595"},"modified":"2025-11-03T10:00:01","modified_gmt":"2025-11-03T09:00:01","slug":"oekologisk-julekalender-med-fyldte-chokolader","status":"publish","type":"product","link":"https:\/\/grontkontor.dk\/en\/shop\/oekologisk-julekalender-med-fyldte-chokolader\/","title":{"rendered":"Organic Advent Calendar with Filled Chocolates"},"content":{"rendered":"<p>Turn your countdown to Christmas into a daily gourmet experience with an organic Christmas calendar with filled chocolates. This Dessert Advent Calendar is created for the discerning chocolate lover who wants a varied and luxurious taste journey through December. Behind each door hides a fantastic taste experience, whether it&#8217;s a delicately filled chocolate or a selection of crunchy, drag\u00e9ed almonds and hazelnuts. Every bite is a surprise that pampers the senses.   <\/p>\n<p>Get an organic advent calendar with filled chocolates that are made from carefully selected organic ingredients. By choosing organic, you ensure that your pampering is an environmentally friendly choice that supports a more responsible production. The calendar is a climate-friendly alternative that brings real Christmas spirit without compromising on quality or conscience.  <\/p>\n<p>This calendar is the perfect corporate gift to show your employees and customers that you value both their well-being and quality. It is an elegant and tasteful alternative to traditional calendars and guarantees an exclusive experience every day until Christmas Eve. Give a gift that is remembered for its good taste and responsible message.<br \/>\nNet weight: 240g<br \/>\n<strong>Ingredients:<br \/>\n<\/strong><\/p>\n<p>Cane sugar*, cocoa butter*, <strong>whole milk powder<\/strong>*, cocoa mass*, water, <strong>butter<\/strong>*, <strong>almonds<\/strong>*, <strong>hazelnuts<\/strong>*, caramelised sugar syrup*, invert sugar*, maize starch*, liquorice powder*, raspberries*, glucose syrup* (maize), blackcurrants*, cherry juice*, coffee powder*, salt, gelling agent: E410* and pectin E440, lemon juice from concentrate*, orange flavouring*, lemon flavouring*, peppermint flavouring*, sucrose*, honey*, surface need. Rubber arabic E414*, natural flavouring. *=organic<br \/>\nAt least 72% cocoa in the dark chocolate and at least 40% in the light chocolate<br \/>\nMay contain traces of<br \/>\n<b>soy<\/b><\/p>\n<p><strong>Nutritional information per 100 g:<br \/>\n<\/strong>Energy 2189 KJ<br \/>\nEnergy 525 Kcal<br \/>\nFat 35g \u2013 of which saturates 17g<br \/>\nCarbohydrates 44g \u2013 of which sugars 41g<br \/>\nProtein 6.6g Salt 0.19g<br \/>\nDietary fibre 5.9g<\/p>\n<a href=\"https:\/\/www.foedevarestyrelsen.dk\/Leksikon\/Sider\/%C3%98-m%C3%A6rket.aspx\"><img loading=\"lazy\" decoding=\"async\" class=\"size-medium wp-image-24418\" src=\"https:\/\/grontkontor.dk\/wp-content\/uploads\/2024\/05\/statskontrolleret-oekologisk-2.jpg\" alt=\"Statskontrolleret \u00f8kologisk\" width=\"54\" height=\"50\" \/><\/a>\n","protected":false},"excerpt":{"rendered":"<p>Turn your countdown to Christmas into a daily gourmet experience with an organic Christmas calendar with filled chocolates. This Dessert Advent Calendar is created for the discerning chocolate lover who wants a varied and luxurious taste journey through December. Behind each door hides a fantastic taste experience, whether it&#8217;s a delicately filled chocolate or a [&hellip;]<\/p>\n","protected":false},"featured_media":130600,"comment_status":"closed","ping_status":"closed","template":"","meta":{"_acf_changed":false},"product_cat":[2851,4846,2449,2618,2444],"product_tag":[3117,4845],"class_list":{"0":"post-130595","1":"product","2":"type-product","3":"status-publish","4":"has-post-thumbnail","6":"product_cat-sweets-snacks-and-tasty-treats","7":"product_cat-jul-og-hoejtid-en","8":"product_cat-dummy-moq-10-50-en","9":"product_cat-sweets-and-snacks-en","10":"product_cat-sweets-and-snacks","11":"product_tag-chocolate","12":"product_tag-jul-en","13":"tm-no-options","15":"first","16":"instock","17":"taxable","18":"shipping-taxable","19":"purchasable","20":"product-type-simple"},"acf":[],"yoast_head":"<!-- This site is optimized with the Yoast SEO Premium plugin v21.2 (Yoast SEO v21.2) - https:\/\/yoast.com\/wordpress\/plugins\/seo\/ -->\n<title>Organic Advent Calendar with Filled Chocolates<\/title>\n<meta name=\"description\" content=\"Buy an organic advent calendar with filled chocolates and drag\u00e9es. Enjoy a fantastic taste experience behind each door. An eco-friendly and climate-friendly calendar, perfect as a corporate gift.\" \/>\n<meta name=\"robots\" content=\"index, follow, max-snippet:-1, max-image-preview:large, max-video-preview:-1\" \/>\n<link rel=\"canonical\" href=\"https:\/\/grontkontor.dk\/en\/shop\/oekologisk-julekalender-med-fyldte-chokolader\/\" \/>\n<meta property=\"og:locale\" content=\"en_US\" \/>\n<meta property=\"og:type\" content=\"article\" \/>\n<meta property=\"og:title\" content=\"Organic Advent Calendar with Filled Chocolates\" \/>\n<meta property=\"og:description\" content=\"Buy an organic advent calendar with filled chocolates and drag\u00e9es. Enjoy a fantastic taste experience behind each door. An eco-friendly and climate-friendly calendar, perfect as a corporate gift.\" \/>\n<meta property=\"og:url\" content=\"https:\/\/grontkontor.dk\/en\/shop\/oekologisk-julekalender-med-fyldte-chokolader\/\" \/>\n<meta property=\"og:site_name\" content=\"Gr\u00f8nt Kontor\" \/>\n<meta property=\"article:publisher\" content=\"https:\/\/www.facebook.com\/grontkontor.dk\/\" \/>\n<meta property=\"article:modified_time\" content=\"2025-11-03T09:00:01+00:00\" \/>\n<meta property=\"og:image\" content=\"https:\/\/grontkontor.dk\/wp-content\/uploads\/2025\/10\/Oekologisk-julekalender-med-fyldte-chokolader.jpg\" \/>\n\t<meta property=\"og:image:width\" content=\"900\" \/>\n\t<meta property=\"og:image:height\" content=\"639\" \/>\n\t<meta property=\"og:image:type\" content=\"image\/jpeg\" \/>\n<meta name=\"twitter:card\" content=\"summary_large_image\" \/>\n<meta name=\"twitter:label1\" content=\"Est. reading time\" \/>\n\t<meta name=\"twitter:data1\" content=\"1 minute\" \/>\n<script type=\"application\/ld+json\" class=\"yoast-schema-graph\">{\"@context\":\"https:\/\/schema.org\",\"@graph\":[{\"@type\":\"WebPage\",\"@id\":\"https:\/\/grontkontor.dk\/en\/shop\/oekologisk-julekalender-med-fyldte-chokolader\/\",\"url\":\"https:\/\/grontkontor.dk\/en\/shop\/oekologisk-julekalender-med-fyldte-chokolader\/\",\"name\":\"Organic Advent Calendar with Filled Chocolates\",\"isPartOf\":{\"@id\":\"https:\/\/grontkontor.dk\/#website\"},\"datePublished\":\"2025-10-19T13:13:26+00:00\",\"dateModified\":\"2025-11-03T09:00:01+00:00\",\"description\":\"Buy an organic advent calendar with filled chocolates and drag\u00e9es. Enjoy a fantastic taste experience behind each door. An eco-friendly and climate-friendly calendar, perfect as a corporate gift.\",\"breadcrumb\":{\"@id\":\"https:\/\/grontkontor.dk\/en\/shop\/oekologisk-julekalender-med-fyldte-chokolader\/#breadcrumb\"},\"inLanguage\":\"en-US\",\"potentialAction\":[{\"@type\":\"ReadAction\",\"target\":[\"https:\/\/grontkontor.dk\/en\/shop\/oekologisk-julekalender-med-fyldte-chokolader\/\"]}]},{\"@type\":\"BreadcrumbList\",\"@id\":\"https:\/\/grontkontor.dk\/en\/shop\/oekologisk-julekalender-med-fyldte-chokolader\/#breadcrumb\",\"itemListElement\":[{\"@type\":\"ListItem\",\"position\":1,\"name\":\"Forside\",\"item\":\"https:\/\/grontkontor.dk\/\"},{\"@type\":\"ListItem\",\"position\":2,\"name\":\"Shop\",\"item\":\"https:\/\/grontkontor.dk\/en\/shop-2\/\"},{\"@type\":\"ListItem\",\"position\":3,\"name\":\"Jul og h\u00f8jtid\",\"item\":\"https:\/\/grontkontor.dk\/produkt-kategori\/jul-og-hoejtid\/\"},{\"@type\":\"ListItem\",\"position\":4,\"name\":\"Organic Advent Calendar with Filled Chocolates\"}]},{\"@type\":\"WebSite\",\"@id\":\"https:\/\/grontkontor.dk\/#website\",\"url\":\"https:\/\/grontkontor.dk\/\",\"name\":\"Gr\u00f8nt Kontor\",\"description\":\"Milj\u00f8venlige produkter til kontor og erhverv med fokus p\u00e5 b\u00e6redygtighed, design og fair trade.\",\"publisher\":{\"@id\":\"https:\/\/grontkontor.dk\/#organization\"},\"potentialAction\":[{\"@type\":\"SearchAction\",\"target\":{\"@type\":\"EntryPoint\",\"urlTemplate\":\"https:\/\/grontkontor.dk\/?s={search_term_string}\"},\"query-input\":\"required name=search_term_string\"}],\"inLanguage\":\"en-US\"},{\"@type\":\"Organization\",\"@id\":\"https:\/\/grontkontor.dk\/#organization\",\"name\":\"Gr\u00f8nt Kontor\",\"url\":\"https:\/\/grontkontor.dk\/\",\"logo\":{\"@type\":\"ImageObject\",\"inLanguage\":\"en-US\",\"@id\":\"https:\/\/grontkontor.dk\/#\/schema\/logo\/image\/\",\"url\":\"https:\/\/grontkontor.dk\/wp-content\/uploads\/2014\/02\/Logo_groent_kontor_300x80.png\",\"contentUrl\":\"https:\/\/grontkontor.dk\/wp-content\/uploads\/2014\/02\/Logo_groent_kontor_300x80.png\",\"width\":300,\"height\":80,\"caption\":\"Gr\u00f8nt Kontor\"},\"image\":{\"@id\":\"https:\/\/grontkontor.dk\/#\/schema\/logo\/image\/\"},\"sameAs\":[\"https:\/\/www.facebook.com\/grontkontor.dk\/\"]}]}<\/script>\n<!-- \/ Yoast SEO Premium plugin. -->","yoast_head_json":{"title":"Organic Advent Calendar with Filled Chocolates","description":"Buy an organic advent calendar with filled chocolates and drag\u00e9es. Enjoy a fantastic taste experience behind each door. An eco-friendly and climate-friendly calendar, perfect as a corporate gift.","robots":{"index":"index","follow":"follow","max-snippet":"max-snippet:-1","max-image-preview":"max-image-preview:large","max-video-preview":"max-video-preview:-1"},"canonical":"https:\/\/grontkontor.dk\/en\/shop\/oekologisk-julekalender-med-fyldte-chokolader\/","og_locale":"en_US","og_type":"article","og_title":"Organic Advent Calendar with Filled Chocolates","og_description":"Buy an organic advent calendar with filled chocolates and drag\u00e9es. Enjoy a fantastic taste experience behind each door. An eco-friendly and climate-friendly calendar, perfect as a corporate gift.","og_url":"https:\/\/grontkontor.dk\/en\/shop\/oekologisk-julekalender-med-fyldte-chokolader\/","og_site_name":"Gr\u00f8nt Kontor","article_publisher":"https:\/\/www.facebook.com\/grontkontor.dk\/","article_modified_time":"2025-11-03T09:00:01+00:00","og_image":[{"width":900,"height":639,"url":"https:\/\/grontkontor.dk\/wp-content\/uploads\/2025\/10\/Oekologisk-julekalender-med-fyldte-chokolader.jpg","type":"image\/jpeg"}],"twitter_card":"summary_large_image","twitter_misc":{"Est. reading time":"1 minute"},"schema":{"@context":"https:\/\/schema.org","@graph":[{"@type":"WebPage","@id":"https:\/\/grontkontor.dk\/en\/shop\/oekologisk-julekalender-med-fyldte-chokolader\/","url":"https:\/\/grontkontor.dk\/en\/shop\/oekologisk-julekalender-med-fyldte-chokolader\/","name":"Organic Advent Calendar with Filled Chocolates","isPartOf":{"@id":"https:\/\/grontkontor.dk\/#website"},"datePublished":"2025-10-19T13:13:26+00:00","dateModified":"2025-11-03T09:00:01+00:00","description":"Buy an organic advent calendar with filled chocolates and drag\u00e9es. Enjoy a fantastic taste experience behind each door. An eco-friendly and climate-friendly calendar, perfect as a corporate gift.","breadcrumb":{"@id":"https:\/\/grontkontor.dk\/en\/shop\/oekologisk-julekalender-med-fyldte-chokolader\/#breadcrumb"},"inLanguage":"en-US","potentialAction":[{"@type":"ReadAction","target":["https:\/\/grontkontor.dk\/en\/shop\/oekologisk-julekalender-med-fyldte-chokolader\/"]}]},{"@type":"BreadcrumbList","@id":"https:\/\/grontkontor.dk\/en\/shop\/oekologisk-julekalender-med-fyldte-chokolader\/#breadcrumb","itemListElement":[{"@type":"ListItem","position":1,"name":"Forside","item":"https:\/\/grontkontor.dk\/"},{"@type":"ListItem","position":2,"name":"Shop","item":"https:\/\/grontkontor.dk\/en\/shop-2\/"},{"@type":"ListItem","position":3,"name":"Jul og h\u00f8jtid","item":"https:\/\/grontkontor.dk\/produkt-kategori\/jul-og-hoejtid\/"},{"@type":"ListItem","position":4,"name":"Organic Advent Calendar with Filled Chocolates"}]},{"@type":"WebSite","@id":"https:\/\/grontkontor.dk\/#website","url":"https:\/\/grontkontor.dk\/","name":"Gr\u00f8nt Kontor","description":"Milj\u00f8venlige produkter til kontor og erhverv med fokus p\u00e5 b\u00e6redygtighed, design og fair trade.","publisher":{"@id":"https:\/\/grontkontor.dk\/#organization"},"potentialAction":[{"@type":"SearchAction","target":{"@type":"EntryPoint","urlTemplate":"https:\/\/grontkontor.dk\/?s={search_term_string}"},"query-input":"required name=search_term_string"}],"inLanguage":"en-US"},{"@type":"Organization","@id":"https:\/\/grontkontor.dk\/#organization","name":"Gr\u00f8nt Kontor","url":"https:\/\/grontkontor.dk\/","logo":{"@type":"ImageObject","inLanguage":"en-US","@id":"https:\/\/grontkontor.dk\/#\/schema\/logo\/image\/","url":"https:\/\/grontkontor.dk\/wp-content\/uploads\/2014\/02\/Logo_groent_kontor_300x80.png","contentUrl":"https:\/\/grontkontor.dk\/wp-content\/uploads\/2014\/02\/Logo_groent_kontor_300x80.png","width":300,"height":80,"caption":"Gr\u00f8nt Kontor"},"image":{"@id":"https:\/\/grontkontor.dk\/#\/schema\/logo\/image\/"},"sameAs":["https:\/\/www.facebook.com\/grontkontor.dk\/"]}]}},"_links":{"self":[{"href":"https:\/\/grontkontor.dk\/en\/wp-json\/wp\/v2\/product\/130595"}],"collection":[{"href":"https:\/\/grontkontor.dk\/en\/wp-json\/wp\/v2\/product"}],"about":[{"href":"https:\/\/grontkontor.dk\/en\/wp-json\/wp\/v2\/types\/product"}],"replies":[{"embeddable":true,"href":"https:\/\/grontkontor.dk\/en\/wp-json\/wp\/v2\/comments?post=130595"}],"wp:featuredmedia":[{"embeddable":true,"href":"https:\/\/grontkontor.dk\/en\/wp-json\/wp\/v2\/media\/130600"}],"wp:attachment":[{"href":"https:\/\/grontkontor.dk\/en\/wp-json\/wp\/v2\/media?parent=130595"}],"wp:term":[{"taxonomy":"product_cat","embeddable":true,"href":"https:\/\/grontkontor.dk\/en\/wp-json\/wp\/v2\/product_cat?post=130595"},{"taxonomy":"product_tag","embeddable":true,"href":"https:\/\/grontkontor.dk\/en\/wp-json\/wp\/v2\/product_tag?post=130595"}],"curies":[{"name":"wp","href":"https:\/\/api.w.org\/{rel}","templated":true}]}}