{"id":130606,"date":"2025-10-30T09:07:44","date_gmt":"2025-10-30T08:07:45","guid":{"rendered":"https:\/\/grontkontor.dk\/?post_type=product&#038;p=130606"},"modified":"2025-11-03T09:59:06","modified_gmt":"2025-11-03T08:59:06","slug":"julepynt-i-genanvendt-papir-juletrae","status":"publish","type":"product","link":"https:\/\/grontkontor.dk\/en\/shop\/julepynt-i-genanvendt-papir-juletrae\/","title":{"rendered":"Christmas decorations in recycled paper &#8211; Christmas tree"},"content":{"rendered":"<p>Decorate your home, office or shop with style and care for the environment with climate-friendly Christmas decorations in recycled paper. This smart Christmas tree hanger combines an elegant design with a strong eco-friendly message. The ornament is made from paper that carries the FSC Recycled certification (70% recycled material), making it an excellent climate-friendly choice that supports the circular economy.  <\/p>\n<p>The hanger is designed as a collapsible Christmas tree and is easily assembled with a discreet magnetic closure. This feature makes it easy to store the decorations in a space-saving way when Christmas is over, so you can reuse them year after year. This helps to make your Christmas more responsible and sustainable.  <\/p>\n<p>Climate-friendly Christmas decorations in recycled paper are available in three classic Christmas colours: natural, red and green, allowing you to match any d\u00e9cor style. The decorations are the perfect corporate gift or giveaway and can be ordered with or without logo print. By adding your brand name to such a conscious product, you send a clear signal about your company&#8217;s values.  <\/p>\nPaper \/ cardboard is usually produced from recycled paper or wood, which is a renewable resource. Paper is biodegradable and recyclable up to approx. 7 times. Recycled paper, PEFC or FSC certified paper is clearly preferable from an environmental point of view.\n<p>&nbsp;<\/p>\n<a href=\"https:\/\/ic.fsc.org\/en\/\" target=\"window\"><img loading=\"lazy\" decoding=\"async\" class=\"size-full wp-image-12735\" src=\"https:\/\/grontkontor.dk\/wp-content\/uploads\/2019\/04\/fsc-certificeret.png\" \n\t\t alt=\"FSC-certificeret\" title=\"FSC-certificeret\" width=\"44\" height=\"51\" border=0\/><\/a>\n","protected":false},"excerpt":{"rendered":"<p>Decorate your home, office or shop with style and care for the environment with climate-friendly Christmas decorations in recycled paper. This smart Christmas tree hanger combines an elegant design with a strong eco-friendly message. The ornament is made from paper that carries the FSC Recycled certification (70% recycled material), making it an excellent climate-friendly choice [&hellip;]<\/p>\n","protected":false},"featured_media":130763,"comment_status":"closed","ping_status":"closed","template":"","meta":{"_acf_changed":false},"product_cat":[4846,1262,2106,2390],"product_tag":[4845,2556],"class_list":{"0":"post-130606","1":"product","2":"type-product","3":"status-publish","4":"has-post-thumbnail","6":"product_cat-jul-og-hoejtid-en","7":"product_cat-sustainable-presents","8":"product_cat-dummy-moq-1-en","9":"product_cat-news","10":"product_tag-jul-en","11":"product_tag-julepynt-en","12":"pa_farve-green-en","13":"pa_farve-natur-en","14":"pa_farve-red-en","15":"tm-has-options","17":"first","18":"instock","19":"taxable","20":"shipping-taxable","21":"purchasable","22":"product-type-variable","23":"has-default-attributes"},"acf":[],"yoast_head":"<!-- This site is optimized with the Yoast SEO Premium plugin v21.2 (Yoast SEO v21.2) - https:\/\/yoast.com\/wordpress\/plugins\/seo\/ -->\n<title>Climate-friendly Christmas decorations in recycled paper<\/title>\n<meta name=\"description\" content=\"Buy Climate-friendly Christmas decorations in recycled paper. The collapsible Christmas tree hanger is available in natural, red and green and is an environmentally friendly and circular choice.\" \/>\n<meta name=\"robots\" content=\"index, follow, max-snippet:-1, max-image-preview:large, max-video-preview:-1\" \/>\n<link rel=\"canonical\" href=\"https:\/\/grontkontor.dk\/en\/shop\/julepynt-i-genanvendt-papir-juletrae\/\" \/>\n<meta property=\"og:locale\" content=\"en_US\" \/>\n<meta property=\"og:type\" content=\"article\" \/>\n<meta property=\"og:title\" content=\"Christmas decorations in recycled paper - Christmas tree\" \/>\n<meta property=\"og:description\" content=\"Buy Climate-friendly Christmas decorations in recycled paper. The collapsible Christmas tree hanger is available in natural, red and green and is an environmentally friendly and circular choice.\" \/>\n<meta property=\"og:url\" content=\"https:\/\/grontkontor.dk\/en\/shop\/julepynt-i-genanvendt-papir-juletrae\/\" \/>\n<meta property=\"og:site_name\" content=\"Gr\u00f8nt Kontor\" \/>\n<meta property=\"article:publisher\" content=\"https:\/\/www.facebook.com\/grontkontor.dk\/\" \/>\n<meta property=\"article:modified_time\" content=\"2025-11-03T08:59:06+00:00\" \/>\n<meta property=\"og:image\" content=\"https:\/\/grontkontor.dk\/wp-content\/uploads\/2025\/10\/Juletrae-FSC.jpg\" \/>\n\t<meta property=\"og:image:width\" content=\"900\" \/>\n\t<meta property=\"og:image:height\" content=\"639\" \/>\n\t<meta property=\"og:image:type\" content=\"image\/jpeg\" \/>\n<meta name=\"twitter:card\" content=\"summary_large_image\" \/>\n<meta name=\"twitter:label1\" content=\"Est. reading time\" \/>\n\t<meta name=\"twitter:data1\" content=\"1 minute\" \/>\n<script type=\"application\/ld+json\" class=\"yoast-schema-graph\">{\"@context\":\"https:\/\/schema.org\",\"@graph\":[{\"@type\":\"WebPage\",\"@id\":\"https:\/\/grontkontor.dk\/en\/shop\/julepynt-i-genanvendt-papir-juletrae\/\",\"url\":\"https:\/\/grontkontor.dk\/en\/shop\/julepynt-i-genanvendt-papir-juletrae\/\",\"name\":\"Climate-friendly Christmas decorations in recycled paper\",\"isPartOf\":{\"@id\":\"https:\/\/grontkontor.dk\/#website\"},\"datePublished\":\"2025-10-30T08:07:45+00:00\",\"dateModified\":\"2025-11-03T08:59:06+00:00\",\"description\":\"Buy Climate-friendly Christmas decorations in recycled paper. The collapsible Christmas tree hanger is available in natural, red and green and is an environmentally friendly and circular choice.\",\"breadcrumb\":{\"@id\":\"https:\/\/grontkontor.dk\/en\/shop\/julepynt-i-genanvendt-papir-juletrae\/#breadcrumb\"},\"inLanguage\":\"en-US\",\"potentialAction\":[{\"@type\":\"ReadAction\",\"target\":[\"https:\/\/grontkontor.dk\/en\/shop\/julepynt-i-genanvendt-papir-juletrae\/\"]}]},{\"@type\":\"BreadcrumbList\",\"@id\":\"https:\/\/grontkontor.dk\/en\/shop\/julepynt-i-genanvendt-papir-juletrae\/#breadcrumb\",\"itemListElement\":[{\"@type\":\"ListItem\",\"position\":1,\"name\":\"Forside\",\"item\":\"https:\/\/grontkontor.dk\/\"},{\"@type\":\"ListItem\",\"position\":2,\"name\":\"Shop\",\"item\":\"https:\/\/grontkontor.dk\/en\/shop-2\/\"},{\"@type\":\"ListItem\",\"position\":3,\"name\":\"Jul og h\u00f8jtid\",\"item\":\"https:\/\/grontkontor.dk\/produkt-kategori\/jul-og-hoejtid\/\"},{\"@type\":\"ListItem\",\"position\":4,\"name\":\"Christmas decorations in recycled paper &#8211; Christmas tree\"}]},{\"@type\":\"WebSite\",\"@id\":\"https:\/\/grontkontor.dk\/#website\",\"url\":\"https:\/\/grontkontor.dk\/\",\"name\":\"Gr\u00f8nt Kontor\",\"description\":\"Milj\u00f8venlige produkter til kontor og erhverv med fokus p\u00e5 b\u00e6redygtighed, design og fair trade.\",\"publisher\":{\"@id\":\"https:\/\/grontkontor.dk\/#organization\"},\"potentialAction\":[{\"@type\":\"SearchAction\",\"target\":{\"@type\":\"EntryPoint\",\"urlTemplate\":\"https:\/\/grontkontor.dk\/?s={search_term_string}\"},\"query-input\":\"required name=search_term_string\"}],\"inLanguage\":\"en-US\"},{\"@type\":\"Organization\",\"@id\":\"https:\/\/grontkontor.dk\/#organization\",\"name\":\"Gr\u00f8nt Kontor\",\"url\":\"https:\/\/grontkontor.dk\/\",\"logo\":{\"@type\":\"ImageObject\",\"inLanguage\":\"en-US\",\"@id\":\"https:\/\/grontkontor.dk\/#\/schema\/logo\/image\/\",\"url\":\"https:\/\/grontkontor.dk\/wp-content\/uploads\/2014\/02\/Logo_groent_kontor_300x80.png\",\"contentUrl\":\"https:\/\/grontkontor.dk\/wp-content\/uploads\/2014\/02\/Logo_groent_kontor_300x80.png\",\"width\":300,\"height\":80,\"caption\":\"Gr\u00f8nt Kontor\"},\"image\":{\"@id\":\"https:\/\/grontkontor.dk\/#\/schema\/logo\/image\/\"},\"sameAs\":[\"https:\/\/www.facebook.com\/grontkontor.dk\/\"]}]}<\/script>\n<!-- \/ Yoast SEO Premium plugin. -->","yoast_head_json":{"title":"Climate-friendly Christmas decorations in recycled paper","description":"Buy Climate-friendly Christmas decorations in recycled paper. The collapsible Christmas tree hanger is available in natural, red and green and is an environmentally friendly and circular choice.","robots":{"index":"index","follow":"follow","max-snippet":"max-snippet:-1","max-image-preview":"max-image-preview:large","max-video-preview":"max-video-preview:-1"},"canonical":"https:\/\/grontkontor.dk\/en\/shop\/julepynt-i-genanvendt-papir-juletrae\/","og_locale":"en_US","og_type":"article","og_title":"Christmas decorations in recycled paper - Christmas tree","og_description":"Buy Climate-friendly Christmas decorations in recycled paper. The collapsible Christmas tree hanger is available in natural, red and green and is an environmentally friendly and circular choice.","og_url":"https:\/\/grontkontor.dk\/en\/shop\/julepynt-i-genanvendt-papir-juletrae\/","og_site_name":"Gr\u00f8nt Kontor","article_publisher":"https:\/\/www.facebook.com\/grontkontor.dk\/","article_modified_time":"2025-11-03T08:59:06+00:00","og_image":[{"width":900,"height":639,"url":"https:\/\/grontkontor.dk\/wp-content\/uploads\/2025\/10\/Juletrae-FSC.jpg","type":"image\/jpeg"}],"twitter_card":"summary_large_image","twitter_misc":{"Est. reading time":"1 minute"},"schema":{"@context":"https:\/\/schema.org","@graph":[{"@type":"WebPage","@id":"https:\/\/grontkontor.dk\/en\/shop\/julepynt-i-genanvendt-papir-juletrae\/","url":"https:\/\/grontkontor.dk\/en\/shop\/julepynt-i-genanvendt-papir-juletrae\/","name":"Climate-friendly Christmas decorations in recycled paper","isPartOf":{"@id":"https:\/\/grontkontor.dk\/#website"},"datePublished":"2025-10-30T08:07:45+00:00","dateModified":"2025-11-03T08:59:06+00:00","description":"Buy Climate-friendly Christmas decorations in recycled paper. The collapsible Christmas tree hanger is available in natural, red and green and is an environmentally friendly and circular choice.","breadcrumb":{"@id":"https:\/\/grontkontor.dk\/en\/shop\/julepynt-i-genanvendt-papir-juletrae\/#breadcrumb"},"inLanguage":"en-US","potentialAction":[{"@type":"ReadAction","target":["https:\/\/grontkontor.dk\/en\/shop\/julepynt-i-genanvendt-papir-juletrae\/"]}]},{"@type":"BreadcrumbList","@id":"https:\/\/grontkontor.dk\/en\/shop\/julepynt-i-genanvendt-papir-juletrae\/#breadcrumb","itemListElement":[{"@type":"ListItem","position":1,"name":"Forside","item":"https:\/\/grontkontor.dk\/"},{"@type":"ListItem","position":2,"name":"Shop","item":"https:\/\/grontkontor.dk\/en\/shop-2\/"},{"@type":"ListItem","position":3,"name":"Jul og h\u00f8jtid","item":"https:\/\/grontkontor.dk\/produkt-kategori\/jul-og-hoejtid\/"},{"@type":"ListItem","position":4,"name":"Christmas decorations in recycled paper &#8211; Christmas tree"}]},{"@type":"WebSite","@id":"https:\/\/grontkontor.dk\/#website","url":"https:\/\/grontkontor.dk\/","name":"Gr\u00f8nt Kontor","description":"Milj\u00f8venlige produkter til kontor og erhverv med fokus p\u00e5 b\u00e6redygtighed, design og fair trade.","publisher":{"@id":"https:\/\/grontkontor.dk\/#organization"},"potentialAction":[{"@type":"SearchAction","target":{"@type":"EntryPoint","urlTemplate":"https:\/\/grontkontor.dk\/?s={search_term_string}"},"query-input":"required name=search_term_string"}],"inLanguage":"en-US"},{"@type":"Organization","@id":"https:\/\/grontkontor.dk\/#organization","name":"Gr\u00f8nt Kontor","url":"https:\/\/grontkontor.dk\/","logo":{"@type":"ImageObject","inLanguage":"en-US","@id":"https:\/\/grontkontor.dk\/#\/schema\/logo\/image\/","url":"https:\/\/grontkontor.dk\/wp-content\/uploads\/2014\/02\/Logo_groent_kontor_300x80.png","contentUrl":"https:\/\/grontkontor.dk\/wp-content\/uploads\/2014\/02\/Logo_groent_kontor_300x80.png","width":300,"height":80,"caption":"Gr\u00f8nt Kontor"},"image":{"@id":"https:\/\/grontkontor.dk\/#\/schema\/logo\/image\/"},"sameAs":["https:\/\/www.facebook.com\/grontkontor.dk\/"]}]}},"_links":{"self":[{"href":"https:\/\/grontkontor.dk\/en\/wp-json\/wp\/v2\/product\/130606"}],"collection":[{"href":"https:\/\/grontkontor.dk\/en\/wp-json\/wp\/v2\/product"}],"about":[{"href":"https:\/\/grontkontor.dk\/en\/wp-json\/wp\/v2\/types\/product"}],"replies":[{"embeddable":true,"href":"https:\/\/grontkontor.dk\/en\/wp-json\/wp\/v2\/comments?post=130606"}],"wp:featuredmedia":[{"embeddable":true,"href":"https:\/\/grontkontor.dk\/en\/wp-json\/wp\/v2\/media\/130763"}],"wp:attachment":[{"href":"https:\/\/grontkontor.dk\/en\/wp-json\/wp\/v2\/media?parent=130606"}],"wp:term":[{"taxonomy":"product_cat","embeddable":true,"href":"https:\/\/grontkontor.dk\/en\/wp-json\/wp\/v2\/product_cat?post=130606"},{"taxonomy":"product_tag","embeddable":true,"href":"https:\/\/grontkontor.dk\/en\/wp-json\/wp\/v2\/product_tag?post=130606"}],"curies":[{"name":"wp","href":"https:\/\/api.w.org\/{rel}","templated":true}]}}