{"id":130655,"date":"2025-10-30T11:31:54","date_gmt":"2025-10-30T10:31:54","guid":{"rendered":"https:\/\/grontkontor.dk\/?post_type=product&#038;p=130655"},"modified":"2025-11-03T09:58:36","modified_gmt":"2025-11-03T08:58:36","slug":"julepynt-i-genanvendt-papir-julekugle","status":"publish","type":"product","link":"https:\/\/grontkontor.dk\/en\/shop\/julepynt-i-genanvendt-papir-julekugle\/","title":{"rendered":"Christmas decorations in recycled paper &#8211; Christmas bauble"},"content":{"rendered":"<p>Create an elegant and responsible Christmas decoration with eco-friendly Christmas decorations in recycled paper. This beautiful Christmas bauble is a climate-friendly alternative to traditional plastic decorations, designed to bring warmth and style to your home. The ornaments are made of paper that is FSC Recycled-certified, which guarantees a high content of recycled material. This makes it a strong eco-friendly choice that supports the circular economy.   <\/p>\n<p>The hanger has the shape of a classic Christmas ball and can be easily unfolded and secured with a magnetic closure. This smart, foldable feature makes it incredibly easy to store the decorations after the holidays so you can reuse them year after year. The Christmas bauble is available in three festive colors: natural, red, and green, giving you the flexibility to match your existing Christmas decorations.  <\/p>\n<p>Eco-friendly Christmas decorations in recycled paper are ideal as a corporate gift or giveaway and can be ordered with or without logo print. By providing such a conscious product, your company sends a clear message of concern for the environment. Make your Christmas more climate-friendly and beautiful with this durable and stylish Christmas bauble.  <\/p>\nPaper \/ cardboard is usually produced from recycled paper or wood, which is a renewable resource. Paper is biodegradable and recyclable up to approx. 7 times. Recycled paper, PEFC or FSC certified paper is clearly preferable from an environmental point of view.\n<p>&nbsp;<\/p>\n<a href=\"https:\/\/ic.fsc.org\/en\/\" target=\"window\"><img loading=\"lazy\" decoding=\"async\" class=\"size-full wp-image-12735\" src=\"https:\/\/grontkontor.dk\/wp-content\/uploads\/2019\/04\/fsc-certificeret.png\" \n\t\t alt=\"FSC-certificeret\" title=\"FSC-certificeret\" width=\"44\" height=\"51\" border=0\/><\/a>\n","protected":false},"excerpt":{"rendered":"<p>Create an elegant and responsible Christmas decoration with eco-friendly Christmas decorations in recycled paper. This beautiful Christmas bauble is a climate-friendly alternative to traditional plastic decorations, designed to bring warmth and style to your home. The ornaments are made of paper that is FSC Recycled-certified, which guarantees a high content of recycled material. This makes [&hellip;]<\/p>\n","protected":false},"featured_media":130753,"comment_status":"closed","ping_status":"closed","template":"","meta":{"_acf_changed":false},"product_cat":[4846,1262,2106,2390],"product_tag":[4845,2556],"class_list":{"0":"post-130655","1":"product","2":"type-product","3":"status-publish","4":"has-post-thumbnail","6":"product_cat-jul-og-hoejtid-en","7":"product_cat-sustainable-presents","8":"product_cat-dummy-moq-1-en","9":"product_cat-news","10":"product_tag-jul-en","11":"product_tag-julepynt-en","12":"pa_farve-army-green","13":"pa_farve-assorted","14":"pa_farve-azure","15":"pa_farve-beige","16":"pa_farve-black-min-100-pcs","17":"pa_farve-black-ink","18":"pa_farve-black-gold-silver-en","19":"pa_farve-blue-min-100-pcs","20":"pa_farve-blue-min-15","21":"pa_farve-blue-min-15-pcs","22":"pa_farve-blue-ink","23":"pa_farve-blue-yellow","24":"pa_farve-blue-green-yellow","25":"pa_farve-bordeaux-en","26":"pa_farve-bottle-green","27":"pa_farve-broken-white","28":"pa_farve-brown-en","29":"pa_farve-brown-en-2","30":"pa_farve-brown-with-black-top-and-bottom","31":"pa_farve-browne-en","32":"pa_farve-charcoal-grey","33":"pa_farve-cream-en","34":"pa_farve-crimson-en","35":"pa_farve-dark-gray","36":"pa_farve-dark-grey","37":"pa_farve-dark-red","38":"pa_farve-deep-green-en","39":"pa_farve-fuchsia-min-100-pcs","40":"pa_farve-gold","41":"pa_farve-green-en-2","42":"pa_farve-grey-min-100-pcs","43":"pa_farve-kerosene-green","44":"pa_farve-khaki","45":"pa_farve-light-gray","46":"pa_farve-lime-en","47":"pa_farve-lime-green","48":"pa_farve-magenta-en","49":"pa_farve-many-en","50":"pa_farve-mint","51":"pa_farve-mustard-yellow","52":"pa_farve-natural-min-100-pcs","53":"pa_farve-oak","54":"pa_farve-ocean-blue-en","55":"pa_farve-pale-pink-en","56":"pa_farve-peach","57":"pa_farve-purple","58":"pa_farve-raspberry-red","59":"pa_farve-red-en-2","60":"pa_farve-red-min-100-pcs","61":"pa_farve-red-min-15","62":"pa_farve-red-min-15-blue-min-15","63":"pa_farve-red-min-15-pcs","64":"pa_farve-red-min-15-pcs-blue-min-15-pcs","65":"pa_farve-royal-blue","66":"pa_farve-royal-blue-en","67":"pa_farve-sand-coloured","68":"pa_farve-silver-en","69":"pa_farve-silver-colored","70":"pa_farve-structure","71":"pa_farve-tree","72":"pa_farve-turquoise","73":"pa_farve-turquoise-en","74":"pa_farve-violate-en","75":"pa_farve-walnut","76":"pa_farve-white-en-2","77":"pa_farve-white-pigmented","78":"pa_farve-white-pigmented-with-black-top-and-bottom","79":"pa_farve-white-pigmented-with-brown-top-and-bottom","80":"pa_farve-yellow-en-2","81":"pa_farve-black","82":"pa_farve-black-en","83":"pa_farve-blue-en","84":"pa_farve-blue","85":"pa_farve-brun-en","86":"pa_farve-creme-en","87":"pa_farve-moerkeblaa-en","88":"pa_farve-moerkegroen-en","89":"pa_farve-grafit-en","90":"pa_farve-green-en","91":"pa_farve-grey-en","92":"pa_farve-grey-en-2","93":"pa_farve-lyseblaa-en","94":"pa_farve-lysegroen-en","95":"pa_farve-roedbrun-en","96":"pa_farve-mix-en","97":"pa_farve-sennep-en","98":"pa_farve-natur-en","99":"pa_farve-marineblaa-en","100":"pa_farve-oliven-en","101":"pa_farve-orange","102":"pa_farve-pink","103":"pa_farve-lilla-en","104":"pa_farve-red-en","105":"pa_farve-soelv-en","106":"pa_farve-transparent-en","107":"pa_farve-gennemsigtig-en","108":"pa_farve-white-en","109":"pa_farve-vinroed-en","110":"pa_farve-yellow-en","111":"tm-has-options","113":"first","114":"instock","115":"taxable","116":"shipping-taxable","117":"purchasable","118":"product-type-variable","119":"has-default-attributes"},"acf":[],"yoast_head":"<!-- This site is optimized with the Yoast SEO Premium plugin v21.2 (Yoast SEO v21.2) - https:\/\/yoast.com\/wordpress\/plugins\/seo\/ -->\n<title>Eco-friendly Christmas decorations in recycled paper<\/title>\n<meta name=\"description\" content=\"Buy eco-friendly Christmas decorations in recycled paper. The Christmas bauble is available in natural, red and green and is a climate-friendly and circular choice.\" \/>\n<meta name=\"robots\" content=\"index, follow, max-snippet:-1, max-image-preview:large, max-video-preview:-1\" \/>\n<link rel=\"canonical\" href=\"https:\/\/grontkontor.dk\/en\/shop\/julepynt-i-genanvendt-papir-julekugle\/\" \/>\n<meta property=\"og:locale\" content=\"en_US\" \/>\n<meta property=\"og:type\" content=\"article\" \/>\n<meta property=\"og:title\" content=\"Christmas decorations in recycled paper - Christmas bauble\" \/>\n<meta property=\"og:description\" content=\"Buy eco-friendly Christmas decorations in recycled paper. The Christmas bauble is available in natural, red and green and is a climate-friendly and circular choice.\" \/>\n<meta property=\"og:url\" content=\"https:\/\/grontkontor.dk\/en\/shop\/julepynt-i-genanvendt-papir-julekugle\/\" \/>\n<meta property=\"og:site_name\" content=\"Gr\u00f8nt Kontor\" \/>\n<meta property=\"article:publisher\" content=\"https:\/\/www.facebook.com\/grontkontor.dk\/\" \/>\n<meta property=\"article:modified_time\" content=\"2025-11-03T08:58:36+00:00\" \/>\n<meta property=\"og:image\" content=\"https:\/\/grontkontor.dk\/wp-content\/uploads\/2025\/10\/Julekugler-FSC.jpg\" \/>\n\t<meta property=\"og:image:width\" content=\"1518\" \/>\n\t<meta property=\"og:image:height\" content=\"1078\" \/>\n\t<meta property=\"og:image:type\" content=\"image\/jpeg\" \/>\n<meta name=\"twitter:card\" content=\"summary_large_image\" \/>\n<meta name=\"twitter:label1\" content=\"Est. reading time\" \/>\n\t<meta name=\"twitter:data1\" content=\"1 minute\" \/>\n<script type=\"application\/ld+json\" class=\"yoast-schema-graph\">{\"@context\":\"https:\/\/schema.org\",\"@graph\":[{\"@type\":\"WebPage\",\"@id\":\"https:\/\/grontkontor.dk\/en\/shop\/julepynt-i-genanvendt-papir-julekugle\/\",\"url\":\"https:\/\/grontkontor.dk\/en\/shop\/julepynt-i-genanvendt-papir-julekugle\/\",\"name\":\"Eco-friendly Christmas decorations in recycled paper\",\"isPartOf\":{\"@id\":\"https:\/\/grontkontor.dk\/#website\"},\"datePublished\":\"2025-10-30T10:31:54+00:00\",\"dateModified\":\"2025-11-03T08:58:36+00:00\",\"description\":\"Buy eco-friendly Christmas decorations in recycled paper. The Christmas bauble is available in natural, red and green and is a climate-friendly and circular choice.\",\"breadcrumb\":{\"@id\":\"https:\/\/grontkontor.dk\/en\/shop\/julepynt-i-genanvendt-papir-julekugle\/#breadcrumb\"},\"inLanguage\":\"en-US\",\"potentialAction\":[{\"@type\":\"ReadAction\",\"target\":[\"https:\/\/grontkontor.dk\/en\/shop\/julepynt-i-genanvendt-papir-julekugle\/\"]}]},{\"@type\":\"BreadcrumbList\",\"@id\":\"https:\/\/grontkontor.dk\/en\/shop\/julepynt-i-genanvendt-papir-julekugle\/#breadcrumb\",\"itemListElement\":[{\"@type\":\"ListItem\",\"position\":1,\"name\":\"Forside\",\"item\":\"https:\/\/grontkontor.dk\/\"},{\"@type\":\"ListItem\",\"position\":2,\"name\":\"Shop\",\"item\":\"https:\/\/grontkontor.dk\/en\/shop-2\/\"},{\"@type\":\"ListItem\",\"position\":3,\"name\":\"Klimavenlige firmagaver\",\"item\":\"https:\/\/grontkontor.dk\/produkt-kategori\/klimavenlige-firmagaver\/\"},{\"@type\":\"ListItem\",\"position\":4,\"name\":\"Christmas decorations in recycled paper &#8211; Christmas bauble\"}]},{\"@type\":\"WebSite\",\"@id\":\"https:\/\/grontkontor.dk\/#website\",\"url\":\"https:\/\/grontkontor.dk\/\",\"name\":\"Gr\u00f8nt Kontor\",\"description\":\"Milj\u00f8venlige produkter til kontor og erhverv med fokus p\u00e5 b\u00e6redygtighed, design og fair trade.\",\"publisher\":{\"@id\":\"https:\/\/grontkontor.dk\/#organization\"},\"potentialAction\":[{\"@type\":\"SearchAction\",\"target\":{\"@type\":\"EntryPoint\",\"urlTemplate\":\"https:\/\/grontkontor.dk\/?s={search_term_string}\"},\"query-input\":\"required name=search_term_string\"}],\"inLanguage\":\"en-US\"},{\"@type\":\"Organization\",\"@id\":\"https:\/\/grontkontor.dk\/#organization\",\"name\":\"Gr\u00f8nt Kontor\",\"url\":\"https:\/\/grontkontor.dk\/\",\"logo\":{\"@type\":\"ImageObject\",\"inLanguage\":\"en-US\",\"@id\":\"https:\/\/grontkontor.dk\/#\/schema\/logo\/image\/\",\"url\":\"https:\/\/grontkontor.dk\/wp-content\/uploads\/2014\/02\/Logo_groent_kontor_300x80.png\",\"contentUrl\":\"https:\/\/grontkontor.dk\/wp-content\/uploads\/2014\/02\/Logo_groent_kontor_300x80.png\",\"width\":300,\"height\":80,\"caption\":\"Gr\u00f8nt Kontor\"},\"image\":{\"@id\":\"https:\/\/grontkontor.dk\/#\/schema\/logo\/image\/\"},\"sameAs\":[\"https:\/\/www.facebook.com\/grontkontor.dk\/\"]}]}<\/script>\n<!-- \/ Yoast SEO Premium plugin. -->","yoast_head_json":{"title":"Eco-friendly Christmas decorations in recycled paper","description":"Buy eco-friendly Christmas decorations in recycled paper. The Christmas bauble is available in natural, red and green and is a climate-friendly and circular choice.","robots":{"index":"index","follow":"follow","max-snippet":"max-snippet:-1","max-image-preview":"max-image-preview:large","max-video-preview":"max-video-preview:-1"},"canonical":"https:\/\/grontkontor.dk\/en\/shop\/julepynt-i-genanvendt-papir-julekugle\/","og_locale":"en_US","og_type":"article","og_title":"Christmas decorations in recycled paper - Christmas bauble","og_description":"Buy eco-friendly Christmas decorations in recycled paper. The Christmas bauble is available in natural, red and green and is a climate-friendly and circular choice.","og_url":"https:\/\/grontkontor.dk\/en\/shop\/julepynt-i-genanvendt-papir-julekugle\/","og_site_name":"Gr\u00f8nt Kontor","article_publisher":"https:\/\/www.facebook.com\/grontkontor.dk\/","article_modified_time":"2025-11-03T08:58:36+00:00","og_image":[{"width":1518,"height":1078,"url":"https:\/\/grontkontor.dk\/wp-content\/uploads\/2025\/10\/Julekugler-FSC.jpg","type":"image\/jpeg"}],"twitter_card":"summary_large_image","twitter_misc":{"Est. reading time":"1 minute"},"schema":{"@context":"https:\/\/schema.org","@graph":[{"@type":"WebPage","@id":"https:\/\/grontkontor.dk\/en\/shop\/julepynt-i-genanvendt-papir-julekugle\/","url":"https:\/\/grontkontor.dk\/en\/shop\/julepynt-i-genanvendt-papir-julekugle\/","name":"Eco-friendly Christmas decorations in recycled paper","isPartOf":{"@id":"https:\/\/grontkontor.dk\/#website"},"datePublished":"2025-10-30T10:31:54+00:00","dateModified":"2025-11-03T08:58:36+00:00","description":"Buy eco-friendly Christmas decorations in recycled paper. The Christmas bauble is available in natural, red and green and is a climate-friendly and circular choice.","breadcrumb":{"@id":"https:\/\/grontkontor.dk\/en\/shop\/julepynt-i-genanvendt-papir-julekugle\/#breadcrumb"},"inLanguage":"en-US","potentialAction":[{"@type":"ReadAction","target":["https:\/\/grontkontor.dk\/en\/shop\/julepynt-i-genanvendt-papir-julekugle\/"]}]},{"@type":"BreadcrumbList","@id":"https:\/\/grontkontor.dk\/en\/shop\/julepynt-i-genanvendt-papir-julekugle\/#breadcrumb","itemListElement":[{"@type":"ListItem","position":1,"name":"Forside","item":"https:\/\/grontkontor.dk\/"},{"@type":"ListItem","position":2,"name":"Shop","item":"https:\/\/grontkontor.dk\/en\/shop-2\/"},{"@type":"ListItem","position":3,"name":"Klimavenlige firmagaver","item":"https:\/\/grontkontor.dk\/produkt-kategori\/klimavenlige-firmagaver\/"},{"@type":"ListItem","position":4,"name":"Christmas decorations in recycled paper &#8211; Christmas bauble"}]},{"@type":"WebSite","@id":"https:\/\/grontkontor.dk\/#website","url":"https:\/\/grontkontor.dk\/","name":"Gr\u00f8nt Kontor","description":"Milj\u00f8venlige produkter til kontor og erhverv med fokus p\u00e5 b\u00e6redygtighed, design og fair trade.","publisher":{"@id":"https:\/\/grontkontor.dk\/#organization"},"potentialAction":[{"@type":"SearchAction","target":{"@type":"EntryPoint","urlTemplate":"https:\/\/grontkontor.dk\/?s={search_term_string}"},"query-input":"required name=search_term_string"}],"inLanguage":"en-US"},{"@type":"Organization","@id":"https:\/\/grontkontor.dk\/#organization","name":"Gr\u00f8nt Kontor","url":"https:\/\/grontkontor.dk\/","logo":{"@type":"ImageObject","inLanguage":"en-US","@id":"https:\/\/grontkontor.dk\/#\/schema\/logo\/image\/","url":"https:\/\/grontkontor.dk\/wp-content\/uploads\/2014\/02\/Logo_groent_kontor_300x80.png","contentUrl":"https:\/\/grontkontor.dk\/wp-content\/uploads\/2014\/02\/Logo_groent_kontor_300x80.png","width":300,"height":80,"caption":"Gr\u00f8nt Kontor"},"image":{"@id":"https:\/\/grontkontor.dk\/#\/schema\/logo\/image\/"},"sameAs":["https:\/\/www.facebook.com\/grontkontor.dk\/"]}]}},"_links":{"self":[{"href":"https:\/\/grontkontor.dk\/en\/wp-json\/wp\/v2\/product\/130655"}],"collection":[{"href":"https:\/\/grontkontor.dk\/en\/wp-json\/wp\/v2\/product"}],"about":[{"href":"https:\/\/grontkontor.dk\/en\/wp-json\/wp\/v2\/types\/product"}],"replies":[{"embeddable":true,"href":"https:\/\/grontkontor.dk\/en\/wp-json\/wp\/v2\/comments?post=130655"}],"wp:featuredmedia":[{"embeddable":true,"href":"https:\/\/grontkontor.dk\/en\/wp-json\/wp\/v2\/media\/130753"}],"wp:attachment":[{"href":"https:\/\/grontkontor.dk\/en\/wp-json\/wp\/v2\/media?parent=130655"}],"wp:term":[{"taxonomy":"product_cat","embeddable":true,"href":"https:\/\/grontkontor.dk\/en\/wp-json\/wp\/v2\/product_cat?post=130655"},{"taxonomy":"product_tag","embeddable":true,"href":"https:\/\/grontkontor.dk\/en\/wp-json\/wp\/v2\/product_tag?post=130655"}],"curies":[{"name":"wp","href":"https:\/\/api.w.org\/{rel}","templated":true}]}}