{"id":131653,"date":"2025-12-29T15:41:51","date_gmt":"2025-12-29T14:41:51","guid":{"rendered":"https:\/\/grontkontor.dk\/?post_type=product&#038;p=131653"},"modified":"2026-01-07T14:45:09","modified_gmt":"2026-01-07T13:45:09","slug":"notesrulle-extra-sticky-fsc-50mm-x-10m-blaa","status":"publish","type":"product","link":"https:\/\/grontkontor.dk\/en\/shop\/notesrulle-extra-sticky-fsc-50mm-x-10m-blaa\/","title":{"rendered":"Note Roll Extra Sticky FSC 50mm x 10m Blue"},"content":{"rendered":"<p>Note Roll Extra Sticky FSC blue is the perfect eco-friendly solution for anyone who needs flexible, self-adhesive paper in everyday life. Whether you&#8217;re working in an office, studying, teaching or planning at home, this notepad gives you maximum freedom and functionality \u2013 with care for the environment. <\/p>\n<p>The noteroll is made of FSC-certified paper, which ensures that the raw materials come from responsible forestry. The extra-strong adhesive has full coverage on the back, so the banknotes are securely attached, but can still be feathered easily and without a trace. The adhesive is long-lasting and keeps the paper flat even with extended use, so your notes always look neat and professional.  <\/p>\n<p>One of the great advantages of Note Roll Extra Sticky is its versatility. It adheres to a wide range of surfaces \u2013 including curved ones \u2013 making it ideal for everything from walls and whiteboards to folders, screens and tables. You can easily cut or tear exactly the length you need and adapt the notes to any situation.  <\/p>\n<p>The plastic-free packaging supports the sustainable choice and makes the roll easy to take with you on the go. With Note Roll Extra Sticky FSC, you get a smart, practical and responsible solution for all your music needs. <\/p>\n<a href=\"https:\/\/ic.fsc.org\/en\/\" target=\"window\"><img loading=\"lazy\" decoding=\"async\" class=\"size-full wp-image-12735\" src=\"https:\/\/grontkontor.dk\/wp-content\/uploads\/2019\/04\/fsc-certificeret.png\" \n\t\t alt=\"FSC-certificeret\" title=\"FSC-certificeret\" width=\"44\" height=\"51\" border=0\/><\/a>\n","protected":false},"excerpt":{"rendered":"<p>Note Roll Extra Sticky FSC blue is the perfect eco-friendly solution for anyone who needs flexible, self-adhesive paper in everyday life. Whether you&#8217;re working in an office, studying, teaching or planning at home, this notepad gives you maximum freedom and functionality \u2013 with care for the environment. The noteroll is made of FSC-certified paper, which [&hellip;]<\/p>\n","protected":false},"featured_media":131669,"comment_status":"closed","ping_status":"closed","template":"","meta":{"_acf_changed":false},"product_cat":[2106,1300,2390,1299],"product_tag":[1454,1453,1452,1456,1455],"class_list":{"0":"post-131653","1":"product","2":"type-product","3":"status-publish","4":"has-post-thumbnail","6":"product_cat-dummy-moq-1-en","7":"product_cat-memoblocks","8":"product_cat-news","9":"product_cat-paper-and-blocks","10":"product_tag-huskesedler-en","11":"product_tag-memo-blokke-en","12":"product_tag-memoblokke-en","13":"product_tag-post-it-en","14":"product_tag-sticky-notes-en","15":"tm-has-options","17":"first","18":"instock","19":"taxable","20":"shipping-taxable","21":"purchasable","22":"product-type-simple"},"acf":[],"yoast_head":"<!-- This site is optimized with the Yoast SEO Premium plugin v21.2 (Yoast SEO v21.2) - https:\/\/yoast.com\/wordpress\/plugins\/seo\/ -->\n<title>Note Roll Extra Sticky FSC 50mm x 10m Blue - Gr\u00f8nt Kontor<\/title>\n<meta name=\"robots\" content=\"index, follow, max-snippet:-1, max-image-preview:large, max-video-preview:-1\" \/>\n<link rel=\"canonical\" href=\"https:\/\/grontkontor.dk\/en\/shop\/notesrulle-extra-sticky-fsc-50mm-x-10m-blaa\/\" \/>\n<meta property=\"og:locale\" content=\"en_US\" \/>\n<meta property=\"og:type\" content=\"article\" \/>\n<meta property=\"og:title\" content=\"Note Roll Extra Sticky FSC 50mm x 10m Blue\" \/>\n<meta property=\"og:description\" content=\"Note Roll Extra Sticky FSC blue is the perfect eco-friendly solution for anyone who needs flexible, self-adhesive paper in everyday life. Whether you&#8217;re working in an office, studying, teaching or planning at home, this notepad gives you maximum freedom and functionality \u2013 with care for the environment. The noteroll is made of FSC-certified paper, which [&hellip;]\" \/>\n<meta property=\"og:url\" content=\"https:\/\/grontkontor.dk\/en\/shop\/notesrulle-extra-sticky-fsc-50mm-x-10m-blaa\/\" \/>\n<meta property=\"og:site_name\" content=\"Gr\u00f8nt Kontor\" \/>\n<meta property=\"article:publisher\" content=\"https:\/\/www.facebook.com\/grontkontor.dk\/\" \/>\n<meta property=\"article:modified_time\" content=\"2026-01-07T13:45:09+00:00\" \/>\n<meta property=\"og:image\" content=\"https:\/\/grontkontor.dk\/wp-content\/uploads\/2025\/12\/Notesrulle-Extra-Sticky-FSC-50mm-x-10m-blaa.jpg\" \/>\n\t<meta property=\"og:image:width\" content=\"500\" \/>\n\t<meta property=\"og:image:height\" content=\"500\" \/>\n\t<meta property=\"og:image:type\" content=\"image\/jpeg\" \/>\n<meta name=\"twitter:card\" content=\"summary_large_image\" \/>\n<meta name=\"twitter:label1\" content=\"Est. reading time\" \/>\n\t<meta name=\"twitter:data1\" content=\"1 minute\" \/>\n<script type=\"application\/ld+json\" class=\"yoast-schema-graph\">{\"@context\":\"https:\/\/schema.org\",\"@graph\":[{\"@type\":\"WebPage\",\"@id\":\"https:\/\/grontkontor.dk\/en\/shop\/notesrulle-extra-sticky-fsc-50mm-x-10m-blaa\/\",\"url\":\"https:\/\/grontkontor.dk\/en\/shop\/notesrulle-extra-sticky-fsc-50mm-x-10m-blaa\/\",\"name\":\"Note Roll Extra Sticky FSC 50mm x 10m Blue - Gr\u00f8nt Kontor\",\"isPartOf\":{\"@id\":\"https:\/\/grontkontor.dk\/#website\"},\"datePublished\":\"2025-12-29T14:41:51+00:00\",\"dateModified\":\"2026-01-07T13:45:09+00:00\",\"breadcrumb\":{\"@id\":\"https:\/\/grontkontor.dk\/en\/shop\/notesrulle-extra-sticky-fsc-50mm-x-10m-blaa\/#breadcrumb\"},\"inLanguage\":\"en-US\",\"potentialAction\":[{\"@type\":\"ReadAction\",\"target\":[\"https:\/\/grontkontor.dk\/en\/shop\/notesrulle-extra-sticky-fsc-50mm-x-10m-blaa\/\"]}]},{\"@type\":\"BreadcrumbList\",\"@id\":\"https:\/\/grontkontor.dk\/en\/shop\/notesrulle-extra-sticky-fsc-50mm-x-10m-blaa\/#breadcrumb\",\"itemListElement\":[{\"@type\":\"ListItem\",\"position\":1,\"name\":\"Forside\",\"item\":\"https:\/\/grontkontor.dk\/\"},{\"@type\":\"ListItem\",\"position\":2,\"name\":\"Shop\",\"item\":\"https:\/\/grontkontor.dk\/en\/shop-2\/\"},{\"@type\":\"ListItem\",\"position\":3,\"name\":\"Dummy MOQ 1\",\"item\":\"https:\/\/grontkontor.dk\/produkt-kategori\/dummy-moq-1\/\"},{\"@type\":\"ListItem\",\"position\":4,\"name\":\"Note Roll Extra Sticky FSC 50mm x 10m Blue\"}]},{\"@type\":\"WebSite\",\"@id\":\"https:\/\/grontkontor.dk\/#website\",\"url\":\"https:\/\/grontkontor.dk\/\",\"name\":\"Gr\u00f8nt Kontor\",\"description\":\"Milj\u00f8venlige produkter til kontor og erhverv med fokus p\u00e5 b\u00e6redygtighed, design og fair trade.\",\"publisher\":{\"@id\":\"https:\/\/grontkontor.dk\/#organization\"},\"potentialAction\":[{\"@type\":\"SearchAction\",\"target\":{\"@type\":\"EntryPoint\",\"urlTemplate\":\"https:\/\/grontkontor.dk\/?s={search_term_string}\"},\"query-input\":\"required name=search_term_string\"}],\"inLanguage\":\"en-US\"},{\"@type\":\"Organization\",\"@id\":\"https:\/\/grontkontor.dk\/#organization\",\"name\":\"Gr\u00f8nt Kontor\",\"url\":\"https:\/\/grontkontor.dk\/\",\"logo\":{\"@type\":\"ImageObject\",\"inLanguage\":\"en-US\",\"@id\":\"https:\/\/grontkontor.dk\/#\/schema\/logo\/image\/\",\"url\":\"https:\/\/grontkontor.dk\/wp-content\/uploads\/2014\/02\/Logo_groent_kontor_300x80.png\",\"contentUrl\":\"https:\/\/grontkontor.dk\/wp-content\/uploads\/2014\/02\/Logo_groent_kontor_300x80.png\",\"width\":300,\"height\":80,\"caption\":\"Gr\u00f8nt Kontor\"},\"image\":{\"@id\":\"https:\/\/grontkontor.dk\/#\/schema\/logo\/image\/\"},\"sameAs\":[\"https:\/\/www.facebook.com\/grontkontor.dk\/\"]}]}<\/script>\n<!-- \/ Yoast SEO Premium plugin. -->","yoast_head_json":{"title":"Note Roll Extra Sticky FSC 50mm x 10m Blue - Gr\u00f8nt Kontor","robots":{"index":"index","follow":"follow","max-snippet":"max-snippet:-1","max-image-preview":"max-image-preview:large","max-video-preview":"max-video-preview:-1"},"canonical":"https:\/\/grontkontor.dk\/en\/shop\/notesrulle-extra-sticky-fsc-50mm-x-10m-blaa\/","og_locale":"en_US","og_type":"article","og_title":"Note Roll Extra Sticky FSC 50mm x 10m Blue","og_description":"Note Roll Extra Sticky FSC blue is the perfect eco-friendly solution for anyone who needs flexible, self-adhesive paper in everyday life. Whether you&#8217;re working in an office, studying, teaching or planning at home, this notepad gives you maximum freedom and functionality \u2013 with care for the environment. The noteroll is made of FSC-certified paper, which [&hellip;]","og_url":"https:\/\/grontkontor.dk\/en\/shop\/notesrulle-extra-sticky-fsc-50mm-x-10m-blaa\/","og_site_name":"Gr\u00f8nt Kontor","article_publisher":"https:\/\/www.facebook.com\/grontkontor.dk\/","article_modified_time":"2026-01-07T13:45:09+00:00","og_image":[{"width":500,"height":500,"url":"https:\/\/grontkontor.dk\/wp-content\/uploads\/2025\/12\/Notesrulle-Extra-Sticky-FSC-50mm-x-10m-blaa.jpg","type":"image\/jpeg"}],"twitter_card":"summary_large_image","twitter_misc":{"Est. reading time":"1 minute"},"schema":{"@context":"https:\/\/schema.org","@graph":[{"@type":"WebPage","@id":"https:\/\/grontkontor.dk\/en\/shop\/notesrulle-extra-sticky-fsc-50mm-x-10m-blaa\/","url":"https:\/\/grontkontor.dk\/en\/shop\/notesrulle-extra-sticky-fsc-50mm-x-10m-blaa\/","name":"Note Roll Extra Sticky FSC 50mm x 10m Blue - Gr\u00f8nt Kontor","isPartOf":{"@id":"https:\/\/grontkontor.dk\/#website"},"datePublished":"2025-12-29T14:41:51+00:00","dateModified":"2026-01-07T13:45:09+00:00","breadcrumb":{"@id":"https:\/\/grontkontor.dk\/en\/shop\/notesrulle-extra-sticky-fsc-50mm-x-10m-blaa\/#breadcrumb"},"inLanguage":"en-US","potentialAction":[{"@type":"ReadAction","target":["https:\/\/grontkontor.dk\/en\/shop\/notesrulle-extra-sticky-fsc-50mm-x-10m-blaa\/"]}]},{"@type":"BreadcrumbList","@id":"https:\/\/grontkontor.dk\/en\/shop\/notesrulle-extra-sticky-fsc-50mm-x-10m-blaa\/#breadcrumb","itemListElement":[{"@type":"ListItem","position":1,"name":"Forside","item":"https:\/\/grontkontor.dk\/"},{"@type":"ListItem","position":2,"name":"Shop","item":"https:\/\/grontkontor.dk\/en\/shop-2\/"},{"@type":"ListItem","position":3,"name":"Dummy MOQ 1","item":"https:\/\/grontkontor.dk\/produkt-kategori\/dummy-moq-1\/"},{"@type":"ListItem","position":4,"name":"Note Roll Extra Sticky FSC 50mm x 10m Blue"}]},{"@type":"WebSite","@id":"https:\/\/grontkontor.dk\/#website","url":"https:\/\/grontkontor.dk\/","name":"Gr\u00f8nt Kontor","description":"Milj\u00f8venlige produkter til kontor og erhverv med fokus p\u00e5 b\u00e6redygtighed, design og fair trade.","publisher":{"@id":"https:\/\/grontkontor.dk\/#organization"},"potentialAction":[{"@type":"SearchAction","target":{"@type":"EntryPoint","urlTemplate":"https:\/\/grontkontor.dk\/?s={search_term_string}"},"query-input":"required name=search_term_string"}],"inLanguage":"en-US"},{"@type":"Organization","@id":"https:\/\/grontkontor.dk\/#organization","name":"Gr\u00f8nt Kontor","url":"https:\/\/grontkontor.dk\/","logo":{"@type":"ImageObject","inLanguage":"en-US","@id":"https:\/\/grontkontor.dk\/#\/schema\/logo\/image\/","url":"https:\/\/grontkontor.dk\/wp-content\/uploads\/2014\/02\/Logo_groent_kontor_300x80.png","contentUrl":"https:\/\/grontkontor.dk\/wp-content\/uploads\/2014\/02\/Logo_groent_kontor_300x80.png","width":300,"height":80,"caption":"Gr\u00f8nt Kontor"},"image":{"@id":"https:\/\/grontkontor.dk\/#\/schema\/logo\/image\/"},"sameAs":["https:\/\/www.facebook.com\/grontkontor.dk\/"]}]}},"_links":{"self":[{"href":"https:\/\/grontkontor.dk\/en\/wp-json\/wp\/v2\/product\/131653"}],"collection":[{"href":"https:\/\/grontkontor.dk\/en\/wp-json\/wp\/v2\/product"}],"about":[{"href":"https:\/\/grontkontor.dk\/en\/wp-json\/wp\/v2\/types\/product"}],"replies":[{"embeddable":true,"href":"https:\/\/grontkontor.dk\/en\/wp-json\/wp\/v2\/comments?post=131653"}],"wp:featuredmedia":[{"embeddable":true,"href":"https:\/\/grontkontor.dk\/en\/wp-json\/wp\/v2\/media\/131669"}],"wp:attachment":[{"href":"https:\/\/grontkontor.dk\/en\/wp-json\/wp\/v2\/media?parent=131653"}],"wp:term":[{"taxonomy":"product_cat","embeddable":true,"href":"https:\/\/grontkontor.dk\/en\/wp-json\/wp\/v2\/product_cat?post=131653"},{"taxonomy":"product_tag","embeddable":true,"href":"https:\/\/grontkontor.dk\/en\/wp-json\/wp\/v2\/product_tag?post=131653"}],"curies":[{"name":"wp","href":"https:\/\/api.w.org\/{rel}","templated":true}]}}