{"id":131911,"date":"2026-02-18T12:30:38","date_gmt":"2026-02-18T11:30:38","guid":{"rendered":"https:\/\/grontkontor.dk\/?post_type=product&#038;p=131911"},"modified":"2026-02-18T12:43:08","modified_gmt":"2026-02-18T11:43:08","slug":"sticky-notes-hjerteformet-genanvendt","status":"publish","type":"product","link":"https:\/\/grontkontor.dk\/en\/shop\/sticky-notes-hjerteformet-genanvendt\/","title":{"rendered":"Sticky notes hjerteformet genanvendt"},"content":{"rendered":"<p>Milj\u00f8venlige huskesedler fremstillet af 100 % genbrugspapir. 80 % er \u201cpost-consumer recycled\u201d (PCR) og 20 % genanvendt papir fra papirproducenten. Sm\u00e5 sedler, der kan flyttes uden at efterlade m\u00e6rker.<\/p>\n<img loading=\"lazy\" decoding=\"async\" src=\"https:\/\/grontkontor.dk\/wp-content\/uploads\/2021\/02\/genbrug.jpg\" alt=\"Fremstillet af genbrugsmaterialer\" width=\"50\" height=\"50\" class=\"size-full wp-image-23031\" srcset=\"https:\/\/grontkontor.dk\/wp-content\/uploads\/2021\/02\/genbrug.jpg 199w, https:\/\/grontkontor.dk\/wp-content\/uploads\/2021\/02\/genbrug-100x100.jpg 100w\" sizes=\"(max-width: 50px) 100vw, 50px\" \/>\n","protected":false},"excerpt":{"rendered":"<p>Milj\u00f8venlige huskesedler fremstillet af 100 % genbrugspapir. 80 % er \u201cpost-consumer recycled\u201d (PCR) og 20 % genanvendt papir fra papirproducenten. Sm\u00e5 sedler, der kan flyttes uden at efterlade m\u00e6rker.<\/p>\n","protected":false},"featured_media":131919,"comment_status":"closed","ping_status":"closed","template":"","meta":{"_acf_changed":false},"product_cat":[2106,1300,2390,1299],"product_tag":[1454,1453,1452,1456,1455],"class_list":{"0":"post-131911","1":"product","2":"type-product","3":"status-publish","4":"has-post-thumbnail","6":"product_cat-dummy-moq-1-en","7":"product_cat-memoblocks","8":"product_cat-news","9":"product_cat-paper-and-blocks","10":"product_tag-huskesedler-en","11":"product_tag-memo-blokke-en","12":"product_tag-memoblokke-en","13":"product_tag-post-it-en","14":"product_tag-sticky-notes-en","15":"tm-has-options","17":"first","18":"instock","19":"taxable","20":"shipping-taxable","21":"purchasable","22":"product-type-simple"},"acf":[],"yoast_head":"<!-- This site is optimized with the Yoast SEO Premium plugin v21.2 (Yoast SEO v21.2) - https:\/\/yoast.com\/wordpress\/plugins\/seo\/ -->\n<title>Sticky notes hjerteformet genanvendt - Gr\u00f8nt Kontor<\/title>\n<meta name=\"robots\" content=\"index, follow, max-snippet:-1, max-image-preview:large, max-video-preview:-1\" \/>\n<link rel=\"canonical\" href=\"https:\/\/grontkontor.dk\/en\/shop\/sticky-notes-hjerteformet-genanvendt\/\" \/>\n<meta property=\"og:locale\" content=\"en_US\" \/>\n<meta property=\"og:type\" content=\"article\" \/>\n<meta property=\"og:title\" content=\"Sticky notes hjerteformet genanvendt\" \/>\n<meta property=\"og:description\" content=\"Milj\u00f8venlige huskesedler fremstillet af 100 % genbrugspapir. 80 % er \u201cpost-consumer recycled\u201d (PCR) og 20 % genanvendt papir fra papirproducenten. Sm\u00e5 sedler, der kan flyttes uden at efterlade m\u00e6rker.\" \/>\n<meta property=\"og:url\" content=\"https:\/\/grontkontor.dk\/en\/shop\/sticky-notes-hjerteformet-genanvendt\/\" \/>\n<meta property=\"og:site_name\" content=\"Gr\u00f8nt Kontor\" \/>\n<meta property=\"article:publisher\" content=\"https:\/\/www.facebook.com\/grontkontor.dk\/\" \/>\n<meta property=\"article:modified_time\" content=\"2026-02-18T11:43:08+00:00\" \/>\n<meta property=\"og:image\" content=\"https:\/\/grontkontor.dk\/wp-content\/uploads\/2026\/02\/sticky-notes-hjerteformet-genanvendt-1.jpg\" \/>\n\t<meta property=\"og:image:width\" content=\"900\" \/>\n\t<meta property=\"og:image:height\" content=\"639\" \/>\n\t<meta property=\"og:image:type\" content=\"image\/jpeg\" \/>\n<meta name=\"twitter:card\" content=\"summary_large_image\" \/>\n<script type=\"application\/ld+json\" class=\"yoast-schema-graph\">{\"@context\":\"https:\/\/schema.org\",\"@graph\":[{\"@type\":\"WebPage\",\"@id\":\"https:\/\/grontkontor.dk\/en\/shop\/sticky-notes-hjerteformet-genanvendt\/\",\"url\":\"https:\/\/grontkontor.dk\/en\/shop\/sticky-notes-hjerteformet-genanvendt\/\",\"name\":\"Sticky notes hjerteformet genanvendt - Gr\u00f8nt Kontor\",\"isPartOf\":{\"@id\":\"https:\/\/grontkontor.dk\/#website\"},\"datePublished\":\"2026-02-18T11:30:38+00:00\",\"dateModified\":\"2026-02-18T11:43:08+00:00\",\"breadcrumb\":{\"@id\":\"https:\/\/grontkontor.dk\/en\/shop\/sticky-notes-hjerteformet-genanvendt\/#breadcrumb\"},\"inLanguage\":\"en-US\",\"potentialAction\":[{\"@type\":\"ReadAction\",\"target\":[\"https:\/\/grontkontor.dk\/en\/shop\/sticky-notes-hjerteformet-genanvendt\/\"]}]},{\"@type\":\"BreadcrumbList\",\"@id\":\"https:\/\/grontkontor.dk\/en\/shop\/sticky-notes-hjerteformet-genanvendt\/#breadcrumb\",\"itemListElement\":[{\"@type\":\"ListItem\",\"position\":1,\"name\":\"Forside\",\"item\":\"https:\/\/grontkontor.dk\/\"},{\"@type\":\"ListItem\",\"position\":2,\"name\":\"Shop\",\"item\":\"https:\/\/grontkontor.dk\/en\/shop-2\/\"},{\"@type\":\"ListItem\",\"position\":3,\"name\":\"Paper and pads\",\"item\":\"https:\/\/grontkontor.dk\/en\/produkt-kategori\/paper-and-blocks\/\"},{\"@type\":\"ListItem\",\"position\":4,\"name\":\"Memo Pads\",\"item\":\"https:\/\/grontkontor.dk\/en\/produkt-kategori\/paper-and-blocks\/memoblocks\/\"},{\"@type\":\"ListItem\",\"position\":5,\"name\":\"Sticky notes hjerteformet genanvendt\"}]},{\"@type\":\"WebSite\",\"@id\":\"https:\/\/grontkontor.dk\/#website\",\"url\":\"https:\/\/grontkontor.dk\/\",\"name\":\"Gr\u00f8nt Kontor\",\"description\":\"Milj\u00f8venlige produkter til kontor og erhverv med fokus p\u00e5 b\u00e6redygtighed, design og fair trade.\",\"publisher\":{\"@id\":\"https:\/\/grontkontor.dk\/#organization\"},\"potentialAction\":[{\"@type\":\"SearchAction\",\"target\":{\"@type\":\"EntryPoint\",\"urlTemplate\":\"https:\/\/grontkontor.dk\/?s={search_term_string}\"},\"query-input\":\"required name=search_term_string\"}],\"inLanguage\":\"en-US\"},{\"@type\":\"Organization\",\"@id\":\"https:\/\/grontkontor.dk\/#organization\",\"name\":\"Gr\u00f8nt Kontor\",\"url\":\"https:\/\/grontkontor.dk\/\",\"logo\":{\"@type\":\"ImageObject\",\"inLanguage\":\"en-US\",\"@id\":\"https:\/\/grontkontor.dk\/#\/schema\/logo\/image\/\",\"url\":\"https:\/\/grontkontor.dk\/wp-content\/uploads\/2014\/02\/Logo_groent_kontor_300x80.png\",\"contentUrl\":\"https:\/\/grontkontor.dk\/wp-content\/uploads\/2014\/02\/Logo_groent_kontor_300x80.png\",\"width\":300,\"height\":80,\"caption\":\"Gr\u00f8nt Kontor\"},\"image\":{\"@id\":\"https:\/\/grontkontor.dk\/#\/schema\/logo\/image\/\"},\"sameAs\":[\"https:\/\/www.facebook.com\/grontkontor.dk\/\"]}]}<\/script>\n<!-- \/ Yoast SEO Premium plugin. -->","yoast_head_json":{"title":"Sticky notes hjerteformet genanvendt - Gr\u00f8nt Kontor","robots":{"index":"index","follow":"follow","max-snippet":"max-snippet:-1","max-image-preview":"max-image-preview:large","max-video-preview":"max-video-preview:-1"},"canonical":"https:\/\/grontkontor.dk\/en\/shop\/sticky-notes-hjerteformet-genanvendt\/","og_locale":"en_US","og_type":"article","og_title":"Sticky notes hjerteformet genanvendt","og_description":"Milj\u00f8venlige huskesedler fremstillet af 100 % genbrugspapir. 80 % er \u201cpost-consumer recycled\u201d (PCR) og 20 % genanvendt papir fra papirproducenten. Sm\u00e5 sedler, der kan flyttes uden at efterlade m\u00e6rker.","og_url":"https:\/\/grontkontor.dk\/en\/shop\/sticky-notes-hjerteformet-genanvendt\/","og_site_name":"Gr\u00f8nt Kontor","article_publisher":"https:\/\/www.facebook.com\/grontkontor.dk\/","article_modified_time":"2026-02-18T11:43:08+00:00","og_image":[{"width":900,"height":639,"url":"https:\/\/grontkontor.dk\/wp-content\/uploads\/2026\/02\/sticky-notes-hjerteformet-genanvendt-1.jpg","type":"image\/jpeg"}],"twitter_card":"summary_large_image","schema":{"@context":"https:\/\/schema.org","@graph":[{"@type":"WebPage","@id":"https:\/\/grontkontor.dk\/en\/shop\/sticky-notes-hjerteformet-genanvendt\/","url":"https:\/\/grontkontor.dk\/en\/shop\/sticky-notes-hjerteformet-genanvendt\/","name":"Sticky notes hjerteformet genanvendt - Gr\u00f8nt Kontor","isPartOf":{"@id":"https:\/\/grontkontor.dk\/#website"},"datePublished":"2026-02-18T11:30:38+00:00","dateModified":"2026-02-18T11:43:08+00:00","breadcrumb":{"@id":"https:\/\/grontkontor.dk\/en\/shop\/sticky-notes-hjerteformet-genanvendt\/#breadcrumb"},"inLanguage":"en-US","potentialAction":[{"@type":"ReadAction","target":["https:\/\/grontkontor.dk\/en\/shop\/sticky-notes-hjerteformet-genanvendt\/"]}]},{"@type":"BreadcrumbList","@id":"https:\/\/grontkontor.dk\/en\/shop\/sticky-notes-hjerteformet-genanvendt\/#breadcrumb","itemListElement":[{"@type":"ListItem","position":1,"name":"Forside","item":"https:\/\/grontkontor.dk\/"},{"@type":"ListItem","position":2,"name":"Shop","item":"https:\/\/grontkontor.dk\/en\/shop-2\/"},{"@type":"ListItem","position":3,"name":"Paper and pads","item":"https:\/\/grontkontor.dk\/en\/produkt-kategori\/paper-and-blocks\/"},{"@type":"ListItem","position":4,"name":"Memo Pads","item":"https:\/\/grontkontor.dk\/en\/produkt-kategori\/paper-and-blocks\/memoblocks\/"},{"@type":"ListItem","position":5,"name":"Sticky notes hjerteformet genanvendt"}]},{"@type":"WebSite","@id":"https:\/\/grontkontor.dk\/#website","url":"https:\/\/grontkontor.dk\/","name":"Gr\u00f8nt Kontor","description":"Milj\u00f8venlige produkter til kontor og erhverv med fokus p\u00e5 b\u00e6redygtighed, design og fair trade.","publisher":{"@id":"https:\/\/grontkontor.dk\/#organization"},"potentialAction":[{"@type":"SearchAction","target":{"@type":"EntryPoint","urlTemplate":"https:\/\/grontkontor.dk\/?s={search_term_string}"},"query-input":"required name=search_term_string"}],"inLanguage":"en-US"},{"@type":"Organization","@id":"https:\/\/grontkontor.dk\/#organization","name":"Gr\u00f8nt Kontor","url":"https:\/\/grontkontor.dk\/","logo":{"@type":"ImageObject","inLanguage":"en-US","@id":"https:\/\/grontkontor.dk\/#\/schema\/logo\/image\/","url":"https:\/\/grontkontor.dk\/wp-content\/uploads\/2014\/02\/Logo_groent_kontor_300x80.png","contentUrl":"https:\/\/grontkontor.dk\/wp-content\/uploads\/2014\/02\/Logo_groent_kontor_300x80.png","width":300,"height":80,"caption":"Gr\u00f8nt Kontor"},"image":{"@id":"https:\/\/grontkontor.dk\/#\/schema\/logo\/image\/"},"sameAs":["https:\/\/www.facebook.com\/grontkontor.dk\/"]}]}},"_links":{"self":[{"href":"https:\/\/grontkontor.dk\/en\/wp-json\/wp\/v2\/product\/131911"}],"collection":[{"href":"https:\/\/grontkontor.dk\/en\/wp-json\/wp\/v2\/product"}],"about":[{"href":"https:\/\/grontkontor.dk\/en\/wp-json\/wp\/v2\/types\/product"}],"replies":[{"embeddable":true,"href":"https:\/\/grontkontor.dk\/en\/wp-json\/wp\/v2\/comments?post=131911"}],"wp:featuredmedia":[{"embeddable":true,"href":"https:\/\/grontkontor.dk\/en\/wp-json\/wp\/v2\/media\/131919"}],"wp:attachment":[{"href":"https:\/\/grontkontor.dk\/en\/wp-json\/wp\/v2\/media?parent=131911"}],"wp:term":[{"taxonomy":"product_cat","embeddable":true,"href":"https:\/\/grontkontor.dk\/en\/wp-json\/wp\/v2\/product_cat?post=131911"},{"taxonomy":"product_tag","embeddable":true,"href":"https:\/\/grontkontor.dk\/en\/wp-json\/wp\/v2\/product_tag?post=131911"}],"curies":[{"name":"wp","href":"https:\/\/api.w.org\/{rel}","templated":true}]}}