{"id":70997,"date":"2023-09-22T12:59:46","date_gmt":"2023-09-22T13:01:59","guid":{"rendered":"https:\/\/grontkontor.dk\/produkt\/paper-cup-with-logo-printing-8oz\/"},"modified":"2023-09-22T15:08:24","modified_gmt":"2023-09-22T13:08:24","slug":"paper-cup-with-logo-printing-8oz","status":"publish","type":"product","link":"https:\/\/grontkontor.dk\/en\/shop\/paper-cup-with-logo-printing-8oz\/","title":{"rendered":"Paper cup with logo printing 8 oz"},"content":{"rendered":"<p>Environmentally friendly paper cup made from FSC-certified paper, covered with polyethylene (PE). All material is 100% biodegradable. The cups are double-walled and therefore particularly suitable for hot drinks. Approved for the purpose.<br \/>\nProduced in the EU.<br \/>\nNOTE: The price is &#8211; unlike most other places &#8211; EVERYTHING included: Startup, tax and logo printing in 4 colors. You choose which &#8220;flat&#8221; design, we&#8217;ll do the rest. We also apply FSC certificate logo at no extra charge.<br \/>\nSuperb quality, super cheap and sustainable.<\/p>\n","protected":false},"excerpt":{"rendered":"<p>Environmentally friendly paper cup made from FSC-certified paper, covered with polyethylene (PE). All material is 100% biodegradable. The cups are double-walled and therefore particularly suitable for hot drinks. Approved for the purpose. Produced in the EU. NOTE: The price is &#8211; unlike most other places &#8211; EVERYTHING included: Startup, tax and logo printing in 4 [&hellip;]<\/p>\n","protected":false},"featured_media":11707,"comment_status":"closed","ping_status":"open","template":"","meta":{"_acf_changed":false},"product_cat":[1340],"product_tag":[1428,1423,1424,1425],"class_list":{"0":"post-70997","1":"product","2":"type-product","3":"status-publish","4":"has-post-thumbnail","6":"product_cat-uncategorized-da","7":"product_tag-biodegradable","8":"product_tag-paper-cups","9":"product_tag-disposable-cups","10":"product_tag-double-walled","11":"pa_farve-blue","12":"pa_farve-green-en","13":"pa_farve-red-en","14":"tm-has-options","16":"first","17":"instock","18":"taxable","19":"shipping-taxable","20":"purchasable","21":"product-type-simple"},"acf":[],"yoast_head":"<!-- This site is optimized with the Yoast SEO Premium plugin v21.2 (Yoast SEO v21.2) - https:\/\/yoast.com\/wordpress\/plugins\/seo\/ -->\n<title>Paper cup with logo printing 8 oz - Gr\u00f8nt Kontor<\/title>\n<meta name=\"robots\" content=\"index, follow, max-snippet:-1, max-image-preview:large, max-video-preview:-1\" \/>\n<link rel=\"canonical\" href=\"https:\/\/grontkontor.dk\/en\/shop\/paper-cup-with-logo-printing-8oz\/\" \/>\n<meta property=\"og:locale\" content=\"en_US\" \/>\n<meta property=\"og:type\" content=\"article\" \/>\n<meta property=\"og:title\" content=\"Paper cup with logo printing 8 oz\" \/>\n<meta property=\"og:description\" content=\"Environmentally friendly paper cup made from FSC-certified paper, covered with polyethylene (PE). All material is 100% biodegradable. The cups are double-walled and therefore particularly suitable for hot drinks. Approved for the purpose. Produced in the EU. NOTE: The price is &#8211; unlike most other places &#8211; EVERYTHING included: Startup, tax and logo printing in 4 [&hellip;]\" \/>\n<meta property=\"og:url\" content=\"https:\/\/grontkontor.dk\/en\/shop\/paper-cup-with-logo-printing-8oz\/\" \/>\n<meta property=\"og:site_name\" content=\"Gr\u00f8nt Kontor\" \/>\n<meta property=\"article:publisher\" content=\"https:\/\/www.facebook.com\/grontkontor.dk\/\" \/>\n<meta property=\"article:modified_time\" content=\"2023-09-22T13:08:24+00:00\" \/>\n<meta property=\"og:image\" content=\"https:\/\/grontkontor.dk\/wp-content\/uploads\/2017\/02\/230ml_dbl_05.jpg\" \/>\n\t<meta property=\"og:image:width\" content=\"800\" \/>\n\t<meta property=\"og:image:height\" content=\"568\" \/>\n\t<meta property=\"og:image:type\" content=\"image\/jpeg\" \/>\n<meta name=\"twitter:card\" content=\"summary_large_image\" \/>\n<script type=\"application\/ld+json\" class=\"yoast-schema-graph\">{\"@context\":\"https:\/\/schema.org\",\"@graph\":[{\"@type\":\"WebPage\",\"@id\":\"https:\/\/grontkontor.dk\/en\/shop\/paper-cup-with-logo-printing-8oz\/\",\"url\":\"https:\/\/grontkontor.dk\/en\/shop\/paper-cup-with-logo-printing-8oz\/\",\"name\":\"Paper cup with logo printing 8 oz - Gr\u00f8nt Kontor\",\"isPartOf\":{\"@id\":\"https:\/\/grontkontor.dk\/#website\"},\"datePublished\":\"2023-09-22T13:01:59+00:00\",\"dateModified\":\"2023-09-22T13:08:24+00:00\",\"breadcrumb\":{\"@id\":\"https:\/\/grontkontor.dk\/en\/shop\/paper-cup-with-logo-printing-8oz\/#breadcrumb\"},\"inLanguage\":\"en-US\",\"potentialAction\":[{\"@type\":\"ReadAction\",\"target\":[\"https:\/\/grontkontor.dk\/en\/shop\/paper-cup-with-logo-printing-8oz\/\"]}]},{\"@type\":\"BreadcrumbList\",\"@id\":\"https:\/\/grontkontor.dk\/en\/shop\/paper-cup-with-logo-printing-8oz\/#breadcrumb\",\"itemListElement\":[{\"@type\":\"ListItem\",\"position\":1,\"name\":\"Forside\",\"item\":\"https:\/\/grontkontor.dk\/\"},{\"@type\":\"ListItem\",\"position\":2,\"name\":\"Shop\",\"item\":\"https:\/\/grontkontor.dk\/en\/shop-2\/\"},{\"@type\":\"ListItem\",\"position\":3,\"name\":\"Uncategorized @da\",\"item\":\"https:\/\/grontkontor.dk\/en\/produkt-kategori\/uncategorized-da\/\"},{\"@type\":\"ListItem\",\"position\":4,\"name\":\"Paper cup with logo printing 8 oz\"}]},{\"@type\":\"WebSite\",\"@id\":\"https:\/\/grontkontor.dk\/#website\",\"url\":\"https:\/\/grontkontor.dk\/\",\"name\":\"Gr\u00f8nt Kontor\",\"description\":\"Milj\u00f8venlige produkter til kontor og erhverv med fokus p\u00e5 b\u00e6redygtighed, design og fair trade.\",\"publisher\":{\"@id\":\"https:\/\/grontkontor.dk\/#organization\"},\"potentialAction\":[{\"@type\":\"SearchAction\",\"target\":{\"@type\":\"EntryPoint\",\"urlTemplate\":\"https:\/\/grontkontor.dk\/?s={search_term_string}\"},\"query-input\":\"required name=search_term_string\"}],\"inLanguage\":\"en-US\"},{\"@type\":\"Organization\",\"@id\":\"https:\/\/grontkontor.dk\/#organization\",\"name\":\"Gr\u00f8nt Kontor\",\"url\":\"https:\/\/grontkontor.dk\/\",\"logo\":{\"@type\":\"ImageObject\",\"inLanguage\":\"en-US\",\"@id\":\"https:\/\/grontkontor.dk\/#\/schema\/logo\/image\/\",\"url\":\"https:\/\/grontkontor.dk\/wp-content\/uploads\/2014\/02\/Logo_groent_kontor_300x80.png\",\"contentUrl\":\"https:\/\/grontkontor.dk\/wp-content\/uploads\/2014\/02\/Logo_groent_kontor_300x80.png\",\"width\":300,\"height\":80,\"caption\":\"Gr\u00f8nt Kontor\"},\"image\":{\"@id\":\"https:\/\/grontkontor.dk\/#\/schema\/logo\/image\/\"},\"sameAs\":[\"https:\/\/www.facebook.com\/grontkontor.dk\/\"]}]}<\/script>\n<!-- \/ Yoast SEO Premium plugin. -->","yoast_head_json":{"title":"Paper cup with logo printing 8 oz - Gr\u00f8nt Kontor","robots":{"index":"index","follow":"follow","max-snippet":"max-snippet:-1","max-image-preview":"max-image-preview:large","max-video-preview":"max-video-preview:-1"},"canonical":"https:\/\/grontkontor.dk\/en\/shop\/paper-cup-with-logo-printing-8oz\/","og_locale":"en_US","og_type":"article","og_title":"Paper cup with logo printing 8 oz","og_description":"Environmentally friendly paper cup made from FSC-certified paper, covered with polyethylene (PE). All material is 100% biodegradable. The cups are double-walled and therefore particularly suitable for hot drinks. Approved for the purpose. Produced in the EU. NOTE: The price is &#8211; unlike most other places &#8211; EVERYTHING included: Startup, tax and logo printing in 4 [&hellip;]","og_url":"https:\/\/grontkontor.dk\/en\/shop\/paper-cup-with-logo-printing-8oz\/","og_site_name":"Gr\u00f8nt Kontor","article_publisher":"https:\/\/www.facebook.com\/grontkontor.dk\/","article_modified_time":"2023-09-22T13:08:24+00:00","og_image":[{"width":800,"height":568,"url":"https:\/\/grontkontor.dk\/wp-content\/uploads\/2017\/02\/230ml_dbl_05.jpg","type":"image\/jpeg"}],"twitter_card":"summary_large_image","schema":{"@context":"https:\/\/schema.org","@graph":[{"@type":"WebPage","@id":"https:\/\/grontkontor.dk\/en\/shop\/paper-cup-with-logo-printing-8oz\/","url":"https:\/\/grontkontor.dk\/en\/shop\/paper-cup-with-logo-printing-8oz\/","name":"Paper cup with logo printing 8 oz - Gr\u00f8nt Kontor","isPartOf":{"@id":"https:\/\/grontkontor.dk\/#website"},"datePublished":"2023-09-22T13:01:59+00:00","dateModified":"2023-09-22T13:08:24+00:00","breadcrumb":{"@id":"https:\/\/grontkontor.dk\/en\/shop\/paper-cup-with-logo-printing-8oz\/#breadcrumb"},"inLanguage":"en-US","potentialAction":[{"@type":"ReadAction","target":["https:\/\/grontkontor.dk\/en\/shop\/paper-cup-with-logo-printing-8oz\/"]}]},{"@type":"BreadcrumbList","@id":"https:\/\/grontkontor.dk\/en\/shop\/paper-cup-with-logo-printing-8oz\/#breadcrumb","itemListElement":[{"@type":"ListItem","position":1,"name":"Forside","item":"https:\/\/grontkontor.dk\/"},{"@type":"ListItem","position":2,"name":"Shop","item":"https:\/\/grontkontor.dk\/en\/shop-2\/"},{"@type":"ListItem","position":3,"name":"Uncategorized @da","item":"https:\/\/grontkontor.dk\/en\/produkt-kategori\/uncategorized-da\/"},{"@type":"ListItem","position":4,"name":"Paper cup with logo printing 8 oz"}]},{"@type":"WebSite","@id":"https:\/\/grontkontor.dk\/#website","url":"https:\/\/grontkontor.dk\/","name":"Gr\u00f8nt Kontor","description":"Milj\u00f8venlige produkter til kontor og erhverv med fokus p\u00e5 b\u00e6redygtighed, design og fair trade.","publisher":{"@id":"https:\/\/grontkontor.dk\/#organization"},"potentialAction":[{"@type":"SearchAction","target":{"@type":"EntryPoint","urlTemplate":"https:\/\/grontkontor.dk\/?s={search_term_string}"},"query-input":"required name=search_term_string"}],"inLanguage":"en-US"},{"@type":"Organization","@id":"https:\/\/grontkontor.dk\/#organization","name":"Gr\u00f8nt Kontor","url":"https:\/\/grontkontor.dk\/","logo":{"@type":"ImageObject","inLanguage":"en-US","@id":"https:\/\/grontkontor.dk\/#\/schema\/logo\/image\/","url":"https:\/\/grontkontor.dk\/wp-content\/uploads\/2014\/02\/Logo_groent_kontor_300x80.png","contentUrl":"https:\/\/grontkontor.dk\/wp-content\/uploads\/2014\/02\/Logo_groent_kontor_300x80.png","width":300,"height":80,"caption":"Gr\u00f8nt Kontor"},"image":{"@id":"https:\/\/grontkontor.dk\/#\/schema\/logo\/image\/"},"sameAs":["https:\/\/www.facebook.com\/grontkontor.dk\/"]}]}},"_links":{"self":[{"href":"https:\/\/grontkontor.dk\/en\/wp-json\/wp\/v2\/product\/70997"}],"collection":[{"href":"https:\/\/grontkontor.dk\/en\/wp-json\/wp\/v2\/product"}],"about":[{"href":"https:\/\/grontkontor.dk\/en\/wp-json\/wp\/v2\/types\/product"}],"replies":[{"embeddable":true,"href":"https:\/\/grontkontor.dk\/en\/wp-json\/wp\/v2\/comments?post=70997"}],"wp:featuredmedia":[{"embeddable":true,"href":"https:\/\/grontkontor.dk\/en\/wp-json\/wp\/v2\/media\/11707"}],"wp:attachment":[{"href":"https:\/\/grontkontor.dk\/en\/wp-json\/wp\/v2\/media?parent=70997"}],"wp:term":[{"taxonomy":"product_cat","embeddable":true,"href":"https:\/\/grontkontor.dk\/en\/wp-json\/wp\/v2\/product_cat?post=70997"},{"taxonomy":"product_tag","embeddable":true,"href":"https:\/\/grontkontor.dk\/en\/wp-json\/wp\/v2\/product_tag?post=70997"}],"curies":[{"name":"wp","href":"https:\/\/api.w.org\/{rel}","templated":true}]}}