{"id":71054,"date":"2023-09-22T12:59:32","date_gmt":"2023-09-22T13:02:32","guid":{"rendered":"https:\/\/grontkontor.dk\/produkt\/laptop-cover-13-ice-en\/"},"modified":"2023-09-22T15:02:41","modified_gmt":"2023-09-22T13:02:41","slug":"laptop-cover-13-ice-en","status":"publish","type":"product","link":"https:\/\/grontkontor.dk\/en\/shop\/laptop-cover-13-ice-en\/","title":{"rendered":"Laptop Cover 11&#8243; &#8211; Ice"},"content":{"rendered":"<p>A trendy and classic laptop cover in organic wool from Italy and designed and produced in Sweden. Simple closure with brass knob and woven leather cord.<br \/>\nWool is renewable material (sheep gets new wool over and over). Wool is one of the fabrics in group with viscose and cotton that emit at least CO2 during production. Contains 10% polyester.<br \/>\nInside dimensions: 29.5 x 19 cm.<\/p>\n<p>LIMITED LOT.<\/p>\n","protected":false},"excerpt":{"rendered":"<p>A trendy and classic laptop cover in organic wool from Italy and designed and produced in Sweden. Simple closure with brass knob and woven leather cord. Wool is renewable material (sheep gets new wool over and over). Wool is one of the fabrics in group with viscose and cotton that emit at least CO2 during [&hellip;]<\/p>\n","protected":false},"featured_media":11885,"comment_status":"closed","ping_status":"closed","template":"","meta":{"_acf_changed":false},"product_cat":[1310,1262,2106,1314],"product_tag":[1476,1477,1475,1478],"class_list":{"0":"post-71054","1":"product","2":"type-product","3":"status-publish","4":"has-post-thumbnail","6":"product_cat-bags-and-covers","7":"product_cat-sustainable-presents","8":"product_cat-dummy-moq-1-en","9":"product_cat-laptop-bags-and-covers","10":"product_tag-computertaske-en","11":"product_tag-korktaske-en","12":"product_tag-laptop-taske-en","13":"product_tag-laptoptaske-en","14":"tm-has-options","16":"first","17":"instock","18":"taxable","19":"shipping-taxable","20":"purchasable","21":"product-type-simple"},"acf":[],"yoast_head":"<!-- This site is optimized with the Yoast SEO Premium plugin v21.2 (Yoast SEO v21.2) - https:\/\/yoast.com\/wordpress\/plugins\/seo\/ -->\n<title>Laptop Cover 11&quot; - Ice - Gr\u00f8nt Kontor<\/title>\n<meta name=\"robots\" content=\"index, follow, max-snippet:-1, max-image-preview:large, max-video-preview:-1\" \/>\n<link rel=\"canonical\" href=\"https:\/\/grontkontor.dk\/en\/shop\/laptop-cover-13-ice-en\/\" \/>\n<meta property=\"og:locale\" content=\"en_US\" \/>\n<meta property=\"og:type\" content=\"article\" \/>\n<meta property=\"og:title\" content=\"Laptop Cover 11&quot; - Ice\" \/>\n<meta property=\"og:description\" content=\"A trendy and classic laptop cover in organic wool from Italy and designed and produced in Sweden. Simple closure with brass knob and woven leather cord. Wool is renewable material (sheep gets new wool over and over). Wool is one of the fabrics in group with viscose and cotton that emit at least CO2 during [&hellip;]\" \/>\n<meta property=\"og:url\" content=\"https:\/\/grontkontor.dk\/en\/shop\/laptop-cover-13-ice-en\/\" \/>\n<meta property=\"og:site_name\" content=\"Gr\u00f8nt Kontor\" \/>\n<meta property=\"article:publisher\" content=\"https:\/\/www.facebook.com\/grontkontor.dk\/\" \/>\n<meta property=\"article:modified_time\" content=\"2023-09-22T13:02:41+00:00\" \/>\n<meta property=\"og:image\" content=\"https:\/\/grontkontor.dk\/wp-content\/uploads\/2016\/09\/20105-1.jpg\" \/>\n\t<meta property=\"og:image:width\" content=\"854\" \/>\n\t<meta property=\"og:image:height\" content=\"569\" \/>\n\t<meta property=\"og:image:type\" content=\"image\/jpeg\" \/>\n<meta name=\"twitter:card\" content=\"summary_large_image\" \/>\n<script type=\"application\/ld+json\" class=\"yoast-schema-graph\">{\"@context\":\"https:\/\/schema.org\",\"@graph\":[{\"@type\":\"WebPage\",\"@id\":\"https:\/\/grontkontor.dk\/en\/shop\/laptop-cover-13-ice-en\/\",\"url\":\"https:\/\/grontkontor.dk\/en\/shop\/laptop-cover-13-ice-en\/\",\"name\":\"Laptop Cover 11\\\" - Ice - Gr\u00f8nt Kontor\",\"isPartOf\":{\"@id\":\"https:\/\/grontkontor.dk\/#website\"},\"datePublished\":\"2023-09-22T13:02:32+00:00\",\"dateModified\":\"2023-09-22T13:02:41+00:00\",\"breadcrumb\":{\"@id\":\"https:\/\/grontkontor.dk\/en\/shop\/laptop-cover-13-ice-en\/#breadcrumb\"},\"inLanguage\":\"en-US\",\"potentialAction\":[{\"@type\":\"ReadAction\",\"target\":[\"https:\/\/grontkontor.dk\/en\/shop\/laptop-cover-13-ice-en\/\"]}]},{\"@type\":\"BreadcrumbList\",\"@id\":\"https:\/\/grontkontor.dk\/en\/shop\/laptop-cover-13-ice-en\/#breadcrumb\",\"itemListElement\":[{\"@type\":\"ListItem\",\"position\":1,\"name\":\"Forside\",\"item\":\"https:\/\/grontkontor.dk\/\"},{\"@type\":\"ListItem\",\"position\":2,\"name\":\"Shop\",\"item\":\"https:\/\/grontkontor.dk\/en\/shop-2\/\"},{\"@type\":\"ListItem\",\"position\":3,\"name\":\"Bags, bags and covers\",\"item\":\"https:\/\/grontkontor.dk\/en\/produkt-kategori\/bags-and-covers\/\"},{\"@type\":\"ListItem\",\"position\":4,\"name\":\"Laptop bags and covers\",\"item\":\"https:\/\/grontkontor.dk\/en\/produkt-kategori\/bags-and-covers\/laptop-bags-and-covers\/\"},{\"@type\":\"ListItem\",\"position\":5,\"name\":\"Laptop Cover 11&#8243; &#8211; Ice\"}]},{\"@type\":\"WebSite\",\"@id\":\"https:\/\/grontkontor.dk\/#website\",\"url\":\"https:\/\/grontkontor.dk\/\",\"name\":\"Gr\u00f8nt Kontor\",\"description\":\"Milj\u00f8venlige produkter til kontor og erhverv med fokus p\u00e5 b\u00e6redygtighed, design og fair trade.\",\"publisher\":{\"@id\":\"https:\/\/grontkontor.dk\/#organization\"},\"potentialAction\":[{\"@type\":\"SearchAction\",\"target\":{\"@type\":\"EntryPoint\",\"urlTemplate\":\"https:\/\/grontkontor.dk\/?s={search_term_string}\"},\"query-input\":\"required name=search_term_string\"}],\"inLanguage\":\"en-US\"},{\"@type\":\"Organization\",\"@id\":\"https:\/\/grontkontor.dk\/#organization\",\"name\":\"Gr\u00f8nt Kontor\",\"url\":\"https:\/\/grontkontor.dk\/\",\"logo\":{\"@type\":\"ImageObject\",\"inLanguage\":\"en-US\",\"@id\":\"https:\/\/grontkontor.dk\/#\/schema\/logo\/image\/\",\"url\":\"https:\/\/grontkontor.dk\/wp-content\/uploads\/2014\/02\/Logo_groent_kontor_300x80.png\",\"contentUrl\":\"https:\/\/grontkontor.dk\/wp-content\/uploads\/2014\/02\/Logo_groent_kontor_300x80.png\",\"width\":300,\"height\":80,\"caption\":\"Gr\u00f8nt Kontor\"},\"image\":{\"@id\":\"https:\/\/grontkontor.dk\/#\/schema\/logo\/image\/\"},\"sameAs\":[\"https:\/\/www.facebook.com\/grontkontor.dk\/\"]}]}<\/script>\n<!-- \/ Yoast SEO Premium plugin. -->","yoast_head_json":{"title":"Laptop Cover 11\" - Ice - Gr\u00f8nt Kontor","robots":{"index":"index","follow":"follow","max-snippet":"max-snippet:-1","max-image-preview":"max-image-preview:large","max-video-preview":"max-video-preview:-1"},"canonical":"https:\/\/grontkontor.dk\/en\/shop\/laptop-cover-13-ice-en\/","og_locale":"en_US","og_type":"article","og_title":"Laptop Cover 11\" - Ice","og_description":"A trendy and classic laptop cover in organic wool from Italy and designed and produced in Sweden. Simple closure with brass knob and woven leather cord. Wool is renewable material (sheep gets new wool over and over). Wool is one of the fabrics in group with viscose and cotton that emit at least CO2 during [&hellip;]","og_url":"https:\/\/grontkontor.dk\/en\/shop\/laptop-cover-13-ice-en\/","og_site_name":"Gr\u00f8nt Kontor","article_publisher":"https:\/\/www.facebook.com\/grontkontor.dk\/","article_modified_time":"2023-09-22T13:02:41+00:00","og_image":[{"width":854,"height":569,"url":"https:\/\/grontkontor.dk\/wp-content\/uploads\/2016\/09\/20105-1.jpg","type":"image\/jpeg"}],"twitter_card":"summary_large_image","schema":{"@context":"https:\/\/schema.org","@graph":[{"@type":"WebPage","@id":"https:\/\/grontkontor.dk\/en\/shop\/laptop-cover-13-ice-en\/","url":"https:\/\/grontkontor.dk\/en\/shop\/laptop-cover-13-ice-en\/","name":"Laptop Cover 11\" - Ice - Gr\u00f8nt Kontor","isPartOf":{"@id":"https:\/\/grontkontor.dk\/#website"},"datePublished":"2023-09-22T13:02:32+00:00","dateModified":"2023-09-22T13:02:41+00:00","breadcrumb":{"@id":"https:\/\/grontkontor.dk\/en\/shop\/laptop-cover-13-ice-en\/#breadcrumb"},"inLanguage":"en-US","potentialAction":[{"@type":"ReadAction","target":["https:\/\/grontkontor.dk\/en\/shop\/laptop-cover-13-ice-en\/"]}]},{"@type":"BreadcrumbList","@id":"https:\/\/grontkontor.dk\/en\/shop\/laptop-cover-13-ice-en\/#breadcrumb","itemListElement":[{"@type":"ListItem","position":1,"name":"Forside","item":"https:\/\/grontkontor.dk\/"},{"@type":"ListItem","position":2,"name":"Shop","item":"https:\/\/grontkontor.dk\/en\/shop-2\/"},{"@type":"ListItem","position":3,"name":"Bags, bags and covers","item":"https:\/\/grontkontor.dk\/en\/produkt-kategori\/bags-and-covers\/"},{"@type":"ListItem","position":4,"name":"Laptop bags and covers","item":"https:\/\/grontkontor.dk\/en\/produkt-kategori\/bags-and-covers\/laptop-bags-and-covers\/"},{"@type":"ListItem","position":5,"name":"Laptop Cover 11&#8243; &#8211; Ice"}]},{"@type":"WebSite","@id":"https:\/\/grontkontor.dk\/#website","url":"https:\/\/grontkontor.dk\/","name":"Gr\u00f8nt Kontor","description":"Milj\u00f8venlige produkter til kontor og erhverv med fokus p\u00e5 b\u00e6redygtighed, design og fair trade.","publisher":{"@id":"https:\/\/grontkontor.dk\/#organization"},"potentialAction":[{"@type":"SearchAction","target":{"@type":"EntryPoint","urlTemplate":"https:\/\/grontkontor.dk\/?s={search_term_string}"},"query-input":"required name=search_term_string"}],"inLanguage":"en-US"},{"@type":"Organization","@id":"https:\/\/grontkontor.dk\/#organization","name":"Gr\u00f8nt Kontor","url":"https:\/\/grontkontor.dk\/","logo":{"@type":"ImageObject","inLanguage":"en-US","@id":"https:\/\/grontkontor.dk\/#\/schema\/logo\/image\/","url":"https:\/\/grontkontor.dk\/wp-content\/uploads\/2014\/02\/Logo_groent_kontor_300x80.png","contentUrl":"https:\/\/grontkontor.dk\/wp-content\/uploads\/2014\/02\/Logo_groent_kontor_300x80.png","width":300,"height":80,"caption":"Gr\u00f8nt Kontor"},"image":{"@id":"https:\/\/grontkontor.dk\/#\/schema\/logo\/image\/"},"sameAs":["https:\/\/www.facebook.com\/grontkontor.dk\/"]}]}},"_links":{"self":[{"href":"https:\/\/grontkontor.dk\/en\/wp-json\/wp\/v2\/product\/71054"}],"collection":[{"href":"https:\/\/grontkontor.dk\/en\/wp-json\/wp\/v2\/product"}],"about":[{"href":"https:\/\/grontkontor.dk\/en\/wp-json\/wp\/v2\/types\/product"}],"replies":[{"embeddable":true,"href":"https:\/\/grontkontor.dk\/en\/wp-json\/wp\/v2\/comments?post=71054"}],"wp:featuredmedia":[{"embeddable":true,"href":"https:\/\/grontkontor.dk\/en\/wp-json\/wp\/v2\/media\/11885"}],"wp:attachment":[{"href":"https:\/\/grontkontor.dk\/en\/wp-json\/wp\/v2\/media?parent=71054"}],"wp:term":[{"taxonomy":"product_cat","embeddable":true,"href":"https:\/\/grontkontor.dk\/en\/wp-json\/wp\/v2\/product_cat?post=71054"},{"taxonomy":"product_tag","embeddable":true,"href":"https:\/\/grontkontor.dk\/en\/wp-json\/wp\/v2\/product_tag?post=71054"}],"curies":[{"name":"wp","href":"https:\/\/api.w.org\/{rel}","templated":true}]}}