{"id":71182,"date":"2023-09-22T13:04:40","date_gmt":"2023-09-22T13:04:45","guid":{"rendered":"https:\/\/grontkontor.dk\/produkt\/writing-pad-a5-lined-squared\/"},"modified":"2023-09-22T15:04:55","modified_gmt":"2023-09-22T13:04:55","slug":"writing-pad-a5-lined-squared","status":"publish","type":"product","link":"https:\/\/grontkontor.dk\/en\/shop\/writing-pad-a5-lined-squared\/","title":{"rendered":"Writing pad A5 Lined\/squared"},"content":{"rendered":"<p><span class=\"\" title=\"\">Sustainable writing pad A5 with 2 holes, made of FSC certified paper with 300g of rigid cardboard.<\/span>\u00a0<span class=\"\" title=\"\">Content: 70 sheets 60g paper.<\/span><br \/>\n<span class=\"\" title=\"\">Choose from linear and squared paper.<br \/>\n<a href=\"https:\/\/ic.fsc.org\/en\/\" target=\"window\"><img loading=\"lazy\" decoding=\"async\" class=\"size-full wp-image-12735\" src=\"https:\/\/grontkontor.dk\/wp-content\/uploads\/2019\/04\/fsc-certificeret.png\" \n\t\t alt=\"FSC-certificeret\" title=\"FSC-certificeret\" width=\"44\" height=\"51\" border=0\/><\/a><\/span><\/p>\n","protected":false},"excerpt":{"rendered":"<p>Sustainable writing pad A5 with 2 holes, made of FSC certified paper with 300g of rigid cardboard.\u00a0Content: 70 sheets 60g paper. Choose from linear and squared paper.<\/p>\n","protected":false},"featured_media":12486,"comment_status":"closed","ping_status":"open","template":"","meta":{"_acf_changed":false},"product_cat":[2106,1356,1299],"product_tag":[1599,1359,1358],"class_list":{"0":"post-71182","1":"product","2":"type-product","3":"status-publish","4":"has-post-thumbnail","6":"product_cat-dummy-moq-1-en","7":"product_cat-note-books","8":"product_cat-paper-and-blocks","9":"product_tag-kollegieblok-en","10":"product_tag-notesbog-en","11":"product_tag-notesblok-en","12":"tm-has-options","14":"first","15":"instock","16":"taxable","17":"shipping-taxable","18":"product-type-variable"},"acf":[],"yoast_head":"<!-- This site is optimized with the Yoast SEO Premium plugin v21.2 (Yoast SEO v21.2) - https:\/\/yoast.com\/wordpress\/plugins\/seo\/ -->\n<title>Writing pad A5 Lined\/squared - Gr\u00f8nt Kontor<\/title>\n<meta name=\"robots\" content=\"index, follow, max-snippet:-1, max-image-preview:large, max-video-preview:-1\" \/>\n<link rel=\"canonical\" href=\"https:\/\/grontkontor.dk\/en\/shop\/writing-pad-a5-lined-squared\/\" \/>\n<meta property=\"og:locale\" content=\"en_US\" \/>\n<meta property=\"og:type\" content=\"article\" \/>\n<meta property=\"og:title\" content=\"Writing pad A5 Lined\/squared\" \/>\n<meta property=\"og:description\" content=\"Sustainable writing pad A5 with 2 holes, made of FSC certified paper with 300g of rigid cardboard.\u00a0Content: 70 sheets 60g paper. Choose from linear and squared paper.\" \/>\n<meta property=\"og:url\" content=\"https:\/\/grontkontor.dk\/en\/shop\/writing-pad-a5-lined-squared\/\" \/>\n<meta property=\"og:site_name\" content=\"Gr\u00f8nt Kontor\" \/>\n<meta property=\"article:publisher\" content=\"https:\/\/www.facebook.com\/grontkontor.dk\/\" \/>\n<meta property=\"article:modified_time\" content=\"2023-09-22T13:04:55+00:00\" \/>\n<meta property=\"og:image\" content=\"https:\/\/grontkontor.dk\/wp-content\/uploads\/2019\/03\/kollegieblok-A5-linieret.jpg\" \/>\n\t<meta property=\"og:image:width\" content=\"800\" \/>\n\t<meta property=\"og:image:height\" content=\"538\" \/>\n\t<meta property=\"og:image:type\" content=\"image\/jpeg\" \/>\n<meta name=\"twitter:card\" content=\"summary_large_image\" \/>\n<script type=\"application\/ld+json\" class=\"yoast-schema-graph\">{\"@context\":\"https:\/\/schema.org\",\"@graph\":[{\"@type\":\"WebPage\",\"@id\":\"https:\/\/grontkontor.dk\/en\/shop\/writing-pad-a5-lined-squared\/\",\"url\":\"https:\/\/grontkontor.dk\/en\/shop\/writing-pad-a5-lined-squared\/\",\"name\":\"Writing pad A5 Lined\/squared - Gr\u00f8nt Kontor\",\"isPartOf\":{\"@id\":\"https:\/\/grontkontor.dk\/#website\"},\"datePublished\":\"2023-09-22T13:04:45+00:00\",\"dateModified\":\"2023-09-22T13:04:55+00:00\",\"breadcrumb\":{\"@id\":\"https:\/\/grontkontor.dk\/en\/shop\/writing-pad-a5-lined-squared\/#breadcrumb\"},\"inLanguage\":\"en-US\",\"potentialAction\":[{\"@type\":\"ReadAction\",\"target\":[\"https:\/\/grontkontor.dk\/en\/shop\/writing-pad-a5-lined-squared\/\"]}]},{\"@type\":\"BreadcrumbList\",\"@id\":\"https:\/\/grontkontor.dk\/en\/shop\/writing-pad-a5-lined-squared\/#breadcrumb\",\"itemListElement\":[{\"@type\":\"ListItem\",\"position\":1,\"name\":\"Forside\",\"item\":\"https:\/\/grontkontor.dk\/\"},{\"@type\":\"ListItem\",\"position\":2,\"name\":\"Shop\",\"item\":\"https:\/\/grontkontor.dk\/en\/shop-2\/\"},{\"@type\":\"ListItem\",\"position\":3,\"name\":\"Paper and pads\",\"item\":\"https:\/\/grontkontor.dk\/en\/produkt-kategori\/paper-and-blocks\/\"},{\"@type\":\"ListItem\",\"position\":4,\"name\":\"Notebooks\",\"item\":\"https:\/\/grontkontor.dk\/en\/produkt-kategori\/paper-and-blocks\/note-books\/\"},{\"@type\":\"ListItem\",\"position\":5,\"name\":\"Writing pad A5 Lined\/squared\"}]},{\"@type\":\"WebSite\",\"@id\":\"https:\/\/grontkontor.dk\/#website\",\"url\":\"https:\/\/grontkontor.dk\/\",\"name\":\"Gr\u00f8nt Kontor\",\"description\":\"Milj\u00f8venlige produkter til kontor og erhverv med fokus p\u00e5 b\u00e6redygtighed, design og fair trade.\",\"publisher\":{\"@id\":\"https:\/\/grontkontor.dk\/#organization\"},\"potentialAction\":[{\"@type\":\"SearchAction\",\"target\":{\"@type\":\"EntryPoint\",\"urlTemplate\":\"https:\/\/grontkontor.dk\/?s={search_term_string}\"},\"query-input\":\"required name=search_term_string\"}],\"inLanguage\":\"en-US\"},{\"@type\":\"Organization\",\"@id\":\"https:\/\/grontkontor.dk\/#organization\",\"name\":\"Gr\u00f8nt Kontor\",\"url\":\"https:\/\/grontkontor.dk\/\",\"logo\":{\"@type\":\"ImageObject\",\"inLanguage\":\"en-US\",\"@id\":\"https:\/\/grontkontor.dk\/#\/schema\/logo\/image\/\",\"url\":\"https:\/\/grontkontor.dk\/wp-content\/uploads\/2014\/02\/Logo_groent_kontor_300x80.png\",\"contentUrl\":\"https:\/\/grontkontor.dk\/wp-content\/uploads\/2014\/02\/Logo_groent_kontor_300x80.png\",\"width\":300,\"height\":80,\"caption\":\"Gr\u00f8nt Kontor\"},\"image\":{\"@id\":\"https:\/\/grontkontor.dk\/#\/schema\/logo\/image\/\"},\"sameAs\":[\"https:\/\/www.facebook.com\/grontkontor.dk\/\"]}]}<\/script>\n<!-- \/ Yoast SEO Premium plugin. -->","yoast_head_json":{"title":"Writing pad A5 Lined\/squared - Gr\u00f8nt Kontor","robots":{"index":"index","follow":"follow","max-snippet":"max-snippet:-1","max-image-preview":"max-image-preview:large","max-video-preview":"max-video-preview:-1"},"canonical":"https:\/\/grontkontor.dk\/en\/shop\/writing-pad-a5-lined-squared\/","og_locale":"en_US","og_type":"article","og_title":"Writing pad A5 Lined\/squared","og_description":"Sustainable writing pad A5 with 2 holes, made of FSC certified paper with 300g of rigid cardboard.\u00a0Content: 70 sheets 60g paper. Choose from linear and squared paper.","og_url":"https:\/\/grontkontor.dk\/en\/shop\/writing-pad-a5-lined-squared\/","og_site_name":"Gr\u00f8nt Kontor","article_publisher":"https:\/\/www.facebook.com\/grontkontor.dk\/","article_modified_time":"2023-09-22T13:04:55+00:00","og_image":[{"width":800,"height":538,"url":"https:\/\/grontkontor.dk\/wp-content\/uploads\/2019\/03\/kollegieblok-A5-linieret.jpg","type":"image\/jpeg"}],"twitter_card":"summary_large_image","schema":{"@context":"https:\/\/schema.org","@graph":[{"@type":"WebPage","@id":"https:\/\/grontkontor.dk\/en\/shop\/writing-pad-a5-lined-squared\/","url":"https:\/\/grontkontor.dk\/en\/shop\/writing-pad-a5-lined-squared\/","name":"Writing pad A5 Lined\/squared - Gr\u00f8nt Kontor","isPartOf":{"@id":"https:\/\/grontkontor.dk\/#website"},"datePublished":"2023-09-22T13:04:45+00:00","dateModified":"2023-09-22T13:04:55+00:00","breadcrumb":{"@id":"https:\/\/grontkontor.dk\/en\/shop\/writing-pad-a5-lined-squared\/#breadcrumb"},"inLanguage":"en-US","potentialAction":[{"@type":"ReadAction","target":["https:\/\/grontkontor.dk\/en\/shop\/writing-pad-a5-lined-squared\/"]}]},{"@type":"BreadcrumbList","@id":"https:\/\/grontkontor.dk\/en\/shop\/writing-pad-a5-lined-squared\/#breadcrumb","itemListElement":[{"@type":"ListItem","position":1,"name":"Forside","item":"https:\/\/grontkontor.dk\/"},{"@type":"ListItem","position":2,"name":"Shop","item":"https:\/\/grontkontor.dk\/en\/shop-2\/"},{"@type":"ListItem","position":3,"name":"Paper and pads","item":"https:\/\/grontkontor.dk\/en\/produkt-kategori\/paper-and-blocks\/"},{"@type":"ListItem","position":4,"name":"Notebooks","item":"https:\/\/grontkontor.dk\/en\/produkt-kategori\/paper-and-blocks\/note-books\/"},{"@type":"ListItem","position":5,"name":"Writing pad A5 Lined\/squared"}]},{"@type":"WebSite","@id":"https:\/\/grontkontor.dk\/#website","url":"https:\/\/grontkontor.dk\/","name":"Gr\u00f8nt Kontor","description":"Milj\u00f8venlige produkter til kontor og erhverv med fokus p\u00e5 b\u00e6redygtighed, design og fair trade.","publisher":{"@id":"https:\/\/grontkontor.dk\/#organization"},"potentialAction":[{"@type":"SearchAction","target":{"@type":"EntryPoint","urlTemplate":"https:\/\/grontkontor.dk\/?s={search_term_string}"},"query-input":"required name=search_term_string"}],"inLanguage":"en-US"},{"@type":"Organization","@id":"https:\/\/grontkontor.dk\/#organization","name":"Gr\u00f8nt Kontor","url":"https:\/\/grontkontor.dk\/","logo":{"@type":"ImageObject","inLanguage":"en-US","@id":"https:\/\/grontkontor.dk\/#\/schema\/logo\/image\/","url":"https:\/\/grontkontor.dk\/wp-content\/uploads\/2014\/02\/Logo_groent_kontor_300x80.png","contentUrl":"https:\/\/grontkontor.dk\/wp-content\/uploads\/2014\/02\/Logo_groent_kontor_300x80.png","width":300,"height":80,"caption":"Gr\u00f8nt Kontor"},"image":{"@id":"https:\/\/grontkontor.dk\/#\/schema\/logo\/image\/"},"sameAs":["https:\/\/www.facebook.com\/grontkontor.dk\/"]}]}},"_links":{"self":[{"href":"https:\/\/grontkontor.dk\/en\/wp-json\/wp\/v2\/product\/71182"}],"collection":[{"href":"https:\/\/grontkontor.dk\/en\/wp-json\/wp\/v2\/product"}],"about":[{"href":"https:\/\/grontkontor.dk\/en\/wp-json\/wp\/v2\/types\/product"}],"replies":[{"embeddable":true,"href":"https:\/\/grontkontor.dk\/en\/wp-json\/wp\/v2\/comments?post=71182"}],"wp:featuredmedia":[{"embeddable":true,"href":"https:\/\/grontkontor.dk\/en\/wp-json\/wp\/v2\/media\/12486"}],"wp:attachment":[{"href":"https:\/\/grontkontor.dk\/en\/wp-json\/wp\/v2\/media?parent=71182"}],"wp:term":[{"taxonomy":"product_cat","embeddable":true,"href":"https:\/\/grontkontor.dk\/en\/wp-json\/wp\/v2\/product_cat?post=71182"},{"taxonomy":"product_tag","embeddable":true,"href":"https:\/\/grontkontor.dk\/en\/wp-json\/wp\/v2\/product_tag?post=71182"}],"curies":[{"name":"wp","href":"https:\/\/api.w.org\/{rel}","templated":true}]}}