{"id":71190,"date":"2023-09-22T13:04:40","date_gmt":"2023-09-22T13:04:45","guid":{"rendered":"https:\/\/grontkontor.dk\/produkt\/memo-block-holder-steel\/"},"modified":"2023-09-22T15:04:59","modified_gmt":"2023-09-22T13:04:59","slug":"memo-block-holder-steel","status":"publish","type":"product","link":"https:\/\/grontkontor.dk\/en\/shop\/memo-block-holder-steel\/","title":{"rendered":"Memo block holder steel"},"content":{"rendered":"<p><span class=\"tlid-translation translation\" lang=\"en\"><span class=\"\" title=\"\">Environmentally friendly memo pad holder in black steel.<\/span> <span title=\"\">78x115x115 mm (height x width x length).<\/span> <span title=\"\">Includes note paper 10&#215;10 cm, 100 sheets included (with room for 600 sheets).<\/span><\/span><\/p>\nSteel\/iron is a reusable and practically unlimited resource that does not pollute when disposed of. The production of steel in itself is not sustainable, as large amounts of CO2 are produced from fossil materials in the process. On the other hand, steel products have an extremely long lifespan and offer the possibility of endless repeated reuse, which means that the vast majority of steel on the market consists predominantly of recycled steel. \n","protected":false},"excerpt":{"rendered":"<p>Environmentally friendly memo pad holder in black steel. 78x115x115 mm (height x width x length). Includes note paper 10&#215;10 cm, 100 sheets included (with room for 600 sheets).<\/p>\n","protected":false},"featured_media":12531,"comment_status":"closed","ping_status":"closed","template":"","meta":{"_acf_changed":false},"product_cat":[2106,1300,1307,1829,1299,1853,1305],"product_tag":[1607,1608],"class_list":{"0":"post-71190","1":"product","2":"type-product","3":"status-publish","4":"has-post-thumbnail","6":"product_cat-dummy-moq-1-en","7":"product_cat-memoblocks","8":"product_cat-diverse-desktop-utensils","9":"product_cat-office-supplies-steel-category","10":"product_cat-paper-and-blocks","11":"product_cat-product-series","12":"product_cat-desktop-utensils","13":"product_tag-memoblok-en","14":"product_tag-memoblokholder-en","15":"tm-has-options","17":"first","18":"instock","19":"taxable","20":"shipping-taxable","21":"purchasable","22":"product-type-simple"},"acf":[],"yoast_head":"<!-- This site is optimized with the Yoast SEO Premium plugin v21.2 (Yoast SEO v21.2) - https:\/\/yoast.com\/wordpress\/plugins\/seo\/ -->\n<title>Memo block holder steel - Gr\u00f8nt Kontor<\/title>\n<meta name=\"robots\" content=\"index, follow, max-snippet:-1, max-image-preview:large, max-video-preview:-1\" \/>\n<link rel=\"canonical\" href=\"https:\/\/grontkontor.dk\/en\/shop\/memo-block-holder-steel\/\" \/>\n<meta property=\"og:locale\" content=\"en_US\" \/>\n<meta property=\"og:type\" content=\"article\" \/>\n<meta property=\"og:title\" content=\"Memo block holder steel\" \/>\n<meta property=\"og:description\" content=\"Environmentally friendly memo pad holder in black steel. 78x115x115 mm (height x width x length). Includes note paper 10&#215;10 cm, 100 sheets included (with room for 600 sheets).\" \/>\n<meta property=\"og:url\" content=\"https:\/\/grontkontor.dk\/en\/shop\/memo-block-holder-steel\/\" \/>\n<meta property=\"og:site_name\" content=\"Gr\u00f8nt Kontor\" \/>\n<meta property=\"article:publisher\" content=\"https:\/\/www.facebook.com\/grontkontor.dk\/\" \/>\n<meta property=\"article:modified_time\" content=\"2023-09-22T13:04:59+00:00\" \/>\n<meta property=\"og:image\" content=\"https:\/\/grontkontor.dk\/wp-content\/uploads\/2019\/04\/memoblok-holder-staal-01.jpg\" \/>\n\t<meta property=\"og:image:width\" content=\"800\" \/>\n\t<meta property=\"og:image:height\" content=\"568\" \/>\n\t<meta property=\"og:image:type\" content=\"image\/jpeg\" \/>\n<meta name=\"twitter:card\" content=\"summary_large_image\" \/>\n<script type=\"application\/ld+json\" class=\"yoast-schema-graph\">{\"@context\":\"https:\/\/schema.org\",\"@graph\":[{\"@type\":\"WebPage\",\"@id\":\"https:\/\/grontkontor.dk\/en\/shop\/memo-block-holder-steel\/\",\"url\":\"https:\/\/grontkontor.dk\/en\/shop\/memo-block-holder-steel\/\",\"name\":\"Memo block holder steel - Gr\u00f8nt Kontor\",\"isPartOf\":{\"@id\":\"https:\/\/grontkontor.dk\/#website\"},\"datePublished\":\"2023-09-22T13:04:45+00:00\",\"dateModified\":\"2023-09-22T13:04:59+00:00\",\"breadcrumb\":{\"@id\":\"https:\/\/grontkontor.dk\/en\/shop\/memo-block-holder-steel\/#breadcrumb\"},\"inLanguage\":\"en-US\",\"potentialAction\":[{\"@type\":\"ReadAction\",\"target\":[\"https:\/\/grontkontor.dk\/en\/shop\/memo-block-holder-steel\/\"]}]},{\"@type\":\"BreadcrumbList\",\"@id\":\"https:\/\/grontkontor.dk\/en\/shop\/memo-block-holder-steel\/#breadcrumb\",\"itemListElement\":[{\"@type\":\"ListItem\",\"position\":1,\"name\":\"Forside\",\"item\":\"https:\/\/grontkontor.dk\/\"},{\"@type\":\"ListItem\",\"position\":2,\"name\":\"Shop\",\"item\":\"https:\/\/grontkontor.dk\/en\/shop-2\/\"},{\"@type\":\"ListItem\",\"position\":3,\"name\":\"Paper and pads\",\"item\":\"https:\/\/grontkontor.dk\/en\/produkt-kategori\/paper-and-blocks\/\"},{\"@type\":\"ListItem\",\"position\":4,\"name\":\"Memo Pads\",\"item\":\"https:\/\/grontkontor.dk\/en\/produkt-kategori\/paper-and-blocks\/memoblocks\/\"},{\"@type\":\"ListItem\",\"position\":5,\"name\":\"Memo block holder steel\"}]},{\"@type\":\"WebSite\",\"@id\":\"https:\/\/grontkontor.dk\/#website\",\"url\":\"https:\/\/grontkontor.dk\/\",\"name\":\"Gr\u00f8nt Kontor\",\"description\":\"Milj\u00f8venlige produkter til kontor og erhverv med fokus p\u00e5 b\u00e6redygtighed, design og fair trade.\",\"publisher\":{\"@id\":\"https:\/\/grontkontor.dk\/#organization\"},\"potentialAction\":[{\"@type\":\"SearchAction\",\"target\":{\"@type\":\"EntryPoint\",\"urlTemplate\":\"https:\/\/grontkontor.dk\/?s={search_term_string}\"},\"query-input\":\"required name=search_term_string\"}],\"inLanguage\":\"en-US\"},{\"@type\":\"Organization\",\"@id\":\"https:\/\/grontkontor.dk\/#organization\",\"name\":\"Gr\u00f8nt Kontor\",\"url\":\"https:\/\/grontkontor.dk\/\",\"logo\":{\"@type\":\"ImageObject\",\"inLanguage\":\"en-US\",\"@id\":\"https:\/\/grontkontor.dk\/#\/schema\/logo\/image\/\",\"url\":\"https:\/\/grontkontor.dk\/wp-content\/uploads\/2014\/02\/Logo_groent_kontor_300x80.png\",\"contentUrl\":\"https:\/\/grontkontor.dk\/wp-content\/uploads\/2014\/02\/Logo_groent_kontor_300x80.png\",\"width\":300,\"height\":80,\"caption\":\"Gr\u00f8nt Kontor\"},\"image\":{\"@id\":\"https:\/\/grontkontor.dk\/#\/schema\/logo\/image\/\"},\"sameAs\":[\"https:\/\/www.facebook.com\/grontkontor.dk\/\"]}]}<\/script>\n<!-- \/ Yoast SEO Premium plugin. -->","yoast_head_json":{"title":"Memo block holder steel - Gr\u00f8nt Kontor","robots":{"index":"index","follow":"follow","max-snippet":"max-snippet:-1","max-image-preview":"max-image-preview:large","max-video-preview":"max-video-preview:-1"},"canonical":"https:\/\/grontkontor.dk\/en\/shop\/memo-block-holder-steel\/","og_locale":"en_US","og_type":"article","og_title":"Memo block holder steel","og_description":"Environmentally friendly memo pad holder in black steel. 78x115x115 mm (height x width x length). Includes note paper 10&#215;10 cm, 100 sheets included (with room for 600 sheets).","og_url":"https:\/\/grontkontor.dk\/en\/shop\/memo-block-holder-steel\/","og_site_name":"Gr\u00f8nt Kontor","article_publisher":"https:\/\/www.facebook.com\/grontkontor.dk\/","article_modified_time":"2023-09-22T13:04:59+00:00","og_image":[{"width":800,"height":568,"url":"https:\/\/grontkontor.dk\/wp-content\/uploads\/2019\/04\/memoblok-holder-staal-01.jpg","type":"image\/jpeg"}],"twitter_card":"summary_large_image","schema":{"@context":"https:\/\/schema.org","@graph":[{"@type":"WebPage","@id":"https:\/\/grontkontor.dk\/en\/shop\/memo-block-holder-steel\/","url":"https:\/\/grontkontor.dk\/en\/shop\/memo-block-holder-steel\/","name":"Memo block holder steel - Gr\u00f8nt Kontor","isPartOf":{"@id":"https:\/\/grontkontor.dk\/#website"},"datePublished":"2023-09-22T13:04:45+00:00","dateModified":"2023-09-22T13:04:59+00:00","breadcrumb":{"@id":"https:\/\/grontkontor.dk\/en\/shop\/memo-block-holder-steel\/#breadcrumb"},"inLanguage":"en-US","potentialAction":[{"@type":"ReadAction","target":["https:\/\/grontkontor.dk\/en\/shop\/memo-block-holder-steel\/"]}]},{"@type":"BreadcrumbList","@id":"https:\/\/grontkontor.dk\/en\/shop\/memo-block-holder-steel\/#breadcrumb","itemListElement":[{"@type":"ListItem","position":1,"name":"Forside","item":"https:\/\/grontkontor.dk\/"},{"@type":"ListItem","position":2,"name":"Shop","item":"https:\/\/grontkontor.dk\/en\/shop-2\/"},{"@type":"ListItem","position":3,"name":"Paper and pads","item":"https:\/\/grontkontor.dk\/en\/produkt-kategori\/paper-and-blocks\/"},{"@type":"ListItem","position":4,"name":"Memo Pads","item":"https:\/\/grontkontor.dk\/en\/produkt-kategori\/paper-and-blocks\/memoblocks\/"},{"@type":"ListItem","position":5,"name":"Memo block holder steel"}]},{"@type":"WebSite","@id":"https:\/\/grontkontor.dk\/#website","url":"https:\/\/grontkontor.dk\/","name":"Gr\u00f8nt Kontor","description":"Milj\u00f8venlige produkter til kontor og erhverv med fokus p\u00e5 b\u00e6redygtighed, design og fair trade.","publisher":{"@id":"https:\/\/grontkontor.dk\/#organization"},"potentialAction":[{"@type":"SearchAction","target":{"@type":"EntryPoint","urlTemplate":"https:\/\/grontkontor.dk\/?s={search_term_string}"},"query-input":"required name=search_term_string"}],"inLanguage":"en-US"},{"@type":"Organization","@id":"https:\/\/grontkontor.dk\/#organization","name":"Gr\u00f8nt Kontor","url":"https:\/\/grontkontor.dk\/","logo":{"@type":"ImageObject","inLanguage":"en-US","@id":"https:\/\/grontkontor.dk\/#\/schema\/logo\/image\/","url":"https:\/\/grontkontor.dk\/wp-content\/uploads\/2014\/02\/Logo_groent_kontor_300x80.png","contentUrl":"https:\/\/grontkontor.dk\/wp-content\/uploads\/2014\/02\/Logo_groent_kontor_300x80.png","width":300,"height":80,"caption":"Gr\u00f8nt Kontor"},"image":{"@id":"https:\/\/grontkontor.dk\/#\/schema\/logo\/image\/"},"sameAs":["https:\/\/www.facebook.com\/grontkontor.dk\/"]}]}},"_links":{"self":[{"href":"https:\/\/grontkontor.dk\/en\/wp-json\/wp\/v2\/product\/71190"}],"collection":[{"href":"https:\/\/grontkontor.dk\/en\/wp-json\/wp\/v2\/product"}],"about":[{"href":"https:\/\/grontkontor.dk\/en\/wp-json\/wp\/v2\/types\/product"}],"replies":[{"embeddable":true,"href":"https:\/\/grontkontor.dk\/en\/wp-json\/wp\/v2\/comments?post=71190"}],"wp:featuredmedia":[{"embeddable":true,"href":"https:\/\/grontkontor.dk\/en\/wp-json\/wp\/v2\/media\/12531"}],"wp:attachment":[{"href":"https:\/\/grontkontor.dk\/en\/wp-json\/wp\/v2\/media?parent=71190"}],"wp:term":[{"taxonomy":"product_cat","embeddable":true,"href":"https:\/\/grontkontor.dk\/en\/wp-json\/wp\/v2\/product_cat?post=71190"},{"taxonomy":"product_tag","embeddable":true,"href":"https:\/\/grontkontor.dk\/en\/wp-json\/wp\/v2\/product_tag?post=71190"}],"curies":[{"name":"wp","href":"https:\/\/api.w.org\/{rel}","templated":true}]}}