{"id":71197,"date":"2023-09-22T13:04:54","date_gmt":"2023-09-22T13:05:04","guid":{"rendered":"https:\/\/grontkontor.dk\/produkt\/magazine-file-in-recycled-plastic-blue\/"},"modified":"2023-09-22T15:05:10","modified_gmt":"2023-09-22T13:05:10","slug":"magazine-file-in-recycled-plastic-blue","status":"publish","type":"product","link":"https:\/\/grontkontor.dk\/en\/shop\/magazine-file-in-recycled-plastic-blue\/","title":{"rendered":"Magazine file in recycled plastic"},"content":{"rendered":"<p>Practical and sustainable magazine holder for your magazines, newspapers and file folders, made from 100% recycled plastic (polystyrene). Blue Angel certified.<br \/>\nAlso available in black and grey.<br \/>\nDimensions: LxWxH 245 x 75 x 312 mm.<\/p>\n<p>Recycled plastic is &#8211; despite its fossil origin &#8211; a sustainable material. Plastic has an extremely high carbon content, so recycled plastic acts as a carbon deposit. If plastic is not recycled, it will either break down into CO2 and thus contribute to the greenhouse effect, or end up as polluting waste.<br \/>\nFor every ton of recycled plastic, 3.8 barrels of oil are saved.<\/p>\nThe Blaue Engel certification is a German state ecolabel which certifies that a product is the most sustainable choice in its category. \n<p>&nbsp;<\/p>\n<p><img loading=\"lazy\" decoding=\"async\" src=\"https:\/\/grontkontor.dk\/wp-content\/uploads\/2021\/02\/genbrug.jpg\" alt=\"Fremstillet af genbrugsmaterialer\" width=\"50\" height=\"50\" class=\"size-full wp-image-23031\" srcset=\"https:\/\/grontkontor.dk\/wp-content\/uploads\/2021\/02\/genbrug.jpg 199w, https:\/\/grontkontor.dk\/wp-content\/uploads\/2021\/02\/genbrug-100x100.jpg 100w\" sizes=\"(max-width: 50px) 100vw, 50px\" \/> <img loading=\"lazy\" decoding=\"async\" class=\"size-medium wp-image-21008\" src=\"https:\/\/grontkontor.dk\/wp-content\/uploads\/2020\/11\/eu-flag_1-300x199.jpg\" alt=\"Fremstillet i EU\" width=\"76\" height=\"50\" srcset=\"https:\/\/grontkontor.dk\/wp-content\/uploads\/2020\/11\/eu-flag_1-300x199.jpg 300w, https:\/\/grontkontor.dk\/wp-content\/uploads\/2020\/11\/eu-flag_1.jpg 530w\" sizes=\"(max-width: 76px) 100vw, 76px\" \/><a href=\"https:\/\/en.wikipedia.org\/wiki\/Blue_Angel_(certification)\" rel=\"noopener\" target=\"_blank\"><img loading=\"lazy\" decoding=\"async\" class=\"size-full wp-image-12701\" src=\"https:\/\/grontkontor.dk\/wp-content\/uploads\/2019\/04\/blaa-engel.png\" \n\t\t alt=\"Bl? engel certificeret\" title=\"Bl? engel certificeret\" width=\"57\" height=\"62\" border=0 \/><\/a><\/p>\n","protected":false},"excerpt":{"rendered":"<p>Practical and sustainable magazine holder for your magazines, newspapers and file folders, made from 100% recycled plastic (polystyrene). Blue Angel certified. Also available in black and grey. Dimensions: LxWxH 245 x 75 x 312 mm. Recycled plastic is &#8211; despite its fossil origin &#8211; a sustainable material. Plastic has an extremely high carbon content, so [&hellip;]<\/p>\n","protected":false},"featured_media":12748,"comment_status":"closed","ping_status":"closed","template":"","meta":{"_acf_changed":false},"product_cat":[1276,2106,1289,1853,1845],"product_tag":[2043,1415,1444,1414,1447],"class_list":{"0":"post-71197","1":"product","2":"type-product","3":"status-publish","4":"has-post-thumbnail","6":"product_cat-storage","7":"product_cat-dummy-moq-1-en","8":"product_cat-magazine-files","9":"product_cat-product-series","10":"product_cat-recycled-plastic-blue","11":"product_tag-genbrugsplast-en","12":"product_tag-magazine-collector","13":"product_tag-magazine-holder","14":"product_tag-magazin-holder","15":"product_tag-tidsskriftsamler-en","16":"pa_farve-black","17":"pa_farve-blue","18":"pa_farve-grey-en-2","19":"tm-has-options","21":"first","22":"instock","23":"sale","24":"taxable","25":"shipping-taxable","26":"purchasable","27":"product-type-simple"},"acf":[],"yoast_head":"<!-- This site is optimized with the Yoast SEO Premium plugin v21.2 (Yoast SEO v21.2) - https:\/\/yoast.com\/wordpress\/plugins\/seo\/ -->\n<title>Magazine file in recycled plastic - Gr\u00f8nt Kontor<\/title>\n<meta name=\"robots\" content=\"index, follow, max-snippet:-1, max-image-preview:large, max-video-preview:-1\" \/>\n<link rel=\"canonical\" href=\"https:\/\/grontkontor.dk\/en\/shop\/magazine-file-in-recycled-plastic-blue\/\" \/>\n<meta property=\"og:locale\" content=\"en_US\" \/>\n<meta property=\"og:type\" content=\"article\" \/>\n<meta property=\"og:title\" content=\"Magazine file in recycled plastic\" \/>\n<meta property=\"og:description\" content=\"Practical and sustainable magazine holder for your magazines, newspapers and file folders, made from 100% recycled plastic (polystyrene). Blue Angel certified. Also available in black and grey. Dimensions: LxWxH 245 x 75 x 312 mm. Recycled plastic is &#8211; despite its fossil origin &#8211; a sustainable material. Plastic has an extremely high carbon content, so [&hellip;]\" \/>\n<meta property=\"og:url\" content=\"https:\/\/grontkontor.dk\/en\/shop\/magazine-file-in-recycled-plastic-blue\/\" \/>\n<meta property=\"og:site_name\" content=\"Gr\u00f8nt Kontor\" \/>\n<meta property=\"article:publisher\" content=\"https:\/\/www.facebook.com\/grontkontor.dk\/\" \/>\n<meta property=\"article:modified_time\" content=\"2023-09-22T13:05:10+00:00\" \/>\n<meta property=\"og:image\" content=\"https:\/\/grontkontor.dk\/wp-content\/uploads\/2019\/04\/tidsskriftholder-i-genbrugsplast-blaa-03-1.jpg\" \/>\n\t<meta property=\"og:image:width\" content=\"800\" \/>\n\t<meta property=\"og:image:height\" content=\"568\" \/>\n\t<meta property=\"og:image:type\" content=\"image\/jpeg\" \/>\n<meta name=\"twitter:card\" content=\"summary_large_image\" \/>\n<meta name=\"twitter:label1\" content=\"Est. reading time\" \/>\n\t<meta name=\"twitter:data1\" content=\"1 minute\" \/>\n<script type=\"application\/ld+json\" class=\"yoast-schema-graph\">{\"@context\":\"https:\/\/schema.org\",\"@graph\":[{\"@type\":\"WebPage\",\"@id\":\"https:\/\/grontkontor.dk\/en\/shop\/magazine-file-in-recycled-plastic-blue\/\",\"url\":\"https:\/\/grontkontor.dk\/en\/shop\/magazine-file-in-recycled-plastic-blue\/\",\"name\":\"Magazine file in recycled plastic - Gr\u00f8nt Kontor\",\"isPartOf\":{\"@id\":\"https:\/\/grontkontor.dk\/#website\"},\"datePublished\":\"2023-09-22T13:05:04+00:00\",\"dateModified\":\"2023-09-22T13:05:10+00:00\",\"breadcrumb\":{\"@id\":\"https:\/\/grontkontor.dk\/en\/shop\/magazine-file-in-recycled-plastic-blue\/#breadcrumb\"},\"inLanguage\":\"en-US\",\"potentialAction\":[{\"@type\":\"ReadAction\",\"target\":[\"https:\/\/grontkontor.dk\/en\/shop\/magazine-file-in-recycled-plastic-blue\/\"]}]},{\"@type\":\"BreadcrumbList\",\"@id\":\"https:\/\/grontkontor.dk\/en\/shop\/magazine-file-in-recycled-plastic-blue\/#breadcrumb\",\"itemListElement\":[{\"@type\":\"ListItem\",\"position\":1,\"name\":\"Forside\",\"item\":\"https:\/\/grontkontor.dk\/\"},{\"@type\":\"ListItem\",\"position\":2,\"name\":\"Shop\",\"item\":\"https:\/\/grontkontor.dk\/en\/shop-2\/\"},{\"@type\":\"ListItem\",\"position\":3,\"name\":\"Archiving\",\"item\":\"https:\/\/grontkontor.dk\/en\/produkt-kategori\/storage\/\"},{\"@type\":\"ListItem\",\"position\":4,\"name\":\"Journal holders\",\"item\":\"https:\/\/grontkontor.dk\/en\/produkt-kategori\/storage\/magazine-files\/\"},{\"@type\":\"ListItem\",\"position\":5,\"name\":\"Magazine file in recycled plastic\"}]},{\"@type\":\"WebSite\",\"@id\":\"https:\/\/grontkontor.dk\/#website\",\"url\":\"https:\/\/grontkontor.dk\/\",\"name\":\"Gr\u00f8nt Kontor\",\"description\":\"Milj\u00f8venlige produkter til kontor og erhverv med fokus p\u00e5 b\u00e6redygtighed, design og fair trade.\",\"publisher\":{\"@id\":\"https:\/\/grontkontor.dk\/#organization\"},\"potentialAction\":[{\"@type\":\"SearchAction\",\"target\":{\"@type\":\"EntryPoint\",\"urlTemplate\":\"https:\/\/grontkontor.dk\/?s={search_term_string}\"},\"query-input\":\"required name=search_term_string\"}],\"inLanguage\":\"en-US\"},{\"@type\":\"Organization\",\"@id\":\"https:\/\/grontkontor.dk\/#organization\",\"name\":\"Gr\u00f8nt Kontor\",\"url\":\"https:\/\/grontkontor.dk\/\",\"logo\":{\"@type\":\"ImageObject\",\"inLanguage\":\"en-US\",\"@id\":\"https:\/\/grontkontor.dk\/#\/schema\/logo\/image\/\",\"url\":\"https:\/\/grontkontor.dk\/wp-content\/uploads\/2014\/02\/Logo_groent_kontor_300x80.png\",\"contentUrl\":\"https:\/\/grontkontor.dk\/wp-content\/uploads\/2014\/02\/Logo_groent_kontor_300x80.png\",\"width\":300,\"height\":80,\"caption\":\"Gr\u00f8nt Kontor\"},\"image\":{\"@id\":\"https:\/\/grontkontor.dk\/#\/schema\/logo\/image\/\"},\"sameAs\":[\"https:\/\/www.facebook.com\/grontkontor.dk\/\"]}]}<\/script>\n<!-- \/ Yoast SEO Premium plugin. -->","yoast_head_json":{"title":"Magazine file in recycled plastic - Gr\u00f8nt Kontor","robots":{"index":"index","follow":"follow","max-snippet":"max-snippet:-1","max-image-preview":"max-image-preview:large","max-video-preview":"max-video-preview:-1"},"canonical":"https:\/\/grontkontor.dk\/en\/shop\/magazine-file-in-recycled-plastic-blue\/","og_locale":"en_US","og_type":"article","og_title":"Magazine file in recycled plastic","og_description":"Practical and sustainable magazine holder for your magazines, newspapers and file folders, made from 100% recycled plastic (polystyrene). Blue Angel certified. Also available in black and grey. Dimensions: LxWxH 245 x 75 x 312 mm. Recycled plastic is &#8211; despite its fossil origin &#8211; a sustainable material. Plastic has an extremely high carbon content, so [&hellip;]","og_url":"https:\/\/grontkontor.dk\/en\/shop\/magazine-file-in-recycled-plastic-blue\/","og_site_name":"Gr\u00f8nt Kontor","article_publisher":"https:\/\/www.facebook.com\/grontkontor.dk\/","article_modified_time":"2023-09-22T13:05:10+00:00","og_image":[{"width":800,"height":568,"url":"https:\/\/grontkontor.dk\/wp-content\/uploads\/2019\/04\/tidsskriftholder-i-genbrugsplast-blaa-03-1.jpg","type":"image\/jpeg"}],"twitter_card":"summary_large_image","twitter_misc":{"Est. reading time":"1 minute"},"schema":{"@context":"https:\/\/schema.org","@graph":[{"@type":"WebPage","@id":"https:\/\/grontkontor.dk\/en\/shop\/magazine-file-in-recycled-plastic-blue\/","url":"https:\/\/grontkontor.dk\/en\/shop\/magazine-file-in-recycled-plastic-blue\/","name":"Magazine file in recycled plastic - Gr\u00f8nt Kontor","isPartOf":{"@id":"https:\/\/grontkontor.dk\/#website"},"datePublished":"2023-09-22T13:05:04+00:00","dateModified":"2023-09-22T13:05:10+00:00","breadcrumb":{"@id":"https:\/\/grontkontor.dk\/en\/shop\/magazine-file-in-recycled-plastic-blue\/#breadcrumb"},"inLanguage":"en-US","potentialAction":[{"@type":"ReadAction","target":["https:\/\/grontkontor.dk\/en\/shop\/magazine-file-in-recycled-plastic-blue\/"]}]},{"@type":"BreadcrumbList","@id":"https:\/\/grontkontor.dk\/en\/shop\/magazine-file-in-recycled-plastic-blue\/#breadcrumb","itemListElement":[{"@type":"ListItem","position":1,"name":"Forside","item":"https:\/\/grontkontor.dk\/"},{"@type":"ListItem","position":2,"name":"Shop","item":"https:\/\/grontkontor.dk\/en\/shop-2\/"},{"@type":"ListItem","position":3,"name":"Archiving","item":"https:\/\/grontkontor.dk\/en\/produkt-kategori\/storage\/"},{"@type":"ListItem","position":4,"name":"Journal holders","item":"https:\/\/grontkontor.dk\/en\/produkt-kategori\/storage\/magazine-files\/"},{"@type":"ListItem","position":5,"name":"Magazine file in recycled plastic"}]},{"@type":"WebSite","@id":"https:\/\/grontkontor.dk\/#website","url":"https:\/\/grontkontor.dk\/","name":"Gr\u00f8nt Kontor","description":"Milj\u00f8venlige produkter til kontor og erhverv med fokus p\u00e5 b\u00e6redygtighed, design og fair trade.","publisher":{"@id":"https:\/\/grontkontor.dk\/#organization"},"potentialAction":[{"@type":"SearchAction","target":{"@type":"EntryPoint","urlTemplate":"https:\/\/grontkontor.dk\/?s={search_term_string}"},"query-input":"required name=search_term_string"}],"inLanguage":"en-US"},{"@type":"Organization","@id":"https:\/\/grontkontor.dk\/#organization","name":"Gr\u00f8nt Kontor","url":"https:\/\/grontkontor.dk\/","logo":{"@type":"ImageObject","inLanguage":"en-US","@id":"https:\/\/grontkontor.dk\/#\/schema\/logo\/image\/","url":"https:\/\/grontkontor.dk\/wp-content\/uploads\/2014\/02\/Logo_groent_kontor_300x80.png","contentUrl":"https:\/\/grontkontor.dk\/wp-content\/uploads\/2014\/02\/Logo_groent_kontor_300x80.png","width":300,"height":80,"caption":"Gr\u00f8nt Kontor"},"image":{"@id":"https:\/\/grontkontor.dk\/#\/schema\/logo\/image\/"},"sameAs":["https:\/\/www.facebook.com\/grontkontor.dk\/"]}]}},"_links":{"self":[{"href":"https:\/\/grontkontor.dk\/en\/wp-json\/wp\/v2\/product\/71197"}],"collection":[{"href":"https:\/\/grontkontor.dk\/en\/wp-json\/wp\/v2\/product"}],"about":[{"href":"https:\/\/grontkontor.dk\/en\/wp-json\/wp\/v2\/types\/product"}],"replies":[{"embeddable":true,"href":"https:\/\/grontkontor.dk\/en\/wp-json\/wp\/v2\/comments?post=71197"}],"wp:featuredmedia":[{"embeddable":true,"href":"https:\/\/grontkontor.dk\/en\/wp-json\/wp\/v2\/media\/12748"}],"wp:attachment":[{"href":"https:\/\/grontkontor.dk\/en\/wp-json\/wp\/v2\/media?parent=71197"}],"wp:term":[{"taxonomy":"product_cat","embeddable":true,"href":"https:\/\/grontkontor.dk\/en\/wp-json\/wp\/v2\/product_cat?post=71197"},{"taxonomy":"product_tag","embeddable":true,"href":"https:\/\/grontkontor.dk\/en\/wp-json\/wp\/v2\/product_tag?post=71197"}],"curies":[{"name":"wp","href":"https:\/\/api.w.org\/{rel}","templated":true}]}}