{"id":71210,"date":"2023-09-22T13:04:54","date_gmt":"2023-09-22T13:05:04","guid":{"rendered":"https:\/\/grontkontor.dk\/produkt\/document-folder-a4-cardboard\/"},"modified":"2023-09-22T15:05:15","modified_gmt":"2023-09-22T13:05:15","slug":"document-folder-a4-cardboard","status":"publish","type":"product","link":"https:\/\/grontkontor.dk\/en\/shop\/document-folder-a4-cardboard\/","title":{"rendered":"Document folder A4"},"content":{"rendered":"<p>Spacious briefcase with elastic closure for storing loose A4 documents. Three extra cardboard flaps have been added to the inside of the cartridge so the documents remain perfectly in the folder. The documents will not be damaged or curled as a result.<br \/>\nThe folder is made of heavy duty double-sided FSC-certified recycled cardboard (850 gr).<br \/>\n<a href=\"https:\/\/ic.fsc.org\/en\/\" target=\"window\"><img loading=\"lazy\" decoding=\"async\" class=\"size-full wp-image-12735\" src=\"https:\/\/grontkontor.dk\/wp-content\/uploads\/2019\/04\/fsc-certificeret.png\" \n\t\t alt=\"FSC-certificeret\" title=\"FSC-certificeret\" width=\"44\" height=\"51\" border=0\/><\/a><\/p>\n","protected":false},"excerpt":{"rendered":"<p>Spacious briefcase with elastic closure for storing loose A4 documents. Three extra cardboard flaps have been added to the inside of the cartridge so the documents remain perfectly in the folder. The documents will not be damaged or curled as a result. The folder is made of heavy duty double-sided FSC-certified recycled cardboard (850 gr).<\/p>\n","protected":false},"featured_media":12976,"comment_status":"closed","ping_status":"closed","template":"","meta":{"_acf_changed":false},"product_cat":[1276,2106,1278,1841,1853],"product_tag":[1627,1628],"class_list":{"0":"post-71210","1":"product","2":"type-product","3":"status-publish","4":"has-post-thumbnail","6":"product_cat-storage","7":"product_cat-dummy-moq-1-en","8":"product_cat-folders","9":"product_cat-kraft-recycling","10":"product_cat-product-series","11":"product_tag-dokumentmappe-en","12":"product_tag-praesentationsmappe-en","13":"pa_farve-black","14":"pa_farve-blue","15":"pa_farve-grey-en-2","16":"tm-has-options","18":"first","19":"onbackorder","20":"taxable","21":"shipping-taxable","22":"purchasable","23":"product-type-simple"},"acf":[],"yoast_head":"<!-- This site is optimized with the Yoast SEO Premium plugin v21.2 (Yoast SEO v21.2) - https:\/\/yoast.com\/wordpress\/plugins\/seo\/ -->\n<title>Document folder A4 - Gr\u00f8nt Kontor<\/title>\n<meta name=\"robots\" content=\"index, follow, max-snippet:-1, max-image-preview:large, max-video-preview:-1\" \/>\n<link rel=\"canonical\" href=\"https:\/\/grontkontor.dk\/shop\/dokumentmappe-a4-kraft-pap\/\" \/>\n<meta property=\"og:locale\" content=\"en_US\" \/>\n<meta property=\"og:type\" content=\"article\" \/>\n<meta property=\"og:title\" content=\"Document folder A4\" \/>\n<meta property=\"og:description\" content=\"Spacious briefcase with elastic closure for storing loose A4 documents. Three extra cardboard flaps have been added to the inside of the cartridge so the documents remain perfectly in the folder. The documents will not be damaged or curled as a result. The folder is made of heavy duty double-sided FSC-certified recycled cardboard (850 gr).\" \/>\n<meta property=\"og:url\" content=\"https:\/\/grontkontor.dk\/shop\/dokumentmappe-a4-kraft-pap\/\" \/>\n<meta property=\"og:site_name\" content=\"Gr\u00f8nt Kontor\" \/>\n<meta property=\"article:publisher\" content=\"https:\/\/www.facebook.com\/grontkontor.dk\/\" \/>\n<meta property=\"article:modified_time\" content=\"2023-09-22T13:05:15+00:00\" \/>\n<meta property=\"og:image\" content=\"https:\/\/grontkontor.dk\/wp-content\/uploads\/2019\/04\/dokument-mappe-a4-01-1.jpg\" \/>\n\t<meta property=\"og:image:width\" content=\"800\" \/>\n\t<meta property=\"og:image:height\" content=\"568\" \/>\n\t<meta property=\"og:image:type\" content=\"image\/jpeg\" \/>\n<meta name=\"twitter:card\" content=\"summary_large_image\" \/>\n<script type=\"application\/ld+json\" class=\"yoast-schema-graph\">{\"@context\":\"https:\/\/schema.org\",\"@graph\":[{\"@type\":\"WebPage\",\"@id\":\"https:\/\/grontkontor.dk\/shop\/dokumentmappe-a4-kraft-pap\/\",\"url\":\"https:\/\/grontkontor.dk\/shop\/dokumentmappe-a4-kraft-pap\/\",\"name\":\"Document folder A4 - Gr\u00f8nt Kontor\",\"isPartOf\":{\"@id\":\"https:\/\/grontkontor.dk\/#website\"},\"datePublished\":\"2023-09-22T13:05:04+00:00\",\"dateModified\":\"2023-09-22T13:05:15+00:00\",\"breadcrumb\":{\"@id\":\"https:\/\/grontkontor.dk\/shop\/dokumentmappe-a4-kraft-pap\/#breadcrumb\"},\"inLanguage\":\"en-US\",\"potentialAction\":[{\"@type\":\"ReadAction\",\"target\":[\"https:\/\/grontkontor.dk\/shop\/dokumentmappe-a4-kraft-pap\/\"]}]},{\"@type\":\"BreadcrumbList\",\"@id\":\"https:\/\/grontkontor.dk\/shop\/dokumentmappe-a4-kraft-pap\/#breadcrumb\",\"itemListElement\":[{\"@type\":\"ListItem\",\"position\":1,\"name\":\"Forside\",\"item\":\"https:\/\/grontkontor.dk\/\"},{\"@type\":\"ListItem\",\"position\":2,\"name\":\"Shop\",\"item\":\"https:\/\/grontkontor.dk\/en\/shop-2\/\"},{\"@type\":\"ListItem\",\"position\":3,\"name\":\"Archiving\",\"item\":\"https:\/\/grontkontor.dk\/en\/produkt-kategori\/storage\/\"},{\"@type\":\"ListItem\",\"position\":4,\"name\":\"Folders and clipboards\",\"item\":\"https:\/\/grontkontor.dk\/en\/produkt-kategori\/storage\/folders\/\"},{\"@type\":\"ListItem\",\"position\":5,\"name\":\"Document folder A4\"}]},{\"@type\":\"WebSite\",\"@id\":\"https:\/\/grontkontor.dk\/#website\",\"url\":\"https:\/\/grontkontor.dk\/\",\"name\":\"Gr\u00f8nt Kontor\",\"description\":\"Milj\u00f8venlige produkter til kontor og erhverv med fokus p\u00e5 b\u00e6redygtighed, design og fair trade.\",\"publisher\":{\"@id\":\"https:\/\/grontkontor.dk\/#organization\"},\"potentialAction\":[{\"@type\":\"SearchAction\",\"target\":{\"@type\":\"EntryPoint\",\"urlTemplate\":\"https:\/\/grontkontor.dk\/?s={search_term_string}\"},\"query-input\":\"required name=search_term_string\"}],\"inLanguage\":\"en-US\"},{\"@type\":\"Organization\",\"@id\":\"https:\/\/grontkontor.dk\/#organization\",\"name\":\"Gr\u00f8nt Kontor\",\"url\":\"https:\/\/grontkontor.dk\/\",\"logo\":{\"@type\":\"ImageObject\",\"inLanguage\":\"en-US\",\"@id\":\"https:\/\/grontkontor.dk\/#\/schema\/logo\/image\/\",\"url\":\"https:\/\/grontkontor.dk\/wp-content\/uploads\/2014\/02\/Logo_groent_kontor_300x80.png\",\"contentUrl\":\"https:\/\/grontkontor.dk\/wp-content\/uploads\/2014\/02\/Logo_groent_kontor_300x80.png\",\"width\":300,\"height\":80,\"caption\":\"Gr\u00f8nt Kontor\"},\"image\":{\"@id\":\"https:\/\/grontkontor.dk\/#\/schema\/logo\/image\/\"},\"sameAs\":[\"https:\/\/www.facebook.com\/grontkontor.dk\/\"]}]}<\/script>\n<!-- \/ Yoast SEO Premium plugin. -->","yoast_head_json":{"title":"Document folder A4 - Gr\u00f8nt Kontor","robots":{"index":"index","follow":"follow","max-snippet":"max-snippet:-1","max-image-preview":"max-image-preview:large","max-video-preview":"max-video-preview:-1"},"canonical":"https:\/\/grontkontor.dk\/shop\/dokumentmappe-a4-kraft-pap\/","og_locale":"en_US","og_type":"article","og_title":"Document folder A4","og_description":"Spacious briefcase with elastic closure for storing loose A4 documents. Three extra cardboard flaps have been added to the inside of the cartridge so the documents remain perfectly in the folder. The documents will not be damaged or curled as a result. The folder is made of heavy duty double-sided FSC-certified recycled cardboard (850 gr).","og_url":"https:\/\/grontkontor.dk\/shop\/dokumentmappe-a4-kraft-pap\/","og_site_name":"Gr\u00f8nt Kontor","article_publisher":"https:\/\/www.facebook.com\/grontkontor.dk\/","article_modified_time":"2023-09-22T13:05:15+00:00","og_image":[{"width":800,"height":568,"url":"https:\/\/grontkontor.dk\/wp-content\/uploads\/2019\/04\/dokument-mappe-a4-01-1.jpg","type":"image\/jpeg"}],"twitter_card":"summary_large_image","schema":{"@context":"https:\/\/schema.org","@graph":[{"@type":"WebPage","@id":"https:\/\/grontkontor.dk\/shop\/dokumentmappe-a4-kraft-pap\/","url":"https:\/\/grontkontor.dk\/shop\/dokumentmappe-a4-kraft-pap\/","name":"Document folder A4 - Gr\u00f8nt Kontor","isPartOf":{"@id":"https:\/\/grontkontor.dk\/#website"},"datePublished":"2023-09-22T13:05:04+00:00","dateModified":"2023-09-22T13:05:15+00:00","breadcrumb":{"@id":"https:\/\/grontkontor.dk\/shop\/dokumentmappe-a4-kraft-pap\/#breadcrumb"},"inLanguage":"en-US","potentialAction":[{"@type":"ReadAction","target":["https:\/\/grontkontor.dk\/shop\/dokumentmappe-a4-kraft-pap\/"]}]},{"@type":"BreadcrumbList","@id":"https:\/\/grontkontor.dk\/shop\/dokumentmappe-a4-kraft-pap\/#breadcrumb","itemListElement":[{"@type":"ListItem","position":1,"name":"Forside","item":"https:\/\/grontkontor.dk\/"},{"@type":"ListItem","position":2,"name":"Shop","item":"https:\/\/grontkontor.dk\/en\/shop-2\/"},{"@type":"ListItem","position":3,"name":"Archiving","item":"https:\/\/grontkontor.dk\/en\/produkt-kategori\/storage\/"},{"@type":"ListItem","position":4,"name":"Folders and clipboards","item":"https:\/\/grontkontor.dk\/en\/produkt-kategori\/storage\/folders\/"},{"@type":"ListItem","position":5,"name":"Document folder A4"}]},{"@type":"WebSite","@id":"https:\/\/grontkontor.dk\/#website","url":"https:\/\/grontkontor.dk\/","name":"Gr\u00f8nt Kontor","description":"Milj\u00f8venlige produkter til kontor og erhverv med fokus p\u00e5 b\u00e6redygtighed, design og fair trade.","publisher":{"@id":"https:\/\/grontkontor.dk\/#organization"},"potentialAction":[{"@type":"SearchAction","target":{"@type":"EntryPoint","urlTemplate":"https:\/\/grontkontor.dk\/?s={search_term_string}"},"query-input":"required name=search_term_string"}],"inLanguage":"en-US"},{"@type":"Organization","@id":"https:\/\/grontkontor.dk\/#organization","name":"Gr\u00f8nt Kontor","url":"https:\/\/grontkontor.dk\/","logo":{"@type":"ImageObject","inLanguage":"en-US","@id":"https:\/\/grontkontor.dk\/#\/schema\/logo\/image\/","url":"https:\/\/grontkontor.dk\/wp-content\/uploads\/2014\/02\/Logo_groent_kontor_300x80.png","contentUrl":"https:\/\/grontkontor.dk\/wp-content\/uploads\/2014\/02\/Logo_groent_kontor_300x80.png","width":300,"height":80,"caption":"Gr\u00f8nt Kontor"},"image":{"@id":"https:\/\/grontkontor.dk\/#\/schema\/logo\/image\/"},"sameAs":["https:\/\/www.facebook.com\/grontkontor.dk\/"]}]}},"_links":{"self":[{"href":"https:\/\/grontkontor.dk\/en\/wp-json\/wp\/v2\/product\/71210"}],"collection":[{"href":"https:\/\/grontkontor.dk\/en\/wp-json\/wp\/v2\/product"}],"about":[{"href":"https:\/\/grontkontor.dk\/en\/wp-json\/wp\/v2\/types\/product"}],"replies":[{"embeddable":true,"href":"https:\/\/grontkontor.dk\/en\/wp-json\/wp\/v2\/comments?post=71210"}],"wp:featuredmedia":[{"embeddable":true,"href":"https:\/\/grontkontor.dk\/en\/wp-json\/wp\/v2\/media\/12976"}],"wp:attachment":[{"href":"https:\/\/grontkontor.dk\/en\/wp-json\/wp\/v2\/media?parent=71210"}],"wp:term":[{"taxonomy":"product_cat","embeddable":true,"href":"https:\/\/grontkontor.dk\/en\/wp-json\/wp\/v2\/product_cat?post=71210"},{"taxonomy":"product_tag","embeddable":true,"href":"https:\/\/grontkontor.dk\/en\/wp-json\/wp\/v2\/product_tag?post=71210"}],"curies":[{"name":"wp","href":"https:\/\/api.w.org\/{rel}","templated":true}]}}