{"id":71217,"date":"2023-09-22T13:05:07","date_gmt":"2023-09-22T13:05:19","guid":{"rendered":"https:\/\/grontkontor.dk\/produkt\/letter-tray-recycled-plastic-black\/"},"modified":"2023-09-22T15:05:23","modified_gmt":"2023-09-22T13:05:23","slug":"letter-tray-recycled-plastic-black","status":"publish","type":"product","link":"https:\/\/grontkontor.dk\/en\/shop\/letter-tray-recycled-plastic-black\/","title":{"rendered":"Business letter tray in recycled plastic"},"content":{"rendered":"<p>Trendy og klimavenlig brevbakke A4 i genbrugsplast til dine dokumenter. Stabelbar.<br \/>\nM\u00e5l:\u00a0LxBxH 338 x 257 x 65 mm. Bl\u00e5 Engel certificeret.<br \/>\nF\u00e5s ogs\u00e5 i gr\u00e5 og bl\u00e5. Prisen g\u00e6lder for 1 stk.<\/p>\n<p>Genbrugsplast er \u2013 dets fossile oprindelse til trods \u2013 et klimavenligt materiale. Plast har et ekstremt h\u00f8jt kulstofindhold, s\u00e5 genbrugsplast fungerer som kulstofdepot. Bliver plast ikke genbrugt, vil det enten nedbrydes til CO2 og dermed bidrage til drivhuseffekten, eller ende op som forurenende affald.<br \/>\nFor hvert ton genbrugt plast spares der 3,8 t\u00f8nder olie.<\/p>\nThe Blaue Engel certification is a German state ecolabel which certifies that a product is the most sustainable choice in its category. \n<p>&nbsp;<\/p>\n<p><img loading=\"lazy\" decoding=\"async\" class=\"size-medium wp-image-21008\" src=\"https:\/\/grontkontor.dk\/wp-content\/uploads\/2020\/11\/eu-flag_1-300x199.jpg\" alt=\"Fremstillet i EU\" width=\"76\" height=\"50\" srcset=\"https:\/\/grontkontor.dk\/wp-content\/uploads\/2020\/11\/eu-flag_1-300x199.jpg 300w, https:\/\/grontkontor.dk\/wp-content\/uploads\/2020\/11\/eu-flag_1.jpg 530w\" sizes=\"(max-width: 76px) 100vw, 76px\" \/><img loading=\"lazy\" decoding=\"async\" src=\"https:\/\/grontkontor.dk\/wp-content\/uploads\/2021\/02\/genbrug.jpg\" alt=\"Fremstillet af genbrugsmaterialer\" width=\"50\" height=\"50\" class=\"size-full wp-image-23031\" srcset=\"https:\/\/grontkontor.dk\/wp-content\/uploads\/2021\/02\/genbrug.jpg 199w, https:\/\/grontkontor.dk\/wp-content\/uploads\/2021\/02\/genbrug-100x100.jpg 100w\" sizes=\"(max-width: 50px) 100vw, 50px\" \/><a href=\"https:\/\/en.wikipedia.org\/wiki\/Blue_Angel_(certification)\" rel=\"noopener\" target=\"_blank\"><img loading=\"lazy\" decoding=\"async\" class=\"size-full wp-image-12701\" src=\"https:\/\/grontkontor.dk\/wp-content\/uploads\/2019\/04\/blaa-engel.png\" \n\t\t alt=\"Bl? engel certificeret\" title=\"Bl? engel certificeret\" width=\"57\" height=\"62\" border=0 \/><\/a><\/p>\n","protected":false},"excerpt":{"rendered":"<p>Trendy og klimavenlig brevbakke A4 i genbrugsplast til dine dokumenter. Stabelbar. M\u00e5l:\u00a0LxBxH 338 x 257 x 65 mm. Bl\u00e5 Engel certificeret. F\u00e5s ogs\u00e5 i gr\u00e5 og bl\u00e5. Prisen g\u00e6lder for 1 stk. Genbrugsplast er \u2013 dets fossile oprindelse til trods \u2013 et klimavenligt materiale. Plast har et ekstremt h\u00f8jt kulstofindhold, s\u00e5 genbrugsplast fungerer som kulstofdepot. [&hellip;]<\/p>\n","protected":false},"featured_media":12892,"comment_status":"closed","ping_status":"closed","template":"","meta":{"_acf_changed":false},"product_cat":[2106,1306,1853,1850,1305],"product_tag":[1528,1529,2043,1527],"class_list":{"0":"post-71217","1":"product","2":"type-product","3":"status-publish","4":"has-post-thumbnail","6":"product_cat-dummy-moq-1-en","7":"product_cat-letter-trays","8":"product_cat-product-series","9":"product_cat-recycled-plastic-black","10":"product_cat-desktop-utensils","11":"product_tag-brev-bakke-en","12":"product_tag-brevbakker-en","13":"product_tag-genbrugsplast-en","14":"product_tag-brevbakke-en","15":"pa_farve-black","16":"pa_farve-blue","17":"pa_farve-grey-en-2","18":"tm-has-options","20":"first","21":"instock","22":"taxable","23":"shipping-taxable","24":"purchasable","25":"product-type-simple"},"acf":[],"yoast_head":"<!-- This site is optimized with the Yoast SEO Premium plugin v21.2 (Yoast SEO v21.2) - https:\/\/yoast.com\/wordpress\/plugins\/seo\/ -->\n<title>Business letter tray in recycled plastic - Gr\u00f8nt Kontor<\/title>\n<meta name=\"robots\" content=\"index, follow, max-snippet:-1, max-image-preview:large, max-video-preview:-1\" \/>\n<link rel=\"canonical\" href=\"https:\/\/grontkontor.dk\/en\/shop\/letter-tray-recycled-plastic-black\/\" \/>\n<meta property=\"og:locale\" content=\"en_US\" \/>\n<meta property=\"og:type\" content=\"article\" \/>\n<meta property=\"og:title\" content=\"Business letter tray in recycled plastic\" \/>\n<meta property=\"og:description\" content=\"Trendy og klimavenlig brevbakke A4 i genbrugsplast til dine dokumenter. Stabelbar. M\u00e5l:\u00a0LxBxH 338 x 257 x 65 mm. Bl\u00e5 Engel certificeret. F\u00e5s ogs\u00e5 i gr\u00e5 og bl\u00e5. Prisen g\u00e6lder for 1 stk. Genbrugsplast er \u2013 dets fossile oprindelse til trods \u2013 et klimavenligt materiale. Plast har et ekstremt h\u00f8jt kulstofindhold, s\u00e5 genbrugsplast fungerer som kulstofdepot. [&hellip;]\" \/>\n<meta property=\"og:url\" content=\"https:\/\/grontkontor.dk\/en\/shop\/letter-tray-recycled-plastic-black\/\" \/>\n<meta property=\"og:site_name\" content=\"Gr\u00f8nt Kontor\" \/>\n<meta property=\"article:publisher\" content=\"https:\/\/www.facebook.com\/grontkontor.dk\/\" \/>\n<meta property=\"article:modified_time\" content=\"2023-09-22T13:05:23+00:00\" \/>\n<meta property=\"og:image\" content=\"https:\/\/grontkontor.dk\/wp-content\/uploads\/2019\/04\/brevbakke-genbrugsplast-sort-03.jpg\" \/>\n\t<meta property=\"og:image:width\" content=\"800\" \/>\n\t<meta property=\"og:image:height\" content=\"568\" \/>\n\t<meta property=\"og:image:type\" content=\"image\/jpeg\" \/>\n<meta name=\"twitter:card\" content=\"summary_large_image\" \/>\n<script type=\"application\/ld+json\" class=\"yoast-schema-graph\">{\"@context\":\"https:\/\/schema.org\",\"@graph\":[{\"@type\":\"WebPage\",\"@id\":\"https:\/\/grontkontor.dk\/en\/shop\/letter-tray-recycled-plastic-black\/\",\"url\":\"https:\/\/grontkontor.dk\/en\/shop\/letter-tray-recycled-plastic-black\/\",\"name\":\"Business letter tray in recycled plastic - Gr\u00f8nt Kontor\",\"isPartOf\":{\"@id\":\"https:\/\/grontkontor.dk\/#website\"},\"datePublished\":\"2023-09-22T13:05:19+00:00\",\"dateModified\":\"2023-09-22T13:05:23+00:00\",\"breadcrumb\":{\"@id\":\"https:\/\/grontkontor.dk\/en\/shop\/letter-tray-recycled-plastic-black\/#breadcrumb\"},\"inLanguage\":\"en-US\",\"potentialAction\":[{\"@type\":\"ReadAction\",\"target\":[\"https:\/\/grontkontor.dk\/en\/shop\/letter-tray-recycled-plastic-black\/\"]}]},{\"@type\":\"BreadcrumbList\",\"@id\":\"https:\/\/grontkontor.dk\/en\/shop\/letter-tray-recycled-plastic-black\/#breadcrumb\",\"itemListElement\":[{\"@type\":\"ListItem\",\"position\":1,\"name\":\"Forside\",\"item\":\"https:\/\/grontkontor.dk\/\"},{\"@type\":\"ListItem\",\"position\":2,\"name\":\"Shop\",\"item\":\"https:\/\/grontkontor.dk\/en\/shop-2\/\"},{\"@type\":\"ListItem\",\"position\":3,\"name\":\"Skrivebordsudstyr\",\"item\":\"https:\/\/grontkontor.dk\/en\/produkt-kategori\/desktop-utensils\/\"},{\"@type\":\"ListItem\",\"position\":4,\"name\":\"Letter trays\",\"item\":\"https:\/\/grontkontor.dk\/en\/produkt-kategori\/desktop-utensils\/letter-trays\/\"},{\"@type\":\"ListItem\",\"position\":5,\"name\":\"Business letter tray in recycled plastic\"}]},{\"@type\":\"WebSite\",\"@id\":\"https:\/\/grontkontor.dk\/#website\",\"url\":\"https:\/\/grontkontor.dk\/\",\"name\":\"Gr\u00f8nt Kontor\",\"description\":\"Milj\u00f8venlige produkter til kontor og erhverv med fokus p\u00e5 b\u00e6redygtighed, design og fair trade.\",\"publisher\":{\"@id\":\"https:\/\/grontkontor.dk\/#organization\"},\"potentialAction\":[{\"@type\":\"SearchAction\",\"target\":{\"@type\":\"EntryPoint\",\"urlTemplate\":\"https:\/\/grontkontor.dk\/?s={search_term_string}\"},\"query-input\":\"required name=search_term_string\"}],\"inLanguage\":\"en-US\"},{\"@type\":\"Organization\",\"@id\":\"https:\/\/grontkontor.dk\/#organization\",\"name\":\"Gr\u00f8nt Kontor\",\"url\":\"https:\/\/grontkontor.dk\/\",\"logo\":{\"@type\":\"ImageObject\",\"inLanguage\":\"en-US\",\"@id\":\"https:\/\/grontkontor.dk\/#\/schema\/logo\/image\/\",\"url\":\"https:\/\/grontkontor.dk\/wp-content\/uploads\/2014\/02\/Logo_groent_kontor_300x80.png\",\"contentUrl\":\"https:\/\/grontkontor.dk\/wp-content\/uploads\/2014\/02\/Logo_groent_kontor_300x80.png\",\"width\":300,\"height\":80,\"caption\":\"Gr\u00f8nt Kontor\"},\"image\":{\"@id\":\"https:\/\/grontkontor.dk\/#\/schema\/logo\/image\/\"},\"sameAs\":[\"https:\/\/www.facebook.com\/grontkontor.dk\/\"]}]}<\/script>\n<!-- \/ Yoast SEO Premium plugin. -->","yoast_head_json":{"title":"Business letter tray in recycled plastic - Gr\u00f8nt Kontor","robots":{"index":"index","follow":"follow","max-snippet":"max-snippet:-1","max-image-preview":"max-image-preview:large","max-video-preview":"max-video-preview:-1"},"canonical":"https:\/\/grontkontor.dk\/en\/shop\/letter-tray-recycled-plastic-black\/","og_locale":"en_US","og_type":"article","og_title":"Business letter tray in recycled plastic","og_description":"Trendy og klimavenlig brevbakke A4 i genbrugsplast til dine dokumenter. Stabelbar. M\u00e5l:\u00a0LxBxH 338 x 257 x 65 mm. Bl\u00e5 Engel certificeret. F\u00e5s ogs\u00e5 i gr\u00e5 og bl\u00e5. Prisen g\u00e6lder for 1 stk. Genbrugsplast er \u2013 dets fossile oprindelse til trods \u2013 et klimavenligt materiale. Plast har et ekstremt h\u00f8jt kulstofindhold, s\u00e5 genbrugsplast fungerer som kulstofdepot. [&hellip;]","og_url":"https:\/\/grontkontor.dk\/en\/shop\/letter-tray-recycled-plastic-black\/","og_site_name":"Gr\u00f8nt Kontor","article_publisher":"https:\/\/www.facebook.com\/grontkontor.dk\/","article_modified_time":"2023-09-22T13:05:23+00:00","og_image":[{"width":800,"height":568,"url":"https:\/\/grontkontor.dk\/wp-content\/uploads\/2019\/04\/brevbakke-genbrugsplast-sort-03.jpg","type":"image\/jpeg"}],"twitter_card":"summary_large_image","schema":{"@context":"https:\/\/schema.org","@graph":[{"@type":"WebPage","@id":"https:\/\/grontkontor.dk\/en\/shop\/letter-tray-recycled-plastic-black\/","url":"https:\/\/grontkontor.dk\/en\/shop\/letter-tray-recycled-plastic-black\/","name":"Business letter tray in recycled plastic - Gr\u00f8nt Kontor","isPartOf":{"@id":"https:\/\/grontkontor.dk\/#website"},"datePublished":"2023-09-22T13:05:19+00:00","dateModified":"2023-09-22T13:05:23+00:00","breadcrumb":{"@id":"https:\/\/grontkontor.dk\/en\/shop\/letter-tray-recycled-plastic-black\/#breadcrumb"},"inLanguage":"en-US","potentialAction":[{"@type":"ReadAction","target":["https:\/\/grontkontor.dk\/en\/shop\/letter-tray-recycled-plastic-black\/"]}]},{"@type":"BreadcrumbList","@id":"https:\/\/grontkontor.dk\/en\/shop\/letter-tray-recycled-plastic-black\/#breadcrumb","itemListElement":[{"@type":"ListItem","position":1,"name":"Forside","item":"https:\/\/grontkontor.dk\/"},{"@type":"ListItem","position":2,"name":"Shop","item":"https:\/\/grontkontor.dk\/en\/shop-2\/"},{"@type":"ListItem","position":3,"name":"Skrivebordsudstyr","item":"https:\/\/grontkontor.dk\/en\/produkt-kategori\/desktop-utensils\/"},{"@type":"ListItem","position":4,"name":"Letter trays","item":"https:\/\/grontkontor.dk\/en\/produkt-kategori\/desktop-utensils\/letter-trays\/"},{"@type":"ListItem","position":5,"name":"Business letter tray in recycled plastic"}]},{"@type":"WebSite","@id":"https:\/\/grontkontor.dk\/#website","url":"https:\/\/grontkontor.dk\/","name":"Gr\u00f8nt Kontor","description":"Milj\u00f8venlige produkter til kontor og erhverv med fokus p\u00e5 b\u00e6redygtighed, design og fair trade.","publisher":{"@id":"https:\/\/grontkontor.dk\/#organization"},"potentialAction":[{"@type":"SearchAction","target":{"@type":"EntryPoint","urlTemplate":"https:\/\/grontkontor.dk\/?s={search_term_string}"},"query-input":"required name=search_term_string"}],"inLanguage":"en-US"},{"@type":"Organization","@id":"https:\/\/grontkontor.dk\/#organization","name":"Gr\u00f8nt Kontor","url":"https:\/\/grontkontor.dk\/","logo":{"@type":"ImageObject","inLanguage":"en-US","@id":"https:\/\/grontkontor.dk\/#\/schema\/logo\/image\/","url":"https:\/\/grontkontor.dk\/wp-content\/uploads\/2014\/02\/Logo_groent_kontor_300x80.png","contentUrl":"https:\/\/grontkontor.dk\/wp-content\/uploads\/2014\/02\/Logo_groent_kontor_300x80.png","width":300,"height":80,"caption":"Gr\u00f8nt Kontor"},"image":{"@id":"https:\/\/grontkontor.dk\/#\/schema\/logo\/image\/"},"sameAs":["https:\/\/www.facebook.com\/grontkontor.dk\/"]}]}},"_links":{"self":[{"href":"https:\/\/grontkontor.dk\/en\/wp-json\/wp\/v2\/product\/71217"}],"collection":[{"href":"https:\/\/grontkontor.dk\/en\/wp-json\/wp\/v2\/product"}],"about":[{"href":"https:\/\/grontkontor.dk\/en\/wp-json\/wp\/v2\/types\/product"}],"replies":[{"embeddable":true,"href":"https:\/\/grontkontor.dk\/en\/wp-json\/wp\/v2\/comments?post=71217"}],"wp:featuredmedia":[{"embeddable":true,"href":"https:\/\/grontkontor.dk\/en\/wp-json\/wp\/v2\/media\/12892"}],"wp:attachment":[{"href":"https:\/\/grontkontor.dk\/en\/wp-json\/wp\/v2\/media?parent=71217"}],"wp:term":[{"taxonomy":"product_cat","embeddable":true,"href":"https:\/\/grontkontor.dk\/en\/wp-json\/wp\/v2\/product_cat?post=71217"},{"taxonomy":"product_tag","embeddable":true,"href":"https:\/\/grontkontor.dk\/en\/wp-json\/wp\/v2\/product_tag?post=71217"}],"curies":[{"name":"wp","href":"https:\/\/api.w.org\/{rel}","templated":true}]}}