{"id":71310,"date":"2023-09-22T12:59:46","date_gmt":"2023-09-22T13:06:54","guid":{"rendered":"https:\/\/grontkontor.dk\/produkt\/cap-in-robust-cork\/"},"modified":"2025-11-06T11:18:59","modified_gmt":"2025-11-06T10:18:59","slug":"cap-i-kork","status":"publish","type":"product","link":"https:\/\/grontkontor.dk\/en\/shop\/cap-i-kork\/","title":{"rendered":"Cap in robust cork w\/o print"},"content":{"rendered":"<p>A cap in climate-friendly cork is a unique and stylish alternative to traditional caps. Cork is an environmentally friendly natural material that is both light, robust and naturally water-repellent. This gives a cap that is not only eye-catching, but also lasts for daily use in all kinds of weather.  <\/p>\n<p>This cap is handmade in Portugal, where traditional craftsmanship and consideration for materials come together. Each cap gets its own unique look because the natural structure of the cork varies, making it an eye-catching accessory. The climate-friendly cork also makes the product an obvious choice for companies and organizations that want to signal environmentally friendly values in a practical and elegant way.  <\/p>\n<p>The cap is available in assorted colors, so there is something for everyone. It can be delivered with logo print, making it perfect as a corporate gift, promotional item or as part of a profile collection for employees. When your logo is printed on an eco-friendly cap in cork, you get a distinctive and visible branding effect while supporting a green message.  <\/p>\n<p>A cap in cork is therefore more than just sun protection \u2013 it is a climate-friendly accessory that combines function, design and consideration for the climate. An obvious choice for both events, fairs and everyday use. <\/p>\nCork is a highly sustainable, biodegradable and compostable natural material that originates from the cork oak that grows throughout the Mediterranean region. Cork is a rapidly regenerating resource that can be harvested every year from the same tree. Additionally, cork forests support one of the highest levels of biodiversity compared to other forest types. \n<p>&nbsp;<\/p>\n<img loading=\"lazy\" decoding=\"async\" class=\"size-medium wp-image-21008\" src=\"https:\/\/grontkontor.dk\/wp-content\/uploads\/2020\/11\/eu-flag_1-300x199.jpg\" alt=\"Fremstillet i EU\" width=\"76\" height=\"50\" srcset=\"https:\/\/grontkontor.dk\/wp-content\/uploads\/2020\/11\/eu-flag_1-300x199.jpg 300w, https:\/\/grontkontor.dk\/wp-content\/uploads\/2020\/11\/eu-flag_1.jpg 530w\" sizes=\"(max-width: 76px) 100vw, 76px\" \/>\n","protected":false},"excerpt":{"rendered":"<p>A cap in climate-friendly cork is a unique and stylish alternative to traditional caps. Cork is an environmentally friendly natural material that is both light, robust and naturally water-repellent. This gives a cap that is not only eye-catching, but also lasts for daily use in all kinds of weather. This cap is handmade in Portugal, [&hellip;]<\/p>\n","protected":false},"featured_media":13504,"comment_status":"closed","ping_status":"closed","template":"","meta":{"_acf_changed":false},"product_cat":[3066,4837,1262,1867,2106,1853,3144],"product_tag":[1748,1749],"class_list":{"0":"post-71310","1":"product","2":"type-product","3":"status-publish","4":"has-post-thumbnail","6":"product_cat-general-price-dummy","7":"product_cat-headdress","8":"product_cat-sustainable-presents","9":"product_cat-cork-products-uk","10":"product_cat-dummy-moq-1-en","11":"product_cat-product-series","12":"product_cat-sports-and-leisure","13":"product_tag-kasket-en","14":"product_tag-hovedbeklaedning-en","15":"pa_farve-brun-en","16":"pa_farve-roedbrun-en","17":"pa_farve-mix-en","18":"pa_farve-natur-en","19":"tm-has-options","21":"first","22":"instock","23":"sale","24":"taxable","25":"shipping-taxable","26":"purchasable","27":"product-type-simple"},"acf":[],"yoast_head":"<!-- This site is optimized with the Yoast SEO Premium plugin v21.2 (Yoast SEO v21.2) - https:\/\/yoast.com\/wordpress\/plugins\/seo\/ -->\n<title>Cap in robust cork w\/o print - Gr\u00f8nt Kontor<\/title>\n<meta name=\"description\" content=\"Climate-friendly cap in cork. Water repellent cap, handmade in Portugal. Eco-friendly accessory in assorted colours. Can be supplied with logo print.\" \/>\n<meta name=\"robots\" content=\"index, follow, max-snippet:-1, max-image-preview:large, max-video-preview:-1\" \/>\n<link rel=\"canonical\" href=\"https:\/\/grontkontor.dk\/en\/shop\/cap-i-kork\/\" \/>\n<meta property=\"og:locale\" content=\"en_US\" \/>\n<meta property=\"og:type\" content=\"article\" \/>\n<meta property=\"og:title\" content=\"Cap in robust cork w\/o print\" \/>\n<meta property=\"og:description\" content=\"Climate-friendly cap in cork. Water repellent cap, handmade in Portugal. Eco-friendly accessory in assorted colours. Can be supplied with logo print.\" \/>\n<meta property=\"og:url\" content=\"https:\/\/grontkontor.dk\/en\/shop\/cap-i-kork\/\" \/>\n<meta property=\"og:site_name\" content=\"Gr\u00f8nt Kontor\" \/>\n<meta property=\"article:publisher\" content=\"https:\/\/www.facebook.com\/grontkontor.dk\/\" \/>\n<meta property=\"article:modified_time\" content=\"2025-11-06T10:18:59+00:00\" \/>\n<meta property=\"og:image\" content=\"https:\/\/grontkontor.dk\/wp-content\/uploads\/2017\/03\/cap-kasket-kork-01.jpg\" \/>\n\t<meta property=\"og:image:width\" content=\"800\" \/>\n\t<meta property=\"og:image:height\" content=\"568\" \/>\n\t<meta property=\"og:image:type\" content=\"image\/jpeg\" \/>\n<meta name=\"twitter:card\" content=\"summary_large_image\" \/>\n<meta name=\"twitter:label1\" content=\"Est. reading time\" \/>\n\t<meta name=\"twitter:data1\" content=\"1 minute\" \/>\n<script type=\"application\/ld+json\" class=\"yoast-schema-graph\">{\"@context\":\"https:\/\/schema.org\",\"@graph\":[{\"@type\":\"WebPage\",\"@id\":\"https:\/\/grontkontor.dk\/en\/shop\/cap-i-kork\/\",\"url\":\"https:\/\/grontkontor.dk\/en\/shop\/cap-i-kork\/\",\"name\":\"Cap in robust cork w\/o print - Gr\u00f8nt Kontor\",\"isPartOf\":{\"@id\":\"https:\/\/grontkontor.dk\/#website\"},\"datePublished\":\"2023-09-22T13:06:54+00:00\",\"dateModified\":\"2025-11-06T10:18:59+00:00\",\"description\":\"Climate-friendly cap in cork. Water repellent cap, handmade in Portugal. Eco-friendly accessory in assorted colours. Can be supplied with logo print.\",\"breadcrumb\":{\"@id\":\"https:\/\/grontkontor.dk\/en\/shop\/cap-i-kork\/#breadcrumb\"},\"inLanguage\":\"en-US\",\"potentialAction\":[{\"@type\":\"ReadAction\",\"target\":[\"https:\/\/grontkontor.dk\/en\/shop\/cap-i-kork\/\"]}]},{\"@type\":\"BreadcrumbList\",\"@id\":\"https:\/\/grontkontor.dk\/en\/shop\/cap-i-kork\/#breadcrumb\",\"itemListElement\":[{\"@type\":\"ListItem\",\"position\":1,\"name\":\"Forside\",\"item\":\"https:\/\/grontkontor.dk\/\"},{\"@type\":\"ListItem\",\"position\":2,\"name\":\"Shop\",\"item\":\"https:\/\/grontkontor.dk\/en\/shop-2\/\"},{\"@type\":\"ListItem\",\"position\":3,\"name\":\"Apparel\",\"item\":\"https:\/\/grontkontor.dk\/en\/produkt-kategori\/beklaedning-en\/\"},{\"@type\":\"ListItem\",\"position\":4,\"name\":\"Headdress\",\"item\":\"https:\/\/grontkontor.dk\/en\/produkt-kategori\/beklaedning-en\/headdress\/\"},{\"@type\":\"ListItem\",\"position\":5,\"name\":\"Cap in robust cork w\/o print\"}]},{\"@type\":\"WebSite\",\"@id\":\"https:\/\/grontkontor.dk\/#website\",\"url\":\"https:\/\/grontkontor.dk\/\",\"name\":\"Gr\u00f8nt Kontor\",\"description\":\"Milj\u00f8venlige produkter til kontor og erhverv med fokus p\u00e5 b\u00e6redygtighed, design og fair trade.\",\"publisher\":{\"@id\":\"https:\/\/grontkontor.dk\/#organization\"},\"potentialAction\":[{\"@type\":\"SearchAction\",\"target\":{\"@type\":\"EntryPoint\",\"urlTemplate\":\"https:\/\/grontkontor.dk\/?s={search_term_string}\"},\"query-input\":\"required name=search_term_string\"}],\"inLanguage\":\"en-US\"},{\"@type\":\"Organization\",\"@id\":\"https:\/\/grontkontor.dk\/#organization\",\"name\":\"Gr\u00f8nt Kontor\",\"url\":\"https:\/\/grontkontor.dk\/\",\"logo\":{\"@type\":\"ImageObject\",\"inLanguage\":\"en-US\",\"@id\":\"https:\/\/grontkontor.dk\/#\/schema\/logo\/image\/\",\"url\":\"https:\/\/grontkontor.dk\/wp-content\/uploads\/2014\/02\/Logo_groent_kontor_300x80.png\",\"contentUrl\":\"https:\/\/grontkontor.dk\/wp-content\/uploads\/2014\/02\/Logo_groent_kontor_300x80.png\",\"width\":300,\"height\":80,\"caption\":\"Gr\u00f8nt Kontor\"},\"image\":{\"@id\":\"https:\/\/grontkontor.dk\/#\/schema\/logo\/image\/\"},\"sameAs\":[\"https:\/\/www.facebook.com\/grontkontor.dk\/\"]}]}<\/script>\n<!-- \/ Yoast SEO Premium plugin. -->","yoast_head_json":{"title":"Cap in robust cork w\/o print - Gr\u00f8nt Kontor","description":"Climate-friendly cap in cork. Water repellent cap, handmade in Portugal. Eco-friendly accessory in assorted colours. Can be supplied with logo print.","robots":{"index":"index","follow":"follow","max-snippet":"max-snippet:-1","max-image-preview":"max-image-preview:large","max-video-preview":"max-video-preview:-1"},"canonical":"https:\/\/grontkontor.dk\/en\/shop\/cap-i-kork\/","og_locale":"en_US","og_type":"article","og_title":"Cap in robust cork w\/o print","og_description":"Climate-friendly cap in cork. Water repellent cap, handmade in Portugal. Eco-friendly accessory in assorted colours. Can be supplied with logo print.","og_url":"https:\/\/grontkontor.dk\/en\/shop\/cap-i-kork\/","og_site_name":"Gr\u00f8nt Kontor","article_publisher":"https:\/\/www.facebook.com\/grontkontor.dk\/","article_modified_time":"2025-11-06T10:18:59+00:00","og_image":[{"width":800,"height":568,"url":"https:\/\/grontkontor.dk\/wp-content\/uploads\/2017\/03\/cap-kasket-kork-01.jpg","type":"image\/jpeg"}],"twitter_card":"summary_large_image","twitter_misc":{"Est. reading time":"1 minute"},"schema":{"@context":"https:\/\/schema.org","@graph":[{"@type":"WebPage","@id":"https:\/\/grontkontor.dk\/en\/shop\/cap-i-kork\/","url":"https:\/\/grontkontor.dk\/en\/shop\/cap-i-kork\/","name":"Cap in robust cork w\/o print - Gr\u00f8nt Kontor","isPartOf":{"@id":"https:\/\/grontkontor.dk\/#website"},"datePublished":"2023-09-22T13:06:54+00:00","dateModified":"2025-11-06T10:18:59+00:00","description":"Climate-friendly cap in cork. Water repellent cap, handmade in Portugal. Eco-friendly accessory in assorted colours. Can be supplied with logo print.","breadcrumb":{"@id":"https:\/\/grontkontor.dk\/en\/shop\/cap-i-kork\/#breadcrumb"},"inLanguage":"en-US","potentialAction":[{"@type":"ReadAction","target":["https:\/\/grontkontor.dk\/en\/shop\/cap-i-kork\/"]}]},{"@type":"BreadcrumbList","@id":"https:\/\/grontkontor.dk\/en\/shop\/cap-i-kork\/#breadcrumb","itemListElement":[{"@type":"ListItem","position":1,"name":"Forside","item":"https:\/\/grontkontor.dk\/"},{"@type":"ListItem","position":2,"name":"Shop","item":"https:\/\/grontkontor.dk\/en\/shop-2\/"},{"@type":"ListItem","position":3,"name":"Apparel","item":"https:\/\/grontkontor.dk\/en\/produkt-kategori\/beklaedning-en\/"},{"@type":"ListItem","position":4,"name":"Headdress","item":"https:\/\/grontkontor.dk\/en\/produkt-kategori\/beklaedning-en\/headdress\/"},{"@type":"ListItem","position":5,"name":"Cap in robust cork w\/o print"}]},{"@type":"WebSite","@id":"https:\/\/grontkontor.dk\/#website","url":"https:\/\/grontkontor.dk\/","name":"Gr\u00f8nt Kontor","description":"Milj\u00f8venlige produkter til kontor og erhverv med fokus p\u00e5 b\u00e6redygtighed, design og fair trade.","publisher":{"@id":"https:\/\/grontkontor.dk\/#organization"},"potentialAction":[{"@type":"SearchAction","target":{"@type":"EntryPoint","urlTemplate":"https:\/\/grontkontor.dk\/?s={search_term_string}"},"query-input":"required name=search_term_string"}],"inLanguage":"en-US"},{"@type":"Organization","@id":"https:\/\/grontkontor.dk\/#organization","name":"Gr\u00f8nt Kontor","url":"https:\/\/grontkontor.dk\/","logo":{"@type":"ImageObject","inLanguage":"en-US","@id":"https:\/\/grontkontor.dk\/#\/schema\/logo\/image\/","url":"https:\/\/grontkontor.dk\/wp-content\/uploads\/2014\/02\/Logo_groent_kontor_300x80.png","contentUrl":"https:\/\/grontkontor.dk\/wp-content\/uploads\/2014\/02\/Logo_groent_kontor_300x80.png","width":300,"height":80,"caption":"Gr\u00f8nt Kontor"},"image":{"@id":"https:\/\/grontkontor.dk\/#\/schema\/logo\/image\/"},"sameAs":["https:\/\/www.facebook.com\/grontkontor.dk\/"]}]}},"_links":{"self":[{"href":"https:\/\/grontkontor.dk\/en\/wp-json\/wp\/v2\/product\/71310"}],"collection":[{"href":"https:\/\/grontkontor.dk\/en\/wp-json\/wp\/v2\/product"}],"about":[{"href":"https:\/\/grontkontor.dk\/en\/wp-json\/wp\/v2\/types\/product"}],"replies":[{"embeddable":true,"href":"https:\/\/grontkontor.dk\/en\/wp-json\/wp\/v2\/comments?post=71310"}],"wp:featuredmedia":[{"embeddable":true,"href":"https:\/\/grontkontor.dk\/en\/wp-json\/wp\/v2\/media\/13504"}],"wp:attachment":[{"href":"https:\/\/grontkontor.dk\/en\/wp-json\/wp\/v2\/media?parent=71310"}],"wp:term":[{"taxonomy":"product_cat","embeddable":true,"href":"https:\/\/grontkontor.dk\/en\/wp-json\/wp\/v2\/product_cat?post=71310"},{"taxonomy":"product_tag","embeddable":true,"href":"https:\/\/grontkontor.dk\/en\/wp-json\/wp\/v2\/product_tag?post=71310"}],"curies":[{"name":"wp","href":"https:\/\/api.w.org\/{rel}","templated":true}]}}