{"id":71343,"date":"2023-09-22T13:05:07","date_gmt":"2023-09-22T13:07:19","guid":{"rendered":"https:\/\/grontkontor.dk\/produkt\/coconut-curd-cress-seeds\/"},"modified":"2023-09-22T15:07:33","modified_gmt":"2023-09-22T13:07:33","slug":"coconut-curd-cress-seeds","status":"publish","type":"product","link":"https:\/\/grontkontor.dk\/en\/shop\/coconut-curd-cress-seeds\/","title":{"rendered":"Coconut curd with cress seeds"},"content":{"rendered":"<p>Made from sheer natural products in the form of sustainable coconut fiber and natural rubber, making the cube breathable, lightweight and elastic.<br \/>\nContains cress seeds growing out of the cube when it is watered. Place the cube in a tray, spray it regularly with water and after just a few days the cress starts to germinate.<br \/>\nSize approx. 4x4x4 cm. The price is incl. 4-color print on the coconut pack.<br \/>\nA literally out-of-the-box, beautiful, eco-friendly and vibrant promotional gift.<br \/>\nCan now be delivered with organic seeds, for further information <a class=\"light\" href=\"mailto:info@grontkontor.dk\">info@grontkontor.dk<\/a> <\/p>\n","protected":false},"excerpt":{"rendered":"<p>Made from sheer natural products in the form of sustainable coconut fiber and natural rubber, making the cube breathable, lightweight and elastic. Contains cress seeds growing out of the cube when it is watered. Place the cube in a tray, spray it regularly with water and after just a few days the cress starts to [&hellip;]<\/p>\n","protected":false},"featured_media":14094,"comment_status":"closed","ping_status":"closed","template":"","meta":{"_acf_changed":false},"product_cat":[1262,1859,1853],"product_tag":[1861,1860],"class_list":{"0":"post-71343","1":"product","2":"type-product","3":"status-publish","4":"has-post-thumbnail","6":"product_cat-sustainable-presents","7":"product_cat-plant-gifts-uk","8":"product_cat-product-series","9":"product_tag-urtepotte-en","10":"product_tag-plantegave-en","11":"tm-has-options","13":"first","14":"instock","15":"taxable","16":"shipping-taxable","17":"purchasable","18":"product-type-simple"},"acf":[],"yoast_head":"<!-- This site is optimized with the Yoast SEO Premium plugin v21.2 (Yoast SEO v21.2) - https:\/\/yoast.com\/wordpress\/plugins\/seo\/ -->\n<title>Coconut curd with cress seeds - Gr\u00f8nt Kontor<\/title>\n<meta name=\"robots\" content=\"index, follow, max-snippet:-1, max-image-preview:large, max-video-preview:-1\" \/>\n<link rel=\"canonical\" href=\"https:\/\/grontkontor.dk\/en\/shop\/coconut-curd-cress-seeds\/\" \/>\n<meta property=\"og:locale\" content=\"en_US\" \/>\n<meta property=\"og:type\" content=\"article\" \/>\n<meta property=\"og:title\" content=\"Coconut curd with cress seeds\" \/>\n<meta property=\"og:description\" content=\"Made from sheer natural products in the form of sustainable coconut fiber and natural rubber, making the cube breathable, lightweight and elastic. Contains cress seeds growing out of the cube when it is watered. Place the cube in a tray, spray it regularly with water and after just a few days the cress starts to [&hellip;]\" \/>\n<meta property=\"og:url\" content=\"https:\/\/grontkontor.dk\/en\/shop\/coconut-curd-cress-seeds\/\" \/>\n<meta property=\"og:site_name\" content=\"Gr\u00f8nt Kontor\" \/>\n<meta property=\"article:publisher\" content=\"https:\/\/www.facebook.com\/grontkontor.dk\/\" \/>\n<meta property=\"article:modified_time\" content=\"2023-09-22T13:07:33+00:00\" \/>\n<meta property=\"og:image\" content=\"https:\/\/grontkontor.dk\/wp-content\/uploads\/2019\/08\/kokosterning-karse-001-1.jpg\" \/>\n\t<meta property=\"og:image:width\" content=\"800\" \/>\n\t<meta property=\"og:image:height\" content=\"568\" \/>\n\t<meta property=\"og:image:type\" content=\"image\/jpeg\" \/>\n<meta name=\"twitter:card\" content=\"summary_large_image\" \/>\n<script type=\"application\/ld+json\" class=\"yoast-schema-graph\">{\"@context\":\"https:\/\/schema.org\",\"@graph\":[{\"@type\":\"WebPage\",\"@id\":\"https:\/\/grontkontor.dk\/en\/shop\/coconut-curd-cress-seeds\/\",\"url\":\"https:\/\/grontkontor.dk\/en\/shop\/coconut-curd-cress-seeds\/\",\"name\":\"Coconut curd with cress seeds - Gr\u00f8nt Kontor\",\"isPartOf\":{\"@id\":\"https:\/\/grontkontor.dk\/#website\"},\"datePublished\":\"2023-09-22T13:07:19+00:00\",\"dateModified\":\"2023-09-22T13:07:33+00:00\",\"breadcrumb\":{\"@id\":\"https:\/\/grontkontor.dk\/en\/shop\/coconut-curd-cress-seeds\/#breadcrumb\"},\"inLanguage\":\"en-US\",\"potentialAction\":[{\"@type\":\"ReadAction\",\"target\":[\"https:\/\/grontkontor.dk\/en\/shop\/coconut-curd-cress-seeds\/\"]}]},{\"@type\":\"BreadcrumbList\",\"@id\":\"https:\/\/grontkontor.dk\/en\/shop\/coconut-curd-cress-seeds\/#breadcrumb\",\"itemListElement\":[{\"@type\":\"ListItem\",\"position\":1,\"name\":\"Forside\",\"item\":\"https:\/\/grontkontor.dk\/\"},{\"@type\":\"ListItem\",\"position\":2,\"name\":\"Shop\",\"item\":\"https:\/\/grontkontor.dk\/en\/shop-2\/\"},{\"@type\":\"ListItem\",\"position\":3,\"name\":\"Product series\",\"item\":\"https:\/\/grontkontor.dk\/en\/produkt-kategori\/product-series\/\"},{\"@type\":\"ListItem\",\"position\":4,\"name\":\"Plant gifts\",\"item\":\"https:\/\/grontkontor.dk\/en\/produkt-kategori\/product-series\/plant-gifts-uk\/\"},{\"@type\":\"ListItem\",\"position\":5,\"name\":\"Coconut curd with cress seeds\"}]},{\"@type\":\"WebSite\",\"@id\":\"https:\/\/grontkontor.dk\/#website\",\"url\":\"https:\/\/grontkontor.dk\/\",\"name\":\"Gr\u00f8nt Kontor\",\"description\":\"Milj\u00f8venlige produkter til kontor og erhverv med fokus p\u00e5 b\u00e6redygtighed, design og fair trade.\",\"publisher\":{\"@id\":\"https:\/\/grontkontor.dk\/#organization\"},\"potentialAction\":[{\"@type\":\"SearchAction\",\"target\":{\"@type\":\"EntryPoint\",\"urlTemplate\":\"https:\/\/grontkontor.dk\/?s={search_term_string}\"},\"query-input\":\"required name=search_term_string\"}],\"inLanguage\":\"en-US\"},{\"@type\":\"Organization\",\"@id\":\"https:\/\/grontkontor.dk\/#organization\",\"name\":\"Gr\u00f8nt Kontor\",\"url\":\"https:\/\/grontkontor.dk\/\",\"logo\":{\"@type\":\"ImageObject\",\"inLanguage\":\"en-US\",\"@id\":\"https:\/\/grontkontor.dk\/#\/schema\/logo\/image\/\",\"url\":\"https:\/\/grontkontor.dk\/wp-content\/uploads\/2014\/02\/Logo_groent_kontor_300x80.png\",\"contentUrl\":\"https:\/\/grontkontor.dk\/wp-content\/uploads\/2014\/02\/Logo_groent_kontor_300x80.png\",\"width\":300,\"height\":80,\"caption\":\"Gr\u00f8nt Kontor\"},\"image\":{\"@id\":\"https:\/\/grontkontor.dk\/#\/schema\/logo\/image\/\"},\"sameAs\":[\"https:\/\/www.facebook.com\/grontkontor.dk\/\"]}]}<\/script>\n<!-- \/ Yoast SEO Premium plugin. -->","yoast_head_json":{"title":"Coconut curd with cress seeds - Gr\u00f8nt Kontor","robots":{"index":"index","follow":"follow","max-snippet":"max-snippet:-1","max-image-preview":"max-image-preview:large","max-video-preview":"max-video-preview:-1"},"canonical":"https:\/\/grontkontor.dk\/en\/shop\/coconut-curd-cress-seeds\/","og_locale":"en_US","og_type":"article","og_title":"Coconut curd with cress seeds","og_description":"Made from sheer natural products in the form of sustainable coconut fiber and natural rubber, making the cube breathable, lightweight and elastic. Contains cress seeds growing out of the cube when it is watered. Place the cube in a tray, spray it regularly with water and after just a few days the cress starts to [&hellip;]","og_url":"https:\/\/grontkontor.dk\/en\/shop\/coconut-curd-cress-seeds\/","og_site_name":"Gr\u00f8nt Kontor","article_publisher":"https:\/\/www.facebook.com\/grontkontor.dk\/","article_modified_time":"2023-09-22T13:07:33+00:00","og_image":[{"width":800,"height":568,"url":"https:\/\/grontkontor.dk\/wp-content\/uploads\/2019\/08\/kokosterning-karse-001-1.jpg","type":"image\/jpeg"}],"twitter_card":"summary_large_image","schema":{"@context":"https:\/\/schema.org","@graph":[{"@type":"WebPage","@id":"https:\/\/grontkontor.dk\/en\/shop\/coconut-curd-cress-seeds\/","url":"https:\/\/grontkontor.dk\/en\/shop\/coconut-curd-cress-seeds\/","name":"Coconut curd with cress seeds - Gr\u00f8nt Kontor","isPartOf":{"@id":"https:\/\/grontkontor.dk\/#website"},"datePublished":"2023-09-22T13:07:19+00:00","dateModified":"2023-09-22T13:07:33+00:00","breadcrumb":{"@id":"https:\/\/grontkontor.dk\/en\/shop\/coconut-curd-cress-seeds\/#breadcrumb"},"inLanguage":"en-US","potentialAction":[{"@type":"ReadAction","target":["https:\/\/grontkontor.dk\/en\/shop\/coconut-curd-cress-seeds\/"]}]},{"@type":"BreadcrumbList","@id":"https:\/\/grontkontor.dk\/en\/shop\/coconut-curd-cress-seeds\/#breadcrumb","itemListElement":[{"@type":"ListItem","position":1,"name":"Forside","item":"https:\/\/grontkontor.dk\/"},{"@type":"ListItem","position":2,"name":"Shop","item":"https:\/\/grontkontor.dk\/en\/shop-2\/"},{"@type":"ListItem","position":3,"name":"Product series","item":"https:\/\/grontkontor.dk\/en\/produkt-kategori\/product-series\/"},{"@type":"ListItem","position":4,"name":"Plant gifts","item":"https:\/\/grontkontor.dk\/en\/produkt-kategori\/product-series\/plant-gifts-uk\/"},{"@type":"ListItem","position":5,"name":"Coconut curd with cress seeds"}]},{"@type":"WebSite","@id":"https:\/\/grontkontor.dk\/#website","url":"https:\/\/grontkontor.dk\/","name":"Gr\u00f8nt Kontor","description":"Milj\u00f8venlige produkter til kontor og erhverv med fokus p\u00e5 b\u00e6redygtighed, design og fair trade.","publisher":{"@id":"https:\/\/grontkontor.dk\/#organization"},"potentialAction":[{"@type":"SearchAction","target":{"@type":"EntryPoint","urlTemplate":"https:\/\/grontkontor.dk\/?s={search_term_string}"},"query-input":"required name=search_term_string"}],"inLanguage":"en-US"},{"@type":"Organization","@id":"https:\/\/grontkontor.dk\/#organization","name":"Gr\u00f8nt Kontor","url":"https:\/\/grontkontor.dk\/","logo":{"@type":"ImageObject","inLanguage":"en-US","@id":"https:\/\/grontkontor.dk\/#\/schema\/logo\/image\/","url":"https:\/\/grontkontor.dk\/wp-content\/uploads\/2014\/02\/Logo_groent_kontor_300x80.png","contentUrl":"https:\/\/grontkontor.dk\/wp-content\/uploads\/2014\/02\/Logo_groent_kontor_300x80.png","width":300,"height":80,"caption":"Gr\u00f8nt Kontor"},"image":{"@id":"https:\/\/grontkontor.dk\/#\/schema\/logo\/image\/"},"sameAs":["https:\/\/www.facebook.com\/grontkontor.dk\/"]}]}},"_links":{"self":[{"href":"https:\/\/grontkontor.dk\/en\/wp-json\/wp\/v2\/product\/71343"}],"collection":[{"href":"https:\/\/grontkontor.dk\/en\/wp-json\/wp\/v2\/product"}],"about":[{"href":"https:\/\/grontkontor.dk\/en\/wp-json\/wp\/v2\/types\/product"}],"replies":[{"embeddable":true,"href":"https:\/\/grontkontor.dk\/en\/wp-json\/wp\/v2\/comments?post=71343"}],"wp:featuredmedia":[{"embeddable":true,"href":"https:\/\/grontkontor.dk\/en\/wp-json\/wp\/v2\/media\/14094"}],"wp:attachment":[{"href":"https:\/\/grontkontor.dk\/en\/wp-json\/wp\/v2\/media?parent=71343"}],"wp:term":[{"taxonomy":"product_cat","embeddable":true,"href":"https:\/\/grontkontor.dk\/en\/wp-json\/wp\/v2\/product_cat?post=71343"},{"taxonomy":"product_tag","embeddable":true,"href":"https:\/\/grontkontor.dk\/en\/wp-json\/wp\/v2\/product_tag?post=71343"}],"curies":[{"name":"wp","href":"https:\/\/api.w.org\/{rel}","templated":true}]}}