{"id":71495,"date":"2023-09-22T13:07:54","date_gmt":"2023-09-22T13:10:14","guid":{"rendered":"https:\/\/grontkontor.dk\/produkt\/notebook-in-bamboo-and-recycled-plastic\/"},"modified":"2023-09-22T15:10:37","modified_gmt":"2023-09-22T13:10:37","slug":"notebook-in-bamboo-and-recycled-plastic","status":"publish","type":"product","link":"https:\/\/grontkontor.dk\/en\/shop\/notebook-in-bamboo-and-recycled-plastic\/","title":{"rendered":"Notebook in bamboo and recycled plastic"},"content":{"rendered":"<div class=\"flex flex-grow flex-col gap-3\">\n<div class=\"min-h-[20px] flex flex-col items-start gap-4 whitespace-pre-wrap break-words\">\n<div class=\"markdown prose w-full break-words dark:prose-invert light\">\n<p>A handy and super eco-friendly notepad with a cover made of bamboo and a ballpoint pen made of bamboo and recycled plastic. Comes with a practical elastic closure and a pen holder.<\/p>\n<p>An environmentally friendly and practical product that fits in your pocket, suitable as a handout for trade shows, events or for conferences and educational settings.<\/p>\n<p>Size (WxH), equivalent to just under A6: 9 x 14 cm.<\/p>\n<\/div>\nBamboo is an extremely sustainable material, and one of the fastest growing plants in the world, which means rapid regeneration when harvested. Bamboo is grown without pesticides or artificial fertilizers and, like other natural products, functions as a CO2 depot throughout the products lifetime. \n<\/div>\n<\/div>\n","protected":false},"excerpt":{"rendered":"<p>A handy and super eco-friendly notepad with a cover made of bamboo and a ballpoint pen made of bamboo and recycled plastic. Comes with a practical elastic closure and a pen holder. An environmentally friendly and practical product that fits in your pocket, suitable as a handout for trade shows, events or for conferences and [&hellip;]<\/p>\n","protected":false},"featured_media":16224,"comment_status":"closed","ping_status":"closed","template":"","meta":{"_acf_changed":false},"product_cat":[1262,2106,1356,1299],"product_tag":[1359,1357,1360,1358,1980],"class_list":{"0":"post-71495","1":"product","2":"type-product","3":"status-publish","4":"has-post-thumbnail","6":"product_cat-sustainable-presents","7":"product_cat-dummy-moq-1-en","8":"product_cat-note-books","9":"product_cat-paper-and-blocks","10":"product_tag-notesbog-en","11":"product_tag-notesboeger-en","12":"product_tag-noteshaefte-en","13":"product_tag-notesblok-en","14":"product_tag-lommebog-en","15":"tm-has-options","17":"first","18":"instock","19":"taxable","20":"shipping-taxable","21":"purchasable","22":"product-type-simple"},"acf":[],"yoast_head":"<!-- This site is optimized with the Yoast SEO Premium plugin v21.2 (Yoast SEO v21.2) - https:\/\/yoast.com\/wordpress\/plugins\/seo\/ -->\n<title>Notebook in bamboo and recycled plastic - Gr\u00f8nt Kontor<\/title>\n<meta name=\"robots\" content=\"index, follow, max-snippet:-1, max-image-preview:large, max-video-preview:-1\" \/>\n<link rel=\"canonical\" href=\"https:\/\/grontkontor.dk\/en\/shop\/notebook-in-bamboo-and-recycled-plastic\/\" \/>\n<meta property=\"og:locale\" content=\"en_US\" \/>\n<meta property=\"og:type\" content=\"article\" \/>\n<meta property=\"og:title\" content=\"Notebook in bamboo and recycled plastic\" \/>\n<meta property=\"og:description\" content=\"A handy and super eco-friendly notepad with a cover made of bamboo and a ballpoint pen made of bamboo and recycled plastic. Comes with a practical elastic closure and a pen holder. An environmentally friendly and practical product that fits in your pocket, suitable as a handout for trade shows, events or for conferences and [&hellip;]\" \/>\n<meta property=\"og:url\" content=\"https:\/\/grontkontor.dk\/en\/shop\/notebook-in-bamboo-and-recycled-plastic\/\" \/>\n<meta property=\"og:site_name\" content=\"Gr\u00f8nt Kontor\" \/>\n<meta property=\"article:publisher\" content=\"https:\/\/www.facebook.com\/grontkontor.dk\/\" \/>\n<meta property=\"article:modified_time\" content=\"2023-09-22T13:10:37+00:00\" \/>\n<meta property=\"og:image\" content=\"https:\/\/grontkontor.dk\/wp-content\/uploads\/2020\/02\/notesbog-bambus-genbrugsplast-kuglepen-03.jpg\" \/>\n\t<meta property=\"og:image:width\" content=\"704\" \/>\n\t<meta property=\"og:image:height\" content=\"500\" \/>\n\t<meta property=\"og:image:type\" content=\"image\/jpeg\" \/>\n<meta name=\"twitter:card\" content=\"summary_large_image\" \/>\n<script type=\"application\/ld+json\" class=\"yoast-schema-graph\">{\"@context\":\"https:\/\/schema.org\",\"@graph\":[{\"@type\":\"WebPage\",\"@id\":\"https:\/\/grontkontor.dk\/en\/shop\/notebook-in-bamboo-and-recycled-plastic\/\",\"url\":\"https:\/\/grontkontor.dk\/en\/shop\/notebook-in-bamboo-and-recycled-plastic\/\",\"name\":\"Notebook in bamboo and recycled plastic - Gr\u00f8nt Kontor\",\"isPartOf\":{\"@id\":\"https:\/\/grontkontor.dk\/#website\"},\"datePublished\":\"2023-09-22T13:10:14+00:00\",\"dateModified\":\"2023-09-22T13:10:37+00:00\",\"breadcrumb\":{\"@id\":\"https:\/\/grontkontor.dk\/en\/shop\/notebook-in-bamboo-and-recycled-plastic\/#breadcrumb\"},\"inLanguage\":\"en-US\",\"potentialAction\":[{\"@type\":\"ReadAction\",\"target\":[\"https:\/\/grontkontor.dk\/en\/shop\/notebook-in-bamboo-and-recycled-plastic\/\"]}]},{\"@type\":\"BreadcrumbList\",\"@id\":\"https:\/\/grontkontor.dk\/en\/shop\/notebook-in-bamboo-and-recycled-plastic\/#breadcrumb\",\"itemListElement\":[{\"@type\":\"ListItem\",\"position\":1,\"name\":\"Forside\",\"item\":\"https:\/\/grontkontor.dk\/\"},{\"@type\":\"ListItem\",\"position\":2,\"name\":\"Shop\",\"item\":\"https:\/\/grontkontor.dk\/en\/shop-2\/\"},{\"@type\":\"ListItem\",\"position\":3,\"name\":\"Paper and pads\",\"item\":\"https:\/\/grontkontor.dk\/en\/produkt-kategori\/paper-and-blocks\/\"},{\"@type\":\"ListItem\",\"position\":4,\"name\":\"Notebooks\",\"item\":\"https:\/\/grontkontor.dk\/en\/produkt-kategori\/paper-and-blocks\/note-books\/\"},{\"@type\":\"ListItem\",\"position\":5,\"name\":\"Notebook in bamboo and recycled plastic\"}]},{\"@type\":\"WebSite\",\"@id\":\"https:\/\/grontkontor.dk\/#website\",\"url\":\"https:\/\/grontkontor.dk\/\",\"name\":\"Gr\u00f8nt Kontor\",\"description\":\"Milj\u00f8venlige produkter til kontor og erhverv med fokus p\u00e5 b\u00e6redygtighed, design og fair trade.\",\"publisher\":{\"@id\":\"https:\/\/grontkontor.dk\/#organization\"},\"potentialAction\":[{\"@type\":\"SearchAction\",\"target\":{\"@type\":\"EntryPoint\",\"urlTemplate\":\"https:\/\/grontkontor.dk\/?s={search_term_string}\"},\"query-input\":\"required name=search_term_string\"}],\"inLanguage\":\"en-US\"},{\"@type\":\"Organization\",\"@id\":\"https:\/\/grontkontor.dk\/#organization\",\"name\":\"Gr\u00f8nt Kontor\",\"url\":\"https:\/\/grontkontor.dk\/\",\"logo\":{\"@type\":\"ImageObject\",\"inLanguage\":\"en-US\",\"@id\":\"https:\/\/grontkontor.dk\/#\/schema\/logo\/image\/\",\"url\":\"https:\/\/grontkontor.dk\/wp-content\/uploads\/2014\/02\/Logo_groent_kontor_300x80.png\",\"contentUrl\":\"https:\/\/grontkontor.dk\/wp-content\/uploads\/2014\/02\/Logo_groent_kontor_300x80.png\",\"width\":300,\"height\":80,\"caption\":\"Gr\u00f8nt Kontor\"},\"image\":{\"@id\":\"https:\/\/grontkontor.dk\/#\/schema\/logo\/image\/\"},\"sameAs\":[\"https:\/\/www.facebook.com\/grontkontor.dk\/\"]}]}<\/script>\n<!-- \/ Yoast SEO Premium plugin. -->","yoast_head_json":{"title":"Notebook in bamboo and recycled plastic - Gr\u00f8nt Kontor","robots":{"index":"index","follow":"follow","max-snippet":"max-snippet:-1","max-image-preview":"max-image-preview:large","max-video-preview":"max-video-preview:-1"},"canonical":"https:\/\/grontkontor.dk\/en\/shop\/notebook-in-bamboo-and-recycled-plastic\/","og_locale":"en_US","og_type":"article","og_title":"Notebook in bamboo and recycled plastic","og_description":"A handy and super eco-friendly notepad with a cover made of bamboo and a ballpoint pen made of bamboo and recycled plastic. Comes with a practical elastic closure and a pen holder. An environmentally friendly and practical product that fits in your pocket, suitable as a handout for trade shows, events or for conferences and [&hellip;]","og_url":"https:\/\/grontkontor.dk\/en\/shop\/notebook-in-bamboo-and-recycled-plastic\/","og_site_name":"Gr\u00f8nt Kontor","article_publisher":"https:\/\/www.facebook.com\/grontkontor.dk\/","article_modified_time":"2023-09-22T13:10:37+00:00","og_image":[{"width":704,"height":500,"url":"https:\/\/grontkontor.dk\/wp-content\/uploads\/2020\/02\/notesbog-bambus-genbrugsplast-kuglepen-03.jpg","type":"image\/jpeg"}],"twitter_card":"summary_large_image","schema":{"@context":"https:\/\/schema.org","@graph":[{"@type":"WebPage","@id":"https:\/\/grontkontor.dk\/en\/shop\/notebook-in-bamboo-and-recycled-plastic\/","url":"https:\/\/grontkontor.dk\/en\/shop\/notebook-in-bamboo-and-recycled-plastic\/","name":"Notebook in bamboo and recycled plastic - Gr\u00f8nt Kontor","isPartOf":{"@id":"https:\/\/grontkontor.dk\/#website"},"datePublished":"2023-09-22T13:10:14+00:00","dateModified":"2023-09-22T13:10:37+00:00","breadcrumb":{"@id":"https:\/\/grontkontor.dk\/en\/shop\/notebook-in-bamboo-and-recycled-plastic\/#breadcrumb"},"inLanguage":"en-US","potentialAction":[{"@type":"ReadAction","target":["https:\/\/grontkontor.dk\/en\/shop\/notebook-in-bamboo-and-recycled-plastic\/"]}]},{"@type":"BreadcrumbList","@id":"https:\/\/grontkontor.dk\/en\/shop\/notebook-in-bamboo-and-recycled-plastic\/#breadcrumb","itemListElement":[{"@type":"ListItem","position":1,"name":"Forside","item":"https:\/\/grontkontor.dk\/"},{"@type":"ListItem","position":2,"name":"Shop","item":"https:\/\/grontkontor.dk\/en\/shop-2\/"},{"@type":"ListItem","position":3,"name":"Paper and pads","item":"https:\/\/grontkontor.dk\/en\/produkt-kategori\/paper-and-blocks\/"},{"@type":"ListItem","position":4,"name":"Notebooks","item":"https:\/\/grontkontor.dk\/en\/produkt-kategori\/paper-and-blocks\/note-books\/"},{"@type":"ListItem","position":5,"name":"Notebook in bamboo and recycled plastic"}]},{"@type":"WebSite","@id":"https:\/\/grontkontor.dk\/#website","url":"https:\/\/grontkontor.dk\/","name":"Gr\u00f8nt Kontor","description":"Milj\u00f8venlige produkter til kontor og erhverv med fokus p\u00e5 b\u00e6redygtighed, design og fair trade.","publisher":{"@id":"https:\/\/grontkontor.dk\/#organization"},"potentialAction":[{"@type":"SearchAction","target":{"@type":"EntryPoint","urlTemplate":"https:\/\/grontkontor.dk\/?s={search_term_string}"},"query-input":"required name=search_term_string"}],"inLanguage":"en-US"},{"@type":"Organization","@id":"https:\/\/grontkontor.dk\/#organization","name":"Gr\u00f8nt Kontor","url":"https:\/\/grontkontor.dk\/","logo":{"@type":"ImageObject","inLanguage":"en-US","@id":"https:\/\/grontkontor.dk\/#\/schema\/logo\/image\/","url":"https:\/\/grontkontor.dk\/wp-content\/uploads\/2014\/02\/Logo_groent_kontor_300x80.png","contentUrl":"https:\/\/grontkontor.dk\/wp-content\/uploads\/2014\/02\/Logo_groent_kontor_300x80.png","width":300,"height":80,"caption":"Gr\u00f8nt Kontor"},"image":{"@id":"https:\/\/grontkontor.dk\/#\/schema\/logo\/image\/"},"sameAs":["https:\/\/www.facebook.com\/grontkontor.dk\/"]}]}},"_links":{"self":[{"href":"https:\/\/grontkontor.dk\/en\/wp-json\/wp\/v2\/product\/71495"}],"collection":[{"href":"https:\/\/grontkontor.dk\/en\/wp-json\/wp\/v2\/product"}],"about":[{"href":"https:\/\/grontkontor.dk\/en\/wp-json\/wp\/v2\/types\/product"}],"replies":[{"embeddable":true,"href":"https:\/\/grontkontor.dk\/en\/wp-json\/wp\/v2\/comments?post=71495"}],"wp:featuredmedia":[{"embeddable":true,"href":"https:\/\/grontkontor.dk\/en\/wp-json\/wp\/v2\/media\/16224"}],"wp:attachment":[{"href":"https:\/\/grontkontor.dk\/en\/wp-json\/wp\/v2\/media?parent=71495"}],"wp:term":[{"taxonomy":"product_cat","embeddable":true,"href":"https:\/\/grontkontor.dk\/en\/wp-json\/wp\/v2\/product_cat?post=71495"},{"taxonomy":"product_tag","embeddable":true,"href":"https:\/\/grontkontor.dk\/en\/wp-json\/wp\/v2\/product_tag?post=71495"}],"curies":[{"name":"wp","href":"https:\/\/api.w.org\/{rel}","templated":true}]}}