{"id":71595,"date":"2023-09-22T13:10:03","date_gmt":"2023-09-22T13:12:48","guid":{"rendered":"https:\/\/grontkontor.dk\/produkt\/thermo-bottle-steel-bamboo\/"},"modified":"2023-09-22T15:13:17","modified_gmt":"2023-09-22T13:13:17","slug":"thermo-bottle-steel-bamboo","status":"publish","type":"product","link":"https:\/\/grontkontor.dk\/en\/shop\/thermo-bottle-steel-bamboo\/","title":{"rendered":"Thermo bottle in steel"},"content":{"rendered":"<p>Rustic and exclusive stainless steel thermos. Sustainable bamboo lid with practical carrying handle. A super durable and environmentally friendly product perfect for the camp trip or as a giveaway for trade shows and events.<br \/>\nSuitable for dishwasher, not suitable for microwave oven.<\/p>\n<p>The thermos is Made from high quality steel, approved for food contact and 100% BPA free. <br \/>\nContent: 500 ml<br \/>\nAlso available in 350ml, 600ml and 1000ml<\/p>\n<p>Steel\/iron is a reusable and practically unlimited resource that does not pollute when disposed of. The production of steel in itself is not sustainable, as large amounts of CO2 are produced from fossil materials in the process. On the other hand, steel products have an extremely long lifespan and offer the possibility of endless repeated reuse, which means that the vast majority of steel on the market consists predominantly of recycled steel.  Bamboo is an extremely sustainable biodegradable material, with extremely fast regeneration when harvested. Bamboo, like other natural products, functions as a CO2 depot throughout the products lifetime. <\/p>\n","protected":false},"excerpt":{"rendered":"<p>Rustic and exclusive stainless steel thermos. Sustainable bamboo lid with practical carrying handle. A super durable and environmentally friendly product perfect for the camp trip or as a giveaway for trade shows and events. Suitable for dishwasher, not suitable for microwave oven. The thermos is Content: 500 ml Also available in 350ml, 600ml and 1000ml<\/p>\n","protected":false},"featured_media":40973,"comment_status":"closed","ping_status":"closed","template":"","meta":{"_acf_changed":false},"product_cat":[4404,2106,2232,1999],"product_tag":[1979],"class_list":{"0":"post-71595","1":"product","2":"type-product","3":"status-publish","4":"has-post-thumbnail","6":"product_cat-thermos-and-water-bottles","7":"product_cat-dummy-moq-1-en","8":"product_cat-food-and-drinkware","9":"product_cat-drikkedunke-og-termoflasker-en","10":"product_tag-termoflaske-en","11":"tm-has-options","13":"first","14":"instock","15":"sale","16":"taxable","17":"shipping-taxable","18":"purchasable","19":"product-type-variable","20":"has-default-attributes"},"acf":[],"yoast_head":"<!-- This site is optimized with the Yoast SEO Premium plugin v21.2 (Yoast SEO v21.2) - https:\/\/yoast.com\/wordpress\/plugins\/seo\/ -->\n<title>Thermo bottle in steel - Gr\u00f8nt Kontor<\/title>\n<meta name=\"robots\" content=\"index, follow, max-snippet:-1, max-image-preview:large, max-video-preview:-1\" \/>\n<link rel=\"canonical\" href=\"https:\/\/grontkontor.dk\/en\/shop\/thermo-bottle-steel-bamboo\/\" \/>\n<meta property=\"og:locale\" content=\"en_US\" \/>\n<meta property=\"og:type\" content=\"article\" \/>\n<meta property=\"og:title\" content=\"Thermo bottle in steel\" \/>\n<meta property=\"og:description\" content=\"Rustic and exclusive stainless steel thermos. Sustainable bamboo lid with practical carrying handle. A super durable and environmentally friendly product perfect for the camp trip or as a giveaway for trade shows and events. Suitable for dishwasher, not suitable for microwave oven. The thermos is Content: 500 ml Also available in 350ml, 600ml and 1000ml\" \/>\n<meta property=\"og:url\" content=\"https:\/\/grontkontor.dk\/en\/shop\/thermo-bottle-steel-bamboo\/\" \/>\n<meta property=\"og:site_name\" content=\"Gr\u00f8nt Kontor\" \/>\n<meta property=\"article:publisher\" content=\"https:\/\/www.facebook.com\/grontkontor.dk\/\" \/>\n<meta property=\"article:modified_time\" content=\"2023-09-22T13:13:17+00:00\" \/>\n<meta property=\"og:image\" content=\"https:\/\/grontkontor.dk\/wp-content\/uploads\/2020\/03\/vandflaske-02jpg.jpg\" \/>\n\t<meta property=\"og:image:width\" content=\"1283\" \/>\n\t<meta property=\"og:image:height\" content=\"911\" \/>\n\t<meta property=\"og:image:type\" content=\"image\/jpeg\" \/>\n<meta name=\"twitter:card\" content=\"summary_large_image\" \/>\n<script type=\"application\/ld+json\" class=\"yoast-schema-graph\">{\"@context\":\"https:\/\/schema.org\",\"@graph\":[{\"@type\":\"WebPage\",\"@id\":\"https:\/\/grontkontor.dk\/en\/shop\/thermo-bottle-steel-bamboo\/\",\"url\":\"https:\/\/grontkontor.dk\/en\/shop\/thermo-bottle-steel-bamboo\/\",\"name\":\"Thermo bottle in steel - Gr\u00f8nt Kontor\",\"isPartOf\":{\"@id\":\"https:\/\/grontkontor.dk\/#website\"},\"datePublished\":\"2023-09-22T13:12:48+00:00\",\"dateModified\":\"2023-09-22T13:13:17+00:00\",\"breadcrumb\":{\"@id\":\"https:\/\/grontkontor.dk\/en\/shop\/thermo-bottle-steel-bamboo\/#breadcrumb\"},\"inLanguage\":\"en-US\",\"potentialAction\":[{\"@type\":\"ReadAction\",\"target\":[\"https:\/\/grontkontor.dk\/en\/shop\/thermo-bottle-steel-bamboo\/\"]}]},{\"@type\":\"BreadcrumbList\",\"@id\":\"https:\/\/grontkontor.dk\/en\/shop\/thermo-bottle-steel-bamboo\/#breadcrumb\",\"itemListElement\":[{\"@type\":\"ListItem\",\"position\":1,\"name\":\"Forside\",\"item\":\"https:\/\/grontkontor.dk\/\"},{\"@type\":\"ListItem\",\"position\":2,\"name\":\"Shop\",\"item\":\"https:\/\/grontkontor.dk\/en\/shop-2\/\"},{\"@type\":\"ListItem\",\"position\":3,\"name\":\"Climate-friendly corporate gifts\",\"item\":\"https:\/\/grontkontor.dk\/en\/produkt-kategori\/sustainable-presents\/\"},{\"@type\":\"ListItem\",\"position\":4,\"name\":\"Thermos and water bottles\",\"item\":\"https:\/\/grontkontor.dk\/en\/produkt-kategori\/sustainable-presents\/thermos-and-water-bottles\/\"},{\"@type\":\"ListItem\",\"position\":5,\"name\":\"Thermo bottle in steel\"}]},{\"@type\":\"WebSite\",\"@id\":\"https:\/\/grontkontor.dk\/#website\",\"url\":\"https:\/\/grontkontor.dk\/\",\"name\":\"Gr\u00f8nt Kontor\",\"description\":\"Milj\u00f8venlige produkter til kontor og erhverv med fokus p\u00e5 b\u00e6redygtighed, design og fair trade.\",\"publisher\":{\"@id\":\"https:\/\/grontkontor.dk\/#organization\"},\"potentialAction\":[{\"@type\":\"SearchAction\",\"target\":{\"@type\":\"EntryPoint\",\"urlTemplate\":\"https:\/\/grontkontor.dk\/?s={search_term_string}\"},\"query-input\":\"required name=search_term_string\"}],\"inLanguage\":\"en-US\"},{\"@type\":\"Organization\",\"@id\":\"https:\/\/grontkontor.dk\/#organization\",\"name\":\"Gr\u00f8nt Kontor\",\"url\":\"https:\/\/grontkontor.dk\/\",\"logo\":{\"@type\":\"ImageObject\",\"inLanguage\":\"en-US\",\"@id\":\"https:\/\/grontkontor.dk\/#\/schema\/logo\/image\/\",\"url\":\"https:\/\/grontkontor.dk\/wp-content\/uploads\/2014\/02\/Logo_groent_kontor_300x80.png\",\"contentUrl\":\"https:\/\/grontkontor.dk\/wp-content\/uploads\/2014\/02\/Logo_groent_kontor_300x80.png\",\"width\":300,\"height\":80,\"caption\":\"Gr\u00f8nt Kontor\"},\"image\":{\"@id\":\"https:\/\/grontkontor.dk\/#\/schema\/logo\/image\/\"},\"sameAs\":[\"https:\/\/www.facebook.com\/grontkontor.dk\/\"]}]}<\/script>\n<!-- \/ Yoast SEO Premium plugin. -->","yoast_head_json":{"title":"Thermo bottle in steel - Gr\u00f8nt Kontor","robots":{"index":"index","follow":"follow","max-snippet":"max-snippet:-1","max-image-preview":"max-image-preview:large","max-video-preview":"max-video-preview:-1"},"canonical":"https:\/\/grontkontor.dk\/en\/shop\/thermo-bottle-steel-bamboo\/","og_locale":"en_US","og_type":"article","og_title":"Thermo bottle in steel","og_description":"Rustic and exclusive stainless steel thermos. Sustainable bamboo lid with practical carrying handle. A super durable and environmentally friendly product perfect for the camp trip or as a giveaway for trade shows and events. Suitable for dishwasher, not suitable for microwave oven. The thermos is Content: 500 ml Also available in 350ml, 600ml and 1000ml","og_url":"https:\/\/grontkontor.dk\/en\/shop\/thermo-bottle-steel-bamboo\/","og_site_name":"Gr\u00f8nt Kontor","article_publisher":"https:\/\/www.facebook.com\/grontkontor.dk\/","article_modified_time":"2023-09-22T13:13:17+00:00","og_image":[{"width":1283,"height":911,"url":"https:\/\/grontkontor.dk\/wp-content\/uploads\/2020\/03\/vandflaske-02jpg.jpg","type":"image\/jpeg"}],"twitter_card":"summary_large_image","schema":{"@context":"https:\/\/schema.org","@graph":[{"@type":"WebPage","@id":"https:\/\/grontkontor.dk\/en\/shop\/thermo-bottle-steel-bamboo\/","url":"https:\/\/grontkontor.dk\/en\/shop\/thermo-bottle-steel-bamboo\/","name":"Thermo bottle in steel - Gr\u00f8nt Kontor","isPartOf":{"@id":"https:\/\/grontkontor.dk\/#website"},"datePublished":"2023-09-22T13:12:48+00:00","dateModified":"2023-09-22T13:13:17+00:00","breadcrumb":{"@id":"https:\/\/grontkontor.dk\/en\/shop\/thermo-bottle-steel-bamboo\/#breadcrumb"},"inLanguage":"en-US","potentialAction":[{"@type":"ReadAction","target":["https:\/\/grontkontor.dk\/en\/shop\/thermo-bottle-steel-bamboo\/"]}]},{"@type":"BreadcrumbList","@id":"https:\/\/grontkontor.dk\/en\/shop\/thermo-bottle-steel-bamboo\/#breadcrumb","itemListElement":[{"@type":"ListItem","position":1,"name":"Forside","item":"https:\/\/grontkontor.dk\/"},{"@type":"ListItem","position":2,"name":"Shop","item":"https:\/\/grontkontor.dk\/en\/shop-2\/"},{"@type":"ListItem","position":3,"name":"Climate-friendly corporate gifts","item":"https:\/\/grontkontor.dk\/en\/produkt-kategori\/sustainable-presents\/"},{"@type":"ListItem","position":4,"name":"Thermos and water bottles","item":"https:\/\/grontkontor.dk\/en\/produkt-kategori\/sustainable-presents\/thermos-and-water-bottles\/"},{"@type":"ListItem","position":5,"name":"Thermo bottle in steel"}]},{"@type":"WebSite","@id":"https:\/\/grontkontor.dk\/#website","url":"https:\/\/grontkontor.dk\/","name":"Gr\u00f8nt Kontor","description":"Milj\u00f8venlige produkter til kontor og erhverv med fokus p\u00e5 b\u00e6redygtighed, design og fair trade.","publisher":{"@id":"https:\/\/grontkontor.dk\/#organization"},"potentialAction":[{"@type":"SearchAction","target":{"@type":"EntryPoint","urlTemplate":"https:\/\/grontkontor.dk\/?s={search_term_string}"},"query-input":"required name=search_term_string"}],"inLanguage":"en-US"},{"@type":"Organization","@id":"https:\/\/grontkontor.dk\/#organization","name":"Gr\u00f8nt Kontor","url":"https:\/\/grontkontor.dk\/","logo":{"@type":"ImageObject","inLanguage":"en-US","@id":"https:\/\/grontkontor.dk\/#\/schema\/logo\/image\/","url":"https:\/\/grontkontor.dk\/wp-content\/uploads\/2014\/02\/Logo_groent_kontor_300x80.png","contentUrl":"https:\/\/grontkontor.dk\/wp-content\/uploads\/2014\/02\/Logo_groent_kontor_300x80.png","width":300,"height":80,"caption":"Gr\u00f8nt Kontor"},"image":{"@id":"https:\/\/grontkontor.dk\/#\/schema\/logo\/image\/"},"sameAs":["https:\/\/www.facebook.com\/grontkontor.dk\/"]}]}},"_links":{"self":[{"href":"https:\/\/grontkontor.dk\/en\/wp-json\/wp\/v2\/product\/71595"}],"collection":[{"href":"https:\/\/grontkontor.dk\/en\/wp-json\/wp\/v2\/product"}],"about":[{"href":"https:\/\/grontkontor.dk\/en\/wp-json\/wp\/v2\/types\/product"}],"replies":[{"embeddable":true,"href":"https:\/\/grontkontor.dk\/en\/wp-json\/wp\/v2\/comments?post=71595"}],"wp:featuredmedia":[{"embeddable":true,"href":"https:\/\/grontkontor.dk\/en\/wp-json\/wp\/v2\/media\/40973"}],"wp:attachment":[{"href":"https:\/\/grontkontor.dk\/en\/wp-json\/wp\/v2\/media?parent=71595"}],"wp:term":[{"taxonomy":"product_cat","embeddable":true,"href":"https:\/\/grontkontor.dk\/en\/wp-json\/wp\/v2\/product_cat?post=71595"},{"taxonomy":"product_tag","embeddable":true,"href":"https:\/\/grontkontor.dk\/en\/wp-json\/wp\/v2\/product_tag?post=71595"}],"curies":[{"name":"wp","href":"https:\/\/api.w.org\/{rel}","templated":true}]}}