{"id":71626,"date":"2023-09-30T09:00:39","date_gmt":"2023-09-22T13:13:41","guid":{"rendered":"https:\/\/grontkontor.dk\/produkt\/cardboard-cup-bioplastics-47cl\/"},"modified":"2024-03-18T13:47:53","modified_gmt":"2024-03-18T12:47:53","slug":"cardboard-cup-bioplastics-47cl","status":"publish","type":"product","link":"https:\/\/grontkontor.dk\/en\/shop\/cardboard-cup-bioplastics-47cl\/","title":{"rendered":"Plastic-free cardboard mug for cold drinks with logo print &#8211; 47cl"},"content":{"rendered":"<p>Paper2Paper cardboard cups made of 100% paper with water-based coating. The cardboard mugs are made of paper and can be recycled with ordinary paper waste.<\/p>\n<p>The mugs are single-walled and thus especially suitable for cold drinks. A cheap, climate- and environmentally-friendly product, made in the EU and approved for the purpose.<\/p>\n<p>You can opt for lids made from bagasse &#8211; biodegradable sugarcane fibres &#8211; separately. The cardboard mug is Approved for food contact and 100% BPA free. .<\/p>\n<p>NOTE: The price is incl. start-up, packaging fee and full color logo printing. You just make the &#8220;flat&#8221; designs and we&#8217;ll do the rest.<\/p>\n<p>Superior quality, super cheap and climate-friendly \u2013 win win win.<\/p>\n<p>Discarding: Can be recycled with regular paper waste.<\/p>\n<p><img loading=\"lazy\" decoding=\"async\" class=\"size-medium wp-image-21008\" src=\"https:\/\/grontkontor.dk\/wp-content\/uploads\/2020\/11\/eu-flag_1-300x199.jpg\" alt=\"Fremstillet i EU\" width=\"76\" height=\"50\" srcset=\"https:\/\/grontkontor.dk\/wp-content\/uploads\/2020\/11\/eu-flag_1-300x199.jpg 300w, https:\/\/grontkontor.dk\/wp-content\/uploads\/2020\/11\/eu-flag_1.jpg 530w\" sizes=\"(max-width: 76px) 100vw, 76px\" \/> <a href=\"https:\/\/www.google.com\/url?sa=t&rct=j&q=&esrc=s&source=web&cd=&cad=rja&uact=8&ved=2ahUKEwjv06L8rZ7xAhXFjqQKHSDxAMoQFjACegQIExAD&url=https%3A%2F%2Fcertifications.controlunion.com%2Fen%2Fcertification-programs%2Fcertification-programs%2Frcs-blended-recycled-claim-standard&usg=AOvVaw3EUq5Cz3W8o2_9SLL-aQ3V\"><img loading=\"lazy\" decoding=\"async\" src=\"https:\/\/grontkontor.dk\/wp-content\/uploads\/2021\/06\/recycled-blended-claim-standard.jpg\" alt=\"\" width=\"50\" height=\"50\" class=\"alignnone size-full wp-image-24839\" \/><\/a> <\/p>\n","protected":false},"excerpt":{"rendered":"<p>Paper2Paper cardboard cups made of 100% paper with water-based coating. The cardboard mugs are made of paper and can be recycled with ordinary paper waste. The mugs are single-walled and thus especially suitable for cold drinks. A cheap, climate- and environmentally-friendly product, made in the EU and approved for the purpose. You can opt for [&hellip;]<\/p>\n","protected":false},"featured_media":36324,"comment_status":"closed","ping_status":"closed","template":"","meta":{"_acf_changed":false},"product_cat":[1281,2627,2390],"product_tag":[1424],"class_list":{"0":"post-71626","1":"product","2":"type-product","3":"status-publish","4":"has-post-thumbnail","6":"product_cat-disposable-cups","7":"product_cat-krus-og-kopper-til-messen-en","8":"product_cat-news","9":"product_tag-disposable-cups","10":"tm-has-options","12":"first","13":"instock","14":"taxable","15":"shipping-taxable","16":"purchasable","17":"product-type-simple"},"acf":[],"yoast_head":"<!-- This site is optimized with the Yoast SEO Premium plugin v21.2 (Yoast SEO v21.2) - https:\/\/yoast.com\/wordpress\/plugins\/seo\/ -->\n<title>Plastic-free cardboard mug for cold drinks with logo print - 47cl - Gr\u00f8nt Kontor<\/title>\n<meta name=\"robots\" content=\"index, follow, max-snippet:-1, max-image-preview:large, max-video-preview:-1\" \/>\n<link rel=\"canonical\" href=\"https:\/\/grontkontor.dk\/shop\/plastfri-papkrust-med-logotryk-47cl\/\" \/>\n<meta property=\"og:locale\" content=\"en_US\" \/>\n<meta property=\"og:type\" content=\"article\" \/>\n<meta property=\"og:title\" content=\"Plastic-free cardboard mug for cold drinks with logo print - 47cl\" \/>\n<meta property=\"og:description\" content=\"Paper2Paper cardboard cups made of 100% paper with water-based coating. The cardboard mugs are made of paper and can be recycled with ordinary paper waste. The mugs are single-walled and thus especially suitable for cold drinks. A cheap, climate- and environmentally-friendly product, made in the EU and approved for the purpose. You can opt for [&hellip;]\" \/>\n<meta property=\"og:url\" content=\"https:\/\/grontkontor.dk\/shop\/plastfri-papkrust-med-logotryk-47cl\/\" \/>\n<meta property=\"og:site_name\" content=\"Gr\u00f8nt Kontor\" \/>\n<meta property=\"article:publisher\" content=\"https:\/\/www.facebook.com\/grontkontor.dk\/\" \/>\n<meta property=\"article:modified_time\" content=\"2024-03-18T12:47:53+00:00\" \/>\n<meta property=\"og:image\" content=\"https:\/\/grontkontor.dk\/wp-content\/uploads\/2020\/03\/papkrus_enkeltvaegget_47cl-1.jpg\" \/>\n\t<meta property=\"og:image:width\" content=\"900\" \/>\n\t<meta property=\"og:image:height\" content=\"639\" \/>\n\t<meta property=\"og:image:type\" content=\"image\/jpeg\" \/>\n<meta name=\"twitter:card\" content=\"summary_large_image\" \/>\n<meta name=\"twitter:label1\" content=\"Est. reading time\" \/>\n\t<meta name=\"twitter:data1\" content=\"1 minute\" \/>\n<script type=\"application\/ld+json\" class=\"yoast-schema-graph\">{\"@context\":\"https:\/\/schema.org\",\"@graph\":[{\"@type\":\"WebPage\",\"@id\":\"https:\/\/grontkontor.dk\/shop\/plastfri-papkrust-med-logotryk-47cl\/\",\"url\":\"https:\/\/grontkontor.dk\/shop\/plastfri-papkrust-med-logotryk-47cl\/\",\"name\":\"Plastic-free cardboard mug for cold drinks with logo print - 47cl - Gr\u00f8nt Kontor\",\"isPartOf\":{\"@id\":\"https:\/\/grontkontor.dk\/#website\"},\"datePublished\":\"2023-09-22T13:13:41+00:00\",\"dateModified\":\"2024-03-18T12:47:53+00:00\",\"breadcrumb\":{\"@id\":\"https:\/\/grontkontor.dk\/shop\/plastfri-papkrust-med-logotryk-47cl\/#breadcrumb\"},\"inLanguage\":\"en-US\",\"potentialAction\":[{\"@type\":\"ReadAction\",\"target\":[\"https:\/\/grontkontor.dk\/shop\/plastfri-papkrust-med-logotryk-47cl\/\"]}]},{\"@type\":\"BreadcrumbList\",\"@id\":\"https:\/\/grontkontor.dk\/shop\/plastfri-papkrust-med-logotryk-47cl\/#breadcrumb\",\"itemListElement\":[{\"@type\":\"ListItem\",\"position\":1,\"name\":\"Forside\",\"item\":\"https:\/\/grontkontor.dk\/\"},{\"@type\":\"ListItem\",\"position\":2,\"name\":\"Shop\",\"item\":\"https:\/\/grontkontor.dk\/en\/shop-2\/\"},{\"@type\":\"ListItem\",\"position\":3,\"name\":\"Food and drinkware\",\"item\":\"https:\/\/grontkontor.dk\/en\/produkt-kategori\/food-and-drinkware\/\"},{\"@type\":\"ListItem\",\"position\":4,\"name\":\"Disposable mugs\",\"item\":\"https:\/\/grontkontor.dk\/en\/produkt-kategori\/food-and-drinkware\/disposable-cups\/\"},{\"@type\":\"ListItem\",\"position\":5,\"name\":\"Plastic-free cardboard mug for cold drinks with logo print &#8211; 47cl\"}]},{\"@type\":\"WebSite\",\"@id\":\"https:\/\/grontkontor.dk\/#website\",\"url\":\"https:\/\/grontkontor.dk\/\",\"name\":\"Gr\u00f8nt Kontor\",\"description\":\"Milj\u00f8venlige produkter til kontor og erhverv med fokus p\u00e5 b\u00e6redygtighed, design og fair trade.\",\"publisher\":{\"@id\":\"https:\/\/grontkontor.dk\/#organization\"},\"potentialAction\":[{\"@type\":\"SearchAction\",\"target\":{\"@type\":\"EntryPoint\",\"urlTemplate\":\"https:\/\/grontkontor.dk\/?s={search_term_string}\"},\"query-input\":\"required name=search_term_string\"}],\"inLanguage\":\"en-US\"},{\"@type\":\"Organization\",\"@id\":\"https:\/\/grontkontor.dk\/#organization\",\"name\":\"Gr\u00f8nt Kontor\",\"url\":\"https:\/\/grontkontor.dk\/\",\"logo\":{\"@type\":\"ImageObject\",\"inLanguage\":\"en-US\",\"@id\":\"https:\/\/grontkontor.dk\/#\/schema\/logo\/image\/\",\"url\":\"https:\/\/grontkontor.dk\/wp-content\/uploads\/2014\/02\/Logo_groent_kontor_300x80.png\",\"contentUrl\":\"https:\/\/grontkontor.dk\/wp-content\/uploads\/2014\/02\/Logo_groent_kontor_300x80.png\",\"width\":300,\"height\":80,\"caption\":\"Gr\u00f8nt Kontor\"},\"image\":{\"@id\":\"https:\/\/grontkontor.dk\/#\/schema\/logo\/image\/\"},\"sameAs\":[\"https:\/\/www.facebook.com\/grontkontor.dk\/\"]}]}<\/script>\n<!-- \/ Yoast SEO Premium plugin. -->","yoast_head_json":{"title":"Plastic-free cardboard mug for cold drinks with logo print - 47cl - Gr\u00f8nt Kontor","robots":{"index":"index","follow":"follow","max-snippet":"max-snippet:-1","max-image-preview":"max-image-preview:large","max-video-preview":"max-video-preview:-1"},"canonical":"https:\/\/grontkontor.dk\/shop\/plastfri-papkrust-med-logotryk-47cl\/","og_locale":"en_US","og_type":"article","og_title":"Plastic-free cardboard mug for cold drinks with logo print - 47cl","og_description":"Paper2Paper cardboard cups made of 100% paper with water-based coating. The cardboard mugs are made of paper and can be recycled with ordinary paper waste. The mugs are single-walled and thus especially suitable for cold drinks. A cheap, climate- and environmentally-friendly product, made in the EU and approved for the purpose. You can opt for [&hellip;]","og_url":"https:\/\/grontkontor.dk\/shop\/plastfri-papkrust-med-logotryk-47cl\/","og_site_name":"Gr\u00f8nt Kontor","article_publisher":"https:\/\/www.facebook.com\/grontkontor.dk\/","article_modified_time":"2024-03-18T12:47:53+00:00","og_image":[{"width":900,"height":639,"url":"https:\/\/grontkontor.dk\/wp-content\/uploads\/2020\/03\/papkrus_enkeltvaegget_47cl-1.jpg","type":"image\/jpeg"}],"twitter_card":"summary_large_image","twitter_misc":{"Est. reading time":"1 minute"},"schema":{"@context":"https:\/\/schema.org","@graph":[{"@type":"WebPage","@id":"https:\/\/grontkontor.dk\/shop\/plastfri-papkrust-med-logotryk-47cl\/","url":"https:\/\/grontkontor.dk\/shop\/plastfri-papkrust-med-logotryk-47cl\/","name":"Plastic-free cardboard mug for cold drinks with logo print - 47cl - Gr\u00f8nt Kontor","isPartOf":{"@id":"https:\/\/grontkontor.dk\/#website"},"datePublished":"2023-09-22T13:13:41+00:00","dateModified":"2024-03-18T12:47:53+00:00","breadcrumb":{"@id":"https:\/\/grontkontor.dk\/shop\/plastfri-papkrust-med-logotryk-47cl\/#breadcrumb"},"inLanguage":"en-US","potentialAction":[{"@type":"ReadAction","target":["https:\/\/grontkontor.dk\/shop\/plastfri-papkrust-med-logotryk-47cl\/"]}]},{"@type":"BreadcrumbList","@id":"https:\/\/grontkontor.dk\/shop\/plastfri-papkrust-med-logotryk-47cl\/#breadcrumb","itemListElement":[{"@type":"ListItem","position":1,"name":"Forside","item":"https:\/\/grontkontor.dk\/"},{"@type":"ListItem","position":2,"name":"Shop","item":"https:\/\/grontkontor.dk\/en\/shop-2\/"},{"@type":"ListItem","position":3,"name":"Food and drinkware","item":"https:\/\/grontkontor.dk\/en\/produkt-kategori\/food-and-drinkware\/"},{"@type":"ListItem","position":4,"name":"Disposable mugs","item":"https:\/\/grontkontor.dk\/en\/produkt-kategori\/food-and-drinkware\/disposable-cups\/"},{"@type":"ListItem","position":5,"name":"Plastic-free cardboard mug for cold drinks with logo print &#8211; 47cl"}]},{"@type":"WebSite","@id":"https:\/\/grontkontor.dk\/#website","url":"https:\/\/grontkontor.dk\/","name":"Gr\u00f8nt Kontor","description":"Milj\u00f8venlige produkter til kontor og erhverv med fokus p\u00e5 b\u00e6redygtighed, design og fair trade.","publisher":{"@id":"https:\/\/grontkontor.dk\/#organization"},"potentialAction":[{"@type":"SearchAction","target":{"@type":"EntryPoint","urlTemplate":"https:\/\/grontkontor.dk\/?s={search_term_string}"},"query-input":"required name=search_term_string"}],"inLanguage":"en-US"},{"@type":"Organization","@id":"https:\/\/grontkontor.dk\/#organization","name":"Gr\u00f8nt Kontor","url":"https:\/\/grontkontor.dk\/","logo":{"@type":"ImageObject","inLanguage":"en-US","@id":"https:\/\/grontkontor.dk\/#\/schema\/logo\/image\/","url":"https:\/\/grontkontor.dk\/wp-content\/uploads\/2014\/02\/Logo_groent_kontor_300x80.png","contentUrl":"https:\/\/grontkontor.dk\/wp-content\/uploads\/2014\/02\/Logo_groent_kontor_300x80.png","width":300,"height":80,"caption":"Gr\u00f8nt Kontor"},"image":{"@id":"https:\/\/grontkontor.dk\/#\/schema\/logo\/image\/"},"sameAs":["https:\/\/www.facebook.com\/grontkontor.dk\/"]}]}},"_links":{"self":[{"href":"https:\/\/grontkontor.dk\/en\/wp-json\/wp\/v2\/product\/71626"}],"collection":[{"href":"https:\/\/grontkontor.dk\/en\/wp-json\/wp\/v2\/product"}],"about":[{"href":"https:\/\/grontkontor.dk\/en\/wp-json\/wp\/v2\/types\/product"}],"replies":[{"embeddable":true,"href":"https:\/\/grontkontor.dk\/en\/wp-json\/wp\/v2\/comments?post=71626"}],"wp:featuredmedia":[{"embeddable":true,"href":"https:\/\/grontkontor.dk\/en\/wp-json\/wp\/v2\/media\/36324"}],"wp:attachment":[{"href":"https:\/\/grontkontor.dk\/en\/wp-json\/wp\/v2\/media?parent=71626"}],"wp:term":[{"taxonomy":"product_cat","embeddable":true,"href":"https:\/\/grontkontor.dk\/en\/wp-json\/wp\/v2\/product_cat?post=71626"},{"taxonomy":"product_tag","embeddable":true,"href":"https:\/\/grontkontor.dk\/en\/wp-json\/wp\/v2\/product_tag?post=71626"}],"curies":[{"name":"wp","href":"https:\/\/api.w.org\/{rel}","templated":true}]}}