{"id":71676,"date":"2025-03-03T13:11:15","date_gmt":"2023-09-22T13:14:22","guid":{"rendered":"https:\/\/grontkontor.dk\/produkt\/t-shirts-in-organic-cotton\/"},"modified":"2025-11-06T10:07:58","modified_gmt":"2025-11-06T09:07:58","slug":"tshirt-oekologisk-bomuld","status":"publish","type":"product","link":"https:\/\/grontkontor.dk\/en\/shop\/tshirt-oekologisk-bomuld\/","title":{"rendered":"T-shirt in organic cotton w\/o print"},"content":{"rendered":"<p>A lightweight t-shirt in 100% GOTS-certified organic cotton is a perfect choice when you want to combine comfort, quality and thoughtfulness. This climate-friendly t-shirt comes with a GOTS label, which documents both environmentally friendly production and social standards. With its soft quality of 150 gsm, it is comfortable to wear, and at the same time sturdy enough for daily use.<br \/>\nThe T-shirt can be delivered with logo print, where printing is done twice to ensure a sharp and durable quality, especially on darker colours. In addition, you can choose embroidery if you want a more exclusive look. The minimum order is 50 pieces, and you are free to mix sizes and colors to suit your needs.<br \/>\nAs a promotional item, a T-shirt is ideal for events, fairs and promotions. It can easily be combined with a polo shirt or other profile clothing to give your company a uniform and professional look. The T-shirt serves both as a practical giveaway and as part of the employees&#8217; wardrobe, where it signals climate-friendly and environmentally friendly values.<x id=\"gid_2\"><\/x>With a light and timeless t-shirt in organic cotton, you get a product that can be used again and again, and that sends a clear message of responsibility and quality. It is the classic solution for companies that want to unite functionality, branding and green consideration.<br \/>\nCotton is a biodegradable, compostable natural product and one of the worlds oldest commercial and agricultural commodities. Organic cotton is grown from non-genetically modified seeds, and without the use of pesticides or other harmful chemicals.  The GOTS certification is a guarantee that your clothes are produced organically and environmentally correctly under proper wage and working conditions.  <a href=\"https:\/\/www.eco-branding.dk\/miljoemaerkning\/gots.aspx\" rel=\"noopener\" target=\"_blank\"><img loading=\"lazy\" decoding=\"async\" class=\"size-full wp-image-12808\" src=\"https:\/\/grontkontor.dk\/wp-content\/uploads\/2019\/04\/gots-certificeret.jpg\" \n   alt=\"Gots certificeret - din garanti for, at produktet indeholder mindst 70% ?kologisk bomuld\"  description=\"Gots certificeret - din garanti for, at produktet indeholder mindst 70% ?kologisk bomuld\" width=\"50\" height=\"50\" \n\t border=0 \/><\/a><\/p>\n","protected":false},"excerpt":{"rendered":"<p>A lightweight t-shirt in 100% GOTS-certified organic cotton is a perfect choice when you want to combine comfort, quality and thoughtfulness. This climate-friendly t-shirt comes with a GOTS label, which documents both environmentally friendly production and social standards. With its soft quality of 150 gsm, it is comfortable to wear, and at the same time [&hellip;]<\/p>\n","protected":false},"featured_media":35570,"comment_status":"closed","ping_status":"closed","template":"","meta":{"_acf_changed":false},"product_cat":[4839,1262,2122],"product_tag":[4823,3052,4825,4824,4826],"class_list":{"0":"post-71676","1":"product","2":"type-product","3":"status-publish","4":"has-post-thumbnail","6":"product_cat-t-shirts-sweat-shirts-and-polo-shirts","7":"product_cat-sustainable-presents","8":"product_cat-dummy-moq-50-100-en","9":"product_tag-shirt","10":"product_tag-t-shirt-en","11":"product_tag-t-shirts-en","12":"product_tag-tshirt-en","13":"product_tag-tshirts-en","14":"pa_farve-black","15":"pa_farve-blue","16":"pa_farve-green-en","17":"pa_farve-grey-en-2","18":"pa_farve-red-en","19":"pa_farve-white-en","20":"tm-has-styled-variations","21":"tm-has-options","23":"first","24":"instock","25":"sale","26":"taxable","27":"shipping-taxable","28":"purchasable","29":"product-type-simple"},"acf":[],"yoast_head":"<!-- This site is optimized with the Yoast SEO Premium plugin v21.2 (Yoast SEO v21.2) - https:\/\/yoast.com\/wordpress\/plugins\/seo\/ -->\n<title>T-shirt in organic cotton w\/o print - Gr\u00f8nt Kontor<\/title>\n<meta name=\"description\" content=\"Climate-friendly t-shirt in 100% GOTS-certified organic cotton. Eco-friendly giveaway for events and fairs. Available with logo print and embroidery.\" \/>\n<meta name=\"robots\" content=\"index, follow, max-snippet:-1, max-image-preview:large, max-video-preview:-1\" \/>\n<link rel=\"canonical\" href=\"https:\/\/grontkontor.dk\/en\/shop\/tshirt-oekologisk-bomuld\/\" \/>\n<meta property=\"og:locale\" content=\"en_US\" \/>\n<meta property=\"og:type\" content=\"article\" \/>\n<meta property=\"og:title\" content=\"T-shirt in organic cotton w\/o print\" \/>\n<meta property=\"og:description\" content=\"Climate-friendly t-shirt in 100% GOTS-certified organic cotton. Eco-friendly giveaway for events and fairs. Available with logo print and embroidery.\" \/>\n<meta property=\"og:url\" content=\"https:\/\/grontkontor.dk\/en\/shop\/tshirt-oekologisk-bomuld\/\" \/>\n<meta property=\"og:site_name\" content=\"Gr\u00f8nt Kontor\" \/>\n<meta property=\"article:publisher\" content=\"https:\/\/www.facebook.com\/grontkontor.dk\/\" \/>\n<meta property=\"article:modified_time\" content=\"2025-11-06T09:07:58+00:00\" \/>\n<meta property=\"og:image\" content=\"https:\/\/grontkontor.dk\/wp-content\/uploads\/2020\/05\/t-shirt-oekologisk-bomuld-groen.jpg\" \/>\n\t<meta property=\"og:image:width\" content=\"900\" \/>\n\t<meta property=\"og:image:height\" content=\"639\" \/>\n\t<meta property=\"og:image:type\" content=\"image\/jpeg\" \/>\n<meta name=\"twitter:card\" content=\"summary_large_image\" \/>\n<meta name=\"twitter:label1\" content=\"Est. reading time\" \/>\n\t<meta name=\"twitter:data1\" content=\"1 minute\" \/>\n<script type=\"application\/ld+json\" class=\"yoast-schema-graph\">{\"@context\":\"https:\/\/schema.org\",\"@graph\":[{\"@type\":\"WebPage\",\"@id\":\"https:\/\/grontkontor.dk\/en\/shop\/tshirt-oekologisk-bomuld\/\",\"url\":\"https:\/\/grontkontor.dk\/en\/shop\/tshirt-oekologisk-bomuld\/\",\"name\":\"T-shirt in organic cotton w\/o print - Gr\u00f8nt Kontor\",\"isPartOf\":{\"@id\":\"https:\/\/grontkontor.dk\/#website\"},\"datePublished\":\"2023-09-22T13:14:22+00:00\",\"dateModified\":\"2025-11-06T09:07:58+00:00\",\"description\":\"Climate-friendly t-shirt in 100% GOTS-certified organic cotton. Eco-friendly giveaway for events and fairs. Available with logo print and embroidery.\",\"breadcrumb\":{\"@id\":\"https:\/\/grontkontor.dk\/en\/shop\/tshirt-oekologisk-bomuld\/#breadcrumb\"},\"inLanguage\":\"en-US\",\"potentialAction\":[{\"@type\":\"ReadAction\",\"target\":[\"https:\/\/grontkontor.dk\/en\/shop\/tshirt-oekologisk-bomuld\/\"]}]},{\"@type\":\"BreadcrumbList\",\"@id\":\"https:\/\/grontkontor.dk\/en\/shop\/tshirt-oekologisk-bomuld\/#breadcrumb\",\"itemListElement\":[{\"@type\":\"ListItem\",\"position\":1,\"name\":\"Forside\",\"item\":\"https:\/\/grontkontor.dk\/\"},{\"@type\":\"ListItem\",\"position\":2,\"name\":\"Shop\",\"item\":\"https:\/\/grontkontor.dk\/en\/shop-2\/\"},{\"@type\":\"ListItem\",\"position\":3,\"name\":\"Apparel\",\"item\":\"https:\/\/grontkontor.dk\/en\/produkt-kategori\/beklaedning-en\/\"},{\"@type\":\"ListItem\",\"position\":4,\"name\":\"T-shirts, sweat shirts and polo shirts\",\"item\":\"https:\/\/grontkontor.dk\/en\/produkt-kategori\/beklaedning-en\/t-shirts-sweat-shirts-and-polo-shirts\/\"},{\"@type\":\"ListItem\",\"position\":5,\"name\":\"T-shirt in organic cotton w\/o print\"}]},{\"@type\":\"WebSite\",\"@id\":\"https:\/\/grontkontor.dk\/#website\",\"url\":\"https:\/\/grontkontor.dk\/\",\"name\":\"Gr\u00f8nt Kontor\",\"description\":\"Milj\u00f8venlige produkter til kontor og erhverv med fokus p\u00e5 b\u00e6redygtighed, design og fair trade.\",\"publisher\":{\"@id\":\"https:\/\/grontkontor.dk\/#organization\"},\"potentialAction\":[{\"@type\":\"SearchAction\",\"target\":{\"@type\":\"EntryPoint\",\"urlTemplate\":\"https:\/\/grontkontor.dk\/?s={search_term_string}\"},\"query-input\":\"required name=search_term_string\"}],\"inLanguage\":\"en-US\"},{\"@type\":\"Organization\",\"@id\":\"https:\/\/grontkontor.dk\/#organization\",\"name\":\"Gr\u00f8nt Kontor\",\"url\":\"https:\/\/grontkontor.dk\/\",\"logo\":{\"@type\":\"ImageObject\",\"inLanguage\":\"en-US\",\"@id\":\"https:\/\/grontkontor.dk\/#\/schema\/logo\/image\/\",\"url\":\"https:\/\/grontkontor.dk\/wp-content\/uploads\/2014\/02\/Logo_groent_kontor_300x80.png\",\"contentUrl\":\"https:\/\/grontkontor.dk\/wp-content\/uploads\/2014\/02\/Logo_groent_kontor_300x80.png\",\"width\":300,\"height\":80,\"caption\":\"Gr\u00f8nt Kontor\"},\"image\":{\"@id\":\"https:\/\/grontkontor.dk\/#\/schema\/logo\/image\/\"},\"sameAs\":[\"https:\/\/www.facebook.com\/grontkontor.dk\/\"]}]}<\/script>\n<!-- \/ Yoast SEO Premium plugin. -->","yoast_head_json":{"title":"T-shirt in organic cotton w\/o print - Gr\u00f8nt Kontor","description":"Climate-friendly t-shirt in 100% GOTS-certified organic cotton. Eco-friendly giveaway for events and fairs. Available with logo print and embroidery.","robots":{"index":"index","follow":"follow","max-snippet":"max-snippet:-1","max-image-preview":"max-image-preview:large","max-video-preview":"max-video-preview:-1"},"canonical":"https:\/\/grontkontor.dk\/en\/shop\/tshirt-oekologisk-bomuld\/","og_locale":"en_US","og_type":"article","og_title":"T-shirt in organic cotton w\/o print","og_description":"Climate-friendly t-shirt in 100% GOTS-certified organic cotton. Eco-friendly giveaway for events and fairs. Available with logo print and embroidery.","og_url":"https:\/\/grontkontor.dk\/en\/shop\/tshirt-oekologisk-bomuld\/","og_site_name":"Gr\u00f8nt Kontor","article_publisher":"https:\/\/www.facebook.com\/grontkontor.dk\/","article_modified_time":"2025-11-06T09:07:58+00:00","og_image":[{"width":900,"height":639,"url":"https:\/\/grontkontor.dk\/wp-content\/uploads\/2020\/05\/t-shirt-oekologisk-bomuld-groen.jpg","type":"image\/jpeg"}],"twitter_card":"summary_large_image","twitter_misc":{"Est. reading time":"1 minute"},"schema":{"@context":"https:\/\/schema.org","@graph":[{"@type":"WebPage","@id":"https:\/\/grontkontor.dk\/en\/shop\/tshirt-oekologisk-bomuld\/","url":"https:\/\/grontkontor.dk\/en\/shop\/tshirt-oekologisk-bomuld\/","name":"T-shirt in organic cotton w\/o print - Gr\u00f8nt Kontor","isPartOf":{"@id":"https:\/\/grontkontor.dk\/#website"},"datePublished":"2023-09-22T13:14:22+00:00","dateModified":"2025-11-06T09:07:58+00:00","description":"Climate-friendly t-shirt in 100% GOTS-certified organic cotton. Eco-friendly giveaway for events and fairs. Available with logo print and embroidery.","breadcrumb":{"@id":"https:\/\/grontkontor.dk\/en\/shop\/tshirt-oekologisk-bomuld\/#breadcrumb"},"inLanguage":"en-US","potentialAction":[{"@type":"ReadAction","target":["https:\/\/grontkontor.dk\/en\/shop\/tshirt-oekologisk-bomuld\/"]}]},{"@type":"BreadcrumbList","@id":"https:\/\/grontkontor.dk\/en\/shop\/tshirt-oekologisk-bomuld\/#breadcrumb","itemListElement":[{"@type":"ListItem","position":1,"name":"Forside","item":"https:\/\/grontkontor.dk\/"},{"@type":"ListItem","position":2,"name":"Shop","item":"https:\/\/grontkontor.dk\/en\/shop-2\/"},{"@type":"ListItem","position":3,"name":"Apparel","item":"https:\/\/grontkontor.dk\/en\/produkt-kategori\/beklaedning-en\/"},{"@type":"ListItem","position":4,"name":"T-shirts, sweat shirts and polo shirts","item":"https:\/\/grontkontor.dk\/en\/produkt-kategori\/beklaedning-en\/t-shirts-sweat-shirts-and-polo-shirts\/"},{"@type":"ListItem","position":5,"name":"T-shirt in organic cotton w\/o print"}]},{"@type":"WebSite","@id":"https:\/\/grontkontor.dk\/#website","url":"https:\/\/grontkontor.dk\/","name":"Gr\u00f8nt Kontor","description":"Milj\u00f8venlige produkter til kontor og erhverv med fokus p\u00e5 b\u00e6redygtighed, design og fair trade.","publisher":{"@id":"https:\/\/grontkontor.dk\/#organization"},"potentialAction":[{"@type":"SearchAction","target":{"@type":"EntryPoint","urlTemplate":"https:\/\/grontkontor.dk\/?s={search_term_string}"},"query-input":"required name=search_term_string"}],"inLanguage":"en-US"},{"@type":"Organization","@id":"https:\/\/grontkontor.dk\/#organization","name":"Gr\u00f8nt Kontor","url":"https:\/\/grontkontor.dk\/","logo":{"@type":"ImageObject","inLanguage":"en-US","@id":"https:\/\/grontkontor.dk\/#\/schema\/logo\/image\/","url":"https:\/\/grontkontor.dk\/wp-content\/uploads\/2014\/02\/Logo_groent_kontor_300x80.png","contentUrl":"https:\/\/grontkontor.dk\/wp-content\/uploads\/2014\/02\/Logo_groent_kontor_300x80.png","width":300,"height":80,"caption":"Gr\u00f8nt Kontor"},"image":{"@id":"https:\/\/grontkontor.dk\/#\/schema\/logo\/image\/"},"sameAs":["https:\/\/www.facebook.com\/grontkontor.dk\/"]}]}},"_links":{"self":[{"href":"https:\/\/grontkontor.dk\/en\/wp-json\/wp\/v2\/product\/71676"}],"collection":[{"href":"https:\/\/grontkontor.dk\/en\/wp-json\/wp\/v2\/product"}],"about":[{"href":"https:\/\/grontkontor.dk\/en\/wp-json\/wp\/v2\/types\/product"}],"replies":[{"embeddable":true,"href":"https:\/\/grontkontor.dk\/en\/wp-json\/wp\/v2\/comments?post=71676"}],"wp:featuredmedia":[{"embeddable":true,"href":"https:\/\/grontkontor.dk\/en\/wp-json\/wp\/v2\/media\/35570"}],"wp:attachment":[{"href":"https:\/\/grontkontor.dk\/en\/wp-json\/wp\/v2\/media?parent=71676"}],"wp:term":[{"taxonomy":"product_cat","embeddable":true,"href":"https:\/\/grontkontor.dk\/en\/wp-json\/wp\/v2\/product_cat?post=71676"},{"taxonomy":"product_tag","embeddable":true,"href":"https:\/\/grontkontor.dk\/en\/wp-json\/wp\/v2\/product_tag?post=71676"}],"curies":[{"name":"wp","href":"https:\/\/api.w.org\/{rel}","templated":true}]}}