{"id":71687,"date":"2023-09-22T13:11:30","date_gmt":"2023-09-22T13:14:36","guid":{"rendered":"https:\/\/grontkontor.dk\/produkt\/anteckningsblock-med-kulspetspenna-i-kork-aateranvaent\/"},"modified":"2024-02-28T13:14:01","modified_gmt":"2024-02-28T12:14:01","slug":"anteckningsblock-med-kulspetspenna-i-kork-aateranvaent","status":"publish","type":"product","link":"https:\/\/grontkontor.dk\/en\/shop\/anteckningsblock-med-kulspetspenna-i-kork-aateranvaent\/","title":{"rendered":"Notepad with ballpoint pen cork\/recycling"},"content":{"rendered":"<p>Climate-friendly notepad with spiral spine and pen in recycled paper and wheat fiber PP (polypropylene). Contains 160 lined pages of coarse brown recycled paper that signal climate friendliness and with printed recycling label.<\/p>\n<p>A recycled eco-friendly and practical product ready to put in your pocket, suitable as a handout for trade fair and event. Or for use at conferences or teaching contexts.<\/p>\nCork is a highly sustainable, biodegradable and compostable natural material that originates from the cork oak that grows throughout the Mediterranean region. Cork is a rapidly regenerating resource that can be harvested every year from the same tree. Additionally, cork forests support one of the highest levels of biodiversity compared to other forest types. \n<p>&nbsp;<\/p>\n","protected":false},"excerpt":{"rendered":"<p>Climate-friendly notepad with spiral spine and pen in recycled paper and wheat fiber PP (polypropylene). Contains 160 lined pages of coarse brown recycled paper that signal climate friendliness and with printed recycling label. A recycled eco-friendly and practical product ready to put in your pocket, suitable as a handout for trade fair and event. Or [&hellip;]<\/p>\n","protected":false},"featured_media":18392,"comment_status":"closed","ping_status":"closed","template":"","meta":{"_acf_changed":false},"product_cat":[1262,2106,1356,1299],"product_tag":[1359,1357,1360,1358,1980],"class_list":{"0":"post-71687","1":"product","2":"type-product","3":"status-publish","4":"has-post-thumbnail","6":"product_cat-sustainable-presents","7":"product_cat-dummy-moq-1-en","8":"product_cat-note-books","9":"product_cat-paper-and-blocks","10":"product_tag-notesbog-en","11":"product_tag-notesboeger-en","12":"product_tag-noteshaefte-en","13":"product_tag-notesblok-en","14":"product_tag-lommebog-en","15":"tm-has-options","17":"first","18":"instock","19":"sale","20":"taxable","21":"shipping-taxable","22":"purchasable","23":"product-type-simple"},"acf":[],"yoast_head":"<!-- This site is optimized with the Yoast SEO Premium plugin v21.2 (Yoast SEO v21.2) - https:\/\/yoast.com\/wordpress\/plugins\/seo\/ -->\n<title>Notepad with ballpoint pen cork\/recycling - Gr\u00f8nt Kontor<\/title>\n<meta name=\"robots\" content=\"index, follow, max-snippet:-1, max-image-preview:large, max-video-preview:-1\" \/>\n<link rel=\"canonical\" href=\"https:\/\/grontkontor.dk\/en\/shop\/anteckningsblock-med-kulspetspenna-i-kork-aateranvaent\/\" \/>\n<meta property=\"og:locale\" content=\"en_US\" \/>\n<meta property=\"og:type\" content=\"article\" \/>\n<meta property=\"og:title\" content=\"Notepad with ballpoint pen cork\/recycling\" \/>\n<meta property=\"og:description\" content=\"Climate-friendly notepad with spiral spine and pen in recycled paper and wheat fiber PP (polypropylene). Contains 160 lined pages of coarse brown recycled paper that signal climate friendliness and with printed recycling label. A recycled eco-friendly and practical product ready to put in your pocket, suitable as a handout for trade fair and event. Or [&hellip;]\" \/>\n<meta property=\"og:url\" content=\"https:\/\/grontkontor.dk\/en\/shop\/anteckningsblock-med-kulspetspenna-i-kork-aateranvaent\/\" \/>\n<meta property=\"og:site_name\" content=\"Gr\u00f8nt Kontor\" \/>\n<meta property=\"article:publisher\" content=\"https:\/\/www.facebook.com\/grontkontor.dk\/\" \/>\n<meta property=\"article:modified_time\" content=\"2024-02-28T12:14:01+00:00\" \/>\n<meta property=\"og:image\" content=\"https:\/\/grontkontor.dk\/wp-content\/uploads\/2020\/05\/notesbog-a6-genbrug-kork-kuglepen-01.jpg\" \/>\n\t<meta property=\"og:image:width\" content=\"900\" \/>\n\t<meta property=\"og:image:height\" content=\"639\" \/>\n\t<meta property=\"og:image:type\" content=\"image\/jpeg\" \/>\n<meta name=\"twitter:card\" content=\"summary_large_image\" \/>\n<script type=\"application\/ld+json\" class=\"yoast-schema-graph\">{\"@context\":\"https:\/\/schema.org\",\"@graph\":[{\"@type\":\"WebPage\",\"@id\":\"https:\/\/grontkontor.dk\/en\/shop\/anteckningsblock-med-kulspetspenna-i-kork-aateranvaent\/\",\"url\":\"https:\/\/grontkontor.dk\/en\/shop\/anteckningsblock-med-kulspetspenna-i-kork-aateranvaent\/\",\"name\":\"Notepad with ballpoint pen cork\/recycling - Gr\u00f8nt Kontor\",\"isPartOf\":{\"@id\":\"https:\/\/grontkontor.dk\/#website\"},\"datePublished\":\"2023-09-22T13:14:36+00:00\",\"dateModified\":\"2024-02-28T12:14:01+00:00\",\"breadcrumb\":{\"@id\":\"https:\/\/grontkontor.dk\/en\/shop\/anteckningsblock-med-kulspetspenna-i-kork-aateranvaent\/#breadcrumb\"},\"inLanguage\":\"en-US\",\"potentialAction\":[{\"@type\":\"ReadAction\",\"target\":[\"https:\/\/grontkontor.dk\/en\/shop\/anteckningsblock-med-kulspetspenna-i-kork-aateranvaent\/\"]}]},{\"@type\":\"BreadcrumbList\",\"@id\":\"https:\/\/grontkontor.dk\/en\/shop\/anteckningsblock-med-kulspetspenna-i-kork-aateranvaent\/#breadcrumb\",\"itemListElement\":[{\"@type\":\"ListItem\",\"position\":1,\"name\":\"Forside\",\"item\":\"https:\/\/grontkontor.dk\/\"},{\"@type\":\"ListItem\",\"position\":2,\"name\":\"Shop\",\"item\":\"https:\/\/grontkontor.dk\/en\/shop-2\/\"},{\"@type\":\"ListItem\",\"position\":3,\"name\":\"Paper and pads\",\"item\":\"https:\/\/grontkontor.dk\/en\/produkt-kategori\/paper-and-blocks\/\"},{\"@type\":\"ListItem\",\"position\":4,\"name\":\"Notebooks\",\"item\":\"https:\/\/grontkontor.dk\/en\/produkt-kategori\/paper-and-blocks\/note-books\/\"},{\"@type\":\"ListItem\",\"position\":5,\"name\":\"Notepad with ballpoint pen cork\/recycling\"}]},{\"@type\":\"WebSite\",\"@id\":\"https:\/\/grontkontor.dk\/#website\",\"url\":\"https:\/\/grontkontor.dk\/\",\"name\":\"Gr\u00f8nt Kontor\",\"description\":\"Milj\u00f8venlige produkter til kontor og erhverv med fokus p\u00e5 b\u00e6redygtighed, design og fair trade.\",\"publisher\":{\"@id\":\"https:\/\/grontkontor.dk\/#organization\"},\"potentialAction\":[{\"@type\":\"SearchAction\",\"target\":{\"@type\":\"EntryPoint\",\"urlTemplate\":\"https:\/\/grontkontor.dk\/?s={search_term_string}\"},\"query-input\":\"required name=search_term_string\"}],\"inLanguage\":\"en-US\"},{\"@type\":\"Organization\",\"@id\":\"https:\/\/grontkontor.dk\/#organization\",\"name\":\"Gr\u00f8nt Kontor\",\"url\":\"https:\/\/grontkontor.dk\/\",\"logo\":{\"@type\":\"ImageObject\",\"inLanguage\":\"en-US\",\"@id\":\"https:\/\/grontkontor.dk\/#\/schema\/logo\/image\/\",\"url\":\"https:\/\/grontkontor.dk\/wp-content\/uploads\/2014\/02\/Logo_groent_kontor_300x80.png\",\"contentUrl\":\"https:\/\/grontkontor.dk\/wp-content\/uploads\/2014\/02\/Logo_groent_kontor_300x80.png\",\"width\":300,\"height\":80,\"caption\":\"Gr\u00f8nt Kontor\"},\"image\":{\"@id\":\"https:\/\/grontkontor.dk\/#\/schema\/logo\/image\/\"},\"sameAs\":[\"https:\/\/www.facebook.com\/grontkontor.dk\/\"]}]}<\/script>\n<!-- \/ Yoast SEO Premium plugin. -->","yoast_head_json":{"title":"Notepad with ballpoint pen cork\/recycling - Gr\u00f8nt Kontor","robots":{"index":"index","follow":"follow","max-snippet":"max-snippet:-1","max-image-preview":"max-image-preview:large","max-video-preview":"max-video-preview:-1"},"canonical":"https:\/\/grontkontor.dk\/en\/shop\/anteckningsblock-med-kulspetspenna-i-kork-aateranvaent\/","og_locale":"en_US","og_type":"article","og_title":"Notepad with ballpoint pen cork\/recycling","og_description":"Climate-friendly notepad with spiral spine and pen in recycled paper and wheat fiber PP (polypropylene). Contains 160 lined pages of coarse brown recycled paper that signal climate friendliness and with printed recycling label. A recycled eco-friendly and practical product ready to put in your pocket, suitable as a handout for trade fair and event. Or [&hellip;]","og_url":"https:\/\/grontkontor.dk\/en\/shop\/anteckningsblock-med-kulspetspenna-i-kork-aateranvaent\/","og_site_name":"Gr\u00f8nt Kontor","article_publisher":"https:\/\/www.facebook.com\/grontkontor.dk\/","article_modified_time":"2024-02-28T12:14:01+00:00","og_image":[{"width":900,"height":639,"url":"https:\/\/grontkontor.dk\/wp-content\/uploads\/2020\/05\/notesbog-a6-genbrug-kork-kuglepen-01.jpg","type":"image\/jpeg"}],"twitter_card":"summary_large_image","schema":{"@context":"https:\/\/schema.org","@graph":[{"@type":"WebPage","@id":"https:\/\/grontkontor.dk\/en\/shop\/anteckningsblock-med-kulspetspenna-i-kork-aateranvaent\/","url":"https:\/\/grontkontor.dk\/en\/shop\/anteckningsblock-med-kulspetspenna-i-kork-aateranvaent\/","name":"Notepad with ballpoint pen cork\/recycling - Gr\u00f8nt Kontor","isPartOf":{"@id":"https:\/\/grontkontor.dk\/#website"},"datePublished":"2023-09-22T13:14:36+00:00","dateModified":"2024-02-28T12:14:01+00:00","breadcrumb":{"@id":"https:\/\/grontkontor.dk\/en\/shop\/anteckningsblock-med-kulspetspenna-i-kork-aateranvaent\/#breadcrumb"},"inLanguage":"en-US","potentialAction":[{"@type":"ReadAction","target":["https:\/\/grontkontor.dk\/en\/shop\/anteckningsblock-med-kulspetspenna-i-kork-aateranvaent\/"]}]},{"@type":"BreadcrumbList","@id":"https:\/\/grontkontor.dk\/en\/shop\/anteckningsblock-med-kulspetspenna-i-kork-aateranvaent\/#breadcrumb","itemListElement":[{"@type":"ListItem","position":1,"name":"Forside","item":"https:\/\/grontkontor.dk\/"},{"@type":"ListItem","position":2,"name":"Shop","item":"https:\/\/grontkontor.dk\/en\/shop-2\/"},{"@type":"ListItem","position":3,"name":"Paper and pads","item":"https:\/\/grontkontor.dk\/en\/produkt-kategori\/paper-and-blocks\/"},{"@type":"ListItem","position":4,"name":"Notebooks","item":"https:\/\/grontkontor.dk\/en\/produkt-kategori\/paper-and-blocks\/note-books\/"},{"@type":"ListItem","position":5,"name":"Notepad with ballpoint pen cork\/recycling"}]},{"@type":"WebSite","@id":"https:\/\/grontkontor.dk\/#website","url":"https:\/\/grontkontor.dk\/","name":"Gr\u00f8nt Kontor","description":"Milj\u00f8venlige produkter til kontor og erhverv med fokus p\u00e5 b\u00e6redygtighed, design og fair trade.","publisher":{"@id":"https:\/\/grontkontor.dk\/#organization"},"potentialAction":[{"@type":"SearchAction","target":{"@type":"EntryPoint","urlTemplate":"https:\/\/grontkontor.dk\/?s={search_term_string}"},"query-input":"required name=search_term_string"}],"inLanguage":"en-US"},{"@type":"Organization","@id":"https:\/\/grontkontor.dk\/#organization","name":"Gr\u00f8nt Kontor","url":"https:\/\/grontkontor.dk\/","logo":{"@type":"ImageObject","inLanguage":"en-US","@id":"https:\/\/grontkontor.dk\/#\/schema\/logo\/image\/","url":"https:\/\/grontkontor.dk\/wp-content\/uploads\/2014\/02\/Logo_groent_kontor_300x80.png","contentUrl":"https:\/\/grontkontor.dk\/wp-content\/uploads\/2014\/02\/Logo_groent_kontor_300x80.png","width":300,"height":80,"caption":"Gr\u00f8nt Kontor"},"image":{"@id":"https:\/\/grontkontor.dk\/#\/schema\/logo\/image\/"},"sameAs":["https:\/\/www.facebook.com\/grontkontor.dk\/"]}]}},"_links":{"self":[{"href":"https:\/\/grontkontor.dk\/en\/wp-json\/wp\/v2\/product\/71687"}],"collection":[{"href":"https:\/\/grontkontor.dk\/en\/wp-json\/wp\/v2\/product"}],"about":[{"href":"https:\/\/grontkontor.dk\/en\/wp-json\/wp\/v2\/types\/product"}],"replies":[{"embeddable":true,"href":"https:\/\/grontkontor.dk\/en\/wp-json\/wp\/v2\/comments?post=71687"}],"wp:featuredmedia":[{"embeddable":true,"href":"https:\/\/grontkontor.dk\/en\/wp-json\/wp\/v2\/media\/18392"}],"wp:attachment":[{"href":"https:\/\/grontkontor.dk\/en\/wp-json\/wp\/v2\/media?parent=71687"}],"wp:term":[{"taxonomy":"product_cat","embeddable":true,"href":"https:\/\/grontkontor.dk\/en\/wp-json\/wp\/v2\/product_cat?post=71687"},{"taxonomy":"product_tag","embeddable":true,"href":"https:\/\/grontkontor.dk\/en\/wp-json\/wp\/v2\/product_tag?post=71687"}],"curies":[{"name":"wp","href":"https:\/\/api.w.org\/{rel}","templated":true}]}}