{"id":71780,"date":"2023-09-22T13:02:50","date_gmt":"2023-09-22T13:16:42","guid":{"rendered":"https:\/\/grontkontor.dk\/produkt\/exhibition-stand-elliptical-190x70\/"},"modified":"2023-09-22T15:16:46","modified_gmt":"2023-09-22T13:16:46","slug":"exhibition-stand-elliptical-190x70","status":"publish","type":"product","link":"https:\/\/grontkontor.dk\/en\/shop\/exhibition-stand-elliptical-190x70\/","title":{"rendered":"Exhibition stand, elliptical"},"content":{"rendered":"<p>Sustainable lightweight stands, especially suitable for trade shows, showrooms and the like.<br \/>\nMade from solid FSC certified cardboard.<br \/>\nThe price includes full-color 4-color UV print with logo, slogans or similar.<br \/>\nThe stands are coated with biodegradable polyethylene (PE) after printing, making them extremely suitable for recycling. A climate and environmentally friendly product.<br \/>\nSize: 70 x 190 cm (Collapsed 48 x 70 x 1.5 cm)<\/p>\n","protected":false},"excerpt":{"rendered":"<p>Sustainable lightweight stands, especially suitable for trade shows, showrooms and the like. Made from solid FSC certified cardboard. The price includes full-color 4-color UV print with logo, slogans or similar. The stands are coated with biodegradable polyethylene (PE) after printing, making them extremely suitable for recycling. A climate and environmentally friendly product. Size: 70 x [&hellip;]<\/p>\n","protected":false},"featured_media":19236,"comment_status":"closed","ping_status":"open","template":"","meta":{"_acf_changed":false},"product_cat":[1298],"product_tag":[1465,1462,1463,1464],"class_list":{"0":"post-71780","1":"product","2":"type-product","3":"status-publish","4":"has-post-thumbnail","6":"product_cat-exhibition-stands","7":"product_tag-display-en","8":"product_tag-messestander-en","9":"product_tag-messe-en","10":"product_tag-stander-en","11":"tm-has-options","13":"first","14":"instock","15":"taxable","16":"shipping-taxable","17":"purchasable","18":"product-type-simple"},"acf":[],"yoast_head":"<!-- This site is optimized with the Yoast SEO Premium plugin v21.2 (Yoast SEO v21.2) - https:\/\/yoast.com\/wordpress\/plugins\/seo\/ -->\n<title>Exhibition stand, elliptical - Gr\u00f8nt Kontor<\/title>\n<meta name=\"robots\" content=\"index, follow, max-snippet:-1, max-image-preview:large, max-video-preview:-1\" \/>\n<link rel=\"canonical\" href=\"https:\/\/grontkontor.dk\/en\/shop\/exhibition-stand-elliptical-190x70\/\" \/>\n<meta property=\"og:locale\" content=\"en_US\" \/>\n<meta property=\"og:type\" content=\"article\" \/>\n<meta property=\"og:title\" content=\"Exhibition stand, elliptical\" \/>\n<meta property=\"og:description\" content=\"Sustainable lightweight stands, especially suitable for trade shows, showrooms and the like. Made from solid FSC certified cardboard. The price includes full-color 4-color UV print with logo, slogans or similar. The stands are coated with biodegradable polyethylene (PE) after printing, making them extremely suitable for recycling. A climate and environmentally friendly product. Size: 70 x [&hellip;]\" \/>\n<meta property=\"og:url\" content=\"https:\/\/grontkontor.dk\/en\/shop\/exhibition-stand-elliptical-190x70\/\" \/>\n<meta property=\"og:site_name\" content=\"Gr\u00f8nt Kontor\" \/>\n<meta property=\"article:publisher\" content=\"https:\/\/www.facebook.com\/grontkontor.dk\/\" \/>\n<meta property=\"article:modified_time\" content=\"2023-09-22T13:16:46+00:00\" \/>\n<meta property=\"og:image\" content=\"https:\/\/grontkontor.dk\/wp-content\/uploads\/2017\/09\/messestander_008.jpg\" \/>\n\t<meta property=\"og:image:width\" content=\"634\" \/>\n\t<meta property=\"og:image:height\" content=\"450\" \/>\n\t<meta property=\"og:image:type\" content=\"image\/jpeg\" \/>\n<meta name=\"twitter:card\" content=\"summary_large_image\" \/>\n<script type=\"application\/ld+json\" class=\"yoast-schema-graph\">{\"@context\":\"https:\/\/schema.org\",\"@graph\":[{\"@type\":\"WebPage\",\"@id\":\"https:\/\/grontkontor.dk\/en\/shop\/exhibition-stand-elliptical-190x70\/\",\"url\":\"https:\/\/grontkontor.dk\/en\/shop\/exhibition-stand-elliptical-190x70\/\",\"name\":\"Exhibition stand, elliptical - Gr\u00f8nt Kontor\",\"isPartOf\":{\"@id\":\"https:\/\/grontkontor.dk\/#website\"},\"datePublished\":\"2023-09-22T13:16:42+00:00\",\"dateModified\":\"2023-09-22T13:16:46+00:00\",\"breadcrumb\":{\"@id\":\"https:\/\/grontkontor.dk\/en\/shop\/exhibition-stand-elliptical-190x70\/#breadcrumb\"},\"inLanguage\":\"en-US\",\"potentialAction\":[{\"@type\":\"ReadAction\",\"target\":[\"https:\/\/grontkontor.dk\/en\/shop\/exhibition-stand-elliptical-190x70\/\"]}]},{\"@type\":\"BreadcrumbList\",\"@id\":\"https:\/\/grontkontor.dk\/en\/shop\/exhibition-stand-elliptical-190x70\/#breadcrumb\",\"itemListElement\":[{\"@type\":\"ListItem\",\"position\":1,\"name\":\"Forside\",\"item\":\"https:\/\/grontkontor.dk\/\"},{\"@type\":\"ListItem\",\"position\":2,\"name\":\"Shop\",\"item\":\"https:\/\/grontkontor.dk\/en\/shop-2\/\"},{\"@type\":\"ListItem\",\"position\":3,\"name\":\"Exhibition stands\",\"item\":\"https:\/\/grontkontor.dk\/en\/produkt-kategori\/exhibition-stands\/\"},{\"@type\":\"ListItem\",\"position\":4,\"name\":\"Exhibition stand, elliptical\"}]},{\"@type\":\"WebSite\",\"@id\":\"https:\/\/grontkontor.dk\/#website\",\"url\":\"https:\/\/grontkontor.dk\/\",\"name\":\"Gr\u00f8nt Kontor\",\"description\":\"Milj\u00f8venlige produkter til kontor og erhverv med fokus p\u00e5 b\u00e6redygtighed, design og fair trade.\",\"publisher\":{\"@id\":\"https:\/\/grontkontor.dk\/#organization\"},\"potentialAction\":[{\"@type\":\"SearchAction\",\"target\":{\"@type\":\"EntryPoint\",\"urlTemplate\":\"https:\/\/grontkontor.dk\/?s={search_term_string}\"},\"query-input\":\"required name=search_term_string\"}],\"inLanguage\":\"en-US\"},{\"@type\":\"Organization\",\"@id\":\"https:\/\/grontkontor.dk\/#organization\",\"name\":\"Gr\u00f8nt Kontor\",\"url\":\"https:\/\/grontkontor.dk\/\",\"logo\":{\"@type\":\"ImageObject\",\"inLanguage\":\"en-US\",\"@id\":\"https:\/\/grontkontor.dk\/#\/schema\/logo\/image\/\",\"url\":\"https:\/\/grontkontor.dk\/wp-content\/uploads\/2014\/02\/Logo_groent_kontor_300x80.png\",\"contentUrl\":\"https:\/\/grontkontor.dk\/wp-content\/uploads\/2014\/02\/Logo_groent_kontor_300x80.png\",\"width\":300,\"height\":80,\"caption\":\"Gr\u00f8nt Kontor\"},\"image\":{\"@id\":\"https:\/\/grontkontor.dk\/#\/schema\/logo\/image\/\"},\"sameAs\":[\"https:\/\/www.facebook.com\/grontkontor.dk\/\"]}]}<\/script>\n<!-- \/ Yoast SEO Premium plugin. -->","yoast_head_json":{"title":"Exhibition stand, elliptical - Gr\u00f8nt Kontor","robots":{"index":"index","follow":"follow","max-snippet":"max-snippet:-1","max-image-preview":"max-image-preview:large","max-video-preview":"max-video-preview:-1"},"canonical":"https:\/\/grontkontor.dk\/en\/shop\/exhibition-stand-elliptical-190x70\/","og_locale":"en_US","og_type":"article","og_title":"Exhibition stand, elliptical","og_description":"Sustainable lightweight stands, especially suitable for trade shows, showrooms and the like. Made from solid FSC certified cardboard. The price includes full-color 4-color UV print with logo, slogans or similar. The stands are coated with biodegradable polyethylene (PE) after printing, making them extremely suitable for recycling. A climate and environmentally friendly product. Size: 70 x [&hellip;]","og_url":"https:\/\/grontkontor.dk\/en\/shop\/exhibition-stand-elliptical-190x70\/","og_site_name":"Gr\u00f8nt Kontor","article_publisher":"https:\/\/www.facebook.com\/grontkontor.dk\/","article_modified_time":"2023-09-22T13:16:46+00:00","og_image":[{"width":634,"height":450,"url":"https:\/\/grontkontor.dk\/wp-content\/uploads\/2017\/09\/messestander_008.jpg","type":"image\/jpeg"}],"twitter_card":"summary_large_image","schema":{"@context":"https:\/\/schema.org","@graph":[{"@type":"WebPage","@id":"https:\/\/grontkontor.dk\/en\/shop\/exhibition-stand-elliptical-190x70\/","url":"https:\/\/grontkontor.dk\/en\/shop\/exhibition-stand-elliptical-190x70\/","name":"Exhibition stand, elliptical - Gr\u00f8nt Kontor","isPartOf":{"@id":"https:\/\/grontkontor.dk\/#website"},"datePublished":"2023-09-22T13:16:42+00:00","dateModified":"2023-09-22T13:16:46+00:00","breadcrumb":{"@id":"https:\/\/grontkontor.dk\/en\/shop\/exhibition-stand-elliptical-190x70\/#breadcrumb"},"inLanguage":"en-US","potentialAction":[{"@type":"ReadAction","target":["https:\/\/grontkontor.dk\/en\/shop\/exhibition-stand-elliptical-190x70\/"]}]},{"@type":"BreadcrumbList","@id":"https:\/\/grontkontor.dk\/en\/shop\/exhibition-stand-elliptical-190x70\/#breadcrumb","itemListElement":[{"@type":"ListItem","position":1,"name":"Forside","item":"https:\/\/grontkontor.dk\/"},{"@type":"ListItem","position":2,"name":"Shop","item":"https:\/\/grontkontor.dk\/en\/shop-2\/"},{"@type":"ListItem","position":3,"name":"Exhibition stands","item":"https:\/\/grontkontor.dk\/en\/produkt-kategori\/exhibition-stands\/"},{"@type":"ListItem","position":4,"name":"Exhibition stand, elliptical"}]},{"@type":"WebSite","@id":"https:\/\/grontkontor.dk\/#website","url":"https:\/\/grontkontor.dk\/","name":"Gr\u00f8nt Kontor","description":"Milj\u00f8venlige produkter til kontor og erhverv med fokus p\u00e5 b\u00e6redygtighed, design og fair trade.","publisher":{"@id":"https:\/\/grontkontor.dk\/#organization"},"potentialAction":[{"@type":"SearchAction","target":{"@type":"EntryPoint","urlTemplate":"https:\/\/grontkontor.dk\/?s={search_term_string}"},"query-input":"required name=search_term_string"}],"inLanguage":"en-US"},{"@type":"Organization","@id":"https:\/\/grontkontor.dk\/#organization","name":"Gr\u00f8nt Kontor","url":"https:\/\/grontkontor.dk\/","logo":{"@type":"ImageObject","inLanguage":"en-US","@id":"https:\/\/grontkontor.dk\/#\/schema\/logo\/image\/","url":"https:\/\/grontkontor.dk\/wp-content\/uploads\/2014\/02\/Logo_groent_kontor_300x80.png","contentUrl":"https:\/\/grontkontor.dk\/wp-content\/uploads\/2014\/02\/Logo_groent_kontor_300x80.png","width":300,"height":80,"caption":"Gr\u00f8nt Kontor"},"image":{"@id":"https:\/\/grontkontor.dk\/#\/schema\/logo\/image\/"},"sameAs":["https:\/\/www.facebook.com\/grontkontor.dk\/"]}]}},"_links":{"self":[{"href":"https:\/\/grontkontor.dk\/en\/wp-json\/wp\/v2\/product\/71780"}],"collection":[{"href":"https:\/\/grontkontor.dk\/en\/wp-json\/wp\/v2\/product"}],"about":[{"href":"https:\/\/grontkontor.dk\/en\/wp-json\/wp\/v2\/types\/product"}],"replies":[{"embeddable":true,"href":"https:\/\/grontkontor.dk\/en\/wp-json\/wp\/v2\/comments?post=71780"}],"wp:featuredmedia":[{"embeddable":true,"href":"https:\/\/grontkontor.dk\/en\/wp-json\/wp\/v2\/media\/19236"}],"wp:attachment":[{"href":"https:\/\/grontkontor.dk\/en\/wp-json\/wp\/v2\/media?parent=71780"}],"wp:term":[{"taxonomy":"product_cat","embeddable":true,"href":"https:\/\/grontkontor.dk\/en\/wp-json\/wp\/v2\/product_cat?post=71780"},{"taxonomy":"product_tag","embeddable":true,"href":"https:\/\/grontkontor.dk\/en\/wp-json\/wp\/v2\/product_tag?post=71780"}],"curies":[{"name":"wp","href":"https:\/\/api.w.org\/{rel}","templated":true}]}}