{"id":71806,"date":"2023-09-22T13:13:04","date_gmt":"2023-09-22T13:17:01","guid":{"rendered":"https:\/\/grontkontor.dk\/produkt\/bioplastic-rain-cover-w-o-print\/"},"modified":"2025-11-06T11:19:14","modified_gmt":"2025-11-06T10:19:14","slug":"regnslag-bioplast-pla","status":"publish","type":"product","link":"https:\/\/grontkontor.dk\/en\/shop\/regnslag-bioplast-pla\/","title":{"rendered":"Rain cover in bioplastic w\/wo print"},"content":{"rendered":"<p>100% biodegradable rain cover in bioplastic (PLA) made from corn. A super nice and environmentally friendly poncho for event and festival.<\/p>\n<p>Can be delivered with 4-color print on bag or rain cover &#8211; the latter, however, with 2-3 months delivery time.<\/p>\n<p>NOTE: The rain covers are made of biodegradable bioplastic, which has a limited lifespan &#8211; estimated functional life approx. 1 year.<\/p>\n<p>&nbsp;<\/p>\n<img loading=\"lazy\" decoding=\"async\" class=\"size-full wp-image-21443\" src=\"https:\/\/grontkontor.dk\/wp-content\/uploads\/2020\/12\/compostable-2.jpg\" alt=\"100% komposterbar\" width=\"44\" height=\"50\" \/>\n","protected":false},"excerpt":{"rendered":"<p>100% biodegradable rain cover in bioplastic (PLA) made from corn. A super nice and environmentally friendly poncho for event and festival. Can be delivered with 4-color print on bag or rain cover &#8211; the latter, however, with 2-3 months delivery time. NOTE: The rain covers are made of biodegradable bioplastic, which has a limited lifespan [&hellip;]<\/p>\n","protected":false},"featured_media":19565,"comment_status":"closed","ping_status":"closed","template":"","meta":{"_acf_changed":false},"product_cat":[2431,1262,2106,3144,1285],"product_tag":[2951,3044],"class_list":{"0":"post-71806","1":"product","2":"type-product","3":"status-publish","4":"has-post-thumbnail","6":"product_cat-beklaedning-en","7":"product_cat-sustainable-presents","8":"product_cat-dummy-moq-1-en","9":"product_cat-sports-and-leisure","10":"product_cat-trade-fair-equipment","11":"product_tag-apparel","12":"product_tag-rain-cover","13":"pa_farve-black","14":"pa_farve-blue","15":"pa_farve-marineblaa-en","16":"pa_farve-red-en","17":"tm-has-options","19":"first","20":"instock","21":"taxable","22":"shipping-taxable","23":"purchasable","24":"product-type-simple"},"acf":[],"yoast_head":"<!-- This site is optimized with the Yoast SEO Premium plugin v21.2 (Yoast SEO v21.2) - https:\/\/yoast.com\/wordpress\/plugins\/seo\/ -->\n<title>Rain cover in bioplastic w\/wo print - Gr\u00f8nt Kontor<\/title>\n<meta name=\"robots\" content=\"index, follow, max-snippet:-1, max-image-preview:large, max-video-preview:-1\" \/>\n<link rel=\"canonical\" href=\"https:\/\/grontkontor.dk\/en\/shop\/regnslag-bioplast-pla\/\" \/>\n<meta property=\"og:locale\" content=\"en_US\" \/>\n<meta property=\"og:type\" content=\"article\" \/>\n<meta property=\"og:title\" content=\"Rain cover in bioplastic w\/wo print\" \/>\n<meta property=\"og:description\" content=\"100% biodegradable rain cover in bioplastic (PLA) made from corn. A super nice and environmentally friendly poncho for event and festival. Can be delivered with 4-color print on bag or rain cover &#8211; the latter, however, with 2-3 months delivery time. NOTE: The rain covers are made of biodegradable bioplastic, which has a limited lifespan [&hellip;]\" \/>\n<meta property=\"og:url\" content=\"https:\/\/grontkontor.dk\/en\/shop\/regnslag-bioplast-pla\/\" \/>\n<meta property=\"og:site_name\" content=\"Gr\u00f8nt Kontor\" \/>\n<meta property=\"article:publisher\" content=\"https:\/\/www.facebook.com\/grontkontor.dk\/\" \/>\n<meta property=\"article:modified_time\" content=\"2025-11-06T10:19:14+00:00\" \/>\n<meta property=\"og:image\" content=\"https:\/\/grontkontor.dk\/wp-content\/uploads\/2020\/08\/regnslag-bioplast-logotryk-536-01.jpg\" \/>\n\t<meta property=\"og:image:width\" content=\"900\" \/>\n\t<meta property=\"og:image:height\" content=\"639\" \/>\n\t<meta property=\"og:image:type\" content=\"image\/jpeg\" \/>\n<meta name=\"twitter:card\" content=\"summary_large_image\" \/>\n<script type=\"application\/ld+json\" class=\"yoast-schema-graph\">{\"@context\":\"https:\/\/schema.org\",\"@graph\":[{\"@type\":\"WebPage\",\"@id\":\"https:\/\/grontkontor.dk\/en\/shop\/regnslag-bioplast-pla\/\",\"url\":\"https:\/\/grontkontor.dk\/en\/shop\/regnslag-bioplast-pla\/\",\"name\":\"Rain cover in bioplastic w\/wo print - Gr\u00f8nt Kontor\",\"isPartOf\":{\"@id\":\"https:\/\/grontkontor.dk\/#website\"},\"datePublished\":\"2023-09-22T13:17:01+00:00\",\"dateModified\":\"2025-11-06T10:19:14+00:00\",\"breadcrumb\":{\"@id\":\"https:\/\/grontkontor.dk\/en\/shop\/regnslag-bioplast-pla\/#breadcrumb\"},\"inLanguage\":\"en-US\",\"potentialAction\":[{\"@type\":\"ReadAction\",\"target\":[\"https:\/\/grontkontor.dk\/en\/shop\/regnslag-bioplast-pla\/\"]}]},{\"@type\":\"BreadcrumbList\",\"@id\":\"https:\/\/grontkontor.dk\/en\/shop\/regnslag-bioplast-pla\/#breadcrumb\",\"itemListElement\":[{\"@type\":\"ListItem\",\"position\":1,\"name\":\"Forside\",\"item\":\"https:\/\/grontkontor.dk\/\"},{\"@type\":\"ListItem\",\"position\":2,\"name\":\"Shop\",\"item\":\"https:\/\/grontkontor.dk\/en\/shop-2\/\"},{\"@type\":\"ListItem\",\"position\":3,\"name\":\"Bekl\u00e6dning\",\"item\":\"https:\/\/grontkontor.dk\/produkt-kategori\/beklaedning\/\"},{\"@type\":\"ListItem\",\"position\":4,\"name\":\"Rain cover in bioplastic w\/wo print\"}]},{\"@type\":\"WebSite\",\"@id\":\"https:\/\/grontkontor.dk\/#website\",\"url\":\"https:\/\/grontkontor.dk\/\",\"name\":\"Gr\u00f8nt Kontor\",\"description\":\"Milj\u00f8venlige produkter til kontor og erhverv med fokus p\u00e5 b\u00e6redygtighed, design og fair trade.\",\"publisher\":{\"@id\":\"https:\/\/grontkontor.dk\/#organization\"},\"potentialAction\":[{\"@type\":\"SearchAction\",\"target\":{\"@type\":\"EntryPoint\",\"urlTemplate\":\"https:\/\/grontkontor.dk\/?s={search_term_string}\"},\"query-input\":\"required name=search_term_string\"}],\"inLanguage\":\"en-US\"},{\"@type\":\"Organization\",\"@id\":\"https:\/\/grontkontor.dk\/#organization\",\"name\":\"Gr\u00f8nt Kontor\",\"url\":\"https:\/\/grontkontor.dk\/\",\"logo\":{\"@type\":\"ImageObject\",\"inLanguage\":\"en-US\",\"@id\":\"https:\/\/grontkontor.dk\/#\/schema\/logo\/image\/\",\"url\":\"https:\/\/grontkontor.dk\/wp-content\/uploads\/2014\/02\/Logo_groent_kontor_300x80.png\",\"contentUrl\":\"https:\/\/grontkontor.dk\/wp-content\/uploads\/2014\/02\/Logo_groent_kontor_300x80.png\",\"width\":300,\"height\":80,\"caption\":\"Gr\u00f8nt Kontor\"},\"image\":{\"@id\":\"https:\/\/grontkontor.dk\/#\/schema\/logo\/image\/\"},\"sameAs\":[\"https:\/\/www.facebook.com\/grontkontor.dk\/\"]}]}<\/script>\n<!-- \/ Yoast SEO Premium plugin. -->","yoast_head_json":{"title":"Rain cover in bioplastic w\/wo print - Gr\u00f8nt Kontor","robots":{"index":"index","follow":"follow","max-snippet":"max-snippet:-1","max-image-preview":"max-image-preview:large","max-video-preview":"max-video-preview:-1"},"canonical":"https:\/\/grontkontor.dk\/en\/shop\/regnslag-bioplast-pla\/","og_locale":"en_US","og_type":"article","og_title":"Rain cover in bioplastic w\/wo print","og_description":"100% biodegradable rain cover in bioplastic (PLA) made from corn. A super nice and environmentally friendly poncho for event and festival. Can be delivered with 4-color print on bag or rain cover &#8211; the latter, however, with 2-3 months delivery time. NOTE: The rain covers are made of biodegradable bioplastic, which has a limited lifespan [&hellip;]","og_url":"https:\/\/grontkontor.dk\/en\/shop\/regnslag-bioplast-pla\/","og_site_name":"Gr\u00f8nt Kontor","article_publisher":"https:\/\/www.facebook.com\/grontkontor.dk\/","article_modified_time":"2025-11-06T10:19:14+00:00","og_image":[{"width":900,"height":639,"url":"https:\/\/grontkontor.dk\/wp-content\/uploads\/2020\/08\/regnslag-bioplast-logotryk-536-01.jpg","type":"image\/jpeg"}],"twitter_card":"summary_large_image","schema":{"@context":"https:\/\/schema.org","@graph":[{"@type":"WebPage","@id":"https:\/\/grontkontor.dk\/en\/shop\/regnslag-bioplast-pla\/","url":"https:\/\/grontkontor.dk\/en\/shop\/regnslag-bioplast-pla\/","name":"Rain cover in bioplastic w\/wo print - Gr\u00f8nt Kontor","isPartOf":{"@id":"https:\/\/grontkontor.dk\/#website"},"datePublished":"2023-09-22T13:17:01+00:00","dateModified":"2025-11-06T10:19:14+00:00","breadcrumb":{"@id":"https:\/\/grontkontor.dk\/en\/shop\/regnslag-bioplast-pla\/#breadcrumb"},"inLanguage":"en-US","potentialAction":[{"@type":"ReadAction","target":["https:\/\/grontkontor.dk\/en\/shop\/regnslag-bioplast-pla\/"]}]},{"@type":"BreadcrumbList","@id":"https:\/\/grontkontor.dk\/en\/shop\/regnslag-bioplast-pla\/#breadcrumb","itemListElement":[{"@type":"ListItem","position":1,"name":"Forside","item":"https:\/\/grontkontor.dk\/"},{"@type":"ListItem","position":2,"name":"Shop","item":"https:\/\/grontkontor.dk\/en\/shop-2\/"},{"@type":"ListItem","position":3,"name":"Bekl\u00e6dning","item":"https:\/\/grontkontor.dk\/produkt-kategori\/beklaedning\/"},{"@type":"ListItem","position":4,"name":"Rain cover in bioplastic w\/wo print"}]},{"@type":"WebSite","@id":"https:\/\/grontkontor.dk\/#website","url":"https:\/\/grontkontor.dk\/","name":"Gr\u00f8nt Kontor","description":"Milj\u00f8venlige produkter til kontor og erhverv med fokus p\u00e5 b\u00e6redygtighed, design og fair trade.","publisher":{"@id":"https:\/\/grontkontor.dk\/#organization"},"potentialAction":[{"@type":"SearchAction","target":{"@type":"EntryPoint","urlTemplate":"https:\/\/grontkontor.dk\/?s={search_term_string}"},"query-input":"required name=search_term_string"}],"inLanguage":"en-US"},{"@type":"Organization","@id":"https:\/\/grontkontor.dk\/#organization","name":"Gr\u00f8nt Kontor","url":"https:\/\/grontkontor.dk\/","logo":{"@type":"ImageObject","inLanguage":"en-US","@id":"https:\/\/grontkontor.dk\/#\/schema\/logo\/image\/","url":"https:\/\/grontkontor.dk\/wp-content\/uploads\/2014\/02\/Logo_groent_kontor_300x80.png","contentUrl":"https:\/\/grontkontor.dk\/wp-content\/uploads\/2014\/02\/Logo_groent_kontor_300x80.png","width":300,"height":80,"caption":"Gr\u00f8nt Kontor"},"image":{"@id":"https:\/\/grontkontor.dk\/#\/schema\/logo\/image\/"},"sameAs":["https:\/\/www.facebook.com\/grontkontor.dk\/"]}]}},"_links":{"self":[{"href":"https:\/\/grontkontor.dk\/en\/wp-json\/wp\/v2\/product\/71806"}],"collection":[{"href":"https:\/\/grontkontor.dk\/en\/wp-json\/wp\/v2\/product"}],"about":[{"href":"https:\/\/grontkontor.dk\/en\/wp-json\/wp\/v2\/types\/product"}],"replies":[{"embeddable":true,"href":"https:\/\/grontkontor.dk\/en\/wp-json\/wp\/v2\/comments?post=71806"}],"wp:featuredmedia":[{"embeddable":true,"href":"https:\/\/grontkontor.dk\/en\/wp-json\/wp\/v2\/media\/19565"}],"wp:attachment":[{"href":"https:\/\/grontkontor.dk\/en\/wp-json\/wp\/v2\/media?parent=71806"}],"wp:term":[{"taxonomy":"product_cat","embeddable":true,"href":"https:\/\/grontkontor.dk\/en\/wp-json\/wp\/v2\/product_cat?post=71806"},{"taxonomy":"product_tag","embeddable":true,"href":"https:\/\/grontkontor.dk\/en\/wp-json\/wp\/v2\/product_tag?post=71806"}],"curies":[{"name":"wp","href":"https:\/\/api.w.org\/{rel}","templated":true}]}}