{"id":71807,"date":"2023-09-22T13:13:04","date_gmt":"2023-09-22T13:17:01","guid":{"rendered":"https:\/\/grontkontor.dk\/produkt\/organic-cotton-backpack\/"},"modified":"2023-09-22T15:17:13","modified_gmt":"2023-09-22T13:17:13","slug":"organic-cotton-backpack","status":"publish","type":"product","link":"https:\/\/grontkontor.dk\/en\/shop\/organic-cotton-backpack\/","title":{"rendered":"Organic cotton backpack"},"content":{"rendered":"<p id=\"tw-target-text\" class=\"tw-data-text tw-text-large XcVN5d tw-ta\" dir=\"ltr\" data-placeholder=\"Translation\"><span lang=\"en\">Sustainable backpack made from GOTS certifies cotton &#8211; 105gsm quality with practical lace closure. Dimensions: 37 x 41 cm. The backpack can be delivered with print in up to 4 colors. A climate- and environment-friendly product, perfect for distribution at trade fairs and the like.<\/span><\/p>\n<p dir=\"ltr\" data-placeholder=\"Translation\">Cotton is a biodegradable, compostable natural product. This product has been selected solely for its unique design and is one of the few we stock which is not made from organic or recycled cotton - for a more sustainable choice we would recommend these products instead.  The GOTS certification is a guarantee that your clothes are produced organically and environmentally correctly under proper wage and working conditions. <\/p>\n","protected":false},"excerpt":{"rendered":"<p>Sustainable backpack made from GOTS certifies cotton &#8211; 105gsm quality with practical lace closure. Dimensions: 37 x 41 cm. The backpack can be delivered with print in up to 4 colors. A climate- and environment-friendly product, perfect for distribution at trade fairs and the like.<\/p>\n","protected":false},"featured_media":19589,"comment_status":"closed","ping_status":"closed","template":"","meta":{"_acf_changed":false},"product_cat":[1310,1262,2106,1312,3144],"product_tag":[1883,1372,1882,1370],"class_list":{"0":"post-71807","1":"product","2":"type-product","3":"status-publish","4":"has-post-thumbnail","6":"product_cat-bags-and-covers","7":"product_cat-sustainable-presents","8":"product_cat-dummy-moq-1-en","9":"product_cat-miscellaneous-bags","10":"product_cat-sports-and-leisure","11":"product_tag-rygsaek-en","12":"product_tag-bomuldspose-en","13":"product_tag-stofpose-en","14":"product_tag-mulepose-en","15":"pa_farve-brun-en","16":"pa_farve-roedbrun-en","17":"pa_farve-mix-en","18":"pa_farve-natur-en","19":"tm-has-options","21":"first","22":"instock","23":"sale","24":"taxable","25":"shipping-taxable","26":"purchasable","27":"product-type-simple"},"acf":[],"yoast_head":"<!-- This site is optimized with the Yoast SEO Premium plugin v21.2 (Yoast SEO v21.2) - https:\/\/yoast.com\/wordpress\/plugins\/seo\/ -->\n<title>Organic cotton backpack - Gr\u00f8nt Kontor<\/title>\n<meta name=\"robots\" content=\"index, follow, max-snippet:-1, max-image-preview:large, max-video-preview:-1\" \/>\n<link rel=\"canonical\" href=\"https:\/\/grontkontor.dk\/en\/shop\/organic-cotton-backpack\/\" \/>\n<meta property=\"og:locale\" content=\"en_US\" \/>\n<meta property=\"og:type\" content=\"article\" \/>\n<meta property=\"og:title\" content=\"Organic cotton backpack\" \/>\n<meta property=\"og:description\" content=\"Sustainable backpack made from GOTS certifies cotton &#8211; 105gsm quality with practical lace closure. Dimensions: 37 x 41 cm. The backpack can be delivered with print in up to 4 colors. A climate- and environment-friendly product, perfect for distribution at trade fairs and the like.\" \/>\n<meta property=\"og:url\" content=\"https:\/\/grontkontor.dk\/en\/shop\/organic-cotton-backpack\/\" \/>\n<meta property=\"og:site_name\" content=\"Gr\u00f8nt Kontor\" \/>\n<meta property=\"article:publisher\" content=\"https:\/\/www.facebook.com\/grontkontor.dk\/\" \/>\n<meta property=\"article:modified_time\" content=\"2023-09-22T13:17:13+00:00\" \/>\n<meta property=\"og:image\" content=\"https:\/\/grontkontor.dk\/wp-content\/uploads\/2020\/08\/rygsaek-oekologisk-bomuld-01.jpg\" \/>\n\t<meta property=\"og:image:width\" content=\"900\" \/>\n\t<meta property=\"og:image:height\" content=\"639\" \/>\n\t<meta property=\"og:image:type\" content=\"image\/jpeg\" \/>\n<meta name=\"twitter:card\" content=\"summary_large_image\" \/>\n<script type=\"application\/ld+json\" class=\"yoast-schema-graph\">{\"@context\":\"https:\/\/schema.org\",\"@graph\":[{\"@type\":\"WebPage\",\"@id\":\"https:\/\/grontkontor.dk\/en\/shop\/organic-cotton-backpack\/\",\"url\":\"https:\/\/grontkontor.dk\/en\/shop\/organic-cotton-backpack\/\",\"name\":\"Organic cotton backpack - Gr\u00f8nt Kontor\",\"isPartOf\":{\"@id\":\"https:\/\/grontkontor.dk\/#website\"},\"datePublished\":\"2023-09-22T13:17:01+00:00\",\"dateModified\":\"2023-09-22T13:17:13+00:00\",\"breadcrumb\":{\"@id\":\"https:\/\/grontkontor.dk\/en\/shop\/organic-cotton-backpack\/#breadcrumb\"},\"inLanguage\":\"en-US\",\"potentialAction\":[{\"@type\":\"ReadAction\",\"target\":[\"https:\/\/grontkontor.dk\/en\/shop\/organic-cotton-backpack\/\"]}]},{\"@type\":\"BreadcrumbList\",\"@id\":\"https:\/\/grontkontor.dk\/en\/shop\/organic-cotton-backpack\/#breadcrumb\",\"itemListElement\":[{\"@type\":\"ListItem\",\"position\":1,\"name\":\"Forside\",\"item\":\"https:\/\/grontkontor.dk\/\"},{\"@type\":\"ListItem\",\"position\":2,\"name\":\"Shop\",\"item\":\"https:\/\/grontkontor.dk\/en\/shop-2\/\"},{\"@type\":\"ListItem\",\"position\":3,\"name\":\"Poser, tasker og covers\",\"item\":\"https:\/\/grontkontor.dk\/produkt-kategori\/poser-tasker-covers\/\"},{\"@type\":\"ListItem\",\"position\":4,\"name\":\"Diverse tasker\",\"item\":\"https:\/\/grontkontor.dk\/produkt-kategori\/poser-tasker-covers\/diverse-tasker\/\"},{\"@type\":\"ListItem\",\"position\":5,\"name\":\"Organic cotton backpack\"}]},{\"@type\":\"WebSite\",\"@id\":\"https:\/\/grontkontor.dk\/#website\",\"url\":\"https:\/\/grontkontor.dk\/\",\"name\":\"Gr\u00f8nt Kontor\",\"description\":\"Milj\u00f8venlige produkter til kontor og erhverv med fokus p\u00e5 b\u00e6redygtighed, design og fair trade.\",\"publisher\":{\"@id\":\"https:\/\/grontkontor.dk\/#organization\"},\"potentialAction\":[{\"@type\":\"SearchAction\",\"target\":{\"@type\":\"EntryPoint\",\"urlTemplate\":\"https:\/\/grontkontor.dk\/?s={search_term_string}\"},\"query-input\":\"required name=search_term_string\"}],\"inLanguage\":\"en-US\"},{\"@type\":\"Organization\",\"@id\":\"https:\/\/grontkontor.dk\/#organization\",\"name\":\"Gr\u00f8nt Kontor\",\"url\":\"https:\/\/grontkontor.dk\/\",\"logo\":{\"@type\":\"ImageObject\",\"inLanguage\":\"en-US\",\"@id\":\"https:\/\/grontkontor.dk\/#\/schema\/logo\/image\/\",\"url\":\"https:\/\/grontkontor.dk\/wp-content\/uploads\/2014\/02\/Logo_groent_kontor_300x80.png\",\"contentUrl\":\"https:\/\/grontkontor.dk\/wp-content\/uploads\/2014\/02\/Logo_groent_kontor_300x80.png\",\"width\":300,\"height\":80,\"caption\":\"Gr\u00f8nt Kontor\"},\"image\":{\"@id\":\"https:\/\/grontkontor.dk\/#\/schema\/logo\/image\/\"},\"sameAs\":[\"https:\/\/www.facebook.com\/grontkontor.dk\/\"]}]}<\/script>\n<!-- \/ Yoast SEO Premium plugin. -->","yoast_head_json":{"title":"Organic cotton backpack - Gr\u00f8nt Kontor","robots":{"index":"index","follow":"follow","max-snippet":"max-snippet:-1","max-image-preview":"max-image-preview:large","max-video-preview":"max-video-preview:-1"},"canonical":"https:\/\/grontkontor.dk\/en\/shop\/organic-cotton-backpack\/","og_locale":"en_US","og_type":"article","og_title":"Organic cotton backpack","og_description":"Sustainable backpack made from GOTS certifies cotton &#8211; 105gsm quality with practical lace closure. Dimensions: 37 x 41 cm. The backpack can be delivered with print in up to 4 colors. A climate- and environment-friendly product, perfect for distribution at trade fairs and the like.","og_url":"https:\/\/grontkontor.dk\/en\/shop\/organic-cotton-backpack\/","og_site_name":"Gr\u00f8nt Kontor","article_publisher":"https:\/\/www.facebook.com\/grontkontor.dk\/","article_modified_time":"2023-09-22T13:17:13+00:00","og_image":[{"width":900,"height":639,"url":"https:\/\/grontkontor.dk\/wp-content\/uploads\/2020\/08\/rygsaek-oekologisk-bomuld-01.jpg","type":"image\/jpeg"}],"twitter_card":"summary_large_image","schema":{"@context":"https:\/\/schema.org","@graph":[{"@type":"WebPage","@id":"https:\/\/grontkontor.dk\/en\/shop\/organic-cotton-backpack\/","url":"https:\/\/grontkontor.dk\/en\/shop\/organic-cotton-backpack\/","name":"Organic cotton backpack - Gr\u00f8nt Kontor","isPartOf":{"@id":"https:\/\/grontkontor.dk\/#website"},"datePublished":"2023-09-22T13:17:01+00:00","dateModified":"2023-09-22T13:17:13+00:00","breadcrumb":{"@id":"https:\/\/grontkontor.dk\/en\/shop\/organic-cotton-backpack\/#breadcrumb"},"inLanguage":"en-US","potentialAction":[{"@type":"ReadAction","target":["https:\/\/grontkontor.dk\/en\/shop\/organic-cotton-backpack\/"]}]},{"@type":"BreadcrumbList","@id":"https:\/\/grontkontor.dk\/en\/shop\/organic-cotton-backpack\/#breadcrumb","itemListElement":[{"@type":"ListItem","position":1,"name":"Forside","item":"https:\/\/grontkontor.dk\/"},{"@type":"ListItem","position":2,"name":"Shop","item":"https:\/\/grontkontor.dk\/en\/shop-2\/"},{"@type":"ListItem","position":3,"name":"Poser, tasker og covers","item":"https:\/\/grontkontor.dk\/produkt-kategori\/poser-tasker-covers\/"},{"@type":"ListItem","position":4,"name":"Diverse tasker","item":"https:\/\/grontkontor.dk\/produkt-kategori\/poser-tasker-covers\/diverse-tasker\/"},{"@type":"ListItem","position":5,"name":"Organic cotton backpack"}]},{"@type":"WebSite","@id":"https:\/\/grontkontor.dk\/#website","url":"https:\/\/grontkontor.dk\/","name":"Gr\u00f8nt Kontor","description":"Milj\u00f8venlige produkter til kontor og erhverv med fokus p\u00e5 b\u00e6redygtighed, design og fair trade.","publisher":{"@id":"https:\/\/grontkontor.dk\/#organization"},"potentialAction":[{"@type":"SearchAction","target":{"@type":"EntryPoint","urlTemplate":"https:\/\/grontkontor.dk\/?s={search_term_string}"},"query-input":"required name=search_term_string"}],"inLanguage":"en-US"},{"@type":"Organization","@id":"https:\/\/grontkontor.dk\/#organization","name":"Gr\u00f8nt Kontor","url":"https:\/\/grontkontor.dk\/","logo":{"@type":"ImageObject","inLanguage":"en-US","@id":"https:\/\/grontkontor.dk\/#\/schema\/logo\/image\/","url":"https:\/\/grontkontor.dk\/wp-content\/uploads\/2014\/02\/Logo_groent_kontor_300x80.png","contentUrl":"https:\/\/grontkontor.dk\/wp-content\/uploads\/2014\/02\/Logo_groent_kontor_300x80.png","width":300,"height":80,"caption":"Gr\u00f8nt Kontor"},"image":{"@id":"https:\/\/grontkontor.dk\/#\/schema\/logo\/image\/"},"sameAs":["https:\/\/www.facebook.com\/grontkontor.dk\/"]}]}},"_links":{"self":[{"href":"https:\/\/grontkontor.dk\/en\/wp-json\/wp\/v2\/product\/71807"}],"collection":[{"href":"https:\/\/grontkontor.dk\/en\/wp-json\/wp\/v2\/product"}],"about":[{"href":"https:\/\/grontkontor.dk\/en\/wp-json\/wp\/v2\/types\/product"}],"replies":[{"embeddable":true,"href":"https:\/\/grontkontor.dk\/en\/wp-json\/wp\/v2\/comments?post=71807"}],"wp:featuredmedia":[{"embeddable":true,"href":"https:\/\/grontkontor.dk\/en\/wp-json\/wp\/v2\/media\/19589"}],"wp:attachment":[{"href":"https:\/\/grontkontor.dk\/en\/wp-json\/wp\/v2\/media?parent=71807"}],"wp:term":[{"taxonomy":"product_cat","embeddable":true,"href":"https:\/\/grontkontor.dk\/en\/wp-json\/wp\/v2\/product_cat?post=71807"},{"taxonomy":"product_tag","embeddable":true,"href":"https:\/\/grontkontor.dk\/en\/wp-json\/wp\/v2\/product_tag?post=71807"}],"curies":[{"name":"wp","href":"https:\/\/api.w.org\/{rel}","templated":true}]}}