{"id":71822,"date":"2023-09-22T13:13:28","date_gmt":"2023-09-22T13:17:28","guid":{"rendered":"https:\/\/grontkontor.dk\/produkt\/stainless-steel-straw-2-pcs\/"},"modified":"2023-09-22T15:17:36","modified_gmt":"2023-09-22T13:17:36","slug":"stainless-steel-straw-2-pcs","status":"publish","type":"product","link":"https:\/\/grontkontor.dk\/en\/shop\/stainless-steel-straw-2-pcs\/","title":{"rendered":"Stainless steel straw 2 pcs"},"content":{"rendered":"<p id=\"tw-target-text\" class=\"tw-data-text tw-text-large XcVN5d tw-ta\" dir=\"ltr\" data-placeholder=\"Translation\"><span lang=\"en\">Set of 2 recyclable straws made from stainless steel with stainless steel \/ nylon cleaning brush in a sustainable cotton bag. A climate- and environment-friendly product that can be recycled indefinitely, perfect as a handout for trade fairs and events. Can be ordered with logo print on straws and \/ or cotton bag from 100 pcs.<\/span><\/p>\n<p dir=\"ltr\" data-placeholder=\"Translation\">The straws are Approved for food contact and 100% BPA free. <\/p>\n<p dir=\"ltr\" data-placeholder=\"Translation\">Steel\/iron is a recyclable and practically unlimited resource that does not pollute when disposed of. Steel offers the possibility of repeated recycling ad infinitum, which means that the vast majority of steel on the market consists predominantly of recycled steel.  Cotton is a biodegradable, compostable natural product. This product has been selected solely for its unique design and is one of the few we stock which is not made from organic or recycled cotton - for a more sustainable choice we would recommend these products instead. <\/p>\n","protected":false},"excerpt":{"rendered":"<p>Set of 2 recyclable straws made from stainless steel with stainless steel \/ nylon cleaning brush in a sustainable cotton bag. A climate- and environment-friendly product that can be recycled indefinitely, perfect as a handout for trade fairs and events. Can be ordered with logo print on straws and \/ or cotton bag from 100 [&hellip;]<\/p>\n","protected":false},"featured_media":19864,"comment_status":"closed","ping_status":"closed","template":"","meta":{"_acf_changed":false},"product_cat":[4443,2106,2232,2389],"product_tag":[2054,2048],"class_list":{"0":"post-71822","1":"product","2":"type-product","3":"status-publish","4":"has-post-thumbnail","6":"product_cat-mugs-and-cups","7":"product_cat-dummy-moq-1-en","8":"product_cat-food-and-drinkware","9":"product_cat-hotel-restauration-cafe-en","10":"product_tag-straw","11":"product_tag-sugeroer-en","12":"tm-has-options","14":"first","15":"instock","16":"sale","17":"taxable","18":"shipping-taxable","19":"purchasable","20":"product-type-simple"},"acf":[],"yoast_head":"<!-- This site is optimized with the Yoast SEO Premium plugin v21.2 (Yoast SEO v21.2) - https:\/\/yoast.com\/wordpress\/plugins\/seo\/ -->\n<title>Stainless steel straw 2 pcs - Gr\u00f8nt Kontor<\/title>\n<meta name=\"robots\" content=\"index, follow, max-snippet:-1, max-image-preview:large, max-video-preview:-1\" \/>\n<link rel=\"canonical\" href=\"https:\/\/grontkontor.dk\/en\/shop\/stainless-steel-straw-2-pcs\/\" \/>\n<meta property=\"og:locale\" content=\"en_US\" \/>\n<meta property=\"og:type\" content=\"article\" \/>\n<meta property=\"og:title\" content=\"Stainless steel straw 2 pcs\" \/>\n<meta property=\"og:description\" content=\"Set of 2 recyclable straws made from stainless steel with stainless steel \/ nylon cleaning brush in a sustainable cotton bag. A climate- and environment-friendly product that can be recycled indefinitely, perfect as a handout for trade fairs and events. Can be ordered with logo print on straws and \/ or cotton bag from 100 [&hellip;]\" \/>\n<meta property=\"og:url\" content=\"https:\/\/grontkontor.dk\/en\/shop\/stainless-steel-straw-2-pcs\/\" \/>\n<meta property=\"og:site_name\" content=\"Gr\u00f8nt Kontor\" \/>\n<meta property=\"article:publisher\" content=\"https:\/\/www.facebook.com\/grontkontor.dk\/\" \/>\n<meta property=\"article:modified_time\" content=\"2023-09-22T13:17:36+00:00\" \/>\n<meta property=\"og:image\" content=\"https:\/\/grontkontor.dk\/wp-content\/uploads\/2020\/09\/sugeror-rustfri-staal-i-gavepose-02.jpg\" \/>\n\t<meta property=\"og:image:width\" content=\"900\" \/>\n\t<meta property=\"og:image:height\" content=\"639\" \/>\n\t<meta property=\"og:image:type\" content=\"image\/jpeg\" \/>\n<meta name=\"twitter:card\" content=\"summary_large_image\" \/>\n<script type=\"application\/ld+json\" class=\"yoast-schema-graph\">{\"@context\":\"https:\/\/schema.org\",\"@graph\":[{\"@type\":\"WebPage\",\"@id\":\"https:\/\/grontkontor.dk\/en\/shop\/stainless-steel-straw-2-pcs\/\",\"url\":\"https:\/\/grontkontor.dk\/en\/shop\/stainless-steel-straw-2-pcs\/\",\"name\":\"Stainless steel straw 2 pcs - Gr\u00f8nt Kontor\",\"isPartOf\":{\"@id\":\"https:\/\/grontkontor.dk\/#website\"},\"datePublished\":\"2023-09-22T13:17:28+00:00\",\"dateModified\":\"2023-09-22T13:17:36+00:00\",\"breadcrumb\":{\"@id\":\"https:\/\/grontkontor.dk\/en\/shop\/stainless-steel-straw-2-pcs\/#breadcrumb\"},\"inLanguage\":\"en-US\",\"potentialAction\":[{\"@type\":\"ReadAction\",\"target\":[\"https:\/\/grontkontor.dk\/en\/shop\/stainless-steel-straw-2-pcs\/\"]}]},{\"@type\":\"BreadcrumbList\",\"@id\":\"https:\/\/grontkontor.dk\/en\/shop\/stainless-steel-straw-2-pcs\/#breadcrumb\",\"itemListElement\":[{\"@type\":\"ListItem\",\"position\":1,\"name\":\"Forside\",\"item\":\"https:\/\/grontkontor.dk\/\"},{\"@type\":\"ListItem\",\"position\":2,\"name\":\"Shop\",\"item\":\"https:\/\/grontkontor.dk\/en\/shop-2\/\"},{\"@type\":\"ListItem\",\"position\":3,\"name\":\"Climate-friendly corporate gifts\",\"item\":\"https:\/\/grontkontor.dk\/en\/produkt-kategori\/sustainable-presents\/\"},{\"@type\":\"ListItem\",\"position\":4,\"name\":\"Mugs and cups\",\"item\":\"https:\/\/grontkontor.dk\/en\/produkt-kategori\/sustainable-presents\/mugs-and-cups\/\"},{\"@type\":\"ListItem\",\"position\":5,\"name\":\"Stainless steel straw 2 pcs\"}]},{\"@type\":\"WebSite\",\"@id\":\"https:\/\/grontkontor.dk\/#website\",\"url\":\"https:\/\/grontkontor.dk\/\",\"name\":\"Gr\u00f8nt Kontor\",\"description\":\"Milj\u00f8venlige produkter til kontor og erhverv med fokus p\u00e5 b\u00e6redygtighed, design og fair trade.\",\"publisher\":{\"@id\":\"https:\/\/grontkontor.dk\/#organization\"},\"potentialAction\":[{\"@type\":\"SearchAction\",\"target\":{\"@type\":\"EntryPoint\",\"urlTemplate\":\"https:\/\/grontkontor.dk\/?s={search_term_string}\"},\"query-input\":\"required name=search_term_string\"}],\"inLanguage\":\"en-US\"},{\"@type\":\"Organization\",\"@id\":\"https:\/\/grontkontor.dk\/#organization\",\"name\":\"Gr\u00f8nt Kontor\",\"url\":\"https:\/\/grontkontor.dk\/\",\"logo\":{\"@type\":\"ImageObject\",\"inLanguage\":\"en-US\",\"@id\":\"https:\/\/grontkontor.dk\/#\/schema\/logo\/image\/\",\"url\":\"https:\/\/grontkontor.dk\/wp-content\/uploads\/2014\/02\/Logo_groent_kontor_300x80.png\",\"contentUrl\":\"https:\/\/grontkontor.dk\/wp-content\/uploads\/2014\/02\/Logo_groent_kontor_300x80.png\",\"width\":300,\"height\":80,\"caption\":\"Gr\u00f8nt Kontor\"},\"image\":{\"@id\":\"https:\/\/grontkontor.dk\/#\/schema\/logo\/image\/\"},\"sameAs\":[\"https:\/\/www.facebook.com\/grontkontor.dk\/\"]}]}<\/script>\n<!-- \/ Yoast SEO Premium plugin. -->","yoast_head_json":{"title":"Stainless steel straw 2 pcs - Gr\u00f8nt Kontor","robots":{"index":"index","follow":"follow","max-snippet":"max-snippet:-1","max-image-preview":"max-image-preview:large","max-video-preview":"max-video-preview:-1"},"canonical":"https:\/\/grontkontor.dk\/en\/shop\/stainless-steel-straw-2-pcs\/","og_locale":"en_US","og_type":"article","og_title":"Stainless steel straw 2 pcs","og_description":"Set of 2 recyclable straws made from stainless steel with stainless steel \/ nylon cleaning brush in a sustainable cotton bag. A climate- and environment-friendly product that can be recycled indefinitely, perfect as a handout for trade fairs and events. Can be ordered with logo print on straws and \/ or cotton bag from 100 [&hellip;]","og_url":"https:\/\/grontkontor.dk\/en\/shop\/stainless-steel-straw-2-pcs\/","og_site_name":"Gr\u00f8nt Kontor","article_publisher":"https:\/\/www.facebook.com\/grontkontor.dk\/","article_modified_time":"2023-09-22T13:17:36+00:00","og_image":[{"width":900,"height":639,"url":"https:\/\/grontkontor.dk\/wp-content\/uploads\/2020\/09\/sugeror-rustfri-staal-i-gavepose-02.jpg","type":"image\/jpeg"}],"twitter_card":"summary_large_image","schema":{"@context":"https:\/\/schema.org","@graph":[{"@type":"WebPage","@id":"https:\/\/grontkontor.dk\/en\/shop\/stainless-steel-straw-2-pcs\/","url":"https:\/\/grontkontor.dk\/en\/shop\/stainless-steel-straw-2-pcs\/","name":"Stainless steel straw 2 pcs - Gr\u00f8nt Kontor","isPartOf":{"@id":"https:\/\/grontkontor.dk\/#website"},"datePublished":"2023-09-22T13:17:28+00:00","dateModified":"2023-09-22T13:17:36+00:00","breadcrumb":{"@id":"https:\/\/grontkontor.dk\/en\/shop\/stainless-steel-straw-2-pcs\/#breadcrumb"},"inLanguage":"en-US","potentialAction":[{"@type":"ReadAction","target":["https:\/\/grontkontor.dk\/en\/shop\/stainless-steel-straw-2-pcs\/"]}]},{"@type":"BreadcrumbList","@id":"https:\/\/grontkontor.dk\/en\/shop\/stainless-steel-straw-2-pcs\/#breadcrumb","itemListElement":[{"@type":"ListItem","position":1,"name":"Forside","item":"https:\/\/grontkontor.dk\/"},{"@type":"ListItem","position":2,"name":"Shop","item":"https:\/\/grontkontor.dk\/en\/shop-2\/"},{"@type":"ListItem","position":3,"name":"Climate-friendly corporate gifts","item":"https:\/\/grontkontor.dk\/en\/produkt-kategori\/sustainable-presents\/"},{"@type":"ListItem","position":4,"name":"Mugs and cups","item":"https:\/\/grontkontor.dk\/en\/produkt-kategori\/sustainable-presents\/mugs-and-cups\/"},{"@type":"ListItem","position":5,"name":"Stainless steel straw 2 pcs"}]},{"@type":"WebSite","@id":"https:\/\/grontkontor.dk\/#website","url":"https:\/\/grontkontor.dk\/","name":"Gr\u00f8nt Kontor","description":"Milj\u00f8venlige produkter til kontor og erhverv med fokus p\u00e5 b\u00e6redygtighed, design og fair trade.","publisher":{"@id":"https:\/\/grontkontor.dk\/#organization"},"potentialAction":[{"@type":"SearchAction","target":{"@type":"EntryPoint","urlTemplate":"https:\/\/grontkontor.dk\/?s={search_term_string}"},"query-input":"required name=search_term_string"}],"inLanguage":"en-US"},{"@type":"Organization","@id":"https:\/\/grontkontor.dk\/#organization","name":"Gr\u00f8nt Kontor","url":"https:\/\/grontkontor.dk\/","logo":{"@type":"ImageObject","inLanguage":"en-US","@id":"https:\/\/grontkontor.dk\/#\/schema\/logo\/image\/","url":"https:\/\/grontkontor.dk\/wp-content\/uploads\/2014\/02\/Logo_groent_kontor_300x80.png","contentUrl":"https:\/\/grontkontor.dk\/wp-content\/uploads\/2014\/02\/Logo_groent_kontor_300x80.png","width":300,"height":80,"caption":"Gr\u00f8nt Kontor"},"image":{"@id":"https:\/\/grontkontor.dk\/#\/schema\/logo\/image\/"},"sameAs":["https:\/\/www.facebook.com\/grontkontor.dk\/"]}]}},"_links":{"self":[{"href":"https:\/\/grontkontor.dk\/en\/wp-json\/wp\/v2\/product\/71822"}],"collection":[{"href":"https:\/\/grontkontor.dk\/en\/wp-json\/wp\/v2\/product"}],"about":[{"href":"https:\/\/grontkontor.dk\/en\/wp-json\/wp\/v2\/types\/product"}],"replies":[{"embeddable":true,"href":"https:\/\/grontkontor.dk\/en\/wp-json\/wp\/v2\/comments?post=71822"}],"wp:featuredmedia":[{"embeddable":true,"href":"https:\/\/grontkontor.dk\/en\/wp-json\/wp\/v2\/media\/19864"}],"wp:attachment":[{"href":"https:\/\/grontkontor.dk\/en\/wp-json\/wp\/v2\/media?parent=71822"}],"wp:term":[{"taxonomy":"product_cat","embeddable":true,"href":"https:\/\/grontkontor.dk\/en\/wp-json\/wp\/v2\/product_cat?post=71822"},{"taxonomy":"product_tag","embeddable":true,"href":"https:\/\/grontkontor.dk\/en\/wp-json\/wp\/v2\/product_tag?post=71822"}],"curies":[{"name":"wp","href":"https:\/\/api.w.org\/{rel}","templated":true}]}}