{"id":71892,"date":"2023-09-22T13:14:27","date_gmt":"2023-09-22T13:18:34","guid":{"rendered":"https:\/\/grontkontor.dk\/produkt\/usb-stick-bamboo-16gb-print\/"},"modified":"2024-02-28T10:20:22","modified_gmt":"2024-02-28T09:20:22","slug":"usb-stick-bamboo-16gb-print","status":"publish","type":"product","link":"https:\/\/grontkontor.dk\/en\/shop\/usb-stick-bamboo-16gb-print\/","title":{"rendered":"USB stick bamboo 16GB w\/wo print"},"content":{"rendered":"<p>Simple and well-designed USB pen in eco-friendly materials. With practical cap that protects the sensitive parts from dust and dirt. Delivered individually packed in recycled cardboard box. A really nice and climate-friendly corporate gift or giveaway for fairs and events. Capacity: 16GB. Available with laser engraving up to 24x13mm. Bamboo is an extremely sustainable material, and one of the fastest growing plants in the world, which means rapid regeneration when harvested. Bamboo is grown without pesticides or artificial fertilizers and, like other natural products, functions as a CO2 depot throughout the products lifetime.  &nbsp;<\/p>\n","protected":false},"excerpt":{"rendered":"<p>Simple and well-designed USB pen in eco-friendly materials. With practical cap that protects the sensitive parts from dust and dirt. Delivered individually packed in recycled cardboard box. A really nice and climate-friendly corporate gift or giveaway for fairs and events. Capacity: 16GB. Available with laser engraving up to 24x13mm. &nbsp;<\/p>\n","protected":false},"featured_media":21076,"comment_status":"closed","ping_status":"closed","template":"","meta":{"_acf_changed":false},"product_cat":[4400,2106,2070],"product_tag":[3038],"class_list":{"0":"post-71892","1":"product","2":"type-product","3":"status-publish","4":"has-post-thumbnail","6":"product_cat-electronics-and-gadgets-en","7":"product_cat-dummy-moq-1-en","8":"product_cat-electronics-and-gadgets","9":"product_tag-usb-en","10":"tm-has-options","12":"first","13":"instock","14":"taxable","15":"shipping-taxable","16":"purchasable","17":"product-type-simple"},"acf":[],"yoast_head":"<!-- This site is optimized with the Yoast SEO Premium plugin v21.2 (Yoast SEO v21.2) - https:\/\/yoast.com\/wordpress\/plugins\/seo\/ -->\n<title>USB stick bamboo 16GB w\/wo print - Gr\u00f8nt Kontor<\/title>\n<meta name=\"robots\" content=\"index, follow, max-snippet:-1, max-image-preview:large, max-video-preview:-1\" \/>\n<link rel=\"canonical\" href=\"https:\/\/grontkontor.dk\/en\/shop\/usb-stick-bamboo-16gb-print\/\" \/>\n<meta property=\"og:locale\" content=\"en_US\" \/>\n<meta property=\"og:type\" content=\"article\" \/>\n<meta property=\"og:title\" content=\"USB stick bamboo 16GB w\/wo print\" \/>\n<meta property=\"og:description\" content=\"Simple and well-designed USB pen in eco-friendly materials. With practical cap that protects the sensitive parts from dust and dirt. Delivered individually packed in recycled cardboard box. A really nice and climate-friendly corporate gift or giveaway for fairs and events. Capacity: 16GB. Available with laser engraving up to 24x13mm. &nbsp;\" \/>\n<meta property=\"og:url\" content=\"https:\/\/grontkontor.dk\/en\/shop\/usb-stick-bamboo-16gb-print\/\" \/>\n<meta property=\"og:site_name\" content=\"Gr\u00f8nt Kontor\" \/>\n<meta property=\"article:publisher\" content=\"https:\/\/www.facebook.com\/grontkontor.dk\/\" \/>\n<meta property=\"article:modified_time\" content=\"2024-02-28T09:20:22+00:00\" \/>\n<meta property=\"og:image\" content=\"https:\/\/grontkontor.dk\/wp-content\/uploads\/2020\/12\/usb-flash-drive-bambus-02.jpg\" \/>\n\t<meta property=\"og:image:width\" content=\"1080\" \/>\n\t<meta property=\"og:image:height\" content=\"766\" \/>\n\t<meta property=\"og:image:type\" content=\"image\/jpeg\" \/>\n<meta name=\"twitter:card\" content=\"summary_large_image\" \/>\n<script type=\"application\/ld+json\" class=\"yoast-schema-graph\">{\"@context\":\"https:\/\/schema.org\",\"@graph\":[{\"@type\":\"WebPage\",\"@id\":\"https:\/\/grontkontor.dk\/en\/shop\/usb-stick-bamboo-16gb-print\/\",\"url\":\"https:\/\/grontkontor.dk\/en\/shop\/usb-stick-bamboo-16gb-print\/\",\"name\":\"USB stick bamboo 16GB w\/wo print - Gr\u00f8nt Kontor\",\"isPartOf\":{\"@id\":\"https:\/\/grontkontor.dk\/#website\"},\"datePublished\":\"2023-09-22T13:18:34+00:00\",\"dateModified\":\"2024-02-28T09:20:22+00:00\",\"breadcrumb\":{\"@id\":\"https:\/\/grontkontor.dk\/en\/shop\/usb-stick-bamboo-16gb-print\/#breadcrumb\"},\"inLanguage\":\"en-US\",\"potentialAction\":[{\"@type\":\"ReadAction\",\"target\":[\"https:\/\/grontkontor.dk\/en\/shop\/usb-stick-bamboo-16gb-print\/\"]}]},{\"@type\":\"BreadcrumbList\",\"@id\":\"https:\/\/grontkontor.dk\/en\/shop\/usb-stick-bamboo-16gb-print\/#breadcrumb\",\"itemListElement\":[{\"@type\":\"ListItem\",\"position\":1,\"name\":\"Forside\",\"item\":\"https:\/\/grontkontor.dk\/\"},{\"@type\":\"ListItem\",\"position\":2,\"name\":\"Shop\",\"item\":\"https:\/\/grontkontor.dk\/en\/shop-2\/\"},{\"@type\":\"ListItem\",\"position\":3,\"name\":\"Elektronik og gadgets\",\"item\":\"https:\/\/grontkontor.dk\/produkt-kategori\/elektronik-og-gadgets\/\"},{\"@type\":\"ListItem\",\"position\":4,\"name\":\"USB stick bamboo 16GB w\/wo print\"}]},{\"@type\":\"WebSite\",\"@id\":\"https:\/\/grontkontor.dk\/#website\",\"url\":\"https:\/\/grontkontor.dk\/\",\"name\":\"Gr\u00f8nt Kontor\",\"description\":\"Milj\u00f8venlige produkter til kontor og erhverv med fokus p\u00e5 b\u00e6redygtighed, design og fair trade.\",\"publisher\":{\"@id\":\"https:\/\/grontkontor.dk\/#organization\"},\"potentialAction\":[{\"@type\":\"SearchAction\",\"target\":{\"@type\":\"EntryPoint\",\"urlTemplate\":\"https:\/\/grontkontor.dk\/?s={search_term_string}\"},\"query-input\":\"required name=search_term_string\"}],\"inLanguage\":\"en-US\"},{\"@type\":\"Organization\",\"@id\":\"https:\/\/grontkontor.dk\/#organization\",\"name\":\"Gr\u00f8nt Kontor\",\"url\":\"https:\/\/grontkontor.dk\/\",\"logo\":{\"@type\":\"ImageObject\",\"inLanguage\":\"en-US\",\"@id\":\"https:\/\/grontkontor.dk\/#\/schema\/logo\/image\/\",\"url\":\"https:\/\/grontkontor.dk\/wp-content\/uploads\/2014\/02\/Logo_groent_kontor_300x80.png\",\"contentUrl\":\"https:\/\/grontkontor.dk\/wp-content\/uploads\/2014\/02\/Logo_groent_kontor_300x80.png\",\"width\":300,\"height\":80,\"caption\":\"Gr\u00f8nt Kontor\"},\"image\":{\"@id\":\"https:\/\/grontkontor.dk\/#\/schema\/logo\/image\/\"},\"sameAs\":[\"https:\/\/www.facebook.com\/grontkontor.dk\/\"]}]}<\/script>\n<!-- \/ Yoast SEO Premium plugin. -->","yoast_head_json":{"title":"USB stick bamboo 16GB w\/wo print - Gr\u00f8nt Kontor","robots":{"index":"index","follow":"follow","max-snippet":"max-snippet:-1","max-image-preview":"max-image-preview:large","max-video-preview":"max-video-preview:-1"},"canonical":"https:\/\/grontkontor.dk\/en\/shop\/usb-stick-bamboo-16gb-print\/","og_locale":"en_US","og_type":"article","og_title":"USB stick bamboo 16GB w\/wo print","og_description":"Simple and well-designed USB pen in eco-friendly materials. With practical cap that protects the sensitive parts from dust and dirt. Delivered individually packed in recycled cardboard box. A really nice and climate-friendly corporate gift or giveaway for fairs and events. Capacity: 16GB. Available with laser engraving up to 24x13mm. &nbsp;","og_url":"https:\/\/grontkontor.dk\/en\/shop\/usb-stick-bamboo-16gb-print\/","og_site_name":"Gr\u00f8nt Kontor","article_publisher":"https:\/\/www.facebook.com\/grontkontor.dk\/","article_modified_time":"2024-02-28T09:20:22+00:00","og_image":[{"width":1080,"height":766,"url":"https:\/\/grontkontor.dk\/wp-content\/uploads\/2020\/12\/usb-flash-drive-bambus-02.jpg","type":"image\/jpeg"}],"twitter_card":"summary_large_image","schema":{"@context":"https:\/\/schema.org","@graph":[{"@type":"WebPage","@id":"https:\/\/grontkontor.dk\/en\/shop\/usb-stick-bamboo-16gb-print\/","url":"https:\/\/grontkontor.dk\/en\/shop\/usb-stick-bamboo-16gb-print\/","name":"USB stick bamboo 16GB w\/wo print - Gr\u00f8nt Kontor","isPartOf":{"@id":"https:\/\/grontkontor.dk\/#website"},"datePublished":"2023-09-22T13:18:34+00:00","dateModified":"2024-02-28T09:20:22+00:00","breadcrumb":{"@id":"https:\/\/grontkontor.dk\/en\/shop\/usb-stick-bamboo-16gb-print\/#breadcrumb"},"inLanguage":"en-US","potentialAction":[{"@type":"ReadAction","target":["https:\/\/grontkontor.dk\/en\/shop\/usb-stick-bamboo-16gb-print\/"]}]},{"@type":"BreadcrumbList","@id":"https:\/\/grontkontor.dk\/en\/shop\/usb-stick-bamboo-16gb-print\/#breadcrumb","itemListElement":[{"@type":"ListItem","position":1,"name":"Forside","item":"https:\/\/grontkontor.dk\/"},{"@type":"ListItem","position":2,"name":"Shop","item":"https:\/\/grontkontor.dk\/en\/shop-2\/"},{"@type":"ListItem","position":3,"name":"Elektronik og gadgets","item":"https:\/\/grontkontor.dk\/produkt-kategori\/elektronik-og-gadgets\/"},{"@type":"ListItem","position":4,"name":"USB stick bamboo 16GB w\/wo print"}]},{"@type":"WebSite","@id":"https:\/\/grontkontor.dk\/#website","url":"https:\/\/grontkontor.dk\/","name":"Gr\u00f8nt Kontor","description":"Milj\u00f8venlige produkter til kontor og erhverv med fokus p\u00e5 b\u00e6redygtighed, design og fair trade.","publisher":{"@id":"https:\/\/grontkontor.dk\/#organization"},"potentialAction":[{"@type":"SearchAction","target":{"@type":"EntryPoint","urlTemplate":"https:\/\/grontkontor.dk\/?s={search_term_string}"},"query-input":"required name=search_term_string"}],"inLanguage":"en-US"},{"@type":"Organization","@id":"https:\/\/grontkontor.dk\/#organization","name":"Gr\u00f8nt Kontor","url":"https:\/\/grontkontor.dk\/","logo":{"@type":"ImageObject","inLanguage":"en-US","@id":"https:\/\/grontkontor.dk\/#\/schema\/logo\/image\/","url":"https:\/\/grontkontor.dk\/wp-content\/uploads\/2014\/02\/Logo_groent_kontor_300x80.png","contentUrl":"https:\/\/grontkontor.dk\/wp-content\/uploads\/2014\/02\/Logo_groent_kontor_300x80.png","width":300,"height":80,"caption":"Gr\u00f8nt Kontor"},"image":{"@id":"https:\/\/grontkontor.dk\/#\/schema\/logo\/image\/"},"sameAs":["https:\/\/www.facebook.com\/grontkontor.dk\/"]}]}},"_links":{"self":[{"href":"https:\/\/grontkontor.dk\/en\/wp-json\/wp\/v2\/product\/71892"}],"collection":[{"href":"https:\/\/grontkontor.dk\/en\/wp-json\/wp\/v2\/product"}],"about":[{"href":"https:\/\/grontkontor.dk\/en\/wp-json\/wp\/v2\/types\/product"}],"replies":[{"embeddable":true,"href":"https:\/\/grontkontor.dk\/en\/wp-json\/wp\/v2\/comments?post=71892"}],"wp:featuredmedia":[{"embeddable":true,"href":"https:\/\/grontkontor.dk\/en\/wp-json\/wp\/v2\/media\/21076"}],"wp:attachment":[{"href":"https:\/\/grontkontor.dk\/en\/wp-json\/wp\/v2\/media?parent=71892"}],"wp:term":[{"taxonomy":"product_cat","embeddable":true,"href":"https:\/\/grontkontor.dk\/en\/wp-json\/wp\/v2\/product_cat?post=71892"},{"taxonomy":"product_tag","embeddable":true,"href":"https:\/\/grontkontor.dk\/en\/wp-json\/wp\/v2\/product_tag?post=71892"}],"curies":[{"name":"wp","href":"https:\/\/api.w.org\/{rel}","templated":true}]}}