{"id":71900,"date":"2023-09-22T13:14:27","date_gmt":"2023-09-22T13:18:34","guid":{"rendered":"https:\/\/grontkontor.dk\/produkt\/washable-cotton-and-pp-face-mask-print\/"},"modified":"2025-11-06T11:27:24","modified_gmt":"2025-11-06T10:27:24","slug":"vaskbart-mundbind-i-bomuld-og-polyester","status":"publish","type":"product","link":"https:\/\/grontkontor.dk\/en\/shop\/vaskbart-mundbind-i-bomuld-og-polyester\/","title":{"rendered":"Washable face mask in cotton w\/wo print"},"content":{"rendered":"<p>Reusable oekotex certified face mask in adult size. Washable up to 25 times at recommended temperature min. 60 degrees. 2-ply &#8211; Not CE certified.<br \/>\nMade of approx. 50% cotton &#8211; 50% polyester with elastic bands in natural rubber.<br \/>\nCannot be returned for health reasons.<\/p>\nAsk for a quotation for embroidery at <a class=\"light\" href=\"mailto:jens@grontkontor.dk\">jens@grontkontor.dk<\/a> \n<p>&nbsp;<\/p>\n<p>Cotton is a biodegradable, compostable natural product. This product has been selected solely for its unique design and is one of the few we stock which is not made from organic or recycled cotton - for a more sustainable choice we would recommend these products instead.  The OEKO-TEX\u00ae Standard 100 certification ensures minimal content of substances which pose a potential health risk. <\/p>\n<p>&nbsp;<\/p>\n<a href=\"http:\/\/www.okotex.dk\/om-oeko-tex\/\" target=\"window\"><img loading=\"lazy\" decoding=\"async\" class=\"alignnone size-full wp-image-10567\" src=\"https:\/\/grontkontor.dk\/wp-content\/uploads\/2018\/08\/Oeko-Tex-Certificate.jpg\" \n alt=\"OEKO-TEX?-m?rkede tekstiler er sikre tekstiler, der ikke skader kroppen. Klik p? logoet for yderligere information.\" width=\"77\" height=\"50\" border=0 \/><\/a>\n<p>&nbsp;<\/p>\n","protected":false},"excerpt":{"rendered":"<p>Reusable oekotex certified face mask in adult size. Washable up to 25 times at recommended temperature min. 60 degrees. 2-ply &#8211; Not CE certified. Made of approx. 50% cotton &#8211; 50% polyester with elastic bands in natural rubber. Cannot be returned for health reasons. &nbsp; &nbsp; &nbsp;<\/p>\n","protected":false},"featured_media":21318,"comment_status":"closed","ping_status":"closed","template":"","meta":{"_acf_changed":false},"product_cat":[2431,1262,2106,1285],"product_tag":[3036],"class_list":{"0":"post-71900","1":"product","2":"type-product","3":"status-publish","4":"has-post-thumbnail","6":"product_cat-beklaedning-en","7":"product_cat-sustainable-presents","8":"product_cat-dummy-moq-1-en","9":"product_cat-trade-fair-equipment","10":"product_tag-face-masks","11":"pa_farve-blue-min-100-pcs","12":"pa_farve-fuchsia-min-100-pcs","13":"pa_farve-grey-min-100-pcs","14":"pa_farve-natural-min-100-pcs","15":"pa_farve-black","16":"pa_farve-green-en","17":"pa_farve-red-en","18":"pa_farve-white-en","19":"tm-has-options","21":"first","22":"instock","23":"taxable","24":"shipping-taxable","25":"purchasable","26":"product-type-variable"},"acf":[],"yoast_head":"<!-- This site is optimized with the Yoast SEO Premium plugin v21.2 (Yoast SEO v21.2) - https:\/\/yoast.com\/wordpress\/plugins\/seo\/ -->\n<title>Washable face mask in cotton w\/wo print - Gr\u00f8nt Kontor<\/title>\n<meta name=\"robots\" content=\"index, follow, max-snippet:-1, max-image-preview:large, max-video-preview:-1\" \/>\n<link rel=\"canonical\" href=\"https:\/\/grontkontor.dk\/en\/shop\/vaskbart-mundbind-i-bomuld-og-polyester\/\" \/>\n<meta property=\"og:locale\" content=\"en_US\" \/>\n<meta property=\"og:type\" content=\"article\" \/>\n<meta property=\"og:title\" content=\"Washable face mask in cotton w\/wo print\" \/>\n<meta property=\"og:description\" content=\"Reusable oekotex certified face mask in adult size. Washable up to 25 times at recommended temperature min. 60 degrees. 2-ply &#8211; Not CE certified. Made of approx. 50% cotton &#8211; 50% polyester with elastic bands in natural rubber. Cannot be returned for health reasons. &nbsp; &nbsp; &nbsp;\" \/>\n<meta property=\"og:url\" content=\"https:\/\/grontkontor.dk\/en\/shop\/vaskbart-mundbind-i-bomuld-og-polyester\/\" \/>\n<meta property=\"og:site_name\" content=\"Gr\u00f8nt Kontor\" \/>\n<meta property=\"article:publisher\" content=\"https:\/\/www.facebook.com\/grontkontor.dk\/\" \/>\n<meta property=\"article:modified_time\" content=\"2025-11-06T10:27:24+00:00\" \/>\n<meta property=\"og:image\" content=\"https:\/\/grontkontor.dk\/wp-content\/uploads\/2020\/12\/mundbind-bomuld-polyester-m-u-tryk-2.jpg\" \/>\n\t<meta property=\"og:image:width\" content=\"900\" \/>\n\t<meta property=\"og:image:height\" content=\"639\" \/>\n\t<meta property=\"og:image:type\" content=\"image\/jpeg\" \/>\n<meta name=\"twitter:card\" content=\"summary_large_image\" \/>\n<script type=\"application\/ld+json\" class=\"yoast-schema-graph\">{\"@context\":\"https:\/\/schema.org\",\"@graph\":[{\"@type\":\"WebPage\",\"@id\":\"https:\/\/grontkontor.dk\/en\/shop\/vaskbart-mundbind-i-bomuld-og-polyester\/\",\"url\":\"https:\/\/grontkontor.dk\/en\/shop\/vaskbart-mundbind-i-bomuld-og-polyester\/\",\"name\":\"Washable face mask in cotton w\/wo print - Gr\u00f8nt Kontor\",\"isPartOf\":{\"@id\":\"https:\/\/grontkontor.dk\/#website\"},\"datePublished\":\"2023-09-22T13:18:34+00:00\",\"dateModified\":\"2025-11-06T10:27:24+00:00\",\"breadcrumb\":{\"@id\":\"https:\/\/grontkontor.dk\/en\/shop\/vaskbart-mundbind-i-bomuld-og-polyester\/#breadcrumb\"},\"inLanguage\":\"en-US\",\"potentialAction\":[{\"@type\":\"ReadAction\",\"target\":[\"https:\/\/grontkontor.dk\/en\/shop\/vaskbart-mundbind-i-bomuld-og-polyester\/\"]}]},{\"@type\":\"BreadcrumbList\",\"@id\":\"https:\/\/grontkontor.dk\/en\/shop\/vaskbart-mundbind-i-bomuld-og-polyester\/#breadcrumb\",\"itemListElement\":[{\"@type\":\"ListItem\",\"position\":1,\"name\":\"Forside\",\"item\":\"https:\/\/grontkontor.dk\/\"},{\"@type\":\"ListItem\",\"position\":2,\"name\":\"Shop\",\"item\":\"https:\/\/grontkontor.dk\/en\/shop-2\/\"},{\"@type\":\"ListItem\",\"position\":3,\"name\":\"Bekl\u00e6dning\",\"item\":\"https:\/\/grontkontor.dk\/produkt-kategori\/beklaedning\/\"},{\"@type\":\"ListItem\",\"position\":4,\"name\":\"Washable face mask in cotton w\/wo print\"}]},{\"@type\":\"WebSite\",\"@id\":\"https:\/\/grontkontor.dk\/#website\",\"url\":\"https:\/\/grontkontor.dk\/\",\"name\":\"Gr\u00f8nt Kontor\",\"description\":\"Milj\u00f8venlige produkter til kontor og erhverv med fokus p\u00e5 b\u00e6redygtighed, design og fair trade.\",\"publisher\":{\"@id\":\"https:\/\/grontkontor.dk\/#organization\"},\"potentialAction\":[{\"@type\":\"SearchAction\",\"target\":{\"@type\":\"EntryPoint\",\"urlTemplate\":\"https:\/\/grontkontor.dk\/?s={search_term_string}\"},\"query-input\":\"required name=search_term_string\"}],\"inLanguage\":\"en-US\"},{\"@type\":\"Organization\",\"@id\":\"https:\/\/grontkontor.dk\/#organization\",\"name\":\"Gr\u00f8nt Kontor\",\"url\":\"https:\/\/grontkontor.dk\/\",\"logo\":{\"@type\":\"ImageObject\",\"inLanguage\":\"en-US\",\"@id\":\"https:\/\/grontkontor.dk\/#\/schema\/logo\/image\/\",\"url\":\"https:\/\/grontkontor.dk\/wp-content\/uploads\/2014\/02\/Logo_groent_kontor_300x80.png\",\"contentUrl\":\"https:\/\/grontkontor.dk\/wp-content\/uploads\/2014\/02\/Logo_groent_kontor_300x80.png\",\"width\":300,\"height\":80,\"caption\":\"Gr\u00f8nt Kontor\"},\"image\":{\"@id\":\"https:\/\/grontkontor.dk\/#\/schema\/logo\/image\/\"},\"sameAs\":[\"https:\/\/www.facebook.com\/grontkontor.dk\/\"]}]}<\/script>\n<!-- \/ Yoast SEO Premium plugin. -->","yoast_head_json":{"title":"Washable face mask in cotton w\/wo print - Gr\u00f8nt Kontor","robots":{"index":"index","follow":"follow","max-snippet":"max-snippet:-1","max-image-preview":"max-image-preview:large","max-video-preview":"max-video-preview:-1"},"canonical":"https:\/\/grontkontor.dk\/en\/shop\/vaskbart-mundbind-i-bomuld-og-polyester\/","og_locale":"en_US","og_type":"article","og_title":"Washable face mask in cotton w\/wo print","og_description":"Reusable oekotex certified face mask in adult size. Washable up to 25 times at recommended temperature min. 60 degrees. 2-ply &#8211; Not CE certified. Made of approx. 50% cotton &#8211; 50% polyester with elastic bands in natural rubber. Cannot be returned for health reasons. &nbsp; &nbsp; &nbsp;","og_url":"https:\/\/grontkontor.dk\/en\/shop\/vaskbart-mundbind-i-bomuld-og-polyester\/","og_site_name":"Gr\u00f8nt Kontor","article_publisher":"https:\/\/www.facebook.com\/grontkontor.dk\/","article_modified_time":"2025-11-06T10:27:24+00:00","og_image":[{"width":900,"height":639,"url":"https:\/\/grontkontor.dk\/wp-content\/uploads\/2020\/12\/mundbind-bomuld-polyester-m-u-tryk-2.jpg","type":"image\/jpeg"}],"twitter_card":"summary_large_image","schema":{"@context":"https:\/\/schema.org","@graph":[{"@type":"WebPage","@id":"https:\/\/grontkontor.dk\/en\/shop\/vaskbart-mundbind-i-bomuld-og-polyester\/","url":"https:\/\/grontkontor.dk\/en\/shop\/vaskbart-mundbind-i-bomuld-og-polyester\/","name":"Washable face mask in cotton w\/wo print - Gr\u00f8nt Kontor","isPartOf":{"@id":"https:\/\/grontkontor.dk\/#website"},"datePublished":"2023-09-22T13:18:34+00:00","dateModified":"2025-11-06T10:27:24+00:00","breadcrumb":{"@id":"https:\/\/grontkontor.dk\/en\/shop\/vaskbart-mundbind-i-bomuld-og-polyester\/#breadcrumb"},"inLanguage":"en-US","potentialAction":[{"@type":"ReadAction","target":["https:\/\/grontkontor.dk\/en\/shop\/vaskbart-mundbind-i-bomuld-og-polyester\/"]}]},{"@type":"BreadcrumbList","@id":"https:\/\/grontkontor.dk\/en\/shop\/vaskbart-mundbind-i-bomuld-og-polyester\/#breadcrumb","itemListElement":[{"@type":"ListItem","position":1,"name":"Forside","item":"https:\/\/grontkontor.dk\/"},{"@type":"ListItem","position":2,"name":"Shop","item":"https:\/\/grontkontor.dk\/en\/shop-2\/"},{"@type":"ListItem","position":3,"name":"Bekl\u00e6dning","item":"https:\/\/grontkontor.dk\/produkt-kategori\/beklaedning\/"},{"@type":"ListItem","position":4,"name":"Washable face mask in cotton w\/wo print"}]},{"@type":"WebSite","@id":"https:\/\/grontkontor.dk\/#website","url":"https:\/\/grontkontor.dk\/","name":"Gr\u00f8nt Kontor","description":"Milj\u00f8venlige produkter til kontor og erhverv med fokus p\u00e5 b\u00e6redygtighed, design og fair trade.","publisher":{"@id":"https:\/\/grontkontor.dk\/#organization"},"potentialAction":[{"@type":"SearchAction","target":{"@type":"EntryPoint","urlTemplate":"https:\/\/grontkontor.dk\/?s={search_term_string}"},"query-input":"required name=search_term_string"}],"inLanguage":"en-US"},{"@type":"Organization","@id":"https:\/\/grontkontor.dk\/#organization","name":"Gr\u00f8nt Kontor","url":"https:\/\/grontkontor.dk\/","logo":{"@type":"ImageObject","inLanguage":"en-US","@id":"https:\/\/grontkontor.dk\/#\/schema\/logo\/image\/","url":"https:\/\/grontkontor.dk\/wp-content\/uploads\/2014\/02\/Logo_groent_kontor_300x80.png","contentUrl":"https:\/\/grontkontor.dk\/wp-content\/uploads\/2014\/02\/Logo_groent_kontor_300x80.png","width":300,"height":80,"caption":"Gr\u00f8nt Kontor"},"image":{"@id":"https:\/\/grontkontor.dk\/#\/schema\/logo\/image\/"},"sameAs":["https:\/\/www.facebook.com\/grontkontor.dk\/"]}]}},"_links":{"self":[{"href":"https:\/\/grontkontor.dk\/en\/wp-json\/wp\/v2\/product\/71900"}],"collection":[{"href":"https:\/\/grontkontor.dk\/en\/wp-json\/wp\/v2\/product"}],"about":[{"href":"https:\/\/grontkontor.dk\/en\/wp-json\/wp\/v2\/types\/product"}],"replies":[{"embeddable":true,"href":"https:\/\/grontkontor.dk\/en\/wp-json\/wp\/v2\/comments?post=71900"}],"wp:featuredmedia":[{"embeddable":true,"href":"https:\/\/grontkontor.dk\/en\/wp-json\/wp\/v2\/media\/21318"}],"wp:attachment":[{"href":"https:\/\/grontkontor.dk\/en\/wp-json\/wp\/v2\/media?parent=71900"}],"wp:term":[{"taxonomy":"product_cat","embeddable":true,"href":"https:\/\/grontkontor.dk\/en\/wp-json\/wp\/v2\/product_cat?post=71900"},{"taxonomy":"product_tag","embeddable":true,"href":"https:\/\/grontkontor.dk\/en\/wp-json\/wp\/v2\/product_tag?post=71900"}],"curies":[{"name":"wp","href":"https:\/\/api.w.org\/{rel}","templated":true}]}}