{"id":71994,"date":"2023-09-22T13:16:37","date_gmt":"2023-09-22T13:20:25","guid":{"rendered":"https:\/\/grontkontor.dk\/produkt\/magazine-holder-fsc-recycled-olive-green\/"},"modified":"2024-02-28T09:16:33","modified_gmt":"2024-02-28T08:16:33","slug":"magazine-holder-fsc-recycled-olive-green","status":"publish","type":"product","link":"https:\/\/grontkontor.dk\/en\/shop\/magazine-holder-fsc-recycled-olive-green\/","title":{"rendered":"Journal holder FSC recycled &#8211; Olives"},"content":{"rendered":"<p>Climate-friendly olive green magazine collector in solid Scandinavian design. The surface is in FSC-certified laminate paper, hand-laminated with water-based glue on a thicker core of recycled cardboard. A climate- and eco-friendly product for storing your magazines, newspapers and file folders. Made in the EU.<br \/>\nBack width: 10 cm.<br \/>\n<a href=\"https:\/\/ic.fsc.org\/en\/\" target=\"window\"><img loading=\"lazy\" decoding=\"async\" class=\"size-full wp-image-12735\" src=\"https:\/\/grontkontor.dk\/wp-content\/uploads\/2019\/04\/fsc-certificeret.png\" \n\t\t alt=\"FSC-certificeret\" title=\"FSC-certificeret\" width=\"44\" height=\"51\" border=0\/><\/a> <a href=\"https:\/\/ic.fsc.org\/en\/\" target=\"window\"><img loading=\"lazy\" decoding=\"async\" class=\"size-full wp-image-12735\" src=\"https:\/\/grontkontor.dk\/wp-content\/uploads\/2019\/04\/fsc-certificeret.png\" \n\t\t alt=\"FSC-certificeret\" title=\"FSC-certificeret\" width=\"44\" height=\"51\" border=0\/><\/a> <img loading=\"lazy\" decoding=\"async\" src=\"https:\/\/grontkontor.dk\/wp-content\/uploads\/2021\/02\/genbrug.jpg\" alt=\"made from recycled materials\" width=\"46\" height=\"45\" class=\"size-full wp-image-23031\" srcset=\"https:\/\/grontkontor.dk\/wp-content\/uploads\/2021\/02\/genbrug.jpg 199w, https:\/\/grontkontor.dk\/wp-content\/uploads\/2021\/02\/genbrug-100x100.jpg 100w\" sizes=\"(max-width: 46px) 100vw, 46px\" \/>  <img loading=\"lazy\" decoding=\"async\" class=\"size-medium wp-image-21008\" src=\"https:\/\/grontkontor.dk\/wp-content\/uploads\/2020\/11\/eu-flag_1-300x199.jpg\" alt=\"Made in the EU\" width=\"68\" height=\"45\" srcset=\"https:\/\/grontkontor.dk\/wp-content\/uploads\/2020\/11\/eu-flag_1-300x199.jpg 300w, https:\/\/grontkontor.dk\/wp-content\/uploads\/2020\/11\/eu-flag_1.jpg 530w\" sizes=\"(max-width: 68px) 100vw, 68px\" \/>\n    <br><strong>Options:<\/strong> (min. 200 stk.)<\/br>\n\t\tCustom size, \n\t\t\n\t\t<a href=\"javascript:;\" style=\"color:#c8eade\" onClick=\"open_colour_dk()\" >\n\t\tcustom colour <img loading=\"lazy\" decoding=\"async\" class=\"alignnone size-full wp-image-7159\" src=\"https:\/\/grontkontor.dk\/wp-content\/uploads\/2016\/09\/paper-laminate-canvas-1.png\" \n\t\talt=\"B&aelig;redygtige kontorprodukter - farver - overflader papirlaminat\" width=\"75\" height=\"26\" border=0 \/>\n\t\t\n\t\t<\/a> \n\t\t\n\t\tlogo print <img loading=\"lazy\" decoding=\"async\" class=\"alignnone size-full wp-image-7148\" src=\"https:\/\/grontkontor.dk\/wp-content\/uploads\/2016\/09\/tryk_paper-laminate_smll2_blue.jpg\" alt=\"B&aelig;redygtige kontorprodukter med logotryk pr&aelig;gning\" width=\"43\" height=\"29\" \/> \n\t\t embossing <img loading=\"lazy\" decoding=\"async\" class=\"alignnone size-full wp-image-7151\" src=\"https:\/\/grontkontor.dk\/wp-content\/uploads\/2016\/09\/tryk_paper-laminate_relief3_smll2_contrast_groen-2.jpg\" \n\t\talt=\"B&aelig;redygtige kontorprodukter med pr&aelig;gning\" width=\"43\" height=\"29\" \/><br>\n\t\n\t\tQuotation and info: <a class=\"light\" href=\"mailto:info@grontkontor.dk\">info@grontkontor.dk<\/a> eller 6062 1818<br><br><\/p>\n","protected":false},"excerpt":{"rendered":"<p>Climate-friendly olive green magazine collector in solid Scandinavian design. The surface is in FSC-certified laminate paper, hand-laminated with water-based glue on a thicker core of recycled cardboard. A climate- and eco-friendly product for storing your magazines, newspapers and file folders. Made in the EU. Back width: 10 cm.<\/p>\n","protected":false},"featured_media":23223,"comment_status":"closed","ping_status":"closed","template":"","meta":{"_acf_changed":false},"product_cat":[1276,2106,1836,1289,1853,2221],"product_tag":[1446],"class_list":{"0":"post-71994","1":"product","2":"type-product","3":"status-publish","4":"has-post-thumbnail","6":"product_cat-storage","7":"product_cat-dummy-moq-1-en","8":"product_cat-grey-canvas-paper-en","9":"product_cat-magazine-files","10":"product_cat-product-series","11":"product_cat-recycled-fsc-cardboard-multicolour-product-series","12":"product_tag-tidskriftholder-en","13":"tm-has-options","15":"first","16":"instock","17":"taxable","18":"shipping-taxable","19":"purchasable","20":"product-type-simple"},"acf":[],"yoast_head":"<!-- This site is optimized with the Yoast SEO Premium plugin v21.2 (Yoast SEO v21.2) - https:\/\/yoast.com\/wordpress\/plugins\/seo\/ -->\n<title>Journal holder FSC recycled - Olives - Gr\u00f8nt Kontor<\/title>\n<meta name=\"robots\" content=\"index, follow, max-snippet:-1, max-image-preview:large, max-video-preview:-1\" \/>\n<link rel=\"canonical\" href=\"https:\/\/grontkontor.dk\/shop\/tidsskriftholder-fsc-recycled-oliven\/\" \/>\n<meta property=\"og:locale\" content=\"en_US\" \/>\n<meta property=\"og:type\" content=\"article\" \/>\n<meta property=\"og:title\" content=\"Journal holder FSC recycled - Olives\" \/>\n<meta property=\"og:description\" content=\"Climate-friendly olive green magazine collector in solid Scandinavian design. The surface is in FSC-certified laminate paper, hand-laminated with water-based glue on a thicker core of recycled cardboard. A climate- and eco-friendly product for storing your magazines, newspapers and file folders. Made in the EU. Back width: 10 cm.\" \/>\n<meta property=\"og:url\" content=\"https:\/\/grontkontor.dk\/shop\/tidsskriftholder-fsc-recycled-oliven\/\" \/>\n<meta property=\"og:site_name\" content=\"Gr\u00f8nt Kontor\" \/>\n<meta property=\"article:publisher\" content=\"https:\/\/www.facebook.com\/grontkontor.dk\/\" \/>\n<meta property=\"article:modified_time\" content=\"2024-02-28T08:16:33+00:00\" \/>\n<meta property=\"og:image\" content=\"https:\/\/grontkontor.dk\/wp-content\/uploads\/2021\/03\/tidsskriftholder-fsc-genbrug-oliven-01.jpg\" \/>\n\t<meta property=\"og:image:width\" content=\"900\" \/>\n\t<meta property=\"og:image:height\" content=\"639\" \/>\n\t<meta property=\"og:image:type\" content=\"image\/jpeg\" \/>\n<meta name=\"twitter:card\" content=\"summary_large_image\" \/>\n<script type=\"application\/ld+json\" class=\"yoast-schema-graph\">{\"@context\":\"https:\/\/schema.org\",\"@graph\":[{\"@type\":\"WebPage\",\"@id\":\"https:\/\/grontkontor.dk\/shop\/tidsskriftholder-fsc-recycled-oliven\/\",\"url\":\"https:\/\/grontkontor.dk\/shop\/tidsskriftholder-fsc-recycled-oliven\/\",\"name\":\"Journal holder FSC recycled - Olives - Gr\u00f8nt Kontor\",\"isPartOf\":{\"@id\":\"https:\/\/grontkontor.dk\/#website\"},\"datePublished\":\"2023-09-22T13:20:25+00:00\",\"dateModified\":\"2024-02-28T08:16:33+00:00\",\"breadcrumb\":{\"@id\":\"https:\/\/grontkontor.dk\/shop\/tidsskriftholder-fsc-recycled-oliven\/#breadcrumb\"},\"inLanguage\":\"en-US\",\"potentialAction\":[{\"@type\":\"ReadAction\",\"target\":[\"https:\/\/grontkontor.dk\/shop\/tidsskriftholder-fsc-recycled-oliven\/\"]}]},{\"@type\":\"BreadcrumbList\",\"@id\":\"https:\/\/grontkontor.dk\/shop\/tidsskriftholder-fsc-recycled-oliven\/#breadcrumb\",\"itemListElement\":[{\"@type\":\"ListItem\",\"position\":1,\"name\":\"Forside\",\"item\":\"https:\/\/grontkontor.dk\/\"},{\"@type\":\"ListItem\",\"position\":2,\"name\":\"Shop\",\"item\":\"https:\/\/grontkontor.dk\/en\/shop-2\/\"},{\"@type\":\"ListItem\",\"position\":3,\"name\":\"Product series\",\"item\":\"https:\/\/grontkontor.dk\/en\/produkt-kategori\/product-series\/\"},{\"@type\":\"ListItem\",\"position\":4,\"name\":\"Grey Canvas Paper\",\"item\":\"https:\/\/grontkontor.dk\/en\/produkt-kategori\/product-series\/grey-canvas-paper-en\/\"},{\"@type\":\"ListItem\",\"position\":5,\"name\":\"Journal holder FSC recycled &#8211; Olives\"}]},{\"@type\":\"WebSite\",\"@id\":\"https:\/\/grontkontor.dk\/#website\",\"url\":\"https:\/\/grontkontor.dk\/\",\"name\":\"Gr\u00f8nt Kontor\",\"description\":\"Milj\u00f8venlige produkter til kontor og erhverv med fokus p\u00e5 b\u00e6redygtighed, design og fair trade.\",\"publisher\":{\"@id\":\"https:\/\/grontkontor.dk\/#organization\"},\"potentialAction\":[{\"@type\":\"SearchAction\",\"target\":{\"@type\":\"EntryPoint\",\"urlTemplate\":\"https:\/\/grontkontor.dk\/?s={search_term_string}\"},\"query-input\":\"required name=search_term_string\"}],\"inLanguage\":\"en-US\"},{\"@type\":\"Organization\",\"@id\":\"https:\/\/grontkontor.dk\/#organization\",\"name\":\"Gr\u00f8nt Kontor\",\"url\":\"https:\/\/grontkontor.dk\/\",\"logo\":{\"@type\":\"ImageObject\",\"inLanguage\":\"en-US\",\"@id\":\"https:\/\/grontkontor.dk\/#\/schema\/logo\/image\/\",\"url\":\"https:\/\/grontkontor.dk\/wp-content\/uploads\/2014\/02\/Logo_groent_kontor_300x80.png\",\"contentUrl\":\"https:\/\/grontkontor.dk\/wp-content\/uploads\/2014\/02\/Logo_groent_kontor_300x80.png\",\"width\":300,\"height\":80,\"caption\":\"Gr\u00f8nt Kontor\"},\"image\":{\"@id\":\"https:\/\/grontkontor.dk\/#\/schema\/logo\/image\/\"},\"sameAs\":[\"https:\/\/www.facebook.com\/grontkontor.dk\/\"]}]}<\/script>\n<!-- \/ Yoast SEO Premium plugin. -->","yoast_head_json":{"title":"Journal holder FSC recycled - Olives - Gr\u00f8nt Kontor","robots":{"index":"index","follow":"follow","max-snippet":"max-snippet:-1","max-image-preview":"max-image-preview:large","max-video-preview":"max-video-preview:-1"},"canonical":"https:\/\/grontkontor.dk\/shop\/tidsskriftholder-fsc-recycled-oliven\/","og_locale":"en_US","og_type":"article","og_title":"Journal holder FSC recycled - Olives","og_description":"Climate-friendly olive green magazine collector in solid Scandinavian design. The surface is in FSC-certified laminate paper, hand-laminated with water-based glue on a thicker core of recycled cardboard. A climate- and eco-friendly product for storing your magazines, newspapers and file folders. Made in the EU. Back width: 10 cm.","og_url":"https:\/\/grontkontor.dk\/shop\/tidsskriftholder-fsc-recycled-oliven\/","og_site_name":"Gr\u00f8nt Kontor","article_publisher":"https:\/\/www.facebook.com\/grontkontor.dk\/","article_modified_time":"2024-02-28T08:16:33+00:00","og_image":[{"width":900,"height":639,"url":"https:\/\/grontkontor.dk\/wp-content\/uploads\/2021\/03\/tidsskriftholder-fsc-genbrug-oliven-01.jpg","type":"image\/jpeg"}],"twitter_card":"summary_large_image","schema":{"@context":"https:\/\/schema.org","@graph":[{"@type":"WebPage","@id":"https:\/\/grontkontor.dk\/shop\/tidsskriftholder-fsc-recycled-oliven\/","url":"https:\/\/grontkontor.dk\/shop\/tidsskriftholder-fsc-recycled-oliven\/","name":"Journal holder FSC recycled - Olives - Gr\u00f8nt Kontor","isPartOf":{"@id":"https:\/\/grontkontor.dk\/#website"},"datePublished":"2023-09-22T13:20:25+00:00","dateModified":"2024-02-28T08:16:33+00:00","breadcrumb":{"@id":"https:\/\/grontkontor.dk\/shop\/tidsskriftholder-fsc-recycled-oliven\/#breadcrumb"},"inLanguage":"en-US","potentialAction":[{"@type":"ReadAction","target":["https:\/\/grontkontor.dk\/shop\/tidsskriftholder-fsc-recycled-oliven\/"]}]},{"@type":"BreadcrumbList","@id":"https:\/\/grontkontor.dk\/shop\/tidsskriftholder-fsc-recycled-oliven\/#breadcrumb","itemListElement":[{"@type":"ListItem","position":1,"name":"Forside","item":"https:\/\/grontkontor.dk\/"},{"@type":"ListItem","position":2,"name":"Shop","item":"https:\/\/grontkontor.dk\/en\/shop-2\/"},{"@type":"ListItem","position":3,"name":"Product series","item":"https:\/\/grontkontor.dk\/en\/produkt-kategori\/product-series\/"},{"@type":"ListItem","position":4,"name":"Grey Canvas Paper","item":"https:\/\/grontkontor.dk\/en\/produkt-kategori\/product-series\/grey-canvas-paper-en\/"},{"@type":"ListItem","position":5,"name":"Journal holder FSC recycled &#8211; Olives"}]},{"@type":"WebSite","@id":"https:\/\/grontkontor.dk\/#website","url":"https:\/\/grontkontor.dk\/","name":"Gr\u00f8nt Kontor","description":"Milj\u00f8venlige produkter til kontor og erhverv med fokus p\u00e5 b\u00e6redygtighed, design og fair trade.","publisher":{"@id":"https:\/\/grontkontor.dk\/#organization"},"potentialAction":[{"@type":"SearchAction","target":{"@type":"EntryPoint","urlTemplate":"https:\/\/grontkontor.dk\/?s={search_term_string}"},"query-input":"required name=search_term_string"}],"inLanguage":"en-US"},{"@type":"Organization","@id":"https:\/\/grontkontor.dk\/#organization","name":"Gr\u00f8nt Kontor","url":"https:\/\/grontkontor.dk\/","logo":{"@type":"ImageObject","inLanguage":"en-US","@id":"https:\/\/grontkontor.dk\/#\/schema\/logo\/image\/","url":"https:\/\/grontkontor.dk\/wp-content\/uploads\/2014\/02\/Logo_groent_kontor_300x80.png","contentUrl":"https:\/\/grontkontor.dk\/wp-content\/uploads\/2014\/02\/Logo_groent_kontor_300x80.png","width":300,"height":80,"caption":"Gr\u00f8nt Kontor"},"image":{"@id":"https:\/\/grontkontor.dk\/#\/schema\/logo\/image\/"},"sameAs":["https:\/\/www.facebook.com\/grontkontor.dk\/"]}]}},"_links":{"self":[{"href":"https:\/\/grontkontor.dk\/en\/wp-json\/wp\/v2\/product\/71994"}],"collection":[{"href":"https:\/\/grontkontor.dk\/en\/wp-json\/wp\/v2\/product"}],"about":[{"href":"https:\/\/grontkontor.dk\/en\/wp-json\/wp\/v2\/types\/product"}],"replies":[{"embeddable":true,"href":"https:\/\/grontkontor.dk\/en\/wp-json\/wp\/v2\/comments?post=71994"}],"wp:featuredmedia":[{"embeddable":true,"href":"https:\/\/grontkontor.dk\/en\/wp-json\/wp\/v2\/media\/23223"}],"wp:attachment":[{"href":"https:\/\/grontkontor.dk\/en\/wp-json\/wp\/v2\/media?parent=71994"}],"wp:term":[{"taxonomy":"product_cat","embeddable":true,"href":"https:\/\/grontkontor.dk\/en\/wp-json\/wp\/v2\/product_cat?post=71994"},{"taxonomy":"product_tag","embeddable":true,"href":"https:\/\/grontkontor.dk\/en\/wp-json\/wp\/v2\/product_tag?post=71994"}],"curies":[{"name":"wp","href":"https:\/\/api.w.org\/{rel}","templated":true}]}}