{"id":72028,"date":"2023-09-22T13:17:14","date_gmt":"2023-09-22T13:21:01","guid":{"rendered":"https:\/\/grontkontor.dk\/produkt\/water-bottle-in-stainless-steel-and-bamboo-600ml\/"},"modified":"2023-09-22T15:21:09","modified_gmt":"2023-09-22T13:21:09","slug":"water-bottle-in-stainless-steel-and-bamboo-600ml","status":"publish","type":"product","link":"https:\/\/grontkontor.dk\/en\/shop\/water-bottle-in-stainless-steel-and-bamboo-600ml\/","title":{"rendered":"Water bottle in stainless steel and bamboo 600ml"},"content":{"rendered":"<p>Elegant and sustainable water bottle in stainless steel with carrying handle and lid made of bamboo.<br \/>\nCapacity: 600 ml. Comes in individual gift box. Dimensions: \u00f872 \u00d7 242 mm<br \/>\nAvailable in 4 different colors and with or without print.<br \/>\nThe bottle is Made from high quality steel, approved for food contact and 100% BPA free. <\/p>\n<p>Steel\/iron is a reusable and practically unlimited resource that does not pollute when disposed of. The production of steel in itself is not sustainable, as large amounts of CO2 are produced from fossil materials in the process. On the other hand, steel products have an extremely long lifespan and offer the possibility of endless repeated reuse, which means that the vast majority of steel on the market consists predominantly of recycled steel.  Bamboo is an extremely sustainable biodegradable material, with extremely fast regeneration when harvested. Bamboo, like other natural products, functions as a CO2 depot throughout the products lifetime. <\/p>\n","protected":false},"excerpt":{"rendered":"<p>Elegant and sustainable water bottle in stainless steel with carrying handle and lid made of bamboo. Capacity: 600 ml. Comes in individual gift box. Dimensions: \u00f872 \u00d7 242 mm Available in 4 different colors and with or without print. The bottle is<\/p>\n","protected":false},"featured_media":23880,"comment_status":"closed","ping_status":"closed","template":"","meta":{"_acf_changed":false},"product_cat":[4404,2106,2232,1999],"product_tag":[4860,2958,1894,1893,4861,2959,4859],"class_list":{"0":"post-72028","1":"product","2":"type-product","3":"status-publish","4":"has-post-thumbnail","6":"product_cat-thermos-and-water-bottles","7":"product_cat-dummy-moq-1-en","8":"product_cat-food-and-drinkware","9":"product_cat-drikkedunke-og-termoflasker-en","10":"product_tag-drinking-bottle-steel","11":"product_tag-drinking-bottles","12":"product_tag-vandflaske-en","13":"product_tag-drikkedunk-en","14":"product_tag-water-bottle-steel","15":"product_tag-water-bottles","16":"product_tag-water-cans","17":"pa_farve-assorted","18":"pa_farve-azure","19":"pa_farve-beige","20":"pa_farve-black-min-100-pcs","21":"pa_farve-black-gold-silver-en","22":"pa_farve-blue-min-100-pcs","23":"pa_farve-blue-min-15","24":"pa_farve-blue-min-15-pcs","25":"pa_farve-blue-yellow","26":"pa_farve-blue-green-yellow","27":"pa_farve-brown-en","28":"pa_farve-browne-en","29":"pa_farve-cream-en","30":"pa_farve-crimson-en","31":"pa_farve-dark-gray","32":"pa_farve-deep-green-en","33":"pa_farve-fuchsia-min-100-pcs","34":"pa_farve-gold","35":"pa_farve-green-en-2","36":"pa_farve-grey-min-100-pcs","37":"pa_farve-khaki","38":"pa_farve-light-gray","39":"pa_farve-lime-en","40":"pa_farve-many-en","41":"pa_farve-mint","42":"pa_farve-natural-min-100-pcs","43":"pa_farve-ocean-blue-en","44":"pa_farve-purple","45":"pa_farve-red-en-2","46":"pa_farve-red-min-100-pcs","47":"pa_farve-red-min-15","48":"pa_farve-red-min-15-pcs","49":"pa_farve-royal-blue","50":"pa_farve-silver-en","51":"pa_farve-silver-colored","52":"pa_farve-structure","53":"pa_farve-turquoise","54":"pa_farve-turquoise-en","55":"pa_farve-violate-en","56":"pa_farve-white-en-2","57":"pa_farve-yellow-en-2","58":"pa_farve-black","59":"pa_farve-black-en","60":"pa_farve-blue","61":"pa_farve-blue-en","62":"pa_farve-brun-en","63":"pa_farve-creme-en","64":"pa_farve-moerkeblaa-en","65":"pa_farve-moerkegroen-en","66":"pa_farve-grafit-en","67":"pa_farve-green-en","68":"pa_farve-grey-en","69":"pa_farve-grey-en-2","70":"pa_farve-lyseblaa-en","71":"pa_farve-lysegroen-en","72":"pa_farve-roedbrun-en","73":"pa_farve-mix-en","74":"pa_farve-sennep-en","75":"pa_farve-natur-en","76":"pa_farve-marineblaa-en","77":"pa_farve-oliven-en","78":"pa_farve-orange","79":"pa_farve-pink","80":"pa_farve-lilla-en","81":"pa_farve-red-en","82":"pa_farve-soelv-en","83":"pa_farve-white-en","84":"pa_farve-vinroed-en","85":"pa_farve-yellow-en","86":"tm-has-options","88":"first","89":"instock","90":"sale","91":"taxable","92":"shipping-taxable","93":"purchasable","94":"product-type-simple"},"acf":[],"yoast_head":"<!-- This site is optimized with the Yoast SEO Premium plugin v21.2 (Yoast SEO v21.2) - https:\/\/yoast.com\/wordpress\/plugins\/seo\/ -->\n<title>Water bottle in stainless steel and bamboo 600ml - Gr\u00f8nt Kontor<\/title>\n<meta name=\"robots\" content=\"index, follow, max-snippet:-1, max-image-preview:large, max-video-preview:-1\" \/>\n<link rel=\"canonical\" href=\"https:\/\/grontkontor.dk\/en\/shop\/water-bottle-in-stainless-steel-and-bamboo-600ml\/\" \/>\n<meta property=\"og:locale\" content=\"en_US\" \/>\n<meta property=\"og:type\" content=\"article\" \/>\n<meta property=\"og:title\" content=\"Water bottle in stainless steel and bamboo 600ml\" \/>\n<meta property=\"og:description\" content=\"Elegant and sustainable water bottle in stainless steel with carrying handle and lid made of bamboo. Capacity: 600 ml. Comes in individual gift box. Dimensions: \u00f872 \u00d7 242 mm Available in 4 different colors and with or without print. The bottle is\" \/>\n<meta property=\"og:url\" content=\"https:\/\/grontkontor.dk\/en\/shop\/water-bottle-in-stainless-steel-and-bamboo-600ml\/\" \/>\n<meta property=\"og:site_name\" content=\"Gr\u00f8nt Kontor\" \/>\n<meta property=\"article:publisher\" content=\"https:\/\/www.facebook.com\/grontkontor.dk\/\" \/>\n<meta property=\"article:modified_time\" content=\"2023-09-22T13:21:09+00:00\" \/>\n<meta property=\"og:image\" content=\"https:\/\/grontkontor.dk\/wp-content\/uploads\/2021\/04\/vandflaske-staal-bambus-600ml-04.jpg\" \/>\n\t<meta property=\"og:image:width\" content=\"900\" \/>\n\t<meta property=\"og:image:height\" content=\"639\" \/>\n\t<meta property=\"og:image:type\" content=\"image\/jpeg\" \/>\n<meta name=\"twitter:card\" content=\"summary_large_image\" \/>\n<script type=\"application\/ld+json\" class=\"yoast-schema-graph\">{\"@context\":\"https:\/\/schema.org\",\"@graph\":[{\"@type\":\"WebPage\",\"@id\":\"https:\/\/grontkontor.dk\/en\/shop\/water-bottle-in-stainless-steel-and-bamboo-600ml\/\",\"url\":\"https:\/\/grontkontor.dk\/en\/shop\/water-bottle-in-stainless-steel-and-bamboo-600ml\/\",\"name\":\"Water bottle in stainless steel and bamboo 600ml - Gr\u00f8nt Kontor\",\"isPartOf\":{\"@id\":\"https:\/\/grontkontor.dk\/#website\"},\"datePublished\":\"2023-09-22T13:21:01+00:00\",\"dateModified\":\"2023-09-22T13:21:09+00:00\",\"breadcrumb\":{\"@id\":\"https:\/\/grontkontor.dk\/en\/shop\/water-bottle-in-stainless-steel-and-bamboo-600ml\/#breadcrumb\"},\"inLanguage\":\"en-US\",\"potentialAction\":[{\"@type\":\"ReadAction\",\"target\":[\"https:\/\/grontkontor.dk\/en\/shop\/water-bottle-in-stainless-steel-and-bamboo-600ml\/\"]}]},{\"@type\":\"BreadcrumbList\",\"@id\":\"https:\/\/grontkontor.dk\/en\/shop\/water-bottle-in-stainless-steel-and-bamboo-600ml\/#breadcrumb\",\"itemListElement\":[{\"@type\":\"ListItem\",\"position\":1,\"name\":\"Forside\",\"item\":\"https:\/\/grontkontor.dk\/\"},{\"@type\":\"ListItem\",\"position\":2,\"name\":\"Shop\",\"item\":\"https:\/\/grontkontor.dk\/en\/shop-2\/\"},{\"@type\":\"ListItem\",\"position\":3,\"name\":\"Climate-friendly corporate gifts\",\"item\":\"https:\/\/grontkontor.dk\/en\/produkt-kategori\/sustainable-presents\/\"},{\"@type\":\"ListItem\",\"position\":4,\"name\":\"Thermos and water bottles\",\"item\":\"https:\/\/grontkontor.dk\/en\/produkt-kategori\/sustainable-presents\/thermos-and-water-bottles\/\"},{\"@type\":\"ListItem\",\"position\":5,\"name\":\"Water bottle in stainless steel and bamboo 600ml\"}]},{\"@type\":\"WebSite\",\"@id\":\"https:\/\/grontkontor.dk\/#website\",\"url\":\"https:\/\/grontkontor.dk\/\",\"name\":\"Gr\u00f8nt Kontor\",\"description\":\"Milj\u00f8venlige produkter til kontor og erhverv med fokus p\u00e5 b\u00e6redygtighed, design og fair trade.\",\"publisher\":{\"@id\":\"https:\/\/grontkontor.dk\/#organization\"},\"potentialAction\":[{\"@type\":\"SearchAction\",\"target\":{\"@type\":\"EntryPoint\",\"urlTemplate\":\"https:\/\/grontkontor.dk\/?s={search_term_string}\"},\"query-input\":\"required name=search_term_string\"}],\"inLanguage\":\"en-US\"},{\"@type\":\"Organization\",\"@id\":\"https:\/\/grontkontor.dk\/#organization\",\"name\":\"Gr\u00f8nt Kontor\",\"url\":\"https:\/\/grontkontor.dk\/\",\"logo\":{\"@type\":\"ImageObject\",\"inLanguage\":\"en-US\",\"@id\":\"https:\/\/grontkontor.dk\/#\/schema\/logo\/image\/\",\"url\":\"https:\/\/grontkontor.dk\/wp-content\/uploads\/2014\/02\/Logo_groent_kontor_300x80.png\",\"contentUrl\":\"https:\/\/grontkontor.dk\/wp-content\/uploads\/2014\/02\/Logo_groent_kontor_300x80.png\",\"width\":300,\"height\":80,\"caption\":\"Gr\u00f8nt Kontor\"},\"image\":{\"@id\":\"https:\/\/grontkontor.dk\/#\/schema\/logo\/image\/\"},\"sameAs\":[\"https:\/\/www.facebook.com\/grontkontor.dk\/\"]}]}<\/script>\n<!-- \/ Yoast SEO Premium plugin. -->","yoast_head_json":{"title":"Water bottle in stainless steel and bamboo 600ml - Gr\u00f8nt Kontor","robots":{"index":"index","follow":"follow","max-snippet":"max-snippet:-1","max-image-preview":"max-image-preview:large","max-video-preview":"max-video-preview:-1"},"canonical":"https:\/\/grontkontor.dk\/en\/shop\/water-bottle-in-stainless-steel-and-bamboo-600ml\/","og_locale":"en_US","og_type":"article","og_title":"Water bottle in stainless steel and bamboo 600ml","og_description":"Elegant and sustainable water bottle in stainless steel with carrying handle and lid made of bamboo. Capacity: 600 ml. Comes in individual gift box. Dimensions: \u00f872 \u00d7 242 mm Available in 4 different colors and with or without print. The bottle is","og_url":"https:\/\/grontkontor.dk\/en\/shop\/water-bottle-in-stainless-steel-and-bamboo-600ml\/","og_site_name":"Gr\u00f8nt Kontor","article_publisher":"https:\/\/www.facebook.com\/grontkontor.dk\/","article_modified_time":"2023-09-22T13:21:09+00:00","og_image":[{"width":900,"height":639,"url":"https:\/\/grontkontor.dk\/wp-content\/uploads\/2021\/04\/vandflaske-staal-bambus-600ml-04.jpg","type":"image\/jpeg"}],"twitter_card":"summary_large_image","schema":{"@context":"https:\/\/schema.org","@graph":[{"@type":"WebPage","@id":"https:\/\/grontkontor.dk\/en\/shop\/water-bottle-in-stainless-steel-and-bamboo-600ml\/","url":"https:\/\/grontkontor.dk\/en\/shop\/water-bottle-in-stainless-steel-and-bamboo-600ml\/","name":"Water bottle in stainless steel and bamboo 600ml - Gr\u00f8nt Kontor","isPartOf":{"@id":"https:\/\/grontkontor.dk\/#website"},"datePublished":"2023-09-22T13:21:01+00:00","dateModified":"2023-09-22T13:21:09+00:00","breadcrumb":{"@id":"https:\/\/grontkontor.dk\/en\/shop\/water-bottle-in-stainless-steel-and-bamboo-600ml\/#breadcrumb"},"inLanguage":"en-US","potentialAction":[{"@type":"ReadAction","target":["https:\/\/grontkontor.dk\/en\/shop\/water-bottle-in-stainless-steel-and-bamboo-600ml\/"]}]},{"@type":"BreadcrumbList","@id":"https:\/\/grontkontor.dk\/en\/shop\/water-bottle-in-stainless-steel-and-bamboo-600ml\/#breadcrumb","itemListElement":[{"@type":"ListItem","position":1,"name":"Forside","item":"https:\/\/grontkontor.dk\/"},{"@type":"ListItem","position":2,"name":"Shop","item":"https:\/\/grontkontor.dk\/en\/shop-2\/"},{"@type":"ListItem","position":3,"name":"Climate-friendly corporate gifts","item":"https:\/\/grontkontor.dk\/en\/produkt-kategori\/sustainable-presents\/"},{"@type":"ListItem","position":4,"name":"Thermos and water bottles","item":"https:\/\/grontkontor.dk\/en\/produkt-kategori\/sustainable-presents\/thermos-and-water-bottles\/"},{"@type":"ListItem","position":5,"name":"Water bottle in stainless steel and bamboo 600ml"}]},{"@type":"WebSite","@id":"https:\/\/grontkontor.dk\/#website","url":"https:\/\/grontkontor.dk\/","name":"Gr\u00f8nt Kontor","description":"Milj\u00f8venlige produkter til kontor og erhverv med fokus p\u00e5 b\u00e6redygtighed, design og fair trade.","publisher":{"@id":"https:\/\/grontkontor.dk\/#organization"},"potentialAction":[{"@type":"SearchAction","target":{"@type":"EntryPoint","urlTemplate":"https:\/\/grontkontor.dk\/?s={search_term_string}"},"query-input":"required name=search_term_string"}],"inLanguage":"en-US"},{"@type":"Organization","@id":"https:\/\/grontkontor.dk\/#organization","name":"Gr\u00f8nt Kontor","url":"https:\/\/grontkontor.dk\/","logo":{"@type":"ImageObject","inLanguage":"en-US","@id":"https:\/\/grontkontor.dk\/#\/schema\/logo\/image\/","url":"https:\/\/grontkontor.dk\/wp-content\/uploads\/2014\/02\/Logo_groent_kontor_300x80.png","contentUrl":"https:\/\/grontkontor.dk\/wp-content\/uploads\/2014\/02\/Logo_groent_kontor_300x80.png","width":300,"height":80,"caption":"Gr\u00f8nt Kontor"},"image":{"@id":"https:\/\/grontkontor.dk\/#\/schema\/logo\/image\/"},"sameAs":["https:\/\/www.facebook.com\/grontkontor.dk\/"]}]}},"_links":{"self":[{"href":"https:\/\/grontkontor.dk\/en\/wp-json\/wp\/v2\/product\/72028"}],"collection":[{"href":"https:\/\/grontkontor.dk\/en\/wp-json\/wp\/v2\/product"}],"about":[{"href":"https:\/\/grontkontor.dk\/en\/wp-json\/wp\/v2\/types\/product"}],"replies":[{"embeddable":true,"href":"https:\/\/grontkontor.dk\/en\/wp-json\/wp\/v2\/comments?post=72028"}],"wp:featuredmedia":[{"embeddable":true,"href":"https:\/\/grontkontor.dk\/en\/wp-json\/wp\/v2\/media\/23880"}],"wp:attachment":[{"href":"https:\/\/grontkontor.dk\/en\/wp-json\/wp\/v2\/media?parent=72028"}],"wp:term":[{"taxonomy":"product_cat","embeddable":true,"href":"https:\/\/grontkontor.dk\/en\/wp-json\/wp\/v2\/product_cat?post=72028"},{"taxonomy":"product_tag","embeddable":true,"href":"https:\/\/grontkontor.dk\/en\/wp-json\/wp\/v2\/product_tag?post=72028"}],"curies":[{"name":"wp","href":"https:\/\/api.w.org\/{rel}","templated":true}]}}