{"id":72136,"date":"2023-09-22T13:19:34","date_gmt":"2023-09-22T13:23:20","guid":{"rendered":"https:\/\/grontkontor.dk\/produkt\/sustainable-bamboo-pocket-knife-w-wo-print\/"},"modified":"2023-09-22T15:23:41","modified_gmt":"2023-09-22T13:23:41","slug":"sustainable-bamboo-pocket-knife-w-wo-print","status":"publish","type":"product","link":"https:\/\/grontkontor.dk\/en\/shop\/sustainable-bamboo-pocket-knife-w-wo-print\/","title":{"rendered":"Sustainable bamboo pocket knife w\/wo print"},"content":{"rendered":"<p><span class=\"JLqJ4b ChMk0b\" data-language-for-alternatives=\"en\" data-language-to-translate-into=\"da\" data-phrase-index=\"0\" data-number-of-phrases=\"9\"><span class=\"Q4iAWc\">A robust multifunctional pocket knife with 9 functions in sustainable bamboo and stainless steel.<\/span><\/span> <span class=\"JLqJ4b ChMk0b\" data-language-for-alternatives=\"en\" data-language-to-translate-into=\"da\" data-phrase-index=\"2\" data-number-of-phrases=\"9\"><span class=\"Q4iAWc\">A budget friendly and sustainable company gift.<\/span><\/span> <span class=\"JLqJ4b ChMk0b\" data-language-for-alternatives=\"en\" data-language-to-translate-into=\"da\" data-phrase-index=\"3\" data-number-of-phrases=\"9\"><span class=\"Q4iAWc\">Perfect as a scout knife, for outings in nature, on car trips or as a handy tool in the office.<\/span><\/span> <span class=\"JLqJ4b ChMk0b\" data-language-for-alternatives=\"en\" data-language-to-translate-into=\"da\" data-phrase-index=\"5\" data-number-of-phrases=\"9\"><span class=\"Q4iAWc\">Contains the following functions: Knife, corkscrew, nail scissors, beer opener, can opener, Phillips screwdriver, saw \/ bread knife, 2 types of nail cleaners.<\/span><\/span> <span class=\"JLqJ4b ChMk0b\" data-language-for-alternatives=\"en\" data-language-to-translate-into=\"da\" data-phrase-index=\"7\" data-number-of-phrases=\"9\"><span class=\"Q4iAWc\">Supplied in individual box.<\/span><\/span> <span class=\"JLqJ4b ChMk0b\" data-language-for-alternatives=\"en\" data-language-to-translate-into=\"da\" data-phrase-index=\"8\" data-number-of-phrases=\"9\"><span class=\"Q4iAWc\">Can be supplied with company logo printed on or as laser engraving.<\/span><\/span><\/p>\n<p>Steel\/iron is a recyclable and practically unlimited resource that does not pollute when disposed of. Steel offers the possibility of repeated recycling ad infinitum, which means that the vast majority of steel on the market consists predominantly of recycled steel.  Bamboo is an extremely sustainable biodegradable material, with extremely fast regeneration when harvested. Bamboo, like other natural products, functions as a CO2 depot throughout the products lifetime. <\/p>\n","protected":false},"excerpt":{"rendered":"<p>A robust multifunctional pocket knife with 9 functions in sustainable bamboo and stainless steel. A budget friendly and sustainable company gift. Perfect as a scout knife, for outings in nature, on car trips or as a handy tool in the office. Contains the following functions: Knife, corkscrew, nail scissors, beer opener, can opener, Phillips screwdriver, [&hellip;]<\/p>\n","protected":false},"featured_media":25142,"comment_status":"closed","ping_status":"closed","template":"","meta":{"_acf_changed":false},"product_cat":[2174,1262,2106,1853],"product_tag":[],"class_list":{"0":"post-72136","1":"product","2":"type-product","3":"status-publish","4":"has-post-thumbnail","6":"product_cat-bamboo-products","7":"product_cat-sustainable-presents","8":"product_cat-dummy-moq-1-en","9":"product_cat-product-series","10":"tm-has-options","12":"first","13":"instock","14":"taxable","15":"shipping-taxable","16":"purchasable","17":"product-type-simple"},"acf":[],"yoast_head":"<!-- This site is optimized with the Yoast SEO Premium plugin v21.2 (Yoast SEO v21.2) - https:\/\/yoast.com\/wordpress\/plugins\/seo\/ -->\n<title>Sustainable bamboo pocket knife w\/wo print - Gr\u00f8nt Kontor<\/title>\n<meta name=\"robots\" content=\"index, follow, max-snippet:-1, max-image-preview:large, max-video-preview:-1\" \/>\n<link rel=\"canonical\" href=\"https:\/\/grontkontor.dk\/en\/shop\/sustainable-bamboo-pocket-knife-w-wo-print\/\" \/>\n<meta property=\"og:locale\" content=\"en_US\" \/>\n<meta property=\"og:type\" content=\"article\" \/>\n<meta property=\"og:title\" content=\"Sustainable bamboo pocket knife w\/wo print\" \/>\n<meta property=\"og:description\" content=\"A robust multifunctional pocket knife with 9 functions in sustainable bamboo and stainless steel. A budget friendly and sustainable company gift. Perfect as a scout knife, for outings in nature, on car trips or as a handy tool in the office. Contains the following functions: Knife, corkscrew, nail scissors, beer opener, can opener, Phillips screwdriver, [&hellip;]\" \/>\n<meta property=\"og:url\" content=\"https:\/\/grontkontor.dk\/en\/shop\/sustainable-bamboo-pocket-knife-w-wo-print\/\" \/>\n<meta property=\"og:site_name\" content=\"Gr\u00f8nt Kontor\" \/>\n<meta property=\"article:publisher\" content=\"https:\/\/www.facebook.com\/grontkontor.dk\/\" \/>\n<meta property=\"article:modified_time\" content=\"2023-09-22T13:23:41+00:00\" \/>\n<meta property=\"og:image\" content=\"https:\/\/grontkontor.dk\/wp-content\/uploads\/2021\/06\/lommekniv-multifunktions-kniv.jpg\" \/>\n\t<meta property=\"og:image:width\" content=\"900\" \/>\n\t<meta property=\"og:image:height\" content=\"639\" \/>\n\t<meta property=\"og:image:type\" content=\"image\/jpeg\" \/>\n<meta name=\"twitter:card\" content=\"summary_large_image\" \/>\n<script type=\"application\/ld+json\" class=\"yoast-schema-graph\">{\"@context\":\"https:\/\/schema.org\",\"@graph\":[{\"@type\":\"WebPage\",\"@id\":\"https:\/\/grontkontor.dk\/en\/shop\/sustainable-bamboo-pocket-knife-w-wo-print\/\",\"url\":\"https:\/\/grontkontor.dk\/en\/shop\/sustainable-bamboo-pocket-knife-w-wo-print\/\",\"name\":\"Sustainable bamboo pocket knife w\/wo print - Gr\u00f8nt Kontor\",\"isPartOf\":{\"@id\":\"https:\/\/grontkontor.dk\/#website\"},\"datePublished\":\"2023-09-22T13:23:20+00:00\",\"dateModified\":\"2023-09-22T13:23:41+00:00\",\"breadcrumb\":{\"@id\":\"https:\/\/grontkontor.dk\/en\/shop\/sustainable-bamboo-pocket-knife-w-wo-print\/#breadcrumb\"},\"inLanguage\":\"en-US\",\"potentialAction\":[{\"@type\":\"ReadAction\",\"target\":[\"https:\/\/grontkontor.dk\/en\/shop\/sustainable-bamboo-pocket-knife-w-wo-print\/\"]}]},{\"@type\":\"BreadcrumbList\",\"@id\":\"https:\/\/grontkontor.dk\/en\/shop\/sustainable-bamboo-pocket-knife-w-wo-print\/#breadcrumb\",\"itemListElement\":[{\"@type\":\"ListItem\",\"position\":1,\"name\":\"Forside\",\"item\":\"https:\/\/grontkontor.dk\/\"},{\"@type\":\"ListItem\",\"position\":2,\"name\":\"Shop\",\"item\":\"https:\/\/grontkontor.dk\/en\/shop-2\/\"},{\"@type\":\"ListItem\",\"position\":3,\"name\":\"Klimavenlige firmagaver\",\"item\":\"https:\/\/grontkontor.dk\/produkt-kategori\/klimavenlige-firmagaver\/\"},{\"@type\":\"ListItem\",\"position\":4,\"name\":\"Sustainable bamboo pocket knife w\/wo print\"}]},{\"@type\":\"WebSite\",\"@id\":\"https:\/\/grontkontor.dk\/#website\",\"url\":\"https:\/\/grontkontor.dk\/\",\"name\":\"Gr\u00f8nt Kontor\",\"description\":\"Milj\u00f8venlige produkter til kontor og erhverv med fokus p\u00e5 b\u00e6redygtighed, design og fair trade.\",\"publisher\":{\"@id\":\"https:\/\/grontkontor.dk\/#organization\"},\"potentialAction\":[{\"@type\":\"SearchAction\",\"target\":{\"@type\":\"EntryPoint\",\"urlTemplate\":\"https:\/\/grontkontor.dk\/?s={search_term_string}\"},\"query-input\":\"required name=search_term_string\"}],\"inLanguage\":\"en-US\"},{\"@type\":\"Organization\",\"@id\":\"https:\/\/grontkontor.dk\/#organization\",\"name\":\"Gr\u00f8nt Kontor\",\"url\":\"https:\/\/grontkontor.dk\/\",\"logo\":{\"@type\":\"ImageObject\",\"inLanguage\":\"en-US\",\"@id\":\"https:\/\/grontkontor.dk\/#\/schema\/logo\/image\/\",\"url\":\"https:\/\/grontkontor.dk\/wp-content\/uploads\/2014\/02\/Logo_groent_kontor_300x80.png\",\"contentUrl\":\"https:\/\/grontkontor.dk\/wp-content\/uploads\/2014\/02\/Logo_groent_kontor_300x80.png\",\"width\":300,\"height\":80,\"caption\":\"Gr\u00f8nt Kontor\"},\"image\":{\"@id\":\"https:\/\/grontkontor.dk\/#\/schema\/logo\/image\/\"},\"sameAs\":[\"https:\/\/www.facebook.com\/grontkontor.dk\/\"]}]}<\/script>\n<!-- \/ Yoast SEO Premium plugin. -->","yoast_head_json":{"title":"Sustainable bamboo pocket knife w\/wo print - Gr\u00f8nt Kontor","robots":{"index":"index","follow":"follow","max-snippet":"max-snippet:-1","max-image-preview":"max-image-preview:large","max-video-preview":"max-video-preview:-1"},"canonical":"https:\/\/grontkontor.dk\/en\/shop\/sustainable-bamboo-pocket-knife-w-wo-print\/","og_locale":"en_US","og_type":"article","og_title":"Sustainable bamboo pocket knife w\/wo print","og_description":"A robust multifunctional pocket knife with 9 functions in sustainable bamboo and stainless steel. A budget friendly and sustainable company gift. Perfect as a scout knife, for outings in nature, on car trips or as a handy tool in the office. Contains the following functions: Knife, corkscrew, nail scissors, beer opener, can opener, Phillips screwdriver, [&hellip;]","og_url":"https:\/\/grontkontor.dk\/en\/shop\/sustainable-bamboo-pocket-knife-w-wo-print\/","og_site_name":"Gr\u00f8nt Kontor","article_publisher":"https:\/\/www.facebook.com\/grontkontor.dk\/","article_modified_time":"2023-09-22T13:23:41+00:00","og_image":[{"width":900,"height":639,"url":"https:\/\/grontkontor.dk\/wp-content\/uploads\/2021\/06\/lommekniv-multifunktions-kniv.jpg","type":"image\/jpeg"}],"twitter_card":"summary_large_image","schema":{"@context":"https:\/\/schema.org","@graph":[{"@type":"WebPage","@id":"https:\/\/grontkontor.dk\/en\/shop\/sustainable-bamboo-pocket-knife-w-wo-print\/","url":"https:\/\/grontkontor.dk\/en\/shop\/sustainable-bamboo-pocket-knife-w-wo-print\/","name":"Sustainable bamboo pocket knife w\/wo print - Gr\u00f8nt Kontor","isPartOf":{"@id":"https:\/\/grontkontor.dk\/#website"},"datePublished":"2023-09-22T13:23:20+00:00","dateModified":"2023-09-22T13:23:41+00:00","breadcrumb":{"@id":"https:\/\/grontkontor.dk\/en\/shop\/sustainable-bamboo-pocket-knife-w-wo-print\/#breadcrumb"},"inLanguage":"en-US","potentialAction":[{"@type":"ReadAction","target":["https:\/\/grontkontor.dk\/en\/shop\/sustainable-bamboo-pocket-knife-w-wo-print\/"]}]},{"@type":"BreadcrumbList","@id":"https:\/\/grontkontor.dk\/en\/shop\/sustainable-bamboo-pocket-knife-w-wo-print\/#breadcrumb","itemListElement":[{"@type":"ListItem","position":1,"name":"Forside","item":"https:\/\/grontkontor.dk\/"},{"@type":"ListItem","position":2,"name":"Shop","item":"https:\/\/grontkontor.dk\/en\/shop-2\/"},{"@type":"ListItem","position":3,"name":"Klimavenlige firmagaver","item":"https:\/\/grontkontor.dk\/produkt-kategori\/klimavenlige-firmagaver\/"},{"@type":"ListItem","position":4,"name":"Sustainable bamboo pocket knife w\/wo print"}]},{"@type":"WebSite","@id":"https:\/\/grontkontor.dk\/#website","url":"https:\/\/grontkontor.dk\/","name":"Gr\u00f8nt Kontor","description":"Milj\u00f8venlige produkter til kontor og erhverv med fokus p\u00e5 b\u00e6redygtighed, design og fair trade.","publisher":{"@id":"https:\/\/grontkontor.dk\/#organization"},"potentialAction":[{"@type":"SearchAction","target":{"@type":"EntryPoint","urlTemplate":"https:\/\/grontkontor.dk\/?s={search_term_string}"},"query-input":"required name=search_term_string"}],"inLanguage":"en-US"},{"@type":"Organization","@id":"https:\/\/grontkontor.dk\/#organization","name":"Gr\u00f8nt Kontor","url":"https:\/\/grontkontor.dk\/","logo":{"@type":"ImageObject","inLanguage":"en-US","@id":"https:\/\/grontkontor.dk\/#\/schema\/logo\/image\/","url":"https:\/\/grontkontor.dk\/wp-content\/uploads\/2014\/02\/Logo_groent_kontor_300x80.png","contentUrl":"https:\/\/grontkontor.dk\/wp-content\/uploads\/2014\/02\/Logo_groent_kontor_300x80.png","width":300,"height":80,"caption":"Gr\u00f8nt Kontor"},"image":{"@id":"https:\/\/grontkontor.dk\/#\/schema\/logo\/image\/"},"sameAs":["https:\/\/www.facebook.com\/grontkontor.dk\/"]}]}},"_links":{"self":[{"href":"https:\/\/grontkontor.dk\/en\/wp-json\/wp\/v2\/product\/72136"}],"collection":[{"href":"https:\/\/grontkontor.dk\/en\/wp-json\/wp\/v2\/product"}],"about":[{"href":"https:\/\/grontkontor.dk\/en\/wp-json\/wp\/v2\/types\/product"}],"replies":[{"embeddable":true,"href":"https:\/\/grontkontor.dk\/en\/wp-json\/wp\/v2\/comments?post=72136"}],"wp:featuredmedia":[{"embeddable":true,"href":"https:\/\/grontkontor.dk\/en\/wp-json\/wp\/v2\/media\/25142"}],"wp:attachment":[{"href":"https:\/\/grontkontor.dk\/en\/wp-json\/wp\/v2\/media?parent=72136"}],"wp:term":[{"taxonomy":"product_cat","embeddable":true,"href":"https:\/\/grontkontor.dk\/en\/wp-json\/wp\/v2\/product_cat?post=72136"},{"taxonomy":"product_tag","embeddable":true,"href":"https:\/\/grontkontor.dk\/en\/wp-json\/wp\/v2\/product_tag?post=72136"}],"curies":[{"name":"wp","href":"https:\/\/api.w.org\/{rel}","templated":true}]}}