{"id":72138,"date":"2023-09-22T13:19:34","date_gmt":"2023-09-22T13:23:20","guid":{"rendered":"https:\/\/grontkontor.dk\/produkt\/playing-cards-in-recycled-cardboard-w-wo-print\/"},"modified":"2023-09-22T15:23:42","modified_gmt":"2023-09-22T13:23:42","slug":"playing-cards-in-recycled-cardboard-w-wo-print","status":"publish","type":"product","link":"https:\/\/grontkontor.dk\/en\/shop\/playing-cards-in-recycled-cardboard-w-wo-print\/","title":{"rendered":"Playing cards in recycled cardboard w\/wo print"},"content":{"rendered":"<p><span class=\"JLqJ4b ChMk0b\" data-language-for-alternatives=\"en\" data-language-to-translate-into=\"da\" data-phrase-index=\"0\" data-number-of-phrases=\"11\"><span class=\"Q4iAWc\">Nice deck of playing cards made from sustainable recycled paper.<\/span><\/span> <span class=\"JLqJ4b ChMk0b\" data-language-for-alternatives=\"en\" data-language-to-translate-into=\"da\" data-phrase-index=\"2\" data-number-of-phrases=\"11\"><span class=\"Q4iAWc\">A nice budget friendly and sustainable company gift, which is also an obvious give away at trade fairs and events.<\/span><\/span> <span class=\"JLqJ4b ChMk0b\" data-language-for-alternatives=\"en\" data-language-to-translate-into=\"da\" data-phrase-index=\"3\" data-number-of-phrases=\"11\"><span class=\"Q4iAWc\">Perfect to take with you on the camping trip, the car trip, or for cozying up at home.<\/span><\/span> <span class=\"JLqJ4b ChMk0b\" data-language-for-alternatives=\"en\" data-language-to-translate-into=\"da\" data-phrase-index=\"5\" data-number-of-phrases=\"11\"><span class=\"Q4iAWc\">The cards are wrapped in a box of recycled paper, which can be delivered with the company logo printed on it.<\/span><\/span><\/p>\n<p>The Smeta audit ensures employees rights, health and safety.  The Global Recycled Standard certification ensures that at least 50% of material is recycled in a final product. GRS also guarantees good working conditions and minimal content of harmful chemicals. <\/p>\n<p>&nbsp;<\/p>\n<p><img loading=\"lazy\" decoding=\"async\" src=\"https:\/\/grontkontor.dk\/wp-content\/uploads\/2021\/02\/genbrug.jpg\" alt=\"Fremstillet af genbrugsmaterialer\" width=\"50\" height=\"50\" class=\"size-full wp-image-23031\" srcset=\"https:\/\/grontkontor.dk\/wp-content\/uploads\/2021\/02\/genbrug.jpg 199w, https:\/\/grontkontor.dk\/wp-content\/uploads\/2021\/02\/genbrug-100x100.jpg 100w\" sizes=\"(max-width: 50px) 100vw, 50px\" \/> <a href=\"https:\/\/www.sedex.com\/our-services\/smeta-audit\/\"><img loading=\"lazy\" decoding=\"async\" class=\"size-full wp-image-25180\" src=\"https:\/\/grontkontor.dk\/wp-content\/uploads\/2021\/06\/smeta-audit-certificeret.jpg\" alt=\"SMETA-Audit certificeret for social ansvarlighed\" width=\"62\" height=\"62\" srcset=\"https:\/\/grontkontor.dk\/wp-content\/uploads\/2021\/06\/smeta-audit-certificeret.jpg 200w, https:\/\/grontkontor.dk\/wp-content\/uploads\/2021\/06\/smeta-audit-certificeret-100x100.jpg 100w\" sizes=\"(max-width: 62px) 100vw, 62px\" \/><\/a> <a href=\"https:\/\/textileexchange.org\/standards\/recycled-claim-standard-global-recycled-standard\/\"><img loading=\"lazy\" decoding=\"async\" src=\"https:\/\/grontkontor.dk\/wp-content\/uploads\/2021\/06\/global-recycled-standard-1.jpg\" alt=\"Global recycled standard\" width=\"50\" height=\"50\" class=\"size-full wp-image-25504\" \/> <\/a><\/p>\n","protected":false},"excerpt":{"rendered":"<p>Nice deck of playing cards made from sustainable recycled paper. A nice budget friendly and sustainable company gift, which is also an obvious give away at trade fairs and events. Perfect to take with you on the camping trip, the car trip, or for cozying up at home. The cards are wrapped in a box [&hellip;]<\/p>\n","protected":false},"featured_media":25159,"comment_status":"closed","ping_status":"closed","template":"","meta":{"_acf_changed":false},"product_cat":[1262,2106,3144],"product_tag":[4406],"class_list":{"0":"post-72138","1":"product","2":"type-product","3":"status-publish","4":"has-post-thumbnail","6":"product_cat-sustainable-presents","7":"product_cat-dummy-moq-1-en","8":"product_cat-sports-and-leisure","9":"product_tag-game","10":"tm-has-options","12":"first","13":"instock","14":"taxable","15":"shipping-taxable","16":"purchasable","17":"product-type-simple"},"acf":[],"yoast_head":"<!-- This site is optimized with the Yoast SEO Premium plugin v21.2 (Yoast SEO v21.2) - https:\/\/yoast.com\/wordpress\/plugins\/seo\/ -->\n<title>Playing cards in recycled cardboard w\/wo print - Gr\u00f8nt Kontor<\/title>\n<meta name=\"robots\" content=\"index, follow, max-snippet:-1, max-image-preview:large, max-video-preview:-1\" \/>\n<link rel=\"canonical\" href=\"https:\/\/grontkontor.dk\/shop\/spillekort-baeredygtigt-genbrugspapir\/\" \/>\n<meta property=\"og:locale\" content=\"en_US\" \/>\n<meta property=\"og:type\" content=\"article\" \/>\n<meta property=\"og:title\" content=\"Playing cards in recycled cardboard w\/wo print\" \/>\n<meta property=\"og:description\" content=\"Nice deck of playing cards made from sustainable recycled paper. A nice budget friendly and sustainable company gift, which is also an obvious give away at trade fairs and events. Perfect to take with you on the camping trip, the car trip, or for cozying up at home. The cards are wrapped in a box [&hellip;]\" \/>\n<meta property=\"og:url\" content=\"https:\/\/grontkontor.dk\/shop\/spillekort-baeredygtigt-genbrugspapir\/\" \/>\n<meta property=\"og:site_name\" content=\"Gr\u00f8nt Kontor\" \/>\n<meta property=\"article:publisher\" content=\"https:\/\/www.facebook.com\/grontkontor.dk\/\" \/>\n<meta property=\"article:modified_time\" content=\"2023-09-22T13:23:42+00:00\" \/>\n<meta property=\"og:image\" content=\"https:\/\/grontkontor.dk\/wp-content\/uploads\/2021\/06\/spillekort-genbrugspapir-01.jpg\" \/>\n\t<meta property=\"og:image:width\" content=\"900\" \/>\n\t<meta property=\"og:image:height\" content=\"639\" \/>\n\t<meta property=\"og:image:type\" content=\"image\/jpeg\" \/>\n<meta name=\"twitter:card\" content=\"summary_large_image\" \/>\n<script type=\"application\/ld+json\" class=\"yoast-schema-graph\">{\"@context\":\"https:\/\/schema.org\",\"@graph\":[{\"@type\":\"WebPage\",\"@id\":\"https:\/\/grontkontor.dk\/shop\/spillekort-baeredygtigt-genbrugspapir\/\",\"url\":\"https:\/\/grontkontor.dk\/shop\/spillekort-baeredygtigt-genbrugspapir\/\",\"name\":\"Playing cards in recycled cardboard w\/wo print - Gr\u00f8nt Kontor\",\"isPartOf\":{\"@id\":\"https:\/\/grontkontor.dk\/#website\"},\"datePublished\":\"2023-09-22T13:23:20+00:00\",\"dateModified\":\"2023-09-22T13:23:42+00:00\",\"breadcrumb\":{\"@id\":\"https:\/\/grontkontor.dk\/shop\/spillekort-baeredygtigt-genbrugspapir\/#breadcrumb\"},\"inLanguage\":\"en-US\",\"potentialAction\":[{\"@type\":\"ReadAction\",\"target\":[\"https:\/\/grontkontor.dk\/shop\/spillekort-baeredygtigt-genbrugspapir\/\"]}]},{\"@type\":\"BreadcrumbList\",\"@id\":\"https:\/\/grontkontor.dk\/shop\/spillekort-baeredygtigt-genbrugspapir\/#breadcrumb\",\"itemListElement\":[{\"@type\":\"ListItem\",\"position\":1,\"name\":\"Forside\",\"item\":\"https:\/\/grontkontor.dk\/\"},{\"@type\":\"ListItem\",\"position\":2,\"name\":\"Shop\",\"item\":\"https:\/\/grontkontor.dk\/en\/shop-2\/\"},{\"@type\":\"ListItem\",\"position\":3,\"name\":\"Dummy MOQ 1\",\"item\":\"https:\/\/grontkontor.dk\/en\/produkt-kategori\/dummy-moq-1-en\/\"},{\"@type\":\"ListItem\",\"position\":4,\"name\":\"Playing cards in recycled cardboard w\/wo print\"}]},{\"@type\":\"WebSite\",\"@id\":\"https:\/\/grontkontor.dk\/#website\",\"url\":\"https:\/\/grontkontor.dk\/\",\"name\":\"Gr\u00f8nt Kontor\",\"description\":\"Milj\u00f8venlige produkter til kontor og erhverv med fokus p\u00e5 b\u00e6redygtighed, design og fair trade.\",\"publisher\":{\"@id\":\"https:\/\/grontkontor.dk\/#organization\"},\"potentialAction\":[{\"@type\":\"SearchAction\",\"target\":{\"@type\":\"EntryPoint\",\"urlTemplate\":\"https:\/\/grontkontor.dk\/?s={search_term_string}\"},\"query-input\":\"required name=search_term_string\"}],\"inLanguage\":\"en-US\"},{\"@type\":\"Organization\",\"@id\":\"https:\/\/grontkontor.dk\/#organization\",\"name\":\"Gr\u00f8nt Kontor\",\"url\":\"https:\/\/grontkontor.dk\/\",\"logo\":{\"@type\":\"ImageObject\",\"inLanguage\":\"en-US\",\"@id\":\"https:\/\/grontkontor.dk\/#\/schema\/logo\/image\/\",\"url\":\"https:\/\/grontkontor.dk\/wp-content\/uploads\/2014\/02\/Logo_groent_kontor_300x80.png\",\"contentUrl\":\"https:\/\/grontkontor.dk\/wp-content\/uploads\/2014\/02\/Logo_groent_kontor_300x80.png\",\"width\":300,\"height\":80,\"caption\":\"Gr\u00f8nt Kontor\"},\"image\":{\"@id\":\"https:\/\/grontkontor.dk\/#\/schema\/logo\/image\/\"},\"sameAs\":[\"https:\/\/www.facebook.com\/grontkontor.dk\/\"]}]}<\/script>\n<!-- \/ Yoast SEO Premium plugin. -->","yoast_head_json":{"title":"Playing cards in recycled cardboard w\/wo print - Gr\u00f8nt Kontor","robots":{"index":"index","follow":"follow","max-snippet":"max-snippet:-1","max-image-preview":"max-image-preview:large","max-video-preview":"max-video-preview:-1"},"canonical":"https:\/\/grontkontor.dk\/shop\/spillekort-baeredygtigt-genbrugspapir\/","og_locale":"en_US","og_type":"article","og_title":"Playing cards in recycled cardboard w\/wo print","og_description":"Nice deck of playing cards made from sustainable recycled paper. A nice budget friendly and sustainable company gift, which is also an obvious give away at trade fairs and events. Perfect to take with you on the camping trip, the car trip, or for cozying up at home. The cards are wrapped in a box [&hellip;]","og_url":"https:\/\/grontkontor.dk\/shop\/spillekort-baeredygtigt-genbrugspapir\/","og_site_name":"Gr\u00f8nt Kontor","article_publisher":"https:\/\/www.facebook.com\/grontkontor.dk\/","article_modified_time":"2023-09-22T13:23:42+00:00","og_image":[{"width":900,"height":639,"url":"https:\/\/grontkontor.dk\/wp-content\/uploads\/2021\/06\/spillekort-genbrugspapir-01.jpg","type":"image\/jpeg"}],"twitter_card":"summary_large_image","schema":{"@context":"https:\/\/schema.org","@graph":[{"@type":"WebPage","@id":"https:\/\/grontkontor.dk\/shop\/spillekort-baeredygtigt-genbrugspapir\/","url":"https:\/\/grontkontor.dk\/shop\/spillekort-baeredygtigt-genbrugspapir\/","name":"Playing cards in recycled cardboard w\/wo print - Gr\u00f8nt Kontor","isPartOf":{"@id":"https:\/\/grontkontor.dk\/#website"},"datePublished":"2023-09-22T13:23:20+00:00","dateModified":"2023-09-22T13:23:42+00:00","breadcrumb":{"@id":"https:\/\/grontkontor.dk\/shop\/spillekort-baeredygtigt-genbrugspapir\/#breadcrumb"},"inLanguage":"en-US","potentialAction":[{"@type":"ReadAction","target":["https:\/\/grontkontor.dk\/shop\/spillekort-baeredygtigt-genbrugspapir\/"]}]},{"@type":"BreadcrumbList","@id":"https:\/\/grontkontor.dk\/shop\/spillekort-baeredygtigt-genbrugspapir\/#breadcrumb","itemListElement":[{"@type":"ListItem","position":1,"name":"Forside","item":"https:\/\/grontkontor.dk\/"},{"@type":"ListItem","position":2,"name":"Shop","item":"https:\/\/grontkontor.dk\/en\/shop-2\/"},{"@type":"ListItem","position":3,"name":"Dummy MOQ 1","item":"https:\/\/grontkontor.dk\/en\/produkt-kategori\/dummy-moq-1-en\/"},{"@type":"ListItem","position":4,"name":"Playing cards in recycled cardboard w\/wo print"}]},{"@type":"WebSite","@id":"https:\/\/grontkontor.dk\/#website","url":"https:\/\/grontkontor.dk\/","name":"Gr\u00f8nt Kontor","description":"Milj\u00f8venlige produkter til kontor og erhverv med fokus p\u00e5 b\u00e6redygtighed, design og fair trade.","publisher":{"@id":"https:\/\/grontkontor.dk\/#organization"},"potentialAction":[{"@type":"SearchAction","target":{"@type":"EntryPoint","urlTemplate":"https:\/\/grontkontor.dk\/?s={search_term_string}"},"query-input":"required name=search_term_string"}],"inLanguage":"en-US"},{"@type":"Organization","@id":"https:\/\/grontkontor.dk\/#organization","name":"Gr\u00f8nt Kontor","url":"https:\/\/grontkontor.dk\/","logo":{"@type":"ImageObject","inLanguage":"en-US","@id":"https:\/\/grontkontor.dk\/#\/schema\/logo\/image\/","url":"https:\/\/grontkontor.dk\/wp-content\/uploads\/2014\/02\/Logo_groent_kontor_300x80.png","contentUrl":"https:\/\/grontkontor.dk\/wp-content\/uploads\/2014\/02\/Logo_groent_kontor_300x80.png","width":300,"height":80,"caption":"Gr\u00f8nt Kontor"},"image":{"@id":"https:\/\/grontkontor.dk\/#\/schema\/logo\/image\/"},"sameAs":["https:\/\/www.facebook.com\/grontkontor.dk\/"]}]}},"_links":{"self":[{"href":"https:\/\/grontkontor.dk\/en\/wp-json\/wp\/v2\/product\/72138"}],"collection":[{"href":"https:\/\/grontkontor.dk\/en\/wp-json\/wp\/v2\/product"}],"about":[{"href":"https:\/\/grontkontor.dk\/en\/wp-json\/wp\/v2\/types\/product"}],"replies":[{"embeddable":true,"href":"https:\/\/grontkontor.dk\/en\/wp-json\/wp\/v2\/comments?post=72138"}],"wp:featuredmedia":[{"embeddable":true,"href":"https:\/\/grontkontor.dk\/en\/wp-json\/wp\/v2\/media\/25159"}],"wp:attachment":[{"href":"https:\/\/grontkontor.dk\/en\/wp-json\/wp\/v2\/media?parent=72138"}],"wp:term":[{"taxonomy":"product_cat","embeddable":true,"href":"https:\/\/grontkontor.dk\/en\/wp-json\/wp\/v2\/product_cat?post=72138"},{"taxonomy":"product_tag","embeddable":true,"href":"https:\/\/grontkontor.dk\/en\/wp-json\/wp\/v2\/product_tag?post=72138"}],"curies":[{"name":"wp","href":"https:\/\/api.w.org\/{rel}","templated":true}]}}