{"id":72245,"date":"2023-09-22T13:22:42","date_gmt":"2023-09-22T13:26:27","guid":{"rendered":"https:\/\/grontkontor.dk\/produkt\/2-in-1-touch-pen-ballpoint-pen-in-olive-wood\/"},"modified":"2023-09-22T15:26:31","modified_gmt":"2023-09-22T13:26:31","slug":"2-in-1-touch-pen-ballpoint-pen-in-olive-wood","status":"publish","type":"product","link":"https:\/\/grontkontor.dk\/en\/shop\/2-in-1-touch-pen-ballpoint-pen-in-olive-wood\/","title":{"rendered":"2-in-1 touch pen\/ballpoint pen in olive wood"},"content":{"rendered":"<p><span class=\"JLqJ4b ChMk0b\" data-language-for-alternatives=\"en\" data-language-to-translate-into=\"da\" data-phrase-index=\"0\" data-number-of-phrases=\"6\"><span class=\"Q4iAWc\">Sustainable and budget-friendly 2-in-1 touch pen\/ballpoint pen in olive wood with metal top, foot and clip.<\/span><\/span> <span class=\"JLqJ4b ChMk0b\" data-language-for-alternatives=\"en\" data-language-to-translate-into=\"da\" data-phrase-index=\"1\" data-number-of-phrases=\"6\"><span class=\"Q4iAWc\">Designed for use with touch screen devices, including tablets and smartphones, it leaves no fingerprints or marks on your screen.<\/span><\/span> <span class=\"JLqJ4b ChMk0b\" data-language-for-alternatives=\"en\" data-language-to-translate-into=\"da\" data-phrase-index=\"3\" data-number-of-phrases=\"6\"><span class=\"Q4iAWc\">A sustainable alternative to polluting PVC pens.<\/span><\/span><\/p>\nAsk for a quotation for printing or laser engraving at <a class=\"light\" href=\"mailto:jens@grontkontor.dk\">jens@grontkontor.dk<\/a>  \n","protected":false},"excerpt":{"rendered":"<p>Sustainable and budget-friendly 2-in-1 touch pen\/ballpoint pen in olive wood with metal top, foot and clip. Designed for use with touch screen devices, including tablets and smartphones, it leaves no fingerprints or marks on your screen. A sustainable alternative to polluting PVC pens.<\/p>\n","protected":false},"featured_media":26049,"comment_status":"closed","ping_status":"closed","template":"","meta":{"_acf_changed":false},"product_cat":[4398,2106,1252,1304,1286],"product_tag":[1253,1536],"class_list":{"0":"post-72245","1":"product","2":"type-product","3":"status-publish","4":"has-post-thumbnail","6":"product_cat-pens-and-pencils","7":"product_cat-dummy-moq-1-en","8":"product_cat-ballpens","9":"product_cat-touchpad-pens","10":"product_cat-writing-utensils","11":"product_tag-kuglepen-en","12":"product_tag-touchpen-en","13":"tm-has-options","15":"first","16":"instock","17":"taxable","18":"shipping-taxable","19":"purchasable","20":"product-type-simple"},"acf":[],"yoast_head":"<!-- This site is optimized with the Yoast SEO Premium plugin v21.2 (Yoast SEO v21.2) - https:\/\/yoast.com\/wordpress\/plugins\/seo\/ -->\n<title>2-in-1 touch pen\/ballpoint pen in olive wood - Gr\u00f8nt Kontor<\/title>\n<meta name=\"robots\" content=\"index, follow, max-snippet:-1, max-image-preview:large, max-video-preview:-1\" \/>\n<link rel=\"canonical\" href=\"https:\/\/grontkontor.dk\/en\/shop\/2-in-1-touch-pen-ballpoint-pen-in-olive-wood\/\" \/>\n<meta property=\"og:locale\" content=\"en_US\" \/>\n<meta property=\"og:type\" content=\"article\" \/>\n<meta property=\"og:title\" content=\"2-in-1 touch pen\/ballpoint pen in olive wood\" \/>\n<meta property=\"og:description\" content=\"Sustainable and budget-friendly 2-in-1 touch pen\/ballpoint pen in olive wood with metal top, foot and clip. Designed for use with touch screen devices, including tablets and smartphones, it leaves no fingerprints or marks on your screen. A sustainable alternative to polluting PVC pens.\" \/>\n<meta property=\"og:url\" content=\"https:\/\/grontkontor.dk\/en\/shop\/2-in-1-touch-pen-ballpoint-pen-in-olive-wood\/\" \/>\n<meta property=\"og:site_name\" content=\"Gr\u00f8nt Kontor\" \/>\n<meta property=\"article:publisher\" content=\"https:\/\/www.facebook.com\/grontkontor.dk\/\" \/>\n<meta property=\"article:modified_time\" content=\"2023-09-22T13:26:31+00:00\" \/>\n<meta property=\"og:image\" content=\"https:\/\/grontkontor.dk\/wp-content\/uploads\/2021\/06\/12703-03.jpg\" \/>\n\t<meta property=\"og:image:width\" content=\"900\" \/>\n\t<meta property=\"og:image:height\" content=\"639\" \/>\n\t<meta property=\"og:image:type\" content=\"image\/jpeg\" \/>\n<meta name=\"twitter:card\" content=\"summary_large_image\" \/>\n<script type=\"application\/ld+json\" class=\"yoast-schema-graph\">{\"@context\":\"https:\/\/schema.org\",\"@graph\":[{\"@type\":\"WebPage\",\"@id\":\"https:\/\/grontkontor.dk\/en\/shop\/2-in-1-touch-pen-ballpoint-pen-in-olive-wood\/\",\"url\":\"https:\/\/grontkontor.dk\/en\/shop\/2-in-1-touch-pen-ballpoint-pen-in-olive-wood\/\",\"name\":\"2-in-1 touch pen\/ballpoint pen in olive wood - Gr\u00f8nt Kontor\",\"isPartOf\":{\"@id\":\"https:\/\/grontkontor.dk\/#website\"},\"datePublished\":\"2023-09-22T13:26:27+00:00\",\"dateModified\":\"2023-09-22T13:26:31+00:00\",\"breadcrumb\":{\"@id\":\"https:\/\/grontkontor.dk\/en\/shop\/2-in-1-touch-pen-ballpoint-pen-in-olive-wood\/#breadcrumb\"},\"inLanguage\":\"en-US\",\"potentialAction\":[{\"@type\":\"ReadAction\",\"target\":[\"https:\/\/grontkontor.dk\/en\/shop\/2-in-1-touch-pen-ballpoint-pen-in-olive-wood\/\"]}]},{\"@type\":\"BreadcrumbList\",\"@id\":\"https:\/\/grontkontor.dk\/en\/shop\/2-in-1-touch-pen-ballpoint-pen-in-olive-wood\/#breadcrumb\",\"itemListElement\":[{\"@type\":\"ListItem\",\"position\":1,\"name\":\"Forside\",\"item\":\"https:\/\/grontkontor.dk\/\"},{\"@type\":\"ListItem\",\"position\":2,\"name\":\"Shop\",\"item\":\"https:\/\/grontkontor.dk\/en\/shop-2\/\"},{\"@type\":\"ListItem\",\"position\":3,\"name\":\"Climate-friendly corporate gifts\",\"item\":\"https:\/\/grontkontor.dk\/en\/produkt-kategori\/sustainable-presents\/\"},{\"@type\":\"ListItem\",\"position\":4,\"name\":\"Pens and pencils\",\"item\":\"https:\/\/grontkontor.dk\/en\/produkt-kategori\/sustainable-presents\/pens-and-pencils\/\"},{\"@type\":\"ListItem\",\"position\":5,\"name\":\"2-in-1 touch pen\/ballpoint pen in olive wood\"}]},{\"@type\":\"WebSite\",\"@id\":\"https:\/\/grontkontor.dk\/#website\",\"url\":\"https:\/\/grontkontor.dk\/\",\"name\":\"Gr\u00f8nt Kontor\",\"description\":\"Milj\u00f8venlige produkter til kontor og erhverv med fokus p\u00e5 b\u00e6redygtighed, design og fair trade.\",\"publisher\":{\"@id\":\"https:\/\/grontkontor.dk\/#organization\"},\"potentialAction\":[{\"@type\":\"SearchAction\",\"target\":{\"@type\":\"EntryPoint\",\"urlTemplate\":\"https:\/\/grontkontor.dk\/?s={search_term_string}\"},\"query-input\":\"required name=search_term_string\"}],\"inLanguage\":\"en-US\"},{\"@type\":\"Organization\",\"@id\":\"https:\/\/grontkontor.dk\/#organization\",\"name\":\"Gr\u00f8nt Kontor\",\"url\":\"https:\/\/grontkontor.dk\/\",\"logo\":{\"@type\":\"ImageObject\",\"inLanguage\":\"en-US\",\"@id\":\"https:\/\/grontkontor.dk\/#\/schema\/logo\/image\/\",\"url\":\"https:\/\/grontkontor.dk\/wp-content\/uploads\/2014\/02\/Logo_groent_kontor_300x80.png\",\"contentUrl\":\"https:\/\/grontkontor.dk\/wp-content\/uploads\/2014\/02\/Logo_groent_kontor_300x80.png\",\"width\":300,\"height\":80,\"caption\":\"Gr\u00f8nt Kontor\"},\"image\":{\"@id\":\"https:\/\/grontkontor.dk\/#\/schema\/logo\/image\/\"},\"sameAs\":[\"https:\/\/www.facebook.com\/grontkontor.dk\/\"]}]}<\/script>\n<!-- \/ Yoast SEO Premium plugin. -->","yoast_head_json":{"title":"2-in-1 touch pen\/ballpoint pen in olive wood - Gr\u00f8nt Kontor","robots":{"index":"index","follow":"follow","max-snippet":"max-snippet:-1","max-image-preview":"max-image-preview:large","max-video-preview":"max-video-preview:-1"},"canonical":"https:\/\/grontkontor.dk\/en\/shop\/2-in-1-touch-pen-ballpoint-pen-in-olive-wood\/","og_locale":"en_US","og_type":"article","og_title":"2-in-1 touch pen\/ballpoint pen in olive wood","og_description":"Sustainable and budget-friendly 2-in-1 touch pen\/ballpoint pen in olive wood with metal top, foot and clip. Designed for use with touch screen devices, including tablets and smartphones, it leaves no fingerprints or marks on your screen. A sustainable alternative to polluting PVC pens.","og_url":"https:\/\/grontkontor.dk\/en\/shop\/2-in-1-touch-pen-ballpoint-pen-in-olive-wood\/","og_site_name":"Gr\u00f8nt Kontor","article_publisher":"https:\/\/www.facebook.com\/grontkontor.dk\/","article_modified_time":"2023-09-22T13:26:31+00:00","og_image":[{"width":900,"height":639,"url":"https:\/\/grontkontor.dk\/wp-content\/uploads\/2021\/06\/12703-03.jpg","type":"image\/jpeg"}],"twitter_card":"summary_large_image","schema":{"@context":"https:\/\/schema.org","@graph":[{"@type":"WebPage","@id":"https:\/\/grontkontor.dk\/en\/shop\/2-in-1-touch-pen-ballpoint-pen-in-olive-wood\/","url":"https:\/\/grontkontor.dk\/en\/shop\/2-in-1-touch-pen-ballpoint-pen-in-olive-wood\/","name":"2-in-1 touch pen\/ballpoint pen in olive wood - Gr\u00f8nt Kontor","isPartOf":{"@id":"https:\/\/grontkontor.dk\/#website"},"datePublished":"2023-09-22T13:26:27+00:00","dateModified":"2023-09-22T13:26:31+00:00","breadcrumb":{"@id":"https:\/\/grontkontor.dk\/en\/shop\/2-in-1-touch-pen-ballpoint-pen-in-olive-wood\/#breadcrumb"},"inLanguage":"en-US","potentialAction":[{"@type":"ReadAction","target":["https:\/\/grontkontor.dk\/en\/shop\/2-in-1-touch-pen-ballpoint-pen-in-olive-wood\/"]}]},{"@type":"BreadcrumbList","@id":"https:\/\/grontkontor.dk\/en\/shop\/2-in-1-touch-pen-ballpoint-pen-in-olive-wood\/#breadcrumb","itemListElement":[{"@type":"ListItem","position":1,"name":"Forside","item":"https:\/\/grontkontor.dk\/"},{"@type":"ListItem","position":2,"name":"Shop","item":"https:\/\/grontkontor.dk\/en\/shop-2\/"},{"@type":"ListItem","position":3,"name":"Climate-friendly corporate gifts","item":"https:\/\/grontkontor.dk\/en\/produkt-kategori\/sustainable-presents\/"},{"@type":"ListItem","position":4,"name":"Pens and pencils","item":"https:\/\/grontkontor.dk\/en\/produkt-kategori\/sustainable-presents\/pens-and-pencils\/"},{"@type":"ListItem","position":5,"name":"2-in-1 touch pen\/ballpoint pen in olive wood"}]},{"@type":"WebSite","@id":"https:\/\/grontkontor.dk\/#website","url":"https:\/\/grontkontor.dk\/","name":"Gr\u00f8nt Kontor","description":"Milj\u00f8venlige produkter til kontor og erhverv med fokus p\u00e5 b\u00e6redygtighed, design og fair trade.","publisher":{"@id":"https:\/\/grontkontor.dk\/#organization"},"potentialAction":[{"@type":"SearchAction","target":{"@type":"EntryPoint","urlTemplate":"https:\/\/grontkontor.dk\/?s={search_term_string}"},"query-input":"required name=search_term_string"}],"inLanguage":"en-US"},{"@type":"Organization","@id":"https:\/\/grontkontor.dk\/#organization","name":"Gr\u00f8nt Kontor","url":"https:\/\/grontkontor.dk\/","logo":{"@type":"ImageObject","inLanguage":"en-US","@id":"https:\/\/grontkontor.dk\/#\/schema\/logo\/image\/","url":"https:\/\/grontkontor.dk\/wp-content\/uploads\/2014\/02\/Logo_groent_kontor_300x80.png","contentUrl":"https:\/\/grontkontor.dk\/wp-content\/uploads\/2014\/02\/Logo_groent_kontor_300x80.png","width":300,"height":80,"caption":"Gr\u00f8nt Kontor"},"image":{"@id":"https:\/\/grontkontor.dk\/#\/schema\/logo\/image\/"},"sameAs":["https:\/\/www.facebook.com\/grontkontor.dk\/"]}]}},"_links":{"self":[{"href":"https:\/\/grontkontor.dk\/en\/wp-json\/wp\/v2\/product\/72245"}],"collection":[{"href":"https:\/\/grontkontor.dk\/en\/wp-json\/wp\/v2\/product"}],"about":[{"href":"https:\/\/grontkontor.dk\/en\/wp-json\/wp\/v2\/types\/product"}],"replies":[{"embeddable":true,"href":"https:\/\/grontkontor.dk\/en\/wp-json\/wp\/v2\/comments?post=72245"}],"wp:featuredmedia":[{"embeddable":true,"href":"https:\/\/grontkontor.dk\/en\/wp-json\/wp\/v2\/media\/26049"}],"wp:attachment":[{"href":"https:\/\/grontkontor.dk\/en\/wp-json\/wp\/v2\/media?parent=72245"}],"wp:term":[{"taxonomy":"product_cat","embeddable":true,"href":"https:\/\/grontkontor.dk\/en\/wp-json\/wp\/v2\/product_cat?post=72245"},{"taxonomy":"product_tag","embeddable":true,"href":"https:\/\/grontkontor.dk\/en\/wp-json\/wp\/v2\/product_tag?post=72245"}],"curies":[{"name":"wp","href":"https:\/\/api.w.org\/{rel}","templated":true}]}}