{"id":72285,"date":"2023-09-22T13:23:40","date_gmt":"2023-09-22T13:27:26","guid":{"rendered":"https:\/\/grontkontor.dk\/produkt\/waste-sorting-bags-3-pcs-of-recycled-plastic\/"},"modified":"2023-09-22T15:27:42","modified_gmt":"2023-09-22T13:27:42","slug":"waste-sorting-bags-3-pcs-of-recycled-plastic","status":"publish","type":"product","link":"https:\/\/grontkontor.dk\/en\/shop\/waste-sorting-bags-3-pcs-of-recycled-plastic\/","title":{"rendered":"Waste sorting bags 3 pcs. of recycled plastic"},"content":{"rendered":"<p>Environmentally friendly waste sorting system consisting of three waste bags made of recycled plastic &#8211; rPET &#8211; made from recycled water bottles with nylon handles. Supplied as a set of 3 bags printed with motifs in the categories paper, glass and plastic\/metal, which make it easy to sort waste for recycling. The practical velcro on the sides makes it possible to assemble the bags so that they can be used together or separately.<\/p>\n<p>A sustainable product, perfect for a company gift, giveaway or as a sales object at fairs and events.<\/p>\n<p>rPET (recycled polyethylene) is a food-grade recyclable plastic that is typically made from recycled water bottles. rPET is \u2013 despite its fossil origin \u2013 a sustainable material. rPET has an extremely high carbon content, and therefore functions as an effective carbon depot throughout the lifespan of the product and recycled products. If plastic is not recycled, it will either break down into CO2 and contribute to the greenhouse effect, or end up as polluting waste. For every tonne of recycled plastic, 3.8 barrels of oil are saved.  The Global Recycled Standard certification ensures that at least 50% of material is recycled in a final product. GRS also guarantees good working conditions and minimal content of harmful chemicals. <\/p>\n<p>&nbsp;<\/p>\n<p><img loading=\"lazy\" decoding=\"async\" src=\"https:\/\/grontkontor.dk\/wp-content\/uploads\/2021\/02\/genbrug.jpg\" alt=\"Fremstillet af genbrugsmaterialer\" width=\"50\" height=\"50\" class=\"size-full wp-image-23031\" srcset=\"https:\/\/grontkontor.dk\/wp-content\/uploads\/2021\/02\/genbrug.jpg 199w, https:\/\/grontkontor.dk\/wp-content\/uploads\/2021\/02\/genbrug-100x100.jpg 100w\" sizes=\"(max-width: 50px) 100vw, 50px\" \/> <a href=\"https:\/\/textileexchange.org\/standards\/recycled-claim-standard-global-recycled-standard\/\"><img loading=\"lazy\" decoding=\"async\" src=\"https:\/\/grontkontor.dk\/wp-content\/uploads\/2021\/06\/global-recycled-standard-1.jpg\" alt=\"Global recycled standard\" width=\"50\" height=\"50\" class=\"size-full wp-image-25504\" \/> <\/a><\/p>\n","protected":false},"excerpt":{"rendered":"<p>Environmentally friendly waste sorting system consisting of three waste bags made of recycled plastic &#8211; rPET &#8211; made from recycled water bottles with nylon handles. Supplied as a set of 3 bags printed with motifs in the categories paper, glass and plastic\/metal, which make it easy to sort waste for recycling. The practical velcro on [&hellip;]<\/p>\n","protected":false},"featured_media":26331,"comment_status":"closed","ping_status":"closed","template":"","meta":{"_acf_changed":false},"product_cat":[2415,2106,2390,2608],"product_tag":[1589,2893],"class_list":{"0":"post-72285","1":"product","2":"type-product","3":"status-publish","4":"has-post-thumbnail","6":"product_cat-cleaning-supplies","7":"product_cat-dummy-moq-1-en","8":"product_cat-news","9":"product_cat-waste-sorting-systems","10":"product_tag-affaldsspand-en","11":"product_tag-waste-sorting","12":"pa_farve-lime-en","13":"pa_farve-royal-blue","14":"pa_farve-black","15":"pa_farve-blue","16":"pa_farve-orange","17":"pa_farve-red-en","18":"pa_farve-white-en","19":"tm-has-options","21":"first","22":"instock","23":"taxable","24":"shipping-taxable","25":"purchasable","26":"product-type-simple"},"acf":[],"yoast_head":"<!-- This site is optimized with the Yoast SEO Premium plugin v21.2 (Yoast SEO v21.2) - https:\/\/yoast.com\/wordpress\/plugins\/seo\/ -->\n<title>Waste sorting bags 3 pcs. of recycled plastic - Gr\u00f8nt Kontor<\/title>\n<meta name=\"robots\" content=\"index, follow, max-snippet:-1, max-image-preview:large, max-video-preview:-1\" \/>\n<link rel=\"canonical\" href=\"https:\/\/grontkontor.dk\/en\/shop\/waste-sorting-bags-3-pcs-of-recycled-plastic\/\" \/>\n<meta property=\"og:locale\" content=\"en_US\" \/>\n<meta property=\"og:type\" content=\"article\" \/>\n<meta property=\"og:title\" content=\"Waste sorting bags 3 pcs. of recycled plastic\" \/>\n<meta property=\"og:description\" content=\"Environmentally friendly waste sorting system consisting of three waste bags made of recycled plastic &#8211; rPET &#8211; made from recycled water bottles with nylon handles. Supplied as a set of 3 bags printed with motifs in the categories paper, glass and plastic\/metal, which make it easy to sort waste for recycling. The practical velcro on [&hellip;]\" \/>\n<meta property=\"og:url\" content=\"https:\/\/grontkontor.dk\/en\/shop\/waste-sorting-bags-3-pcs-of-recycled-plastic\/\" \/>\n<meta property=\"og:site_name\" content=\"Gr\u00f8nt Kontor\" \/>\n<meta property=\"article:publisher\" content=\"https:\/\/www.facebook.com\/grontkontor.dk\/\" \/>\n<meta property=\"article:modified_time\" content=\"2023-09-22T13:27:42+00:00\" \/>\n<meta property=\"og:image\" content=\"https:\/\/grontkontor.dk\/wp-content\/uploads\/2021\/06\/affaldssortering-affaldsposer-baeredytig-miljoevenlig-genbrugsplast-rpet-01.jpg\" \/>\n\t<meta property=\"og:image:width\" content=\"700\" \/>\n\t<meta property=\"og:image:height\" content=\"497\" \/>\n\t<meta property=\"og:image:type\" content=\"image\/jpeg\" \/>\n<meta name=\"twitter:card\" content=\"summary_large_image\" \/>\n<script type=\"application\/ld+json\" class=\"yoast-schema-graph\">{\"@context\":\"https:\/\/schema.org\",\"@graph\":[{\"@type\":\"WebPage\",\"@id\":\"https:\/\/grontkontor.dk\/en\/shop\/waste-sorting-bags-3-pcs-of-recycled-plastic\/\",\"url\":\"https:\/\/grontkontor.dk\/en\/shop\/waste-sorting-bags-3-pcs-of-recycled-plastic\/\",\"name\":\"Waste sorting bags 3 pcs. of recycled plastic - Gr\u00f8nt Kontor\",\"isPartOf\":{\"@id\":\"https:\/\/grontkontor.dk\/#website\"},\"datePublished\":\"2023-09-22T13:27:26+00:00\",\"dateModified\":\"2023-09-22T13:27:42+00:00\",\"breadcrumb\":{\"@id\":\"https:\/\/grontkontor.dk\/en\/shop\/waste-sorting-bags-3-pcs-of-recycled-plastic\/#breadcrumb\"},\"inLanguage\":\"en-US\",\"potentialAction\":[{\"@type\":\"ReadAction\",\"target\":[\"https:\/\/grontkontor.dk\/en\/shop\/waste-sorting-bags-3-pcs-of-recycled-plastic\/\"]}]},{\"@type\":\"BreadcrumbList\",\"@id\":\"https:\/\/grontkontor.dk\/en\/shop\/waste-sorting-bags-3-pcs-of-recycled-plastic\/#breadcrumb\",\"itemListElement\":[{\"@type\":\"ListItem\",\"position\":1,\"name\":\"Forside\",\"item\":\"https:\/\/grontkontor.dk\/\"},{\"@type\":\"ListItem\",\"position\":2,\"name\":\"Shop\",\"item\":\"https:\/\/grontkontor.dk\/en\/shop-2\/\"},{\"@type\":\"ListItem\",\"position\":3,\"name\":\"Furniture and inventory\",\"item\":\"https:\/\/grontkontor.dk\/en\/produkt-kategori\/furniture-and-inventory\/\"},{\"@type\":\"ListItem\",\"position\":4,\"name\":\"Waste sorting systems\",\"item\":\"https:\/\/grontkontor.dk\/en\/produkt-kategori\/furniture-and-inventory\/waste-sorting-systems\/\"},{\"@type\":\"ListItem\",\"position\":5,\"name\":\"Waste sorting bags 3 pcs. of recycled plastic\"}]},{\"@type\":\"WebSite\",\"@id\":\"https:\/\/grontkontor.dk\/#website\",\"url\":\"https:\/\/grontkontor.dk\/\",\"name\":\"Gr\u00f8nt Kontor\",\"description\":\"Milj\u00f8venlige produkter til kontor og erhverv med fokus p\u00e5 b\u00e6redygtighed, design og fair trade.\",\"publisher\":{\"@id\":\"https:\/\/grontkontor.dk\/#organization\"},\"potentialAction\":[{\"@type\":\"SearchAction\",\"target\":{\"@type\":\"EntryPoint\",\"urlTemplate\":\"https:\/\/grontkontor.dk\/?s={search_term_string}\"},\"query-input\":\"required name=search_term_string\"}],\"inLanguage\":\"en-US\"},{\"@type\":\"Organization\",\"@id\":\"https:\/\/grontkontor.dk\/#organization\",\"name\":\"Gr\u00f8nt Kontor\",\"url\":\"https:\/\/grontkontor.dk\/\",\"logo\":{\"@type\":\"ImageObject\",\"inLanguage\":\"en-US\",\"@id\":\"https:\/\/grontkontor.dk\/#\/schema\/logo\/image\/\",\"url\":\"https:\/\/grontkontor.dk\/wp-content\/uploads\/2014\/02\/Logo_groent_kontor_300x80.png\",\"contentUrl\":\"https:\/\/grontkontor.dk\/wp-content\/uploads\/2014\/02\/Logo_groent_kontor_300x80.png\",\"width\":300,\"height\":80,\"caption\":\"Gr\u00f8nt Kontor\"},\"image\":{\"@id\":\"https:\/\/grontkontor.dk\/#\/schema\/logo\/image\/\"},\"sameAs\":[\"https:\/\/www.facebook.com\/grontkontor.dk\/\"]}]}<\/script>\n<!-- \/ Yoast SEO Premium plugin. -->","yoast_head_json":{"title":"Waste sorting bags 3 pcs. of recycled plastic - Gr\u00f8nt Kontor","robots":{"index":"index","follow":"follow","max-snippet":"max-snippet:-1","max-image-preview":"max-image-preview:large","max-video-preview":"max-video-preview:-1"},"canonical":"https:\/\/grontkontor.dk\/en\/shop\/waste-sorting-bags-3-pcs-of-recycled-plastic\/","og_locale":"en_US","og_type":"article","og_title":"Waste sorting bags 3 pcs. of recycled plastic","og_description":"Environmentally friendly waste sorting system consisting of three waste bags made of recycled plastic &#8211; rPET &#8211; made from recycled water bottles with nylon handles. Supplied as a set of 3 bags printed with motifs in the categories paper, glass and plastic\/metal, which make it easy to sort waste for recycling. The practical velcro on [&hellip;]","og_url":"https:\/\/grontkontor.dk\/en\/shop\/waste-sorting-bags-3-pcs-of-recycled-plastic\/","og_site_name":"Gr\u00f8nt Kontor","article_publisher":"https:\/\/www.facebook.com\/grontkontor.dk\/","article_modified_time":"2023-09-22T13:27:42+00:00","og_image":[{"width":700,"height":497,"url":"https:\/\/grontkontor.dk\/wp-content\/uploads\/2021\/06\/affaldssortering-affaldsposer-baeredytig-miljoevenlig-genbrugsplast-rpet-01.jpg","type":"image\/jpeg"}],"twitter_card":"summary_large_image","schema":{"@context":"https:\/\/schema.org","@graph":[{"@type":"WebPage","@id":"https:\/\/grontkontor.dk\/en\/shop\/waste-sorting-bags-3-pcs-of-recycled-plastic\/","url":"https:\/\/grontkontor.dk\/en\/shop\/waste-sorting-bags-3-pcs-of-recycled-plastic\/","name":"Waste sorting bags 3 pcs. of recycled plastic - Gr\u00f8nt Kontor","isPartOf":{"@id":"https:\/\/grontkontor.dk\/#website"},"datePublished":"2023-09-22T13:27:26+00:00","dateModified":"2023-09-22T13:27:42+00:00","breadcrumb":{"@id":"https:\/\/grontkontor.dk\/en\/shop\/waste-sorting-bags-3-pcs-of-recycled-plastic\/#breadcrumb"},"inLanguage":"en-US","potentialAction":[{"@type":"ReadAction","target":["https:\/\/grontkontor.dk\/en\/shop\/waste-sorting-bags-3-pcs-of-recycled-plastic\/"]}]},{"@type":"BreadcrumbList","@id":"https:\/\/grontkontor.dk\/en\/shop\/waste-sorting-bags-3-pcs-of-recycled-plastic\/#breadcrumb","itemListElement":[{"@type":"ListItem","position":1,"name":"Forside","item":"https:\/\/grontkontor.dk\/"},{"@type":"ListItem","position":2,"name":"Shop","item":"https:\/\/grontkontor.dk\/en\/shop-2\/"},{"@type":"ListItem","position":3,"name":"Furniture and inventory","item":"https:\/\/grontkontor.dk\/en\/produkt-kategori\/furniture-and-inventory\/"},{"@type":"ListItem","position":4,"name":"Waste sorting systems","item":"https:\/\/grontkontor.dk\/en\/produkt-kategori\/furniture-and-inventory\/waste-sorting-systems\/"},{"@type":"ListItem","position":5,"name":"Waste sorting bags 3 pcs. of recycled plastic"}]},{"@type":"WebSite","@id":"https:\/\/grontkontor.dk\/#website","url":"https:\/\/grontkontor.dk\/","name":"Gr\u00f8nt Kontor","description":"Milj\u00f8venlige produkter til kontor og erhverv med fokus p\u00e5 b\u00e6redygtighed, design og fair trade.","publisher":{"@id":"https:\/\/grontkontor.dk\/#organization"},"potentialAction":[{"@type":"SearchAction","target":{"@type":"EntryPoint","urlTemplate":"https:\/\/grontkontor.dk\/?s={search_term_string}"},"query-input":"required name=search_term_string"}],"inLanguage":"en-US"},{"@type":"Organization","@id":"https:\/\/grontkontor.dk\/#organization","name":"Gr\u00f8nt Kontor","url":"https:\/\/grontkontor.dk\/","logo":{"@type":"ImageObject","inLanguage":"en-US","@id":"https:\/\/grontkontor.dk\/#\/schema\/logo\/image\/","url":"https:\/\/grontkontor.dk\/wp-content\/uploads\/2014\/02\/Logo_groent_kontor_300x80.png","contentUrl":"https:\/\/grontkontor.dk\/wp-content\/uploads\/2014\/02\/Logo_groent_kontor_300x80.png","width":300,"height":80,"caption":"Gr\u00f8nt Kontor"},"image":{"@id":"https:\/\/grontkontor.dk\/#\/schema\/logo\/image\/"},"sameAs":["https:\/\/www.facebook.com\/grontkontor.dk\/"]}]}},"_links":{"self":[{"href":"https:\/\/grontkontor.dk\/en\/wp-json\/wp\/v2\/product\/72285"}],"collection":[{"href":"https:\/\/grontkontor.dk\/en\/wp-json\/wp\/v2\/product"}],"about":[{"href":"https:\/\/grontkontor.dk\/en\/wp-json\/wp\/v2\/types\/product"}],"replies":[{"embeddable":true,"href":"https:\/\/grontkontor.dk\/en\/wp-json\/wp\/v2\/comments?post=72285"}],"wp:featuredmedia":[{"embeddable":true,"href":"https:\/\/grontkontor.dk\/en\/wp-json\/wp\/v2\/media\/26331"}],"wp:attachment":[{"href":"https:\/\/grontkontor.dk\/en\/wp-json\/wp\/v2\/media?parent=72285"}],"wp:term":[{"taxonomy":"product_cat","embeddable":true,"href":"https:\/\/grontkontor.dk\/en\/wp-json\/wp\/v2\/product_cat?post=72285"},{"taxonomy":"product_tag","embeddable":true,"href":"https:\/\/grontkontor.dk\/en\/wp-json\/wp\/v2\/product_tag?post=72285"}],"curies":[{"name":"wp","href":"https:\/\/api.w.org\/{rel}","templated":true}]}}