{"id":73187,"date":"2023-09-22T13:46:46","date_gmt":"2023-09-22T13:55:20","guid":{"rendered":"https:\/\/grontkontor.dk\/produkt\/plant-gift-colorful-mini-flower-balls\/"},"modified":"2023-09-22T15:56:04","modified_gmt":"2023-09-22T13:56:04","slug":"plant-gift-colorful-mini-flower-balls","status":"publish","type":"product","link":"https:\/\/grontkontor.dk\/en\/shop\/plant-gift-colorful-mini-flower-balls\/","title":{"rendered":"Plant gift &#8211; Colorful mini flower balls"},"content":{"rendered":"<p>Small seed balls consisting of about 20 different wild flower seeds, soil and clay powder, colored on the outside with food-approved coloring powder in blue, green, yellow and red.<br \/>\nThe sustainable balls are made from 100% natural corn starch and food coloring and are gluten- and allergen-free. The balls are scattered randomly and directly on the ground. Planting is not necessary.<br \/>\nThe bag contains 5 balls that are color-sorted and packed in bags.<\/p>\n<p>Printing area: Approx. 8.1 x 9.0 cm<br \/>\nMinimum order: 250 pcs. \/ price per PCS.<\/p>\n<div align=\"left\">Ask for a quotation for printing or laser engraving at <a class=\"light\" href=\"mailto:jens@grontkontor.dk\">jens@grontkontor.dk<\/a>  <\/div>\n<div align=\"left\"><\/div>\n<div align=\"left\"><img loading=\"lazy\" decoding=\"async\" class=\"size-medium wp-image-21008\" src=\"https:\/\/grontkontor.dk\/wp-content\/uploads\/2020\/11\/eu-flag_1-300x199.jpg\" alt=\"Fremstillet i EU\" width=\"76\" height=\"50\" srcset=\"https:\/\/grontkontor.dk\/wp-content\/uploads\/2020\/11\/eu-flag_1-300x199.jpg 300w, https:\/\/grontkontor.dk\/wp-content\/uploads\/2020\/11\/eu-flag_1.jpg 530w\" sizes=\"(max-width: 76px) 100vw, 76px\" \/><\/div>\n","protected":false},"excerpt":{"rendered":"<p>Small seed balls consisting of about 20 different wild flower seeds, soil and clay powder, colored on the outside with food-approved coloring powder in blue, green, yellow and red. The sustainable balls are made from 100% natural corn starch and food coloring and are gluten- and allergen-free. The balls are scattered randomly and directly on [&hellip;]<\/p>\n","protected":false},"featured_media":31905,"comment_status":"closed","ping_status":"closed","template":"","meta":{"_acf_changed":false},"product_cat":[1262,1859,1853],"product_tag":[1861,1860],"class_list":{"0":"post-73187","1":"product","2":"type-product","3":"status-publish","4":"has-post-thumbnail","6":"product_cat-sustainable-presents","7":"product_cat-plant-gifts-uk","8":"product_cat-product-series","9":"product_tag-urtepotte-en","10":"product_tag-plantegave-en","11":"tm-has-options","13":"first","14":"instock","15":"taxable","16":"shipping-taxable","17":"purchasable","18":"product-type-simple"},"acf":[],"yoast_head":"<!-- This site is optimized with the Yoast SEO Premium plugin v21.2 (Yoast SEO v21.2) - https:\/\/yoast.com\/wordpress\/plugins\/seo\/ -->\n<title>Plant gift - Colorful mini flower balls - Gr\u00f8nt Kontor<\/title>\n<meta name=\"robots\" content=\"index, follow, max-snippet:-1, max-image-preview:large, max-video-preview:-1\" \/>\n<link rel=\"canonical\" href=\"https:\/\/grontkontor.dk\/en\/shop\/plant-gift-colorful-mini-flower-balls\/\" \/>\n<meta property=\"og:locale\" content=\"en_US\" \/>\n<meta property=\"og:type\" content=\"article\" \/>\n<meta property=\"og:title\" content=\"Plant gift - Colorful mini flower balls\" \/>\n<meta property=\"og:description\" content=\"Small seed balls consisting of about 20 different wild flower seeds, soil and clay powder, colored on the outside with food-approved coloring powder in blue, green, yellow and red. The sustainable balls are made from 100% natural corn starch and food coloring and are gluten- and allergen-free. The balls are scattered randomly and directly on [&hellip;]\" \/>\n<meta property=\"og:url\" content=\"https:\/\/grontkontor.dk\/en\/shop\/plant-gift-colorful-mini-flower-balls\/\" \/>\n<meta property=\"og:site_name\" content=\"Gr\u00f8nt Kontor\" \/>\n<meta property=\"article:publisher\" content=\"https:\/\/www.facebook.com\/grontkontor.dk\/\" \/>\n<meta property=\"article:modified_time\" content=\"2023-09-22T13:56:04+00:00\" \/>\n<meta property=\"og:image\" content=\"https:\/\/grontkontor.dk\/wp-content\/uploads\/2021\/09\/Farverige-mini-blomsterbolde-posebolde.jpg\" \/>\n\t<meta property=\"og:image:width\" content=\"900\" \/>\n\t<meta property=\"og:image:height\" content=\"639\" \/>\n\t<meta property=\"og:image:type\" content=\"image\/jpeg\" \/>\n<meta name=\"twitter:card\" content=\"summary_large_image\" \/>\n<script type=\"application\/ld+json\" class=\"yoast-schema-graph\">{\"@context\":\"https:\/\/schema.org\",\"@graph\":[{\"@type\":\"WebPage\",\"@id\":\"https:\/\/grontkontor.dk\/en\/shop\/plant-gift-colorful-mini-flower-balls\/\",\"url\":\"https:\/\/grontkontor.dk\/en\/shop\/plant-gift-colorful-mini-flower-balls\/\",\"name\":\"Plant gift - Colorful mini flower balls - Gr\u00f8nt Kontor\",\"isPartOf\":{\"@id\":\"https:\/\/grontkontor.dk\/#website\"},\"datePublished\":\"2023-09-22T13:55:20+00:00\",\"dateModified\":\"2023-09-22T13:56:04+00:00\",\"breadcrumb\":{\"@id\":\"https:\/\/grontkontor.dk\/en\/shop\/plant-gift-colorful-mini-flower-balls\/#breadcrumb\"},\"inLanguage\":\"en-US\",\"potentialAction\":[{\"@type\":\"ReadAction\",\"target\":[\"https:\/\/grontkontor.dk\/en\/shop\/plant-gift-colorful-mini-flower-balls\/\"]}]},{\"@type\":\"BreadcrumbList\",\"@id\":\"https:\/\/grontkontor.dk\/en\/shop\/plant-gift-colorful-mini-flower-balls\/#breadcrumb\",\"itemListElement\":[{\"@type\":\"ListItem\",\"position\":1,\"name\":\"Forside\",\"item\":\"https:\/\/grontkontor.dk\/\"},{\"@type\":\"ListItem\",\"position\":2,\"name\":\"Shop\",\"item\":\"https:\/\/grontkontor.dk\/en\/shop-2\/\"},{\"@type\":\"ListItem\",\"position\":3,\"name\":\"Produktserier\",\"item\":\"https:\/\/grontkontor.dk\/produkt-kategori\/produktserier-da\/\"},{\"@type\":\"ListItem\",\"position\":4,\"name\":\"Plantegaver\",\"item\":\"https:\/\/grontkontor.dk\/produkt-kategori\/produktserier-da\/plantegaver\/\"},{\"@type\":\"ListItem\",\"position\":5,\"name\":\"Plant gift &#8211; Colorful mini flower balls\"}]},{\"@type\":\"WebSite\",\"@id\":\"https:\/\/grontkontor.dk\/#website\",\"url\":\"https:\/\/grontkontor.dk\/\",\"name\":\"Gr\u00f8nt Kontor\",\"description\":\"Milj\u00f8venlige produkter til kontor og erhverv med fokus p\u00e5 b\u00e6redygtighed, design og fair trade.\",\"publisher\":{\"@id\":\"https:\/\/grontkontor.dk\/#organization\"},\"potentialAction\":[{\"@type\":\"SearchAction\",\"target\":{\"@type\":\"EntryPoint\",\"urlTemplate\":\"https:\/\/grontkontor.dk\/?s={search_term_string}\"},\"query-input\":\"required name=search_term_string\"}],\"inLanguage\":\"en-US\"},{\"@type\":\"Organization\",\"@id\":\"https:\/\/grontkontor.dk\/#organization\",\"name\":\"Gr\u00f8nt Kontor\",\"url\":\"https:\/\/grontkontor.dk\/\",\"logo\":{\"@type\":\"ImageObject\",\"inLanguage\":\"en-US\",\"@id\":\"https:\/\/grontkontor.dk\/#\/schema\/logo\/image\/\",\"url\":\"https:\/\/grontkontor.dk\/wp-content\/uploads\/2014\/02\/Logo_groent_kontor_300x80.png\",\"contentUrl\":\"https:\/\/grontkontor.dk\/wp-content\/uploads\/2014\/02\/Logo_groent_kontor_300x80.png\",\"width\":300,\"height\":80,\"caption\":\"Gr\u00f8nt Kontor\"},\"image\":{\"@id\":\"https:\/\/grontkontor.dk\/#\/schema\/logo\/image\/\"},\"sameAs\":[\"https:\/\/www.facebook.com\/grontkontor.dk\/\"]}]}<\/script>\n<!-- \/ Yoast SEO Premium plugin. -->","yoast_head_json":{"title":"Plant gift - Colorful mini flower balls - Gr\u00f8nt Kontor","robots":{"index":"index","follow":"follow","max-snippet":"max-snippet:-1","max-image-preview":"max-image-preview:large","max-video-preview":"max-video-preview:-1"},"canonical":"https:\/\/grontkontor.dk\/en\/shop\/plant-gift-colorful-mini-flower-balls\/","og_locale":"en_US","og_type":"article","og_title":"Plant gift - Colorful mini flower balls","og_description":"Small seed balls consisting of about 20 different wild flower seeds, soil and clay powder, colored on the outside with food-approved coloring powder in blue, green, yellow and red. The sustainable balls are made from 100% natural corn starch and food coloring and are gluten- and allergen-free. The balls are scattered randomly and directly on [&hellip;]","og_url":"https:\/\/grontkontor.dk\/en\/shop\/plant-gift-colorful-mini-flower-balls\/","og_site_name":"Gr\u00f8nt Kontor","article_publisher":"https:\/\/www.facebook.com\/grontkontor.dk\/","article_modified_time":"2023-09-22T13:56:04+00:00","og_image":[{"width":900,"height":639,"url":"https:\/\/grontkontor.dk\/wp-content\/uploads\/2021\/09\/Farverige-mini-blomsterbolde-posebolde.jpg","type":"image\/jpeg"}],"twitter_card":"summary_large_image","schema":{"@context":"https:\/\/schema.org","@graph":[{"@type":"WebPage","@id":"https:\/\/grontkontor.dk\/en\/shop\/plant-gift-colorful-mini-flower-balls\/","url":"https:\/\/grontkontor.dk\/en\/shop\/plant-gift-colorful-mini-flower-balls\/","name":"Plant gift - Colorful mini flower balls - Gr\u00f8nt Kontor","isPartOf":{"@id":"https:\/\/grontkontor.dk\/#website"},"datePublished":"2023-09-22T13:55:20+00:00","dateModified":"2023-09-22T13:56:04+00:00","breadcrumb":{"@id":"https:\/\/grontkontor.dk\/en\/shop\/plant-gift-colorful-mini-flower-balls\/#breadcrumb"},"inLanguage":"en-US","potentialAction":[{"@type":"ReadAction","target":["https:\/\/grontkontor.dk\/en\/shop\/plant-gift-colorful-mini-flower-balls\/"]}]},{"@type":"BreadcrumbList","@id":"https:\/\/grontkontor.dk\/en\/shop\/plant-gift-colorful-mini-flower-balls\/#breadcrumb","itemListElement":[{"@type":"ListItem","position":1,"name":"Forside","item":"https:\/\/grontkontor.dk\/"},{"@type":"ListItem","position":2,"name":"Shop","item":"https:\/\/grontkontor.dk\/en\/shop-2\/"},{"@type":"ListItem","position":3,"name":"Produktserier","item":"https:\/\/grontkontor.dk\/produkt-kategori\/produktserier-da\/"},{"@type":"ListItem","position":4,"name":"Plantegaver","item":"https:\/\/grontkontor.dk\/produkt-kategori\/produktserier-da\/plantegaver\/"},{"@type":"ListItem","position":5,"name":"Plant gift &#8211; Colorful mini flower balls"}]},{"@type":"WebSite","@id":"https:\/\/grontkontor.dk\/#website","url":"https:\/\/grontkontor.dk\/","name":"Gr\u00f8nt Kontor","description":"Milj\u00f8venlige produkter til kontor og erhverv med fokus p\u00e5 b\u00e6redygtighed, design og fair trade.","publisher":{"@id":"https:\/\/grontkontor.dk\/#organization"},"potentialAction":[{"@type":"SearchAction","target":{"@type":"EntryPoint","urlTemplate":"https:\/\/grontkontor.dk\/?s={search_term_string}"},"query-input":"required name=search_term_string"}],"inLanguage":"en-US"},{"@type":"Organization","@id":"https:\/\/grontkontor.dk\/#organization","name":"Gr\u00f8nt Kontor","url":"https:\/\/grontkontor.dk\/","logo":{"@type":"ImageObject","inLanguage":"en-US","@id":"https:\/\/grontkontor.dk\/#\/schema\/logo\/image\/","url":"https:\/\/grontkontor.dk\/wp-content\/uploads\/2014\/02\/Logo_groent_kontor_300x80.png","contentUrl":"https:\/\/grontkontor.dk\/wp-content\/uploads\/2014\/02\/Logo_groent_kontor_300x80.png","width":300,"height":80,"caption":"Gr\u00f8nt Kontor"},"image":{"@id":"https:\/\/grontkontor.dk\/#\/schema\/logo\/image\/"},"sameAs":["https:\/\/www.facebook.com\/grontkontor.dk\/"]}]}},"_links":{"self":[{"href":"https:\/\/grontkontor.dk\/en\/wp-json\/wp\/v2\/product\/73187"}],"collection":[{"href":"https:\/\/grontkontor.dk\/en\/wp-json\/wp\/v2\/product"}],"about":[{"href":"https:\/\/grontkontor.dk\/en\/wp-json\/wp\/v2\/types\/product"}],"replies":[{"embeddable":true,"href":"https:\/\/grontkontor.dk\/en\/wp-json\/wp\/v2\/comments?post=73187"}],"wp:featuredmedia":[{"embeddable":true,"href":"https:\/\/grontkontor.dk\/en\/wp-json\/wp\/v2\/media\/31905"}],"wp:attachment":[{"href":"https:\/\/grontkontor.dk\/en\/wp-json\/wp\/v2\/media?parent=73187"}],"wp:term":[{"taxonomy":"product_cat","embeddable":true,"href":"https:\/\/grontkontor.dk\/en\/wp-json\/wp\/v2\/product_cat?post=73187"},{"taxonomy":"product_tag","embeddable":true,"href":"https:\/\/grontkontor.dk\/en\/wp-json\/wp\/v2\/product_tag?post=73187"}],"curies":[{"name":"wp","href":"https:\/\/api.w.org\/{rel}","templated":true}]}}