{"id":73285,"date":"2023-09-22T13:50:48","date_gmt":"2023-09-22T13:57:22","guid":{"rendered":"https:\/\/grontkontor.dk\/produkt\/tote-bag-180-gsm-cotton-fair-trade\/"},"modified":"2023-09-22T15:57:25","modified_gmt":"2023-09-22T13:57:25","slug":"tote-bag-180-gsm-cotton-fair-trade","status":"publish","type":"product","link":"https:\/\/grontkontor.dk\/en\/shop\/tote-bag-180-gsm-cotton-fair-trade\/","title":{"rendered":"Tote bag 180 GSM cotton fair trade"},"content":{"rendered":"<p>Sustainable tote bags 180 gsm, in natural colored 100% cotton, durable with a carrying capacity of up to 7 kg. The tote bag is equipped with extra long shoulder straps. Particularly suitable as a handout at fairs or events. Order the tote bag with or without print. You can choose between printing one or both sides.<\/p>\n<p>Cotton is a biodegradable, compostable natural product and one of the worlds oldest commercial and agricultural commodities. This product has been selected solely for its unique design and is one of the few we keep in stock which is not made from organic or recycled cotton - for a more sustainable choice we would recommend these products instead.  The Fairtrade certification ensures that the product is produced under safe working conditions with consideration for both people and the environment. <\/p>\n<p>&nbsp;<\/p>\n<a href=\"http:\/\/www.fairtrade-maerket.dk\/\" target=\"window\"><img loading=\"lazy\" decoding=\"async\" class=\"alignnone size-full\" src=\"https:\/\/grontkontor.dk\/wp-content\/uploads\/2019\/04\/fairtrade-certificeret.jpg\" \n  alt=\"Fair trade certifikatet - din garanti for at arbejdere og b?nder har fair arbejdsforhold og indt?gt\" width=\"49\" height=\"50\" border=0 \/><\/a>\n","protected":false},"excerpt":{"rendered":"<p>Sustainable tote bags 180 gsm, in natural colored 100% cotton, durable with a carrying capacity of up to 7 kg. The tote bag is equipped with extra long shoulder straps. Particularly suitable as a handout at fairs or events. Order the tote bag with or without print. You can choose between printing one or both [&hellip;]<\/p>\n","protected":false},"featured_media":34769,"comment_status":"closed","ping_status":"closed","template":"","meta":{"_acf_changed":false},"product_cat":[4445,1310,1311,2106,2390],"product_tag":[1367,1372,1371,1370],"class_list":{"0":"post-73285","1":"product","2":"type-product","3":"status-publish","4":"has-post-thumbnail","6":"product_cat-gift-bags-and-gift-boxes","7":"product_cat-bags-and-covers","8":"product_cat-carrier-bag","9":"product_cat-dummy-moq-1-en","10":"product_cat-news","11":"product_tag-baerepose-en","12":"product_tag-bomuldspose-en","13":"product_tag-oekologisk-bomuldspose-en","14":"product_tag-mulepose-en","15":"tm-has-options","17":"first","18":"instock","19":"sale","20":"taxable","21":"shipping-taxable","22":"purchasable","23":"product-type-simple"},"acf":[],"yoast_head":"<!-- This site is optimized with the Yoast SEO Premium plugin v21.2 (Yoast SEO v21.2) - https:\/\/yoast.com\/wordpress\/plugins\/seo\/ -->\n<title>Tote bag 180 GSM cotton fair trade - Gr\u00f8nt Kontor<\/title>\n<meta name=\"robots\" content=\"index, follow, max-snippet:-1, max-image-preview:large, max-video-preview:-1\" \/>\n<link rel=\"canonical\" href=\"https:\/\/grontkontor.dk\/en\/shop\/tote-bag-180-gsm-cotton-fair-trade\/\" \/>\n<meta property=\"og:locale\" content=\"en_US\" \/>\n<meta property=\"og:type\" content=\"article\" \/>\n<meta property=\"og:title\" content=\"Tote bag 180 GSM cotton fair trade\" \/>\n<meta property=\"og:description\" content=\"Sustainable tote bags 180 gsm, in natural colored 100% cotton, durable with a carrying capacity of up to 7 kg. The tote bag is equipped with extra long shoulder straps. Particularly suitable as a handout at fairs or events. Order the tote bag with or without print. You can choose between printing one or both [&hellip;]\" \/>\n<meta property=\"og:url\" content=\"https:\/\/grontkontor.dk\/en\/shop\/tote-bag-180-gsm-cotton-fair-trade\/\" \/>\n<meta property=\"og:site_name\" content=\"Gr\u00f8nt Kontor\" \/>\n<meta property=\"article:publisher\" content=\"https:\/\/www.facebook.com\/grontkontor.dk\/\" \/>\n<meta property=\"article:modified_time\" content=\"2023-09-22T13:57:25+00:00\" \/>\n<meta property=\"og:image\" content=\"https:\/\/grontkontor.dk\/wp-content\/uploads\/2022\/03\/Mulepose-fairtrade.jpg\" \/>\n\t<meta property=\"og:image:width\" content=\"900\" \/>\n\t<meta property=\"og:image:height\" content=\"639\" \/>\n\t<meta property=\"og:image:type\" content=\"image\/jpeg\" \/>\n<meta name=\"twitter:card\" content=\"summary_large_image\" \/>\n<script type=\"application\/ld+json\" class=\"yoast-schema-graph\">{\"@context\":\"https:\/\/schema.org\",\"@graph\":[{\"@type\":\"WebPage\",\"@id\":\"https:\/\/grontkontor.dk\/en\/shop\/tote-bag-180-gsm-cotton-fair-trade\/\",\"url\":\"https:\/\/grontkontor.dk\/en\/shop\/tote-bag-180-gsm-cotton-fair-trade\/\",\"name\":\"Tote bag 180 GSM cotton fair trade - Gr\u00f8nt Kontor\",\"isPartOf\":{\"@id\":\"https:\/\/grontkontor.dk\/#website\"},\"datePublished\":\"2023-09-22T13:57:22+00:00\",\"dateModified\":\"2023-09-22T13:57:25+00:00\",\"breadcrumb\":{\"@id\":\"https:\/\/grontkontor.dk\/en\/shop\/tote-bag-180-gsm-cotton-fair-trade\/#breadcrumb\"},\"inLanguage\":\"en-US\",\"potentialAction\":[{\"@type\":\"ReadAction\",\"target\":[\"https:\/\/grontkontor.dk\/en\/shop\/tote-bag-180-gsm-cotton-fair-trade\/\"]}]},{\"@type\":\"BreadcrumbList\",\"@id\":\"https:\/\/grontkontor.dk\/en\/shop\/tote-bag-180-gsm-cotton-fair-trade\/#breadcrumb\",\"itemListElement\":[{\"@type\":\"ListItem\",\"position\":1,\"name\":\"Forside\",\"item\":\"https:\/\/grontkontor.dk\/\"},{\"@type\":\"ListItem\",\"position\":2,\"name\":\"Shop\",\"item\":\"https:\/\/grontkontor.dk\/en\/shop-2\/\"},{\"@type\":\"ListItem\",\"position\":3,\"name\":\"Climate-friendly corporate gifts\",\"item\":\"https:\/\/grontkontor.dk\/en\/produkt-kategori\/sustainable-presents\/\"},{\"@type\":\"ListItem\",\"position\":4,\"name\":\"Gift bags and gift boxes\",\"item\":\"https:\/\/grontkontor.dk\/en\/produkt-kategori\/sustainable-presents\/gift-bags-and-gift-boxes\/\"},{\"@type\":\"ListItem\",\"position\":5,\"name\":\"Tote bag 180 GSM cotton fair trade\"}]},{\"@type\":\"WebSite\",\"@id\":\"https:\/\/grontkontor.dk\/#website\",\"url\":\"https:\/\/grontkontor.dk\/\",\"name\":\"Gr\u00f8nt Kontor\",\"description\":\"Milj\u00f8venlige produkter til kontor og erhverv med fokus p\u00e5 b\u00e6redygtighed, design og fair trade.\",\"publisher\":{\"@id\":\"https:\/\/grontkontor.dk\/#organization\"},\"potentialAction\":[{\"@type\":\"SearchAction\",\"target\":{\"@type\":\"EntryPoint\",\"urlTemplate\":\"https:\/\/grontkontor.dk\/?s={search_term_string}\"},\"query-input\":\"required name=search_term_string\"}],\"inLanguage\":\"en-US\"},{\"@type\":\"Organization\",\"@id\":\"https:\/\/grontkontor.dk\/#organization\",\"name\":\"Gr\u00f8nt Kontor\",\"url\":\"https:\/\/grontkontor.dk\/\",\"logo\":{\"@type\":\"ImageObject\",\"inLanguage\":\"en-US\",\"@id\":\"https:\/\/grontkontor.dk\/#\/schema\/logo\/image\/\",\"url\":\"https:\/\/grontkontor.dk\/wp-content\/uploads\/2014\/02\/Logo_groent_kontor_300x80.png\",\"contentUrl\":\"https:\/\/grontkontor.dk\/wp-content\/uploads\/2014\/02\/Logo_groent_kontor_300x80.png\",\"width\":300,\"height\":80,\"caption\":\"Gr\u00f8nt Kontor\"},\"image\":{\"@id\":\"https:\/\/grontkontor.dk\/#\/schema\/logo\/image\/\"},\"sameAs\":[\"https:\/\/www.facebook.com\/grontkontor.dk\/\"]}]}<\/script>\n<!-- \/ Yoast SEO Premium plugin. -->","yoast_head_json":{"title":"Tote bag 180 GSM cotton fair trade - Gr\u00f8nt Kontor","robots":{"index":"index","follow":"follow","max-snippet":"max-snippet:-1","max-image-preview":"max-image-preview:large","max-video-preview":"max-video-preview:-1"},"canonical":"https:\/\/grontkontor.dk\/en\/shop\/tote-bag-180-gsm-cotton-fair-trade\/","og_locale":"en_US","og_type":"article","og_title":"Tote bag 180 GSM cotton fair trade","og_description":"Sustainable tote bags 180 gsm, in natural colored 100% cotton, durable with a carrying capacity of up to 7 kg. The tote bag is equipped with extra long shoulder straps. Particularly suitable as a handout at fairs or events. Order the tote bag with or without print. You can choose between printing one or both [&hellip;]","og_url":"https:\/\/grontkontor.dk\/en\/shop\/tote-bag-180-gsm-cotton-fair-trade\/","og_site_name":"Gr\u00f8nt Kontor","article_publisher":"https:\/\/www.facebook.com\/grontkontor.dk\/","article_modified_time":"2023-09-22T13:57:25+00:00","og_image":[{"width":900,"height":639,"url":"https:\/\/grontkontor.dk\/wp-content\/uploads\/2022\/03\/Mulepose-fairtrade.jpg","type":"image\/jpeg"}],"twitter_card":"summary_large_image","schema":{"@context":"https:\/\/schema.org","@graph":[{"@type":"WebPage","@id":"https:\/\/grontkontor.dk\/en\/shop\/tote-bag-180-gsm-cotton-fair-trade\/","url":"https:\/\/grontkontor.dk\/en\/shop\/tote-bag-180-gsm-cotton-fair-trade\/","name":"Tote bag 180 GSM cotton fair trade - Gr\u00f8nt Kontor","isPartOf":{"@id":"https:\/\/grontkontor.dk\/#website"},"datePublished":"2023-09-22T13:57:22+00:00","dateModified":"2023-09-22T13:57:25+00:00","breadcrumb":{"@id":"https:\/\/grontkontor.dk\/en\/shop\/tote-bag-180-gsm-cotton-fair-trade\/#breadcrumb"},"inLanguage":"en-US","potentialAction":[{"@type":"ReadAction","target":["https:\/\/grontkontor.dk\/en\/shop\/tote-bag-180-gsm-cotton-fair-trade\/"]}]},{"@type":"BreadcrumbList","@id":"https:\/\/grontkontor.dk\/en\/shop\/tote-bag-180-gsm-cotton-fair-trade\/#breadcrumb","itemListElement":[{"@type":"ListItem","position":1,"name":"Forside","item":"https:\/\/grontkontor.dk\/"},{"@type":"ListItem","position":2,"name":"Shop","item":"https:\/\/grontkontor.dk\/en\/shop-2\/"},{"@type":"ListItem","position":3,"name":"Climate-friendly corporate gifts","item":"https:\/\/grontkontor.dk\/en\/produkt-kategori\/sustainable-presents\/"},{"@type":"ListItem","position":4,"name":"Gift bags and gift boxes","item":"https:\/\/grontkontor.dk\/en\/produkt-kategori\/sustainable-presents\/gift-bags-and-gift-boxes\/"},{"@type":"ListItem","position":5,"name":"Tote bag 180 GSM cotton fair trade"}]},{"@type":"WebSite","@id":"https:\/\/grontkontor.dk\/#website","url":"https:\/\/grontkontor.dk\/","name":"Gr\u00f8nt Kontor","description":"Milj\u00f8venlige produkter til kontor og erhverv med fokus p\u00e5 b\u00e6redygtighed, design og fair trade.","publisher":{"@id":"https:\/\/grontkontor.dk\/#organization"},"potentialAction":[{"@type":"SearchAction","target":{"@type":"EntryPoint","urlTemplate":"https:\/\/grontkontor.dk\/?s={search_term_string}"},"query-input":"required name=search_term_string"}],"inLanguage":"en-US"},{"@type":"Organization","@id":"https:\/\/grontkontor.dk\/#organization","name":"Gr\u00f8nt Kontor","url":"https:\/\/grontkontor.dk\/","logo":{"@type":"ImageObject","inLanguage":"en-US","@id":"https:\/\/grontkontor.dk\/#\/schema\/logo\/image\/","url":"https:\/\/grontkontor.dk\/wp-content\/uploads\/2014\/02\/Logo_groent_kontor_300x80.png","contentUrl":"https:\/\/grontkontor.dk\/wp-content\/uploads\/2014\/02\/Logo_groent_kontor_300x80.png","width":300,"height":80,"caption":"Gr\u00f8nt Kontor"},"image":{"@id":"https:\/\/grontkontor.dk\/#\/schema\/logo\/image\/"},"sameAs":["https:\/\/www.facebook.com\/grontkontor.dk\/"]}]}},"_links":{"self":[{"href":"https:\/\/grontkontor.dk\/en\/wp-json\/wp\/v2\/product\/73285"}],"collection":[{"href":"https:\/\/grontkontor.dk\/en\/wp-json\/wp\/v2\/product"}],"about":[{"href":"https:\/\/grontkontor.dk\/en\/wp-json\/wp\/v2\/types\/product"}],"replies":[{"embeddable":true,"href":"https:\/\/grontkontor.dk\/en\/wp-json\/wp\/v2\/comments?post=73285"}],"wp:featuredmedia":[{"embeddable":true,"href":"https:\/\/grontkontor.dk\/en\/wp-json\/wp\/v2\/media\/34769"}],"wp:attachment":[{"href":"https:\/\/grontkontor.dk\/en\/wp-json\/wp\/v2\/media?parent=73285"}],"wp:term":[{"taxonomy":"product_cat","embeddable":true,"href":"https:\/\/grontkontor.dk\/en\/wp-json\/wp\/v2\/product_cat?post=73285"},{"taxonomy":"product_tag","embeddable":true,"href":"https:\/\/grontkontor.dk\/en\/wp-json\/wp\/v2\/product_tag?post=73285"}],"curies":[{"name":"wp","href":"https:\/\/api.w.org\/{rel}","templated":true}]}}