{"id":73310,"date":"2023-09-22T13:51:22","date_gmt":"2023-09-22T13:57:34","guid":{"rendered":"https:\/\/grontkontor.dk\/produkt\/drinking-bottle-in-glass-550-ml\/"},"modified":"2023-09-22T15:57:52","modified_gmt":"2023-09-22T13:57:52","slug":"drinking-bottle-in-glass-550-ml","status":"publish","type":"product","link":"https:\/\/grontkontor.dk\/en\/shop\/drinking-bottle-in-glass-550-ml\/","title":{"rendered":"Drinking bottle in glass 550 ml"},"content":{"rendered":"<p>Sustainable and very durable drinking bottle made of glass with a stainless steel screw cap. A sustainable water bottle perfect for a company gift or giveaway for fairs and events. The bottle has a leak-free silicone ring, a practical and climate-friendly way to quench your thirst. Available in several different colors. The bottle can be machine washed, however we recommend washing the screw cap by hand. Not suitable for microwave. Contents: 550 ml. Supplied with print or engraving on lid.<\/p>\n<p>Approved for food contact and 100% BPA free. .<\/p>\n<p>Glass is a sustainable recyclable material that is made from true recycled glass waste. Large amounts of energy are consumed for both manufacturing and recycling, so the degree of sustainability depends on the energy source in the manufacturing process. Glass does not pollute when disposed.  Steel\/iron is a recyclable and practically unlimited resource that does not pollute when disposed of. Steel offers the possibility of repeated recycling ad infinitum, which means that the vast majority of steel on the market consists predominantly of recycled steel. <\/p>\n<p>&nbsp;<\/p>\n<img loading=\"lazy\" decoding=\"async\" src=\"https:\/\/grontkontor.dk\/wp-content\/uploads\/2021\/02\/genbrug.jpg\" alt=\"Fremstillet af genbrugsmaterialer\" width=\"50\" height=\"50\" class=\"size-full wp-image-23031\" srcset=\"https:\/\/grontkontor.dk\/wp-content\/uploads\/2021\/02\/genbrug.jpg 199w, https:\/\/grontkontor.dk\/wp-content\/uploads\/2021\/02\/genbrug-100x100.jpg 100w\" sizes=\"(max-width: 50px) 100vw, 50px\" \/>\n","protected":false},"excerpt":{"rendered":"<p>Sustainable and very durable drinking bottle made of glass with a stainless steel screw cap. A sustainable water bottle perfect for a company gift or giveaway for fairs and events. The bottle has a leak-free silicone ring, a practical and climate-friendly way to quench your thirst. Available in several different colors. The bottle can be [&hellip;]<\/p>\n","protected":false},"featured_media":35520,"comment_status":"closed","ping_status":"closed","template":"","meta":{"_acf_changed":false},"product_cat":[2106,2232,2390,1999],"product_tag":[2958,2006,1894,1893,2959,4859],"class_list":{"0":"post-73310","1":"product","2":"type-product","3":"status-publish","4":"has-post-thumbnail","6":"product_cat-dummy-moq-1-en","7":"product_cat-food-and-drinkware","8":"product_cat-news","9":"product_cat-drikkedunke-og-termoflasker-en","10":"product_tag-drinking-bottles","11":"product_tag-glasflaske-en","12":"product_tag-vandflaske-en","13":"product_tag-drikkedunk-en","14":"product_tag-water-bottles","15":"product_tag-water-cans","16":"tm-has-options","18":"first","19":"instock","20":"sale","21":"taxable","22":"shipping-taxable","23":"purchasable","24":"product-type-variable","25":"has-default-attributes"},"acf":[],"yoast_head":"<!-- This site is optimized with the Yoast SEO Premium plugin v21.2 (Yoast SEO v21.2) - https:\/\/yoast.com\/wordpress\/plugins\/seo\/ -->\n<title>Drinking bottle in glass 550 ml - Gr\u00f8nt Kontor<\/title>\n<meta name=\"robots\" content=\"index, follow, max-snippet:-1, max-image-preview:large, max-video-preview:-1\" \/>\n<link rel=\"canonical\" href=\"https:\/\/grontkontor.dk\/shop\/drikkeflaske-i-glas-500-ml\/\" \/>\n<meta property=\"og:locale\" content=\"en_US\" \/>\n<meta property=\"og:type\" content=\"article\" \/>\n<meta property=\"og:title\" content=\"Drinking bottle in glass 550 ml\" \/>\n<meta property=\"og:description\" content=\"Sustainable and very durable drinking bottle made of glass with a stainless steel screw cap. A sustainable water bottle perfect for a company gift or giveaway for fairs and events. The bottle has a leak-free silicone ring, a practical and climate-friendly way to quench your thirst. Available in several different colors. The bottle can be [&hellip;]\" \/>\n<meta property=\"og:url\" content=\"https:\/\/grontkontor.dk\/shop\/drikkeflaske-i-glas-500-ml\/\" \/>\n<meta property=\"og:site_name\" content=\"Gr\u00f8nt Kontor\" \/>\n<meta property=\"article:publisher\" content=\"https:\/\/www.facebook.com\/grontkontor.dk\/\" \/>\n<meta property=\"article:modified_time\" content=\"2023-09-22T13:57:52+00:00\" \/>\n<meta property=\"og:image\" content=\"https:\/\/grontkontor.dk\/wp-content\/uploads\/2022\/04\/glasflaske-m-laag-gennemsigtig.jpg\" \/>\n\t<meta property=\"og:image:width\" content=\"900\" \/>\n\t<meta property=\"og:image:height\" content=\"639\" \/>\n\t<meta property=\"og:image:type\" content=\"image\/jpeg\" \/>\n<meta name=\"twitter:card\" content=\"summary_large_image\" \/>\n<script type=\"application\/ld+json\" class=\"yoast-schema-graph\">{\"@context\":\"https:\/\/schema.org\",\"@graph\":[{\"@type\":\"WebPage\",\"@id\":\"https:\/\/grontkontor.dk\/shop\/drikkeflaske-i-glas-500-ml\/\",\"url\":\"https:\/\/grontkontor.dk\/shop\/drikkeflaske-i-glas-500-ml\/\",\"name\":\"Drinking bottle in glass 550 ml - Gr\u00f8nt Kontor\",\"isPartOf\":{\"@id\":\"https:\/\/grontkontor.dk\/#website\"},\"datePublished\":\"2023-09-22T13:57:34+00:00\",\"dateModified\":\"2023-09-22T13:57:52+00:00\",\"breadcrumb\":{\"@id\":\"https:\/\/grontkontor.dk\/shop\/drikkeflaske-i-glas-500-ml\/#breadcrumb\"},\"inLanguage\":\"en-US\",\"potentialAction\":[{\"@type\":\"ReadAction\",\"target\":[\"https:\/\/grontkontor.dk\/shop\/drikkeflaske-i-glas-500-ml\/\"]}]},{\"@type\":\"BreadcrumbList\",\"@id\":\"https:\/\/grontkontor.dk\/shop\/drikkeflaske-i-glas-500-ml\/#breadcrumb\",\"itemListElement\":[{\"@type\":\"ListItem\",\"position\":1,\"name\":\"Forside\",\"item\":\"https:\/\/grontkontor.dk\/\"},{\"@type\":\"ListItem\",\"position\":2,\"name\":\"Shop\",\"item\":\"https:\/\/grontkontor.dk\/en\/shop-2\/\"},{\"@type\":\"ListItem\",\"position\":3,\"name\":\"Food and drinkware\",\"item\":\"https:\/\/grontkontor.dk\/en\/produkt-kategori\/food-and-drinkware\/\"},{\"@type\":\"ListItem\",\"position\":4,\"name\":\"Thermos and water bottles\",\"item\":\"https:\/\/grontkontor.dk\/en\/produkt-kategori\/food-and-drinkware\/drikkedunke-og-termoflasker-en\/\"},{\"@type\":\"ListItem\",\"position\":5,\"name\":\"Drinking bottle in glass 550 ml\"}]},{\"@type\":\"WebSite\",\"@id\":\"https:\/\/grontkontor.dk\/#website\",\"url\":\"https:\/\/grontkontor.dk\/\",\"name\":\"Gr\u00f8nt Kontor\",\"description\":\"Milj\u00f8venlige produkter til kontor og erhverv med fokus p\u00e5 b\u00e6redygtighed, design og fair trade.\",\"publisher\":{\"@id\":\"https:\/\/grontkontor.dk\/#organization\"},\"potentialAction\":[{\"@type\":\"SearchAction\",\"target\":{\"@type\":\"EntryPoint\",\"urlTemplate\":\"https:\/\/grontkontor.dk\/?s={search_term_string}\"},\"query-input\":\"required name=search_term_string\"}],\"inLanguage\":\"en-US\"},{\"@type\":\"Organization\",\"@id\":\"https:\/\/grontkontor.dk\/#organization\",\"name\":\"Gr\u00f8nt Kontor\",\"url\":\"https:\/\/grontkontor.dk\/\",\"logo\":{\"@type\":\"ImageObject\",\"inLanguage\":\"en-US\",\"@id\":\"https:\/\/grontkontor.dk\/#\/schema\/logo\/image\/\",\"url\":\"https:\/\/grontkontor.dk\/wp-content\/uploads\/2014\/02\/Logo_groent_kontor_300x80.png\",\"contentUrl\":\"https:\/\/grontkontor.dk\/wp-content\/uploads\/2014\/02\/Logo_groent_kontor_300x80.png\",\"width\":300,\"height\":80,\"caption\":\"Gr\u00f8nt Kontor\"},\"image\":{\"@id\":\"https:\/\/grontkontor.dk\/#\/schema\/logo\/image\/\"},\"sameAs\":[\"https:\/\/www.facebook.com\/grontkontor.dk\/\"]}]}<\/script>\n<!-- \/ Yoast SEO Premium plugin. -->","yoast_head_json":{"title":"Drinking bottle in glass 550 ml - Gr\u00f8nt Kontor","robots":{"index":"index","follow":"follow","max-snippet":"max-snippet:-1","max-image-preview":"max-image-preview:large","max-video-preview":"max-video-preview:-1"},"canonical":"https:\/\/grontkontor.dk\/shop\/drikkeflaske-i-glas-500-ml\/","og_locale":"en_US","og_type":"article","og_title":"Drinking bottle in glass 550 ml","og_description":"Sustainable and very durable drinking bottle made of glass with a stainless steel screw cap. A sustainable water bottle perfect for a company gift or giveaway for fairs and events. The bottle has a leak-free silicone ring, a practical and climate-friendly way to quench your thirst. Available in several different colors. The bottle can be [&hellip;]","og_url":"https:\/\/grontkontor.dk\/shop\/drikkeflaske-i-glas-500-ml\/","og_site_name":"Gr\u00f8nt Kontor","article_publisher":"https:\/\/www.facebook.com\/grontkontor.dk\/","article_modified_time":"2023-09-22T13:57:52+00:00","og_image":[{"width":900,"height":639,"url":"https:\/\/grontkontor.dk\/wp-content\/uploads\/2022\/04\/glasflaske-m-laag-gennemsigtig.jpg","type":"image\/jpeg"}],"twitter_card":"summary_large_image","schema":{"@context":"https:\/\/schema.org","@graph":[{"@type":"WebPage","@id":"https:\/\/grontkontor.dk\/shop\/drikkeflaske-i-glas-500-ml\/","url":"https:\/\/grontkontor.dk\/shop\/drikkeflaske-i-glas-500-ml\/","name":"Drinking bottle in glass 550 ml - Gr\u00f8nt Kontor","isPartOf":{"@id":"https:\/\/grontkontor.dk\/#website"},"datePublished":"2023-09-22T13:57:34+00:00","dateModified":"2023-09-22T13:57:52+00:00","breadcrumb":{"@id":"https:\/\/grontkontor.dk\/shop\/drikkeflaske-i-glas-500-ml\/#breadcrumb"},"inLanguage":"en-US","potentialAction":[{"@type":"ReadAction","target":["https:\/\/grontkontor.dk\/shop\/drikkeflaske-i-glas-500-ml\/"]}]},{"@type":"BreadcrumbList","@id":"https:\/\/grontkontor.dk\/shop\/drikkeflaske-i-glas-500-ml\/#breadcrumb","itemListElement":[{"@type":"ListItem","position":1,"name":"Forside","item":"https:\/\/grontkontor.dk\/"},{"@type":"ListItem","position":2,"name":"Shop","item":"https:\/\/grontkontor.dk\/en\/shop-2\/"},{"@type":"ListItem","position":3,"name":"Food and drinkware","item":"https:\/\/grontkontor.dk\/en\/produkt-kategori\/food-and-drinkware\/"},{"@type":"ListItem","position":4,"name":"Thermos and water bottles","item":"https:\/\/grontkontor.dk\/en\/produkt-kategori\/food-and-drinkware\/drikkedunke-og-termoflasker-en\/"},{"@type":"ListItem","position":5,"name":"Drinking bottle in glass 550 ml"}]},{"@type":"WebSite","@id":"https:\/\/grontkontor.dk\/#website","url":"https:\/\/grontkontor.dk\/","name":"Gr\u00f8nt Kontor","description":"Milj\u00f8venlige produkter til kontor og erhverv med fokus p\u00e5 b\u00e6redygtighed, design og fair trade.","publisher":{"@id":"https:\/\/grontkontor.dk\/#organization"},"potentialAction":[{"@type":"SearchAction","target":{"@type":"EntryPoint","urlTemplate":"https:\/\/grontkontor.dk\/?s={search_term_string}"},"query-input":"required name=search_term_string"}],"inLanguage":"en-US"},{"@type":"Organization","@id":"https:\/\/grontkontor.dk\/#organization","name":"Gr\u00f8nt Kontor","url":"https:\/\/grontkontor.dk\/","logo":{"@type":"ImageObject","inLanguage":"en-US","@id":"https:\/\/grontkontor.dk\/#\/schema\/logo\/image\/","url":"https:\/\/grontkontor.dk\/wp-content\/uploads\/2014\/02\/Logo_groent_kontor_300x80.png","contentUrl":"https:\/\/grontkontor.dk\/wp-content\/uploads\/2014\/02\/Logo_groent_kontor_300x80.png","width":300,"height":80,"caption":"Gr\u00f8nt Kontor"},"image":{"@id":"https:\/\/grontkontor.dk\/#\/schema\/logo\/image\/"},"sameAs":["https:\/\/www.facebook.com\/grontkontor.dk\/"]}]}},"_links":{"self":[{"href":"https:\/\/grontkontor.dk\/en\/wp-json\/wp\/v2\/product\/73310"}],"collection":[{"href":"https:\/\/grontkontor.dk\/en\/wp-json\/wp\/v2\/product"}],"about":[{"href":"https:\/\/grontkontor.dk\/en\/wp-json\/wp\/v2\/types\/product"}],"replies":[{"embeddable":true,"href":"https:\/\/grontkontor.dk\/en\/wp-json\/wp\/v2\/comments?post=73310"}],"wp:featuredmedia":[{"embeddable":true,"href":"https:\/\/grontkontor.dk\/en\/wp-json\/wp\/v2\/media\/35520"}],"wp:attachment":[{"href":"https:\/\/grontkontor.dk\/en\/wp-json\/wp\/v2\/media?parent=73310"}],"wp:term":[{"taxonomy":"product_cat","embeddable":true,"href":"https:\/\/grontkontor.dk\/en\/wp-json\/wp\/v2\/product_cat?post=73310"},{"taxonomy":"product_tag","embeddable":true,"href":"https:\/\/grontkontor.dk\/en\/wp-json\/wp\/v2\/product_tag?post=73310"}],"curies":[{"name":"wp","href":"https:\/\/api.w.org\/{rel}","templated":true}]}}