{"id":73355,"date":"2023-09-22T13:52:56","date_gmt":"2023-09-22T13:58:22","guid":{"rendered":"https:\/\/grontkontor.dk\/produkt\/ice-cup-in-with-logo-print-180ml\/"},"modified":"2024-02-27T10:35:41","modified_gmt":"2024-02-27T09:35:41","slug":"ice-cup-in-with-logo-print-180ml","status":"publish","type":"product","link":"https:\/\/grontkontor.dk\/en\/shop\/ice-cup-in-with-logo-print-180ml\/","title":{"rendered":"Plastic-free cardboard ice cup 180ml"},"content":{"rendered":"<p>Paper2Paper ice cups made of 100% paper with water-based coating. The cups are made of paper and can be recycled with ordinary paper waste.<\/p>\n<p>A climate- and environmentally-friendly product, made in the EU and approved for the purpose. The ice cup is Approved for food contact and 100% BPA free. . Content: 180ml.<\/p>\n<p>NOTE: The price is incl. start-up, packaging fee and full color logo printing. You just make the &#8220;flat&#8221; designs and we&#8217;ll do the rest.<\/p>\n<p>Superior quality, super cheap and climate-friendly \u2013 win win win.<\/p>\n<p>Discarding: Can be recycled with regular paper waste.<\/p>\n<p><img loading=\"lazy\" decoding=\"async\" src=\"https:\/\/grontkontor.dk\/wp-content\/uploads\/2020\/03\/recycable_paper_certificate_2020.jpg\" alt=\"Recyclable paper certificate\" width=\"50\" height=\"50\" class=\"size-full wp-image-35728\" srcset=\"https:\/\/grontkontor.dk\/wp-content\/uploads\/2020\/03\/recycable_paper_certificate_2020.jpg 146w, https:\/\/grontkontor.dk\/wp-content\/uploads\/2020\/03\/recycable_paper_certificate_2020-100x100.jpg 100w\" sizes=\"(max-width: 50px) 100vw, 50px\" \/> <img loading=\"lazy\" decoding=\"async\" class=\"size-medium wp-image-21008\" src=\"https:\/\/grontkontor.dk\/wp-content\/uploads\/2020\/11\/eu-flag_1-300x199.jpg\" alt=\"Fremstillet i EU\" width=\"76\" height=\"50\" srcset=\"https:\/\/grontkontor.dk\/wp-content\/uploads\/2020\/11\/eu-flag_1-300x199.jpg 300w, https:\/\/grontkontor.dk\/wp-content\/uploads\/2020\/11\/eu-flag_1.jpg 530w\" sizes=\"(max-width: 76px) 100vw, 76px\" \/><\/p>\n","protected":false},"excerpt":{"rendered":"<p>Paper2Paper ice cups made of 100% paper with water-based coating. The cups are made of paper and can be recycled with ordinary paper waste. A climate- and environmentally-friendly product, made in the EU and approved for the purpose. The ice cup is . Content: 180ml. NOTE: The price is incl. start-up, packaging fee and full [&hellip;]<\/p>\n","protected":false},"featured_media":36342,"comment_status":"closed","ping_status":"closed","template":"","meta":{"_acf_changed":false},"product_cat":[1281,2232,2390,1285],"product_tag":[1423,1424],"class_list":{"0":"post-73355","1":"product","2":"type-product","3":"status-publish","4":"has-post-thumbnail","6":"product_cat-disposable-cups","7":"product_cat-food-and-drinkware","8":"product_cat-news","9":"product_cat-trade-fair-equipment","10":"product_tag-paper-cups","11":"product_tag-disposable-cups","12":"tm-has-options","14":"first","15":"instock","16":"taxable","17":"shipping-taxable","18":"purchasable","19":"product-type-simple"},"acf":[],"yoast_head":"<!-- This site is optimized with the Yoast SEO Premium plugin v21.2 (Yoast SEO v21.2) - https:\/\/yoast.com\/wordpress\/plugins\/seo\/ -->\n<title>Plastic-free cardboard ice cup 180ml - Gr\u00f8nt Kontor<\/title>\n<meta name=\"robots\" content=\"index, follow, max-snippet:-1, max-image-preview:large, max-video-preview:-1\" \/>\n<link rel=\"canonical\" href=\"https:\/\/grontkontor.dk\/en\/shop\/ice-cup-in-with-logo-print-180ml\/\" \/>\n<meta property=\"og:locale\" content=\"en_US\" \/>\n<meta property=\"og:type\" content=\"article\" \/>\n<meta property=\"og:title\" content=\"Plastic-free cardboard ice cup 180ml\" \/>\n<meta property=\"og:description\" content=\"Paper2Paper ice cups made of 100% paper with water-based coating. The cups are made of paper and can be recycled with ordinary paper waste. A climate- and environmentally-friendly product, made in the EU and approved for the purpose. The ice cup is . Content: 180ml. NOTE: The price is incl. start-up, packaging fee and full [&hellip;]\" \/>\n<meta property=\"og:url\" content=\"https:\/\/grontkontor.dk\/en\/shop\/ice-cup-in-with-logo-print-180ml\/\" \/>\n<meta property=\"og:site_name\" content=\"Gr\u00f8nt Kontor\" \/>\n<meta property=\"article:publisher\" content=\"https:\/\/www.facebook.com\/grontkontor.dk\/\" \/>\n<meta property=\"article:modified_time\" content=\"2024-02-27T09:35:41+00:00\" \/>\n<meta property=\"og:image\" content=\"https:\/\/grontkontor.dk\/wp-content\/uploads\/2022\/04\/plastikfri-isbaegre.jpg\" \/>\n\t<meta property=\"og:image:width\" content=\"900\" \/>\n\t<meta property=\"og:image:height\" content=\"639\" \/>\n\t<meta property=\"og:image:type\" content=\"image\/jpeg\" \/>\n<meta name=\"twitter:card\" content=\"summary_large_image\" \/>\n<script type=\"application\/ld+json\" class=\"yoast-schema-graph\">{\"@context\":\"https:\/\/schema.org\",\"@graph\":[{\"@type\":\"WebPage\",\"@id\":\"https:\/\/grontkontor.dk\/en\/shop\/ice-cup-in-with-logo-print-180ml\/\",\"url\":\"https:\/\/grontkontor.dk\/en\/shop\/ice-cup-in-with-logo-print-180ml\/\",\"name\":\"Plastic-free cardboard ice cup 180ml - Gr\u00f8nt Kontor\",\"isPartOf\":{\"@id\":\"https:\/\/grontkontor.dk\/#website\"},\"datePublished\":\"2023-09-22T13:58:22+00:00\",\"dateModified\":\"2024-02-27T09:35:41+00:00\",\"breadcrumb\":{\"@id\":\"https:\/\/grontkontor.dk\/en\/shop\/ice-cup-in-with-logo-print-180ml\/#breadcrumb\"},\"inLanguage\":\"en-US\",\"potentialAction\":[{\"@type\":\"ReadAction\",\"target\":[\"https:\/\/grontkontor.dk\/en\/shop\/ice-cup-in-with-logo-print-180ml\/\"]}]},{\"@type\":\"BreadcrumbList\",\"@id\":\"https:\/\/grontkontor.dk\/en\/shop\/ice-cup-in-with-logo-print-180ml\/#breadcrumb\",\"itemListElement\":[{\"@type\":\"ListItem\",\"position\":1,\"name\":\"Forside\",\"item\":\"https:\/\/grontkontor.dk\/\"},{\"@type\":\"ListItem\",\"position\":2,\"name\":\"Shop\",\"item\":\"https:\/\/grontkontor.dk\/en\/shop-2\/\"},{\"@type\":\"ListItem\",\"position\":3,\"name\":\"Food and drinkware\",\"item\":\"https:\/\/grontkontor.dk\/en\/produkt-kategori\/food-and-drinkware\/\"},{\"@type\":\"ListItem\",\"position\":4,\"name\":\"Disposable mugs\",\"item\":\"https:\/\/grontkontor.dk\/en\/produkt-kategori\/food-and-drinkware\/disposable-cups\/\"},{\"@type\":\"ListItem\",\"position\":5,\"name\":\"Plastic-free cardboard ice cup 180ml\"}]},{\"@type\":\"WebSite\",\"@id\":\"https:\/\/grontkontor.dk\/#website\",\"url\":\"https:\/\/grontkontor.dk\/\",\"name\":\"Gr\u00f8nt Kontor\",\"description\":\"Milj\u00f8venlige produkter til kontor og erhverv med fokus p\u00e5 b\u00e6redygtighed, design og fair trade.\",\"publisher\":{\"@id\":\"https:\/\/grontkontor.dk\/#organization\"},\"potentialAction\":[{\"@type\":\"SearchAction\",\"target\":{\"@type\":\"EntryPoint\",\"urlTemplate\":\"https:\/\/grontkontor.dk\/?s={search_term_string}\"},\"query-input\":\"required name=search_term_string\"}],\"inLanguage\":\"en-US\"},{\"@type\":\"Organization\",\"@id\":\"https:\/\/grontkontor.dk\/#organization\",\"name\":\"Gr\u00f8nt Kontor\",\"url\":\"https:\/\/grontkontor.dk\/\",\"logo\":{\"@type\":\"ImageObject\",\"inLanguage\":\"en-US\",\"@id\":\"https:\/\/grontkontor.dk\/#\/schema\/logo\/image\/\",\"url\":\"https:\/\/grontkontor.dk\/wp-content\/uploads\/2014\/02\/Logo_groent_kontor_300x80.png\",\"contentUrl\":\"https:\/\/grontkontor.dk\/wp-content\/uploads\/2014\/02\/Logo_groent_kontor_300x80.png\",\"width\":300,\"height\":80,\"caption\":\"Gr\u00f8nt Kontor\"},\"image\":{\"@id\":\"https:\/\/grontkontor.dk\/#\/schema\/logo\/image\/\"},\"sameAs\":[\"https:\/\/www.facebook.com\/grontkontor.dk\/\"]}]}<\/script>\n<!-- \/ Yoast SEO Premium plugin. -->","yoast_head_json":{"title":"Plastic-free cardboard ice cup 180ml - Gr\u00f8nt Kontor","robots":{"index":"index","follow":"follow","max-snippet":"max-snippet:-1","max-image-preview":"max-image-preview:large","max-video-preview":"max-video-preview:-1"},"canonical":"https:\/\/grontkontor.dk\/en\/shop\/ice-cup-in-with-logo-print-180ml\/","og_locale":"en_US","og_type":"article","og_title":"Plastic-free cardboard ice cup 180ml","og_description":"Paper2Paper ice cups made of 100% paper with water-based coating. The cups are made of paper and can be recycled with ordinary paper waste. A climate- and environmentally-friendly product, made in the EU and approved for the purpose. The ice cup is . Content: 180ml. NOTE: The price is incl. start-up, packaging fee and full [&hellip;]","og_url":"https:\/\/grontkontor.dk\/en\/shop\/ice-cup-in-with-logo-print-180ml\/","og_site_name":"Gr\u00f8nt Kontor","article_publisher":"https:\/\/www.facebook.com\/grontkontor.dk\/","article_modified_time":"2024-02-27T09:35:41+00:00","og_image":[{"width":900,"height":639,"url":"https:\/\/grontkontor.dk\/wp-content\/uploads\/2022\/04\/plastikfri-isbaegre.jpg","type":"image\/jpeg"}],"twitter_card":"summary_large_image","schema":{"@context":"https:\/\/schema.org","@graph":[{"@type":"WebPage","@id":"https:\/\/grontkontor.dk\/en\/shop\/ice-cup-in-with-logo-print-180ml\/","url":"https:\/\/grontkontor.dk\/en\/shop\/ice-cup-in-with-logo-print-180ml\/","name":"Plastic-free cardboard ice cup 180ml - Gr\u00f8nt Kontor","isPartOf":{"@id":"https:\/\/grontkontor.dk\/#website"},"datePublished":"2023-09-22T13:58:22+00:00","dateModified":"2024-02-27T09:35:41+00:00","breadcrumb":{"@id":"https:\/\/grontkontor.dk\/en\/shop\/ice-cup-in-with-logo-print-180ml\/#breadcrumb"},"inLanguage":"en-US","potentialAction":[{"@type":"ReadAction","target":["https:\/\/grontkontor.dk\/en\/shop\/ice-cup-in-with-logo-print-180ml\/"]}]},{"@type":"BreadcrumbList","@id":"https:\/\/grontkontor.dk\/en\/shop\/ice-cup-in-with-logo-print-180ml\/#breadcrumb","itemListElement":[{"@type":"ListItem","position":1,"name":"Forside","item":"https:\/\/grontkontor.dk\/"},{"@type":"ListItem","position":2,"name":"Shop","item":"https:\/\/grontkontor.dk\/en\/shop-2\/"},{"@type":"ListItem","position":3,"name":"Food and drinkware","item":"https:\/\/grontkontor.dk\/en\/produkt-kategori\/food-and-drinkware\/"},{"@type":"ListItem","position":4,"name":"Disposable mugs","item":"https:\/\/grontkontor.dk\/en\/produkt-kategori\/food-and-drinkware\/disposable-cups\/"},{"@type":"ListItem","position":5,"name":"Plastic-free cardboard ice cup 180ml"}]},{"@type":"WebSite","@id":"https:\/\/grontkontor.dk\/#website","url":"https:\/\/grontkontor.dk\/","name":"Gr\u00f8nt Kontor","description":"Milj\u00f8venlige produkter til kontor og erhverv med fokus p\u00e5 b\u00e6redygtighed, design og fair trade.","publisher":{"@id":"https:\/\/grontkontor.dk\/#organization"},"potentialAction":[{"@type":"SearchAction","target":{"@type":"EntryPoint","urlTemplate":"https:\/\/grontkontor.dk\/?s={search_term_string}"},"query-input":"required name=search_term_string"}],"inLanguage":"en-US"},{"@type":"Organization","@id":"https:\/\/grontkontor.dk\/#organization","name":"Gr\u00f8nt Kontor","url":"https:\/\/grontkontor.dk\/","logo":{"@type":"ImageObject","inLanguage":"en-US","@id":"https:\/\/grontkontor.dk\/#\/schema\/logo\/image\/","url":"https:\/\/grontkontor.dk\/wp-content\/uploads\/2014\/02\/Logo_groent_kontor_300x80.png","contentUrl":"https:\/\/grontkontor.dk\/wp-content\/uploads\/2014\/02\/Logo_groent_kontor_300x80.png","width":300,"height":80,"caption":"Gr\u00f8nt Kontor"},"image":{"@id":"https:\/\/grontkontor.dk\/#\/schema\/logo\/image\/"},"sameAs":["https:\/\/www.facebook.com\/grontkontor.dk\/"]}]}},"_links":{"self":[{"href":"https:\/\/grontkontor.dk\/en\/wp-json\/wp\/v2\/product\/73355"}],"collection":[{"href":"https:\/\/grontkontor.dk\/en\/wp-json\/wp\/v2\/product"}],"about":[{"href":"https:\/\/grontkontor.dk\/en\/wp-json\/wp\/v2\/types\/product"}],"replies":[{"embeddable":true,"href":"https:\/\/grontkontor.dk\/en\/wp-json\/wp\/v2\/comments?post=73355"}],"wp:featuredmedia":[{"embeddable":true,"href":"https:\/\/grontkontor.dk\/en\/wp-json\/wp\/v2\/media\/36342"}],"wp:attachment":[{"href":"https:\/\/grontkontor.dk\/en\/wp-json\/wp\/v2\/media?parent=73355"}],"wp:term":[{"taxonomy":"product_cat","embeddable":true,"href":"https:\/\/grontkontor.dk\/en\/wp-json\/wp\/v2\/product_cat?post=73355"},{"taxonomy":"product_tag","embeddable":true,"href":"https:\/\/grontkontor.dk\/en\/wp-json\/wp\/v2\/product_tag?post=73355"}],"curies":[{"name":"wp","href":"https:\/\/api.w.org\/{rel}","templated":true}]}}