{"id":73410,"date":"2025-04-03T13:54:14","date_gmt":"2023-09-22T13:59:43","guid":{"rendered":"https:\/\/grontkontor.dk\/produkt\/sustainable-polo-shirt-180gsm-w-o-print\/"},"modified":"2025-11-06T10:45:03","modified_gmt":"2025-11-06T09:45:03","slug":"baeredygtig-polo-shirt-180gsm","status":"publish","type":"product","link":"https:\/\/grontkontor.dk\/en\/shop\/baeredygtig-polo-shirt-180gsm\/","title":{"rendered":"Climate-friendly polo shirt in strong recycled polyester w\/o print"},"content":{"rendered":"<p>A climate-friendly polo shirt is a timeless choice that combines comfort, functionality and a green signal. This polo shirt is made of 100% rPET \u2013 recycled polyester \u2013 which comes from recycled plastic bottles. This provides a light and comfortable material that is also an environmentally friendly alternative to traditional textiles.<br \/>\nWith a quality of 180 gsm, the polo shirt is both durable and comfortable. It is available in sizes S, M, L, XL and XXL, which makes it ideal as employee clothing, corporate gifts or profile clothing for events. Thanks to its timeless design, a polo shirt fits perfectly into both casual and professional contexts.<br \/>\nThe polo shirt can be delivered with logo print in up to eight colors depending on the printing method, or with embroidery, which gives a more exclusive look. Orders start from 50 pieces, and you are free to mix colors and sizes so that you get exactly the composition that matches your needs.     <\/p>\n<p>As a promotional item, a climate-friendly polo shirt is a strong choice. It shows concern for the environment, while at the same time giving your logo a prominent position on a piece of clothing that is used again and again. In this way, visible branding is combined with a product that supports a climate-friendly and environmentally friendly profile.<br \/>\nrPET (recycled polyethylene) is a food-grade recyclable plastic that is typically made from recycled water bottles. rPET is \u2013 despite its fossil origin \u2013 a sustainable material. rPET has an extremely high carbon content, and therefore functions as an effective carbon depot throughout the lifespan of the product and recycled products. If plastic is not recycled, it will either break down into CO2 and contribute to the greenhouse effect, or end up as polluting waste. For every tonne of recycled plastic, 3.8 barrels of oil are saved. <\/p>\nAsk for a quotation for embroidery at <a class=\"light\" href=\"mailto:jens@grontkontor.dk\">jens@grontkontor.dk<\/a> \n<p>&nbsp;<\/p>\n<img loading=\"lazy\" decoding=\"async\" src=\"https:\/\/grontkontor.dk\/wp-content\/uploads\/2021\/02\/genbrug.jpg\" alt=\"Fremstillet af genbrugsmaterialer\" width=\"50\" height=\"50\" class=\"size-full wp-image-23031\" srcset=\"https:\/\/grontkontor.dk\/wp-content\/uploads\/2021\/02\/genbrug.jpg 199w, https:\/\/grontkontor.dk\/wp-content\/uploads\/2021\/02\/genbrug-100x100.jpg 100w\" sizes=\"(max-width: 50px) 100vw, 50px\" \/>\n","protected":false},"excerpt":{"rendered":"<p>A climate-friendly polo shirt is a timeless choice that combines comfort, functionality and a green signal. This polo shirt is made of 100% rPET \u2013 recycled polyester \u2013 which comes from recycled plastic bottles. This provides a light and comfortable material that is also an environmentally friendly alternative to traditional textiles. With a quality of [&hellip;]<\/p>\n","protected":false},"featured_media":115800,"comment_status":"closed","ping_status":"closed","template":"","meta":{"_acf_changed":false},"product_cat":[4839,1262,2122,2390],"product_tag":[4886],"class_list":{"0":"post-73410","1":"product","2":"type-product","3":"status-publish","4":"has-post-thumbnail","6":"product_cat-t-shirts-sweat-shirts-and-polo-shirts","7":"product_cat-sustainable-presents","8":"product_cat-dummy-moq-50-100-en","9":"product_cat-news","10":"product_tag-polo-shirt-en","11":"pa_farve-black","12":"pa_farve-blue","13":"pa_farve-moerkeblaa-en","14":"pa_farve-green-en","15":"pa_farve-red-en","16":"pa_farve-white-en","17":"tm-has-styled-variations","18":"tm-has-options","20":"first","21":"instock","22":"sale","23":"taxable","24":"shipping-taxable","25":"purchasable","26":"product-type-simple"},"acf":[],"yoast_head":"<!-- This site is optimized with the Yoast SEO Premium plugin v21.2 (Yoast SEO v21.2) - https:\/\/yoast.com\/wordpress\/plugins\/seo\/ -->\n<title>Climate-friendly polo shirt in strong recycled polyester w\/o print - Gr\u00f8nt Kontor<\/title>\n<meta name=\"description\" content=\"Climate-friendly polo shirt in 100% rPET. Eco-friendly polo shirt in several sizes and colors. Perfect for logo printing or embroidery. Minimum order 50 pcs.\" \/>\n<meta name=\"robots\" content=\"index, follow, max-snippet:-1, max-image-preview:large, max-video-preview:-1\" \/>\n<link rel=\"canonical\" href=\"https:\/\/grontkontor.dk\/en\/shop\/baeredygtig-polo-shirt-180gsm\/\" \/>\n<meta property=\"og:locale\" content=\"en_US\" \/>\n<meta property=\"og:type\" content=\"article\" \/>\n<meta property=\"og:title\" content=\"Climate-friendly polo shirt in strong recycled polyester w\/o print\" \/>\n<meta property=\"og:description\" content=\"Climate-friendly polo shirt in 100% rPET. Eco-friendly polo shirt in several sizes and colors. Perfect for logo printing or embroidery. Minimum order 50 pcs.\" \/>\n<meta property=\"og:url\" content=\"https:\/\/grontkontor.dk\/en\/shop\/baeredygtig-polo-shirt-180gsm\/\" \/>\n<meta property=\"og:site_name\" content=\"Gr\u00f8nt Kontor\" \/>\n<meta property=\"article:publisher\" content=\"https:\/\/www.facebook.com\/grontkontor.dk\/\" \/>\n<meta property=\"article:modified_time\" content=\"2025-11-06T09:45:03+00:00\" \/>\n<meta property=\"og:image\" content=\"https:\/\/grontkontor.dk\/wp-content\/uploads\/2023\/09\/Miljoevenlig-t-shirt-i-rpet-collage.jpg\" \/>\n\t<meta property=\"og:image:width\" content=\"900\" \/>\n\t<meta property=\"og:image:height\" content=\"639\" \/>\n\t<meta property=\"og:image:type\" content=\"image\/jpeg\" \/>\n<meta name=\"twitter:card\" content=\"summary_large_image\" \/>\n<meta name=\"twitter:label1\" content=\"Est. reading time\" \/>\n\t<meta name=\"twitter:data1\" content=\"1 minute\" \/>\n<script type=\"application\/ld+json\" class=\"yoast-schema-graph\">{\"@context\":\"https:\/\/schema.org\",\"@graph\":[{\"@type\":\"WebPage\",\"@id\":\"https:\/\/grontkontor.dk\/en\/shop\/baeredygtig-polo-shirt-180gsm\/\",\"url\":\"https:\/\/grontkontor.dk\/en\/shop\/baeredygtig-polo-shirt-180gsm\/\",\"name\":\"Climate-friendly polo shirt in strong recycled polyester w\/o print - Gr\u00f8nt Kontor\",\"isPartOf\":{\"@id\":\"https:\/\/grontkontor.dk\/#website\"},\"datePublished\":\"2023-09-22T13:59:43+00:00\",\"dateModified\":\"2025-11-06T09:45:03+00:00\",\"description\":\"Climate-friendly polo shirt in 100% rPET. Eco-friendly polo shirt in several sizes and colors. Perfect for logo printing or embroidery. Minimum order 50 pcs.\",\"breadcrumb\":{\"@id\":\"https:\/\/grontkontor.dk\/en\/shop\/baeredygtig-polo-shirt-180gsm\/#breadcrumb\"},\"inLanguage\":\"en-US\",\"potentialAction\":[{\"@type\":\"ReadAction\",\"target\":[\"https:\/\/grontkontor.dk\/en\/shop\/baeredygtig-polo-shirt-180gsm\/\"]}]},{\"@type\":\"BreadcrumbList\",\"@id\":\"https:\/\/grontkontor.dk\/en\/shop\/baeredygtig-polo-shirt-180gsm\/#breadcrumb\",\"itemListElement\":[{\"@type\":\"ListItem\",\"position\":1,\"name\":\"Forside\",\"item\":\"https:\/\/grontkontor.dk\/\"},{\"@type\":\"ListItem\",\"position\":2,\"name\":\"Shop\",\"item\":\"https:\/\/grontkontor.dk\/en\/shop-2\/\"},{\"@type\":\"ListItem\",\"position\":3,\"name\":\"Apparel\",\"item\":\"https:\/\/grontkontor.dk\/en\/produkt-kategori\/beklaedning-en\/\"},{\"@type\":\"ListItem\",\"position\":4,\"name\":\"T-shirts, sweat shirts and polo shirts\",\"item\":\"https:\/\/grontkontor.dk\/en\/produkt-kategori\/beklaedning-en\/t-shirts-sweat-shirts-and-polo-shirts\/\"},{\"@type\":\"ListItem\",\"position\":5,\"name\":\"Climate-friendly polo shirt in strong recycled polyester w\/o print\"}]},{\"@type\":\"WebSite\",\"@id\":\"https:\/\/grontkontor.dk\/#website\",\"url\":\"https:\/\/grontkontor.dk\/\",\"name\":\"Gr\u00f8nt Kontor\",\"description\":\"Milj\u00f8venlige produkter til kontor og erhverv med fokus p\u00e5 b\u00e6redygtighed, design og fair trade.\",\"publisher\":{\"@id\":\"https:\/\/grontkontor.dk\/#organization\"},\"potentialAction\":[{\"@type\":\"SearchAction\",\"target\":{\"@type\":\"EntryPoint\",\"urlTemplate\":\"https:\/\/grontkontor.dk\/?s={search_term_string}\"},\"query-input\":\"required name=search_term_string\"}],\"inLanguage\":\"en-US\"},{\"@type\":\"Organization\",\"@id\":\"https:\/\/grontkontor.dk\/#organization\",\"name\":\"Gr\u00f8nt Kontor\",\"url\":\"https:\/\/grontkontor.dk\/\",\"logo\":{\"@type\":\"ImageObject\",\"inLanguage\":\"en-US\",\"@id\":\"https:\/\/grontkontor.dk\/#\/schema\/logo\/image\/\",\"url\":\"https:\/\/grontkontor.dk\/wp-content\/uploads\/2014\/02\/Logo_groent_kontor_300x80.png\",\"contentUrl\":\"https:\/\/grontkontor.dk\/wp-content\/uploads\/2014\/02\/Logo_groent_kontor_300x80.png\",\"width\":300,\"height\":80,\"caption\":\"Gr\u00f8nt Kontor\"},\"image\":{\"@id\":\"https:\/\/grontkontor.dk\/#\/schema\/logo\/image\/\"},\"sameAs\":[\"https:\/\/www.facebook.com\/grontkontor.dk\/\"]}]}<\/script>\n<!-- \/ Yoast SEO Premium plugin. -->","yoast_head_json":{"title":"Climate-friendly polo shirt in strong recycled polyester w\/o print - Gr\u00f8nt Kontor","description":"Climate-friendly polo shirt in 100% rPET. Eco-friendly polo shirt in several sizes and colors. Perfect for logo printing or embroidery. Minimum order 50 pcs.","robots":{"index":"index","follow":"follow","max-snippet":"max-snippet:-1","max-image-preview":"max-image-preview:large","max-video-preview":"max-video-preview:-1"},"canonical":"https:\/\/grontkontor.dk\/en\/shop\/baeredygtig-polo-shirt-180gsm\/","og_locale":"en_US","og_type":"article","og_title":"Climate-friendly polo shirt in strong recycled polyester w\/o print","og_description":"Climate-friendly polo shirt in 100% rPET. Eco-friendly polo shirt in several sizes and colors. Perfect for logo printing or embroidery. Minimum order 50 pcs.","og_url":"https:\/\/grontkontor.dk\/en\/shop\/baeredygtig-polo-shirt-180gsm\/","og_site_name":"Gr\u00f8nt Kontor","article_publisher":"https:\/\/www.facebook.com\/grontkontor.dk\/","article_modified_time":"2025-11-06T09:45:03+00:00","og_image":[{"width":900,"height":639,"url":"https:\/\/grontkontor.dk\/wp-content\/uploads\/2023\/09\/Miljoevenlig-t-shirt-i-rpet-collage.jpg","type":"image\/jpeg"}],"twitter_card":"summary_large_image","twitter_misc":{"Est. reading time":"1 minute"},"schema":{"@context":"https:\/\/schema.org","@graph":[{"@type":"WebPage","@id":"https:\/\/grontkontor.dk\/en\/shop\/baeredygtig-polo-shirt-180gsm\/","url":"https:\/\/grontkontor.dk\/en\/shop\/baeredygtig-polo-shirt-180gsm\/","name":"Climate-friendly polo shirt in strong recycled polyester w\/o print - Gr\u00f8nt Kontor","isPartOf":{"@id":"https:\/\/grontkontor.dk\/#website"},"datePublished":"2023-09-22T13:59:43+00:00","dateModified":"2025-11-06T09:45:03+00:00","description":"Climate-friendly polo shirt in 100% rPET. Eco-friendly polo shirt in several sizes and colors. Perfect for logo printing or embroidery. Minimum order 50 pcs.","breadcrumb":{"@id":"https:\/\/grontkontor.dk\/en\/shop\/baeredygtig-polo-shirt-180gsm\/#breadcrumb"},"inLanguage":"en-US","potentialAction":[{"@type":"ReadAction","target":["https:\/\/grontkontor.dk\/en\/shop\/baeredygtig-polo-shirt-180gsm\/"]}]},{"@type":"BreadcrumbList","@id":"https:\/\/grontkontor.dk\/en\/shop\/baeredygtig-polo-shirt-180gsm\/#breadcrumb","itemListElement":[{"@type":"ListItem","position":1,"name":"Forside","item":"https:\/\/grontkontor.dk\/"},{"@type":"ListItem","position":2,"name":"Shop","item":"https:\/\/grontkontor.dk\/en\/shop-2\/"},{"@type":"ListItem","position":3,"name":"Apparel","item":"https:\/\/grontkontor.dk\/en\/produkt-kategori\/beklaedning-en\/"},{"@type":"ListItem","position":4,"name":"T-shirts, sweat shirts and polo shirts","item":"https:\/\/grontkontor.dk\/en\/produkt-kategori\/beklaedning-en\/t-shirts-sweat-shirts-and-polo-shirts\/"},{"@type":"ListItem","position":5,"name":"Climate-friendly polo shirt in strong recycled polyester w\/o print"}]},{"@type":"WebSite","@id":"https:\/\/grontkontor.dk\/#website","url":"https:\/\/grontkontor.dk\/","name":"Gr\u00f8nt Kontor","description":"Milj\u00f8venlige produkter til kontor og erhverv med fokus p\u00e5 b\u00e6redygtighed, design og fair trade.","publisher":{"@id":"https:\/\/grontkontor.dk\/#organization"},"potentialAction":[{"@type":"SearchAction","target":{"@type":"EntryPoint","urlTemplate":"https:\/\/grontkontor.dk\/?s={search_term_string}"},"query-input":"required name=search_term_string"}],"inLanguage":"en-US"},{"@type":"Organization","@id":"https:\/\/grontkontor.dk\/#organization","name":"Gr\u00f8nt Kontor","url":"https:\/\/grontkontor.dk\/","logo":{"@type":"ImageObject","inLanguage":"en-US","@id":"https:\/\/grontkontor.dk\/#\/schema\/logo\/image\/","url":"https:\/\/grontkontor.dk\/wp-content\/uploads\/2014\/02\/Logo_groent_kontor_300x80.png","contentUrl":"https:\/\/grontkontor.dk\/wp-content\/uploads\/2014\/02\/Logo_groent_kontor_300x80.png","width":300,"height":80,"caption":"Gr\u00f8nt Kontor"},"image":{"@id":"https:\/\/grontkontor.dk\/#\/schema\/logo\/image\/"},"sameAs":["https:\/\/www.facebook.com\/grontkontor.dk\/"]}]}},"_links":{"self":[{"href":"https:\/\/grontkontor.dk\/en\/wp-json\/wp\/v2\/product\/73410"}],"collection":[{"href":"https:\/\/grontkontor.dk\/en\/wp-json\/wp\/v2\/product"}],"about":[{"href":"https:\/\/grontkontor.dk\/en\/wp-json\/wp\/v2\/types\/product"}],"replies":[{"embeddable":true,"href":"https:\/\/grontkontor.dk\/en\/wp-json\/wp\/v2\/comments?post=73410"}],"wp:featuredmedia":[{"embeddable":true,"href":"https:\/\/grontkontor.dk\/en\/wp-json\/wp\/v2\/media\/115800"}],"wp:attachment":[{"href":"https:\/\/grontkontor.dk\/en\/wp-json\/wp\/v2\/media?parent=73410"}],"wp:term":[{"taxonomy":"product_cat","embeddable":true,"href":"https:\/\/grontkontor.dk\/en\/wp-json\/wp\/v2\/product_cat?post=73410"},{"taxonomy":"product_tag","embeddable":true,"href":"https:\/\/grontkontor.dk\/en\/wp-json\/wp\/v2\/product_tag?post=73410"}],"curies":[{"name":"wp","href":"https:\/\/api.w.org\/{rel}","templated":true}]}}