{"id":73440,"date":"2023-09-22T13:47:33","date_gmt":"2023-09-22T14:00:23","guid":{"rendered":"https:\/\/grontkontor.dk\/produkt\/sustainable-hemp-cap-with-print\/"},"modified":"2025-11-06T11:28:17","modified_gmt":"2025-11-06T10:28:17","slug":"klimavenlig-kasket-hamp","status":"publish","type":"product","link":"https:\/\/grontkontor.dk\/en\/shop\/klimavenlig-kasket-hamp\/","title":{"rendered":"Climate-friendly cap in hemp w\/wo print"},"content":{"rendered":"<p>Climate-friendly cap in hemp &#8211; stylish design and natural comfort<\/p>\n<p>This climate-friendly hemp cap is a functional and stylish choice for anyone who wants a natural alternative to traditional caps. It is made from 100% strong hemp (370 gsm), a material known for its strong fibers, long durability, and pleasant structure. Hemp is a regenerative material that can be used for textiles, threads and canvas, and the result is a cap that feels both comfortable and can withstand years of use.  <\/p>\n<p>The cap is equipped with ventilation holes that provide optimal air circulation, so it is comfortable to wear even in hot environments. At the back, there is an adjustable strap with a brass buckle so that the size can be easily adjusted \u2013 the standard measurement is 58 cm. The classic design means that the cap can be used in many contexts: for sports, leisure, work or as a profile item for companies.  <\/p>\n<p>One of the major advantages is that the cap can be customized with the company&#8217;s visual identity. It can be delivered in several colours and ordered with logo print or embroidery on the front or sides. Logo printing gives a sharp and clear expression that is perfect for fairs and events where visible branding is in focus. Thus, the cap becomes not only a practical accessory, but also an effective marketing tool.   <\/p>\n<p>Hemp as a textile has several unique properties. It requires significantly less water than, for example, cotton and is grown with fewer pesticides, which makes it a gentler material. At the same time, hemp has natural antibacterial properties, in the same way as wool, which makes the cap more hygienic and fresh over a longer period of time.<br \/>\nWith this cap in hemp, you get a product that unites functionality, comfort and a natural look. Whether used as a corporate gift, handout for trade fairs or as part of the everyday wardrobe, it is a choice that signals quality and consideration.   <\/p>\n<p>See our recycled caps here: https:\/\/grontkontor.dk\/produkt\/baeredygtig-recycled-kasket\/<\/p>\nAsk for a quotation for printing or laser engraving at <a class=\"light\" href=\"mailto:jens@grontkontor.dk\">jens@grontkontor.dk<\/a>  \n","protected":false},"excerpt":{"rendered":"<p>Climate-friendly cap in hemp &#8211; stylish design and natural comfort This climate-friendly hemp cap is a functional and stylish choice for anyone who wants a natural alternative to traditional caps. It is made from 100% strong hemp (370 gsm), a material known for its strong fibers, long durability, and pleasant structure. Hemp is a regenerative [&hellip;]<\/p>\n","protected":false},"featured_media":115905,"comment_status":"closed","ping_status":"closed","template":"","meta":{"_acf_changed":false},"product_cat":[4837,1262,2106,2390,3144],"product_tag":[1748,1749],"class_list":{"0":"post-73440","1":"product","2":"type-product","3":"status-publish","4":"has-post-thumbnail","6":"product_cat-headdress","7":"product_cat-sustainable-presents","8":"product_cat-dummy-moq-1-en","9":"product_cat-news","10":"product_cat-sports-and-leisure","11":"product_tag-kasket-en","12":"product_tag-hovedbeklaedning-en","13":"tm-has-options","15":"first","16":"instock","17":"sale","18":"taxable","19":"shipping-taxable","20":"purchasable","21":"product-type-variable","22":"has-default-attributes"},"acf":[],"yoast_head":"<!-- This site is optimized with the Yoast SEO Premium plugin v21.2 (Yoast SEO v21.2) - https:\/\/yoast.com\/wordpress\/plugins\/seo\/ -->\n<title>Climate-friendly cap in hemp w\/wo print - Gr\u00f8nt Kontor<\/title>\n<meta name=\"description\" content=\"Climate-friendly cap in 100% hemp. Eco-friendly, durable and eco-friendly cap with ventilation holes and adjustable strap. Available with logo.\" \/>\n<meta name=\"robots\" content=\"index, follow, max-snippet:-1, max-image-preview:large, max-video-preview:-1\" \/>\n<link rel=\"canonical\" href=\"https:\/\/grontkontor.dk\/en\/shop\/klimavenlig-kasket-hamp\/\" \/>\n<meta property=\"og:locale\" content=\"en_US\" \/>\n<meta property=\"og:type\" content=\"article\" \/>\n<meta property=\"og:title\" content=\"Climate-friendly cap in hemp w\/wo print\" \/>\n<meta property=\"og:description\" content=\"Climate-friendly cap in 100% hemp. Eco-friendly, durable and eco-friendly cap with ventilation holes and adjustable strap. Available with logo.\" \/>\n<meta property=\"og:url\" content=\"https:\/\/grontkontor.dk\/en\/shop\/klimavenlig-kasket-hamp\/\" \/>\n<meta property=\"og:site_name\" content=\"Gr\u00f8nt Kontor\" \/>\n<meta property=\"article:publisher\" content=\"https:\/\/www.facebook.com\/grontkontor.dk\/\" \/>\n<meta property=\"article:modified_time\" content=\"2025-11-06T10:28:17+00:00\" \/>\n<meta property=\"og:image\" content=\"https:\/\/grontkontor.dk\/wp-content\/uploads\/2023\/09\/Klimavenlig-kasket-i-hamp.jpg\" \/>\n\t<meta property=\"og:image:width\" content=\"900\" \/>\n\t<meta property=\"og:image:height\" content=\"639\" \/>\n\t<meta property=\"og:image:type\" content=\"image\/jpeg\" \/>\n<meta name=\"twitter:card\" content=\"summary_large_image\" \/>\n<meta name=\"twitter:label1\" content=\"Est. reading time\" \/>\n\t<meta name=\"twitter:data1\" content=\"2 minutes\" \/>\n<script type=\"application\/ld+json\" class=\"yoast-schema-graph\">{\"@context\":\"https:\/\/schema.org\",\"@graph\":[{\"@type\":\"WebPage\",\"@id\":\"https:\/\/grontkontor.dk\/en\/shop\/klimavenlig-kasket-hamp\/\",\"url\":\"https:\/\/grontkontor.dk\/en\/shop\/klimavenlig-kasket-hamp\/\",\"name\":\"Climate-friendly cap in hemp w\/wo print - Gr\u00f8nt Kontor\",\"isPartOf\":{\"@id\":\"https:\/\/grontkontor.dk\/#website\"},\"datePublished\":\"2023-09-22T14:00:23+00:00\",\"dateModified\":\"2025-11-06T10:28:17+00:00\",\"description\":\"Climate-friendly cap in 100% hemp. Eco-friendly, durable and eco-friendly cap with ventilation holes and adjustable strap. Available with logo.\",\"breadcrumb\":{\"@id\":\"https:\/\/grontkontor.dk\/en\/shop\/klimavenlig-kasket-hamp\/#breadcrumb\"},\"inLanguage\":\"en-US\",\"potentialAction\":[{\"@type\":\"ReadAction\",\"target\":[\"https:\/\/grontkontor.dk\/en\/shop\/klimavenlig-kasket-hamp\/\"]}]},{\"@type\":\"BreadcrumbList\",\"@id\":\"https:\/\/grontkontor.dk\/en\/shop\/klimavenlig-kasket-hamp\/#breadcrumb\",\"itemListElement\":[{\"@type\":\"ListItem\",\"position\":1,\"name\":\"Forside\",\"item\":\"https:\/\/grontkontor.dk\/\"},{\"@type\":\"ListItem\",\"position\":2,\"name\":\"Shop\",\"item\":\"https:\/\/grontkontor.dk\/en\/shop-2\/\"},{\"@type\":\"ListItem\",\"position\":3,\"name\":\"Apparel\",\"item\":\"https:\/\/grontkontor.dk\/en\/produkt-kategori\/beklaedning-en\/\"},{\"@type\":\"ListItem\",\"position\":4,\"name\":\"Headdress\",\"item\":\"https:\/\/grontkontor.dk\/en\/produkt-kategori\/beklaedning-en\/headdress\/\"},{\"@type\":\"ListItem\",\"position\":5,\"name\":\"Climate-friendly cap in hemp w\/wo print\"}]},{\"@type\":\"WebSite\",\"@id\":\"https:\/\/grontkontor.dk\/#website\",\"url\":\"https:\/\/grontkontor.dk\/\",\"name\":\"Gr\u00f8nt Kontor\",\"description\":\"Milj\u00f8venlige produkter til kontor og erhverv med fokus p\u00e5 b\u00e6redygtighed, design og fair trade.\",\"publisher\":{\"@id\":\"https:\/\/grontkontor.dk\/#organization\"},\"potentialAction\":[{\"@type\":\"SearchAction\",\"target\":{\"@type\":\"EntryPoint\",\"urlTemplate\":\"https:\/\/grontkontor.dk\/?s={search_term_string}\"},\"query-input\":\"required name=search_term_string\"}],\"inLanguage\":\"en-US\"},{\"@type\":\"Organization\",\"@id\":\"https:\/\/grontkontor.dk\/#organization\",\"name\":\"Gr\u00f8nt Kontor\",\"url\":\"https:\/\/grontkontor.dk\/\",\"logo\":{\"@type\":\"ImageObject\",\"inLanguage\":\"en-US\",\"@id\":\"https:\/\/grontkontor.dk\/#\/schema\/logo\/image\/\",\"url\":\"https:\/\/grontkontor.dk\/wp-content\/uploads\/2014\/02\/Logo_groent_kontor_300x80.png\",\"contentUrl\":\"https:\/\/grontkontor.dk\/wp-content\/uploads\/2014\/02\/Logo_groent_kontor_300x80.png\",\"width\":300,\"height\":80,\"caption\":\"Gr\u00f8nt Kontor\"},\"image\":{\"@id\":\"https:\/\/grontkontor.dk\/#\/schema\/logo\/image\/\"},\"sameAs\":[\"https:\/\/www.facebook.com\/grontkontor.dk\/\"]}]}<\/script>\n<!-- \/ Yoast SEO Premium plugin. -->","yoast_head_json":{"title":"Climate-friendly cap in hemp w\/wo print - Gr\u00f8nt Kontor","description":"Climate-friendly cap in 100% hemp. Eco-friendly, durable and eco-friendly cap with ventilation holes and adjustable strap. Available with logo.","robots":{"index":"index","follow":"follow","max-snippet":"max-snippet:-1","max-image-preview":"max-image-preview:large","max-video-preview":"max-video-preview:-1"},"canonical":"https:\/\/grontkontor.dk\/en\/shop\/klimavenlig-kasket-hamp\/","og_locale":"en_US","og_type":"article","og_title":"Climate-friendly cap in hemp w\/wo print","og_description":"Climate-friendly cap in 100% hemp. Eco-friendly, durable and eco-friendly cap with ventilation holes and adjustable strap. Available with logo.","og_url":"https:\/\/grontkontor.dk\/en\/shop\/klimavenlig-kasket-hamp\/","og_site_name":"Gr\u00f8nt Kontor","article_publisher":"https:\/\/www.facebook.com\/grontkontor.dk\/","article_modified_time":"2025-11-06T10:28:17+00:00","og_image":[{"width":900,"height":639,"url":"https:\/\/grontkontor.dk\/wp-content\/uploads\/2023\/09\/Klimavenlig-kasket-i-hamp.jpg","type":"image\/jpeg"}],"twitter_card":"summary_large_image","twitter_misc":{"Est. reading time":"2 minutes"},"schema":{"@context":"https:\/\/schema.org","@graph":[{"@type":"WebPage","@id":"https:\/\/grontkontor.dk\/en\/shop\/klimavenlig-kasket-hamp\/","url":"https:\/\/grontkontor.dk\/en\/shop\/klimavenlig-kasket-hamp\/","name":"Climate-friendly cap in hemp w\/wo print - Gr\u00f8nt Kontor","isPartOf":{"@id":"https:\/\/grontkontor.dk\/#website"},"datePublished":"2023-09-22T14:00:23+00:00","dateModified":"2025-11-06T10:28:17+00:00","description":"Climate-friendly cap in 100% hemp. Eco-friendly, durable and eco-friendly cap with ventilation holes and adjustable strap. Available with logo.","breadcrumb":{"@id":"https:\/\/grontkontor.dk\/en\/shop\/klimavenlig-kasket-hamp\/#breadcrumb"},"inLanguage":"en-US","potentialAction":[{"@type":"ReadAction","target":["https:\/\/grontkontor.dk\/en\/shop\/klimavenlig-kasket-hamp\/"]}]},{"@type":"BreadcrumbList","@id":"https:\/\/grontkontor.dk\/en\/shop\/klimavenlig-kasket-hamp\/#breadcrumb","itemListElement":[{"@type":"ListItem","position":1,"name":"Forside","item":"https:\/\/grontkontor.dk\/"},{"@type":"ListItem","position":2,"name":"Shop","item":"https:\/\/grontkontor.dk\/en\/shop-2\/"},{"@type":"ListItem","position":3,"name":"Apparel","item":"https:\/\/grontkontor.dk\/en\/produkt-kategori\/beklaedning-en\/"},{"@type":"ListItem","position":4,"name":"Headdress","item":"https:\/\/grontkontor.dk\/en\/produkt-kategori\/beklaedning-en\/headdress\/"},{"@type":"ListItem","position":5,"name":"Climate-friendly cap in hemp w\/wo print"}]},{"@type":"WebSite","@id":"https:\/\/grontkontor.dk\/#website","url":"https:\/\/grontkontor.dk\/","name":"Gr\u00f8nt Kontor","description":"Milj\u00f8venlige produkter til kontor og erhverv med fokus p\u00e5 b\u00e6redygtighed, design og fair trade.","publisher":{"@id":"https:\/\/grontkontor.dk\/#organization"},"potentialAction":[{"@type":"SearchAction","target":{"@type":"EntryPoint","urlTemplate":"https:\/\/grontkontor.dk\/?s={search_term_string}"},"query-input":"required name=search_term_string"}],"inLanguage":"en-US"},{"@type":"Organization","@id":"https:\/\/grontkontor.dk\/#organization","name":"Gr\u00f8nt Kontor","url":"https:\/\/grontkontor.dk\/","logo":{"@type":"ImageObject","inLanguage":"en-US","@id":"https:\/\/grontkontor.dk\/#\/schema\/logo\/image\/","url":"https:\/\/grontkontor.dk\/wp-content\/uploads\/2014\/02\/Logo_groent_kontor_300x80.png","contentUrl":"https:\/\/grontkontor.dk\/wp-content\/uploads\/2014\/02\/Logo_groent_kontor_300x80.png","width":300,"height":80,"caption":"Gr\u00f8nt Kontor"},"image":{"@id":"https:\/\/grontkontor.dk\/#\/schema\/logo\/image\/"},"sameAs":["https:\/\/www.facebook.com\/grontkontor.dk\/"]}]}},"_links":{"self":[{"href":"https:\/\/grontkontor.dk\/en\/wp-json\/wp\/v2\/product\/73440"}],"collection":[{"href":"https:\/\/grontkontor.dk\/en\/wp-json\/wp\/v2\/product"}],"about":[{"href":"https:\/\/grontkontor.dk\/en\/wp-json\/wp\/v2\/types\/product"}],"replies":[{"embeddable":true,"href":"https:\/\/grontkontor.dk\/en\/wp-json\/wp\/v2\/comments?post=73440"}],"wp:featuredmedia":[{"embeddable":true,"href":"https:\/\/grontkontor.dk\/en\/wp-json\/wp\/v2\/media\/115905"}],"wp:attachment":[{"href":"https:\/\/grontkontor.dk\/en\/wp-json\/wp\/v2\/media?parent=73440"}],"wp:term":[{"taxonomy":"product_cat","embeddable":true,"href":"https:\/\/grontkontor.dk\/en\/wp-json\/wp\/v2\/product_cat?post=73440"},{"taxonomy":"product_tag","embeddable":true,"href":"https:\/\/grontkontor.dk\/en\/wp-json\/wp\/v2\/product_tag?post=73440"}],"curies":[{"name":"wp","href":"https:\/\/api.w.org\/{rel}","templated":true}]}}