{"id":73460,"date":"2023-09-22T13:48:17","date_gmt":"2023-09-22T14:00:49","guid":{"rendered":"https:\/\/grontkontor.dk\/produkt\/sustainable-anti-theft-backpack-w-o-print\/"},"modified":"2024-02-27T13:14:12","modified_gmt":"2024-02-27T12:14:12","slug":"sustainable-anti-theft-backpack-w-o-print","status":"publish","type":"product","link":"https:\/\/grontkontor.dk\/en\/shop\/sustainable-anti-theft-backpack-w-o-print\/","title":{"rendered":"Eco-friendly anti-theft backpack w\/wo print"},"content":{"rendered":"<p>Protect your PC with this lightweight and handy eco-friendly premium laptop backpack (up to 15&#8243;) and tablet (up to 12&#8243;) &#8211; perfect as an employee gift. The zipper is placed against the body, so theft using the backpack is almost impossible. The backpack is made of rPET and equipped with padded shoulder straps to ensure good comfort.<\/p>\nrPET (recycled polyethylene) is a food-grade recyclable plastic that is typically made from recycled water bottles. rPET is \u2013 despite its fossil origin \u2013 a sustainable material. rPET has an extremely high carbon content, and therefore functions as an effective carbon depot throughout the lifespan of the product and recycled products. If plastic is not recycled, it will either break down into CO2 and contribute to the greenhouse effect, or end up as polluting waste. For every tonne of recycled plastic, 3.8 barrels of oil are saved. \n<p>&nbsp;<\/p>\n<p>[recycled]<\/p>\n<p>&nbsp;<\/p>\n<p>&nbsp;<\/p>\n","protected":false},"excerpt":{"rendered":"<p>Protect your PC with this lightweight and handy eco-friendly premium laptop backpack (up to 15&#8243;) and tablet (up to 12&#8243;) &#8211; perfect as an employee gift. The zipper is placed against the body, so theft using the backpack is almost impossible. The backpack is made of rPET and equipped with padded shoulder straps to ensure [&hellip;]<\/p>\n","protected":false},"featured_media":33351,"comment_status":"closed","ping_status":"closed","template":"","meta":{"_acf_changed":false},"product_cat":[1310,1262,2106,1314,2390],"product_tag":[1883,2990,1729,2991],"class_list":{"0":"post-73460","1":"product","2":"type-product","3":"status-publish","4":"has-post-thumbnail","6":"product_cat-bags-and-covers","7":"product_cat-sustainable-presents","8":"product_cat-dummy-moq-1-en","9":"product_cat-laptop-bags-and-covers","10":"product_cat-news","11":"product_tag-rygsaek-en","12":"product_tag-bag-en","13":"product_tag-diverse-tasker-en","14":"product_tag-pc-case","15":"tm-has-options","17":"first","18":"instock","19":"sale","20":"taxable","21":"shipping-taxable","22":"purchasable","23":"product-type-variable","24":"has-default-attributes"},"acf":[],"yoast_head":"<!-- This site is optimized with the Yoast SEO Premium plugin v21.2 (Yoast SEO v21.2) - https:\/\/yoast.com\/wordpress\/plugins\/seo\/ -->\n<title>Eco-friendly anti-theft backpack w\/wo print - Gr\u00f8nt Kontor<\/title>\n<meta name=\"robots\" content=\"index, follow, max-snippet:-1, max-image-preview:large, max-video-preview:-1\" \/>\n<link rel=\"canonical\" href=\"https:\/\/grontkontor.dk\/en\/shop\/sustainable-anti-theft-backpack-w-o-print\/\" \/>\n<meta property=\"og:locale\" content=\"en_US\" \/>\n<meta property=\"og:type\" content=\"article\" \/>\n<meta property=\"og:title\" content=\"Eco-friendly anti-theft backpack w\/wo print\" \/>\n<meta property=\"og:description\" content=\"Protect your PC with this lightweight and handy eco-friendly premium laptop backpack (up to 15&#8243;) and tablet (up to 12&#8243;) &#8211; perfect as an employee gift. The zipper is placed against the body, so theft using the backpack is almost impossible. The backpack is made of rPET and equipped with padded shoulder straps to ensure [&hellip;]\" \/>\n<meta property=\"og:url\" content=\"https:\/\/grontkontor.dk\/en\/shop\/sustainable-anti-theft-backpack-w-o-print\/\" \/>\n<meta property=\"og:site_name\" content=\"Gr\u00f8nt Kontor\" \/>\n<meta property=\"article:publisher\" content=\"https:\/\/www.facebook.com\/grontkontor.dk\/\" \/>\n<meta property=\"article:modified_time\" content=\"2024-02-27T12:14:12+00:00\" \/>\n<meta property=\"og:image\" content=\"https:\/\/grontkontor.dk\/wp-content\/uploads\/2022\/01\/Rygsaek-rPET-til-baerbar-pc-marineblaa.jpg\" \/>\n\t<meta property=\"og:image:width\" content=\"900\" \/>\n\t<meta property=\"og:image:height\" content=\"639\" \/>\n\t<meta property=\"og:image:type\" content=\"image\/jpeg\" \/>\n<meta name=\"twitter:card\" content=\"summary_large_image\" \/>\n<script type=\"application\/ld+json\" class=\"yoast-schema-graph\">{\"@context\":\"https:\/\/schema.org\",\"@graph\":[{\"@type\":\"WebPage\",\"@id\":\"https:\/\/grontkontor.dk\/en\/shop\/sustainable-anti-theft-backpack-w-o-print\/\",\"url\":\"https:\/\/grontkontor.dk\/en\/shop\/sustainable-anti-theft-backpack-w-o-print\/\",\"name\":\"Eco-friendly anti-theft backpack w\/wo print - Gr\u00f8nt Kontor\",\"isPartOf\":{\"@id\":\"https:\/\/grontkontor.dk\/#website\"},\"datePublished\":\"2023-09-22T14:00:49+00:00\",\"dateModified\":\"2024-02-27T12:14:12+00:00\",\"breadcrumb\":{\"@id\":\"https:\/\/grontkontor.dk\/en\/shop\/sustainable-anti-theft-backpack-w-o-print\/#breadcrumb\"},\"inLanguage\":\"en-US\",\"potentialAction\":[{\"@type\":\"ReadAction\",\"target\":[\"https:\/\/grontkontor.dk\/en\/shop\/sustainable-anti-theft-backpack-w-o-print\/\"]}]},{\"@type\":\"BreadcrumbList\",\"@id\":\"https:\/\/grontkontor.dk\/en\/shop\/sustainable-anti-theft-backpack-w-o-print\/#breadcrumb\",\"itemListElement\":[{\"@type\":\"ListItem\",\"position\":1,\"name\":\"Forside\",\"item\":\"https:\/\/grontkontor.dk\/\"},{\"@type\":\"ListItem\",\"position\":2,\"name\":\"Shop\",\"item\":\"https:\/\/grontkontor.dk\/en\/shop-2\/\"},{\"@type\":\"ListItem\",\"position\":3,\"name\":\"Bags, bags and covers\",\"item\":\"https:\/\/grontkontor.dk\/en\/produkt-kategori\/bags-and-covers\/\"},{\"@type\":\"ListItem\",\"position\":4,\"name\":\"Laptop bags and covers\",\"item\":\"https:\/\/grontkontor.dk\/en\/produkt-kategori\/bags-and-covers\/laptop-bags-and-covers\/\"},{\"@type\":\"ListItem\",\"position\":5,\"name\":\"Eco-friendly anti-theft backpack w\/wo print\"}]},{\"@type\":\"WebSite\",\"@id\":\"https:\/\/grontkontor.dk\/#website\",\"url\":\"https:\/\/grontkontor.dk\/\",\"name\":\"Gr\u00f8nt Kontor\",\"description\":\"Milj\u00f8venlige produkter til kontor og erhverv med fokus p\u00e5 b\u00e6redygtighed, design og fair trade.\",\"publisher\":{\"@id\":\"https:\/\/grontkontor.dk\/#organization\"},\"potentialAction\":[{\"@type\":\"SearchAction\",\"target\":{\"@type\":\"EntryPoint\",\"urlTemplate\":\"https:\/\/grontkontor.dk\/?s={search_term_string}\"},\"query-input\":\"required name=search_term_string\"}],\"inLanguage\":\"en-US\"},{\"@type\":\"Organization\",\"@id\":\"https:\/\/grontkontor.dk\/#organization\",\"name\":\"Gr\u00f8nt Kontor\",\"url\":\"https:\/\/grontkontor.dk\/\",\"logo\":{\"@type\":\"ImageObject\",\"inLanguage\":\"en-US\",\"@id\":\"https:\/\/grontkontor.dk\/#\/schema\/logo\/image\/\",\"url\":\"https:\/\/grontkontor.dk\/wp-content\/uploads\/2014\/02\/Logo_groent_kontor_300x80.png\",\"contentUrl\":\"https:\/\/grontkontor.dk\/wp-content\/uploads\/2014\/02\/Logo_groent_kontor_300x80.png\",\"width\":300,\"height\":80,\"caption\":\"Gr\u00f8nt Kontor\"},\"image\":{\"@id\":\"https:\/\/grontkontor.dk\/#\/schema\/logo\/image\/\"},\"sameAs\":[\"https:\/\/www.facebook.com\/grontkontor.dk\/\"]}]}<\/script>\n<!-- \/ Yoast SEO Premium plugin. -->","yoast_head_json":{"title":"Eco-friendly anti-theft backpack w\/wo print - Gr\u00f8nt Kontor","robots":{"index":"index","follow":"follow","max-snippet":"max-snippet:-1","max-image-preview":"max-image-preview:large","max-video-preview":"max-video-preview:-1"},"canonical":"https:\/\/grontkontor.dk\/en\/shop\/sustainable-anti-theft-backpack-w-o-print\/","og_locale":"en_US","og_type":"article","og_title":"Eco-friendly anti-theft backpack w\/wo print","og_description":"Protect your PC with this lightweight and handy eco-friendly premium laptop backpack (up to 15&#8243;) and tablet (up to 12&#8243;) &#8211; perfect as an employee gift. The zipper is placed against the body, so theft using the backpack is almost impossible. The backpack is made of rPET and equipped with padded shoulder straps to ensure [&hellip;]","og_url":"https:\/\/grontkontor.dk\/en\/shop\/sustainable-anti-theft-backpack-w-o-print\/","og_site_name":"Gr\u00f8nt Kontor","article_publisher":"https:\/\/www.facebook.com\/grontkontor.dk\/","article_modified_time":"2024-02-27T12:14:12+00:00","og_image":[{"width":900,"height":639,"url":"https:\/\/grontkontor.dk\/wp-content\/uploads\/2022\/01\/Rygsaek-rPET-til-baerbar-pc-marineblaa.jpg","type":"image\/jpeg"}],"twitter_card":"summary_large_image","schema":{"@context":"https:\/\/schema.org","@graph":[{"@type":"WebPage","@id":"https:\/\/grontkontor.dk\/en\/shop\/sustainable-anti-theft-backpack-w-o-print\/","url":"https:\/\/grontkontor.dk\/en\/shop\/sustainable-anti-theft-backpack-w-o-print\/","name":"Eco-friendly anti-theft backpack w\/wo print - Gr\u00f8nt Kontor","isPartOf":{"@id":"https:\/\/grontkontor.dk\/#website"},"datePublished":"2023-09-22T14:00:49+00:00","dateModified":"2024-02-27T12:14:12+00:00","breadcrumb":{"@id":"https:\/\/grontkontor.dk\/en\/shop\/sustainable-anti-theft-backpack-w-o-print\/#breadcrumb"},"inLanguage":"en-US","potentialAction":[{"@type":"ReadAction","target":["https:\/\/grontkontor.dk\/en\/shop\/sustainable-anti-theft-backpack-w-o-print\/"]}]},{"@type":"BreadcrumbList","@id":"https:\/\/grontkontor.dk\/en\/shop\/sustainable-anti-theft-backpack-w-o-print\/#breadcrumb","itemListElement":[{"@type":"ListItem","position":1,"name":"Forside","item":"https:\/\/grontkontor.dk\/"},{"@type":"ListItem","position":2,"name":"Shop","item":"https:\/\/grontkontor.dk\/en\/shop-2\/"},{"@type":"ListItem","position":3,"name":"Bags, bags and covers","item":"https:\/\/grontkontor.dk\/en\/produkt-kategori\/bags-and-covers\/"},{"@type":"ListItem","position":4,"name":"Laptop bags and covers","item":"https:\/\/grontkontor.dk\/en\/produkt-kategori\/bags-and-covers\/laptop-bags-and-covers\/"},{"@type":"ListItem","position":5,"name":"Eco-friendly anti-theft backpack w\/wo print"}]},{"@type":"WebSite","@id":"https:\/\/grontkontor.dk\/#website","url":"https:\/\/grontkontor.dk\/","name":"Gr\u00f8nt Kontor","description":"Milj\u00f8venlige produkter til kontor og erhverv med fokus p\u00e5 b\u00e6redygtighed, design og fair trade.","publisher":{"@id":"https:\/\/grontkontor.dk\/#organization"},"potentialAction":[{"@type":"SearchAction","target":{"@type":"EntryPoint","urlTemplate":"https:\/\/grontkontor.dk\/?s={search_term_string}"},"query-input":"required name=search_term_string"}],"inLanguage":"en-US"},{"@type":"Organization","@id":"https:\/\/grontkontor.dk\/#organization","name":"Gr\u00f8nt Kontor","url":"https:\/\/grontkontor.dk\/","logo":{"@type":"ImageObject","inLanguage":"en-US","@id":"https:\/\/grontkontor.dk\/#\/schema\/logo\/image\/","url":"https:\/\/grontkontor.dk\/wp-content\/uploads\/2014\/02\/Logo_groent_kontor_300x80.png","contentUrl":"https:\/\/grontkontor.dk\/wp-content\/uploads\/2014\/02\/Logo_groent_kontor_300x80.png","width":300,"height":80,"caption":"Gr\u00f8nt Kontor"},"image":{"@id":"https:\/\/grontkontor.dk\/#\/schema\/logo\/image\/"},"sameAs":["https:\/\/www.facebook.com\/grontkontor.dk\/"]}]}},"_links":{"self":[{"href":"https:\/\/grontkontor.dk\/en\/wp-json\/wp\/v2\/product\/73460"}],"collection":[{"href":"https:\/\/grontkontor.dk\/en\/wp-json\/wp\/v2\/product"}],"about":[{"href":"https:\/\/grontkontor.dk\/en\/wp-json\/wp\/v2\/types\/product"}],"replies":[{"embeddable":true,"href":"https:\/\/grontkontor.dk\/en\/wp-json\/wp\/v2\/comments?post=73460"}],"wp:featuredmedia":[{"embeddable":true,"href":"https:\/\/grontkontor.dk\/en\/wp-json\/wp\/v2\/media\/33351"}],"wp:attachment":[{"href":"https:\/\/grontkontor.dk\/en\/wp-json\/wp\/v2\/media?parent=73460"}],"wp:term":[{"taxonomy":"product_cat","embeddable":true,"href":"https:\/\/grontkontor.dk\/en\/wp-json\/wp\/v2\/product_cat?post=73460"},{"taxonomy":"product_tag","embeddable":true,"href":"https:\/\/grontkontor.dk\/en\/wp-json\/wp\/v2\/product_tag?post=73460"}],"curies":[{"name":"wp","href":"https:\/\/api.w.org\/{rel}","templated":true}]}}