{"id":73479,"date":"2023-09-22T13:50:19","date_gmt":"2023-09-22T14:01:21","guid":{"rendered":"https:\/\/grontkontor.dk\/produkt\/sustainable-recycled-cap-w-o-print\/"},"modified":"2025-11-06T11:27:32","modified_gmt":"2025-11-06T10:27:32","slug":"miljoevenlig-kasket-i-genanvendte-materialer","status":"publish","type":"product","link":"https:\/\/grontkontor.dk\/en\/shop\/miljoevenlig-kasket-i-genanvendte-materialer\/","title":{"rendered":"Climate-friendly recycled cap w\/wo print"},"content":{"rendered":"<p>An eco-friendly cap in recycled materials is a practical and stylish choice for both everyday life and events. The combination of the two materials recycled cotton and recycled polyester provides a climate-friendly solution where comfort and care go hand in hand. The cap is equipped with ventilation holes for breathability and an adjustable hook-and-loop strap at the back for a perfect fit, even on hot days.  <\/p>\n<p>The classic sun visor effectively protects against the sun and makes the cap ideal for outdoor activities, company trips, sports events or as a functional accessory for leisure wear. The material feels light and comfortable, which means that the cap quickly becomes a favorite among both employees and customers. <\/p>\n<p>As a promotional item, a climate-friendly cap works extremely well. It can be delivered with logo printing or embroidery, allowing you to expose your brand in a natural and useful way. When a cap is used again and again, your logo is displayed in many contexts.  <\/p>\n<p>An eco-friendly cap in recycled materials is therefore more than just practical accessories. They are a clear signal of green values and consideration for the climate, while also providing a pleasant and functional experience for the user. <\/p>\n<p>Get a non-binding offer on embroidery info@grontkontor.dk<\/p>\n<p>Cotton is a biodegradable, compostable natural product and one of the worlds oldest commercial and agricultural commodities. Recycled cotton is less harmful to the climate than conventional \/ organic cotton, and excels in particular by extending the life of cotton products and thereby acts as an extended CO2 storage.  The Global Recycled Standard certification ensures that at least 50% of material is recycled in a final product. GRS also guarantees good working conditions and minimal content of harmful chemicals. <\/p>\n<p>&nbsp;<\/p>\n<p><a href=\"https:\/\/textileexchange.org\/standards\/recycled-claim-standard-global-recycled-standard\/\"><img loading=\"lazy\" decoding=\"async\" src=\"https:\/\/grontkontor.dk\/wp-content\/uploads\/2021\/06\/global-recycled-standard-1.jpg\" alt=\"Global recycled standard\" width=\"50\" height=\"50\" class=\"size-full wp-image-25504\" \/> <\/a> <img loading=\"lazy\" decoding=\"async\" src=\"https:\/\/grontkontor.dk\/wp-content\/uploads\/2021\/02\/genbrug.jpg\" alt=\"Fremstillet af genbrugsmaterialer\" width=\"50\" height=\"50\" class=\"size-full wp-image-23031\" srcset=\"https:\/\/grontkontor.dk\/wp-content\/uploads\/2021\/02\/genbrug.jpg 199w, https:\/\/grontkontor.dk\/wp-content\/uploads\/2021\/02\/genbrug-100x100.jpg 100w\" sizes=\"(max-width: 50px) 100vw, 50px\" \/><\/p>\n","protected":false},"excerpt":{"rendered":"<p>An eco-friendly cap in recycled materials is a practical and stylish choice for both everyday life and events. The combination of the two materials recycled cotton and recycled polyester provides a climate-friendly solution where comfort and care go hand in hand. The cap is equipped with ventilation holes for breathability and an adjustable hook-and-loop strap [&hellip;]<\/p>\n","protected":false},"featured_media":36554,"comment_status":"closed","ping_status":"closed","template":"","meta":{"_acf_changed":false},"product_cat":[4837,2106,2390,3144],"product_tag":[1748,1749],"class_list":{"0":"post-73479","1":"product","2":"type-product","3":"status-publish","4":"has-post-thumbnail","6":"product_cat-headdress","7":"product_cat-dummy-moq-1-en","8":"product_cat-news","9":"product_cat-sports-and-leisure","10":"product_tag-kasket-en","11":"product_tag-hovedbeklaedning-en","12":"tm-has-options","14":"first","15":"instock","16":"taxable","17":"shipping-taxable","18":"purchasable","19":"product-type-variable","20":"has-default-attributes"},"acf":[],"yoast_head":"<!-- This site is optimized with the Yoast SEO Premium plugin v21.2 (Yoast SEO v21.2) - https:\/\/yoast.com\/wordpress\/plugins\/seo\/ -->\n<title>Eco-friendly cap in recycled materials<\/title>\n<meta name=\"description\" content=\"Eco-friendly cap in recycled cotton and polyester with sun visor and hook-and-loop fasteners. Climate-friendly profile clothing with the option of logo printing and embroidery.\" \/>\n<meta name=\"robots\" content=\"index, follow, max-snippet:-1, max-image-preview:large, max-video-preview:-1\" \/>\n<link rel=\"canonical\" href=\"https:\/\/grontkontor.dk\/en\/shop\/miljoevenlig-kasket-i-genanvendte-materialer\/\" \/>\n<meta property=\"og:locale\" content=\"en_US\" \/>\n<meta property=\"og:type\" content=\"article\" \/>\n<meta property=\"og:title\" content=\"Climate-friendly recycled cap w\/wo print\" \/>\n<meta property=\"og:description\" content=\"Eco-friendly cap in recycled cotton and polyester with sun visor and hook-and-loop fasteners. Climate-friendly profile clothing with the option of logo printing and embroidery.\" \/>\n<meta property=\"og:url\" content=\"https:\/\/grontkontor.dk\/en\/shop\/miljoevenlig-kasket-i-genanvendte-materialer\/\" \/>\n<meta property=\"og:site_name\" content=\"Gr\u00f8nt Kontor\" \/>\n<meta property=\"article:publisher\" content=\"https:\/\/www.facebook.com\/grontkontor.dk\/\" \/>\n<meta property=\"article:modified_time\" content=\"2025-11-06T10:27:32+00:00\" \/>\n<meta property=\"og:image\" content=\"https:\/\/grontkontor.dk\/wp-content\/uploads\/2022\/02\/baeredygtigt-kasket-genanvendt-bomuld-sort.jpg\" \/>\n\t<meta property=\"og:image:width\" content=\"1080\" \/>\n\t<meta property=\"og:image:height\" content=\"1080\" \/>\n\t<meta property=\"og:image:type\" content=\"image\/jpeg\" \/>\n<meta name=\"twitter:card\" content=\"summary_large_image\" \/>\n<meta name=\"twitter:label1\" content=\"Est. reading time\" \/>\n\t<meta name=\"twitter:data1\" content=\"1 minute\" \/>\n<script type=\"application\/ld+json\" class=\"yoast-schema-graph\">{\"@context\":\"https:\/\/schema.org\",\"@graph\":[{\"@type\":\"WebPage\",\"@id\":\"https:\/\/grontkontor.dk\/en\/shop\/miljoevenlig-kasket-i-genanvendte-materialer\/\",\"url\":\"https:\/\/grontkontor.dk\/en\/shop\/miljoevenlig-kasket-i-genanvendte-materialer\/\",\"name\":\"Eco-friendly cap in recycled materials\",\"isPartOf\":{\"@id\":\"https:\/\/grontkontor.dk\/#website\"},\"datePublished\":\"2023-09-22T14:01:21+00:00\",\"dateModified\":\"2025-11-06T10:27:32+00:00\",\"description\":\"Eco-friendly cap in recycled cotton and polyester with sun visor and hook-and-loop fasteners. Climate-friendly profile clothing with the option of logo printing and embroidery.\",\"breadcrumb\":{\"@id\":\"https:\/\/grontkontor.dk\/en\/shop\/miljoevenlig-kasket-i-genanvendte-materialer\/#breadcrumb\"},\"inLanguage\":\"en-US\",\"potentialAction\":[{\"@type\":\"ReadAction\",\"target\":[\"https:\/\/grontkontor.dk\/en\/shop\/miljoevenlig-kasket-i-genanvendte-materialer\/\"]}]},{\"@type\":\"BreadcrumbList\",\"@id\":\"https:\/\/grontkontor.dk\/en\/shop\/miljoevenlig-kasket-i-genanvendte-materialer\/#breadcrumb\",\"itemListElement\":[{\"@type\":\"ListItem\",\"position\":1,\"name\":\"Forside\",\"item\":\"https:\/\/grontkontor.dk\/\"},{\"@type\":\"ListItem\",\"position\":2,\"name\":\"Shop\",\"item\":\"https:\/\/grontkontor.dk\/en\/shop-2\/\"},{\"@type\":\"ListItem\",\"position\":3,\"name\":\"Apparel\",\"item\":\"https:\/\/grontkontor.dk\/en\/produkt-kategori\/beklaedning-en\/\"},{\"@type\":\"ListItem\",\"position\":4,\"name\":\"Headdress\",\"item\":\"https:\/\/grontkontor.dk\/en\/produkt-kategori\/beklaedning-en\/headdress\/\"},{\"@type\":\"ListItem\",\"position\":5,\"name\":\"Climate-friendly recycled cap w\/wo print\"}]},{\"@type\":\"WebSite\",\"@id\":\"https:\/\/grontkontor.dk\/#website\",\"url\":\"https:\/\/grontkontor.dk\/\",\"name\":\"Gr\u00f8nt Kontor\",\"description\":\"Milj\u00f8venlige produkter til kontor og erhverv med fokus p\u00e5 b\u00e6redygtighed, design og fair trade.\",\"publisher\":{\"@id\":\"https:\/\/grontkontor.dk\/#organization\"},\"potentialAction\":[{\"@type\":\"SearchAction\",\"target\":{\"@type\":\"EntryPoint\",\"urlTemplate\":\"https:\/\/grontkontor.dk\/?s={search_term_string}\"},\"query-input\":\"required name=search_term_string\"}],\"inLanguage\":\"en-US\"},{\"@type\":\"Organization\",\"@id\":\"https:\/\/grontkontor.dk\/#organization\",\"name\":\"Gr\u00f8nt Kontor\",\"url\":\"https:\/\/grontkontor.dk\/\",\"logo\":{\"@type\":\"ImageObject\",\"inLanguage\":\"en-US\",\"@id\":\"https:\/\/grontkontor.dk\/#\/schema\/logo\/image\/\",\"url\":\"https:\/\/grontkontor.dk\/wp-content\/uploads\/2014\/02\/Logo_groent_kontor_300x80.png\",\"contentUrl\":\"https:\/\/grontkontor.dk\/wp-content\/uploads\/2014\/02\/Logo_groent_kontor_300x80.png\",\"width\":300,\"height\":80,\"caption\":\"Gr\u00f8nt Kontor\"},\"image\":{\"@id\":\"https:\/\/grontkontor.dk\/#\/schema\/logo\/image\/\"},\"sameAs\":[\"https:\/\/www.facebook.com\/grontkontor.dk\/\"]}]}<\/script>\n<!-- \/ Yoast SEO Premium plugin. -->","yoast_head_json":{"title":"Eco-friendly cap in recycled materials","description":"Eco-friendly cap in recycled cotton and polyester with sun visor and hook-and-loop fasteners. Climate-friendly profile clothing with the option of logo printing and embroidery.","robots":{"index":"index","follow":"follow","max-snippet":"max-snippet:-1","max-image-preview":"max-image-preview:large","max-video-preview":"max-video-preview:-1"},"canonical":"https:\/\/grontkontor.dk\/en\/shop\/miljoevenlig-kasket-i-genanvendte-materialer\/","og_locale":"en_US","og_type":"article","og_title":"Climate-friendly recycled cap w\/wo print","og_description":"Eco-friendly cap in recycled cotton and polyester with sun visor and hook-and-loop fasteners. Climate-friendly profile clothing with the option of logo printing and embroidery.","og_url":"https:\/\/grontkontor.dk\/en\/shop\/miljoevenlig-kasket-i-genanvendte-materialer\/","og_site_name":"Gr\u00f8nt Kontor","article_publisher":"https:\/\/www.facebook.com\/grontkontor.dk\/","article_modified_time":"2025-11-06T10:27:32+00:00","og_image":[{"width":1080,"height":1080,"url":"https:\/\/grontkontor.dk\/wp-content\/uploads\/2022\/02\/baeredygtigt-kasket-genanvendt-bomuld-sort.jpg","type":"image\/jpeg"}],"twitter_card":"summary_large_image","twitter_misc":{"Est. reading time":"1 minute"},"schema":{"@context":"https:\/\/schema.org","@graph":[{"@type":"WebPage","@id":"https:\/\/grontkontor.dk\/en\/shop\/miljoevenlig-kasket-i-genanvendte-materialer\/","url":"https:\/\/grontkontor.dk\/en\/shop\/miljoevenlig-kasket-i-genanvendte-materialer\/","name":"Eco-friendly cap in recycled materials","isPartOf":{"@id":"https:\/\/grontkontor.dk\/#website"},"datePublished":"2023-09-22T14:01:21+00:00","dateModified":"2025-11-06T10:27:32+00:00","description":"Eco-friendly cap in recycled cotton and polyester with sun visor and hook-and-loop fasteners. Climate-friendly profile clothing with the option of logo printing and embroidery.","breadcrumb":{"@id":"https:\/\/grontkontor.dk\/en\/shop\/miljoevenlig-kasket-i-genanvendte-materialer\/#breadcrumb"},"inLanguage":"en-US","potentialAction":[{"@type":"ReadAction","target":["https:\/\/grontkontor.dk\/en\/shop\/miljoevenlig-kasket-i-genanvendte-materialer\/"]}]},{"@type":"BreadcrumbList","@id":"https:\/\/grontkontor.dk\/en\/shop\/miljoevenlig-kasket-i-genanvendte-materialer\/#breadcrumb","itemListElement":[{"@type":"ListItem","position":1,"name":"Forside","item":"https:\/\/grontkontor.dk\/"},{"@type":"ListItem","position":2,"name":"Shop","item":"https:\/\/grontkontor.dk\/en\/shop-2\/"},{"@type":"ListItem","position":3,"name":"Apparel","item":"https:\/\/grontkontor.dk\/en\/produkt-kategori\/beklaedning-en\/"},{"@type":"ListItem","position":4,"name":"Headdress","item":"https:\/\/grontkontor.dk\/en\/produkt-kategori\/beklaedning-en\/headdress\/"},{"@type":"ListItem","position":5,"name":"Climate-friendly recycled cap w\/wo print"}]},{"@type":"WebSite","@id":"https:\/\/grontkontor.dk\/#website","url":"https:\/\/grontkontor.dk\/","name":"Gr\u00f8nt Kontor","description":"Milj\u00f8venlige produkter til kontor og erhverv med fokus p\u00e5 b\u00e6redygtighed, design og fair trade.","publisher":{"@id":"https:\/\/grontkontor.dk\/#organization"},"potentialAction":[{"@type":"SearchAction","target":{"@type":"EntryPoint","urlTemplate":"https:\/\/grontkontor.dk\/?s={search_term_string}"},"query-input":"required name=search_term_string"}],"inLanguage":"en-US"},{"@type":"Organization","@id":"https:\/\/grontkontor.dk\/#organization","name":"Gr\u00f8nt Kontor","url":"https:\/\/grontkontor.dk\/","logo":{"@type":"ImageObject","inLanguage":"en-US","@id":"https:\/\/grontkontor.dk\/#\/schema\/logo\/image\/","url":"https:\/\/grontkontor.dk\/wp-content\/uploads\/2014\/02\/Logo_groent_kontor_300x80.png","contentUrl":"https:\/\/grontkontor.dk\/wp-content\/uploads\/2014\/02\/Logo_groent_kontor_300x80.png","width":300,"height":80,"caption":"Gr\u00f8nt Kontor"},"image":{"@id":"https:\/\/grontkontor.dk\/#\/schema\/logo\/image\/"},"sameAs":["https:\/\/www.facebook.com\/grontkontor.dk\/"]}]}},"_links":{"self":[{"href":"https:\/\/grontkontor.dk\/en\/wp-json\/wp\/v2\/product\/73479"}],"collection":[{"href":"https:\/\/grontkontor.dk\/en\/wp-json\/wp\/v2\/product"}],"about":[{"href":"https:\/\/grontkontor.dk\/en\/wp-json\/wp\/v2\/types\/product"}],"replies":[{"embeddable":true,"href":"https:\/\/grontkontor.dk\/en\/wp-json\/wp\/v2\/comments?post=73479"}],"wp:featuredmedia":[{"embeddable":true,"href":"https:\/\/grontkontor.dk\/en\/wp-json\/wp\/v2\/media\/36554"}],"wp:attachment":[{"href":"https:\/\/grontkontor.dk\/en\/wp-json\/wp\/v2\/media?parent=73479"}],"wp:term":[{"taxonomy":"product_cat","embeddable":true,"href":"https:\/\/grontkontor.dk\/en\/wp-json\/wp\/v2\/product_cat?post=73479"},{"taxonomy":"product_tag","embeddable":true,"href":"https:\/\/grontkontor.dk\/en\/wp-json\/wp\/v2\/product_tag?post=73479"}],"curies":[{"name":"wp","href":"https:\/\/api.w.org\/{rel}","templated":true}]}}