{"id":73497,"date":"2025-03-06T08:55:07","date_gmt":"2023-09-22T14:01:50","guid":{"rendered":"https:\/\/grontkontor.dk\/?post_type=product&#038;p=73497"},"modified":"2025-03-14T09:40:13","modified_gmt":"2025-03-14T08:40:13","slug":"miljoevenlige-farveblyanter-12-stk-i-aeske","status":"publish","type":"product","link":"https:\/\/grontkontor.dk\/en\/shop\/miljoevenlige-farveblyanter-12-stk-i-aeske\/","title":{"rendered":"Crayons 12 pcs."},"content":{"rendered":"<p>Crayons made of wood &#8211; delivered in an eco-friendly box made of recycled paper. A climate- and environmentally friendly product, perfect for the climate-friendly kindergarten, library, creative souls or as a handout for a fair or event. Comes with or without print on the front of the box. Minimum order: 250 pcs. with print.   <\/p>\nPaper \/ cardboard is usually produced from recycled paper or wood, which is a renewable resource. Paper is biodegradable and recyclable up to approx. 7 times. Recycled paper, PEFC or FSC certified paper is clearly preferable from an environmental point of view.\n<p>&nbsp;<\/p>\n<img loading=\"lazy\" decoding=\"async\" src=\"https:\/\/grontkontor.dk\/wp-content\/uploads\/2021\/02\/genbrug.jpg\" alt=\"Fremstillet af genbrugsmaterialer\" width=\"50\" height=\"50\" class=\"size-full wp-image-23031\" srcset=\"https:\/\/grontkontor.dk\/wp-content\/uploads\/2021\/02\/genbrug.jpg 199w, https:\/\/grontkontor.dk\/wp-content\/uploads\/2021\/02\/genbrug-100x100.jpg 100w\" sizes=\"(max-width: 50px) 100vw, 50px\" \/>\n","protected":false},"excerpt":{"rendered":"<p>Crayons made of wood &#8211; delivered in an eco-friendly box made of recycled paper. A climate- and environmentally friendly product, perfect for the climate-friendly kindergarten, library, creative souls or as a handout for a fair or event. Comes with or without print on the front of the box. Minimum order: 250 pcs. with print. &nbsp;<\/p>\n","protected":false},"featured_media":38249,"comment_status":"closed","ping_status":"closed","template":"","meta":{"_acf_changed":false},"product_cat":[2106,2390,1234,1286],"product_tag":[1474,1235],"class_list":{"0":"post-73497","1":"product","2":"type-product","3":"status-publish","4":"has-post-thumbnail","6":"product_cat-dummy-moq-1-en","7":"product_cat-news","8":"product_cat-pencils","9":"product_cat-writing-utensils","10":"product_tag-farveblyant-en","11":"product_tag-blyant-en","12":"tm-has-options","14":"first","15":"instock","16":"taxable","17":"shipping-taxable","18":"purchasable","19":"product-type-simple"},"acf":[],"yoast_head":"<!-- This site is optimized with the Yoast SEO Premium plugin v21.2 (Yoast SEO v21.2) - https:\/\/yoast.com\/wordpress\/plugins\/seo\/ -->\n<title>Crayons 12 pcs. - Gr\u00f8nt Kontor<\/title>\n<meta name=\"robots\" content=\"index, follow, max-snippet:-1, max-image-preview:large, max-video-preview:-1\" \/>\n<link rel=\"canonical\" href=\"https:\/\/grontkontor.dk\/shop\/miljoevenlige-farveblyanter-12-stk-i-aeske\/\" \/>\n<meta property=\"og:locale\" content=\"en_US\" \/>\n<meta property=\"og:type\" content=\"article\" \/>\n<meta property=\"og:title\" content=\"Crayons 12 pcs.\" \/>\n<meta property=\"og:description\" content=\"Crayons made of wood &#8211; delivered in an eco-friendly box made of recycled paper. A climate- and environmentally friendly product, perfect for the climate-friendly kindergarten, library, creative souls or as a handout for a fair or event. Comes with or without print on the front of the box. Minimum order: 250 pcs. with print. &nbsp;\" \/>\n<meta property=\"og:url\" content=\"https:\/\/grontkontor.dk\/shop\/miljoevenlige-farveblyanter-12-stk-i-aeske\/\" \/>\n<meta property=\"og:site_name\" content=\"Gr\u00f8nt Kontor\" \/>\n<meta property=\"article:publisher\" content=\"https:\/\/www.facebook.com\/grontkontor.dk\/\" \/>\n<meta property=\"article:modified_time\" content=\"2025-03-14T08:40:13+00:00\" \/>\n<meta property=\"og:image\" content=\"https:\/\/grontkontor.dk\/wp-content\/uploads\/2022\/08\/baeredygtige-farveblyanter-12-stk.jpg\" \/>\n\t<meta property=\"og:image:width\" content=\"900\" \/>\n\t<meta property=\"og:image:height\" content=\"639\" \/>\n\t<meta property=\"og:image:type\" content=\"image\/jpeg\" \/>\n<meta name=\"twitter:card\" content=\"summary_large_image\" \/>\n<script type=\"application\/ld+json\" class=\"yoast-schema-graph\">{\"@context\":\"https:\/\/schema.org\",\"@graph\":[{\"@type\":\"WebPage\",\"@id\":\"https:\/\/grontkontor.dk\/shop\/miljoevenlige-farveblyanter-12-stk-i-aeske\/\",\"url\":\"https:\/\/grontkontor.dk\/shop\/miljoevenlige-farveblyanter-12-stk-i-aeske\/\",\"name\":\"Crayons 12 pcs. - Gr\u00f8nt Kontor\",\"isPartOf\":{\"@id\":\"https:\/\/grontkontor.dk\/#website\"},\"datePublished\":\"2023-09-22T14:01:50+00:00\",\"dateModified\":\"2025-03-14T08:40:13+00:00\",\"breadcrumb\":{\"@id\":\"https:\/\/grontkontor.dk\/shop\/miljoevenlige-farveblyanter-12-stk-i-aeske\/#breadcrumb\"},\"inLanguage\":\"en-US\",\"potentialAction\":[{\"@type\":\"ReadAction\",\"target\":[\"https:\/\/grontkontor.dk\/shop\/miljoevenlige-farveblyanter-12-stk-i-aeske\/\"]}]},{\"@type\":\"BreadcrumbList\",\"@id\":\"https:\/\/grontkontor.dk\/shop\/miljoevenlige-farveblyanter-12-stk-i-aeske\/#breadcrumb\",\"itemListElement\":[{\"@type\":\"ListItem\",\"position\":1,\"name\":\"Forside\",\"item\":\"https:\/\/grontkontor.dk\/\"},{\"@type\":\"ListItem\",\"position\":2,\"name\":\"Shop\",\"item\":\"https:\/\/grontkontor.dk\/en\/shop-2\/\"},{\"@type\":\"ListItem\",\"position\":3,\"name\":\"Writing and pointing equipment\",\"item\":\"https:\/\/grontkontor.dk\/en\/produkt-kategori\/writing-utensils\/\"},{\"@type\":\"ListItem\",\"position\":4,\"name\":\"Pencils\",\"item\":\"https:\/\/grontkontor.dk\/en\/produkt-kategori\/writing-utensils\/pencils\/\"},{\"@type\":\"ListItem\",\"position\":5,\"name\":\"Crayons 12 pcs.\"}]},{\"@type\":\"WebSite\",\"@id\":\"https:\/\/grontkontor.dk\/#website\",\"url\":\"https:\/\/grontkontor.dk\/\",\"name\":\"Gr\u00f8nt Kontor\",\"description\":\"Milj\u00f8venlige produkter til kontor og erhverv med fokus p\u00e5 b\u00e6redygtighed, design og fair trade.\",\"publisher\":{\"@id\":\"https:\/\/grontkontor.dk\/#organization\"},\"potentialAction\":[{\"@type\":\"SearchAction\",\"target\":{\"@type\":\"EntryPoint\",\"urlTemplate\":\"https:\/\/grontkontor.dk\/?s={search_term_string}\"},\"query-input\":\"required name=search_term_string\"}],\"inLanguage\":\"en-US\"},{\"@type\":\"Organization\",\"@id\":\"https:\/\/grontkontor.dk\/#organization\",\"name\":\"Gr\u00f8nt Kontor\",\"url\":\"https:\/\/grontkontor.dk\/\",\"logo\":{\"@type\":\"ImageObject\",\"inLanguage\":\"en-US\",\"@id\":\"https:\/\/grontkontor.dk\/#\/schema\/logo\/image\/\",\"url\":\"https:\/\/grontkontor.dk\/wp-content\/uploads\/2014\/02\/Logo_groent_kontor_300x80.png\",\"contentUrl\":\"https:\/\/grontkontor.dk\/wp-content\/uploads\/2014\/02\/Logo_groent_kontor_300x80.png\",\"width\":300,\"height\":80,\"caption\":\"Gr\u00f8nt Kontor\"},\"image\":{\"@id\":\"https:\/\/grontkontor.dk\/#\/schema\/logo\/image\/\"},\"sameAs\":[\"https:\/\/www.facebook.com\/grontkontor.dk\/\"]}]}<\/script>\n<!-- \/ Yoast SEO Premium plugin. -->","yoast_head_json":{"title":"Crayons 12 pcs. - Gr\u00f8nt Kontor","robots":{"index":"index","follow":"follow","max-snippet":"max-snippet:-1","max-image-preview":"max-image-preview:large","max-video-preview":"max-video-preview:-1"},"canonical":"https:\/\/grontkontor.dk\/shop\/miljoevenlige-farveblyanter-12-stk-i-aeske\/","og_locale":"en_US","og_type":"article","og_title":"Crayons 12 pcs.","og_description":"Crayons made of wood &#8211; delivered in an eco-friendly box made of recycled paper. A climate- and environmentally friendly product, perfect for the climate-friendly kindergarten, library, creative souls or as a handout for a fair or event. Comes with or without print on the front of the box. Minimum order: 250 pcs. with print. &nbsp;","og_url":"https:\/\/grontkontor.dk\/shop\/miljoevenlige-farveblyanter-12-stk-i-aeske\/","og_site_name":"Gr\u00f8nt Kontor","article_publisher":"https:\/\/www.facebook.com\/grontkontor.dk\/","article_modified_time":"2025-03-14T08:40:13+00:00","og_image":[{"width":900,"height":639,"url":"https:\/\/grontkontor.dk\/wp-content\/uploads\/2022\/08\/baeredygtige-farveblyanter-12-stk.jpg","type":"image\/jpeg"}],"twitter_card":"summary_large_image","schema":{"@context":"https:\/\/schema.org","@graph":[{"@type":"WebPage","@id":"https:\/\/grontkontor.dk\/shop\/miljoevenlige-farveblyanter-12-stk-i-aeske\/","url":"https:\/\/grontkontor.dk\/shop\/miljoevenlige-farveblyanter-12-stk-i-aeske\/","name":"Crayons 12 pcs. - Gr\u00f8nt Kontor","isPartOf":{"@id":"https:\/\/grontkontor.dk\/#website"},"datePublished":"2023-09-22T14:01:50+00:00","dateModified":"2025-03-14T08:40:13+00:00","breadcrumb":{"@id":"https:\/\/grontkontor.dk\/shop\/miljoevenlige-farveblyanter-12-stk-i-aeske\/#breadcrumb"},"inLanguage":"en-US","potentialAction":[{"@type":"ReadAction","target":["https:\/\/grontkontor.dk\/shop\/miljoevenlige-farveblyanter-12-stk-i-aeske\/"]}]},{"@type":"BreadcrumbList","@id":"https:\/\/grontkontor.dk\/shop\/miljoevenlige-farveblyanter-12-stk-i-aeske\/#breadcrumb","itemListElement":[{"@type":"ListItem","position":1,"name":"Forside","item":"https:\/\/grontkontor.dk\/"},{"@type":"ListItem","position":2,"name":"Shop","item":"https:\/\/grontkontor.dk\/en\/shop-2\/"},{"@type":"ListItem","position":3,"name":"Writing and pointing equipment","item":"https:\/\/grontkontor.dk\/en\/produkt-kategori\/writing-utensils\/"},{"@type":"ListItem","position":4,"name":"Pencils","item":"https:\/\/grontkontor.dk\/en\/produkt-kategori\/writing-utensils\/pencils\/"},{"@type":"ListItem","position":5,"name":"Crayons 12 pcs."}]},{"@type":"WebSite","@id":"https:\/\/grontkontor.dk\/#website","url":"https:\/\/grontkontor.dk\/","name":"Gr\u00f8nt Kontor","description":"Milj\u00f8venlige produkter til kontor og erhverv med fokus p\u00e5 b\u00e6redygtighed, design og fair trade.","publisher":{"@id":"https:\/\/grontkontor.dk\/#organization"},"potentialAction":[{"@type":"SearchAction","target":{"@type":"EntryPoint","urlTemplate":"https:\/\/grontkontor.dk\/?s={search_term_string}"},"query-input":"required name=search_term_string"}],"inLanguage":"en-US"},{"@type":"Organization","@id":"https:\/\/grontkontor.dk\/#organization","name":"Gr\u00f8nt Kontor","url":"https:\/\/grontkontor.dk\/","logo":{"@type":"ImageObject","inLanguage":"en-US","@id":"https:\/\/grontkontor.dk\/#\/schema\/logo\/image\/","url":"https:\/\/grontkontor.dk\/wp-content\/uploads\/2014\/02\/Logo_groent_kontor_300x80.png","contentUrl":"https:\/\/grontkontor.dk\/wp-content\/uploads\/2014\/02\/Logo_groent_kontor_300x80.png","width":300,"height":80,"caption":"Gr\u00f8nt Kontor"},"image":{"@id":"https:\/\/grontkontor.dk\/#\/schema\/logo\/image\/"},"sameAs":["https:\/\/www.facebook.com\/grontkontor.dk\/"]}]}},"_links":{"self":[{"href":"https:\/\/grontkontor.dk\/en\/wp-json\/wp\/v2\/product\/73497"}],"collection":[{"href":"https:\/\/grontkontor.dk\/en\/wp-json\/wp\/v2\/product"}],"about":[{"href":"https:\/\/grontkontor.dk\/en\/wp-json\/wp\/v2\/types\/product"}],"replies":[{"embeddable":true,"href":"https:\/\/grontkontor.dk\/en\/wp-json\/wp\/v2\/comments?post=73497"}],"wp:featuredmedia":[{"embeddable":true,"href":"https:\/\/grontkontor.dk\/en\/wp-json\/wp\/v2\/media\/38249"}],"wp:attachment":[{"href":"https:\/\/grontkontor.dk\/en\/wp-json\/wp\/v2\/media?parent=73497"}],"wp:term":[{"taxonomy":"product_cat","embeddable":true,"href":"https:\/\/grontkontor.dk\/en\/wp-json\/wp\/v2\/product_cat?post=73497"},{"taxonomy":"product_tag","embeddable":true,"href":"https:\/\/grontkontor.dk\/en\/wp-json\/wp\/v2\/product_tag?post=73497"}],"curies":[{"name":"wp","href":"https:\/\/api.w.org\/{rel}","templated":true}]}}