{"id":73512,"date":"2023-09-22T13:51:41","date_gmt":"2023-09-22T14:02:11","guid":{"rendered":"https:\/\/grontkontor.dk\/produkt\/sustainable-height-adjustable-table-in-bamboo\/"},"modified":"2023-09-22T16:02:27","modified_gmt":"2023-09-22T14:02:27","slug":"sustainable-height-adjustable-table-in-bamboo","status":"publish","type":"product","link":"https:\/\/grontkontor.dk\/en\/shop\/sustainable-height-adjustable-table-in-bamboo\/","title":{"rendered":"Sustainable height adjustable table in bamboo"},"content":{"rendered":"<p>Well-designed height adjustable table in bamboo and steel. Bamboo is an extremely sustainable material, as it is grown completely without the use of chemical substances. The table top is made of bamboo and can be supplied in the following shades: Natural, glow, dark and black. The table is surface treated with oil, which is made from natural materials. Approved for food. The table&#8217;s frame is made from recycled steel from boats. The frame is available in black or steel. Manufactured with both sustainability and social responsibility in mind.<\/p>\n<p>Bamboo is an extremely sustainable biodegradable material, with extremely fast regeneration when harvested. Bamboo, like other natural products, functions as a CO2 depot throughout the products lifetime.  Steel\/iron is a recyclable and practically unlimited resource that does not pollute when disposed of. Steel offers the possibility of repeated recycling ad infinitum, which means that the vast majority of steel on the market consists predominantly of recycled steel.  The FSC certification ensures replanting of forests, protection of animal and plant life and ensuring good pay and working conditions.  CE - Conformit\u00e9 Europ\u00e9enne (European standard) certifies compliance with european standards for safety, health and environment. <\/p>\n<p>&nbsp;<\/p>\n<p><a href=\"https:\/\/ic.fsc.org\/en\/\" target=\"window\"><img loading=\"lazy\" decoding=\"async\" class=\"size-full wp-image-12735\" src=\"https:\/\/grontkontor.dk\/wp-content\/uploads\/2019\/04\/fsc-certificeret.png\" \n\t\t alt=\"FSC-certificeret\" title=\"FSC-certificeret\" width=\"44\" height=\"51\" border=0\/><\/a> <img loading=\"lazy\" decoding=\"async\" class=\"size-full wp-image-24814\" src=\"https:\/\/grontkontor.dk\/wp-content\/uploads\/2021\/06\/ce-certificeret.jpg\" alt=\"CE Certificeret\" width=\"50\" height=\"50\" srcset=\"https:\/\/grontkontor.dk\/wp-content\/uploads\/2021\/06\/ce-certificeret.jpg 209w, https:\/\/grontkontor.dk\/wp-content\/uploads\/2021\/06\/ce-certificeret-100x100.jpg 100w, https:\/\/grontkontor.dk\/wp-content\/uploads\/2021\/06\/ce-certificeret-150x150.jpg 150w\" sizes=\"(max-width: 50px) 100vw, 50px\" \/> <img loading=\"lazy\" decoding=\"async\" class=\"size-medium wp-image-21008\" src=\"https:\/\/grontkontor.dk\/wp-content\/uploads\/2020\/11\/eu-flag_1-300x199.jpg\" alt=\"Fremstillet i EU\" width=\"76\" height=\"50\" srcset=\"https:\/\/grontkontor.dk\/wp-content\/uploads\/2020\/11\/eu-flag_1-300x199.jpg 300w, https:\/\/grontkontor.dk\/wp-content\/uploads\/2020\/11\/eu-flag_1.jpg 530w\" sizes=\"(max-width: 76px) 100vw, 76px\" \/><\/p>\n","protected":false},"excerpt":{"rendered":"<p>Well-designed height adjustable table in bamboo and steel. Bamboo is an extremely sustainable material, as it is grown completely without the use of chemical substances. The table top is made of bamboo and can be supplied in the following shades: Natural, glow, dark and black. The table is surface treated with oil, which is made [&hellip;]<\/p>\n","protected":false},"featured_media":35674,"comment_status":"closed","ping_status":"closed","template":"","meta":{"_acf_changed":false},"product_cat":[2670,2174,2106,2390,1853,1280],"product_tag":[2698,2974,2975,2944],"class_list":{"0":"post-73512","1":"product","2":"type-product","3":"status-publish","4":"has-post-thumbnail","6":"product_cat-tables","7":"product_cat-bamboo-products","8":"product_cat-dummy-moq-1-en","9":"product_cat-news","10":"product_cat-product-series","11":"product_cat-sustainable-election-equipment","12":"product_tag-furniture","13":"product_tag-furniture-en","14":"product_tag-height-adjustable-desk","15":"product_tag-office","16":"tm-no-options","18":"first","19":"instock","20":"taxable","21":"shipping-taxable","22":"purchasable","23":"product-type-variable"},"acf":[],"yoast_head":"<!-- This site is optimized with the Yoast SEO Premium plugin v21.2 (Yoast SEO v21.2) - https:\/\/yoast.com\/wordpress\/plugins\/seo\/ -->\n<title>Sustainable height adjustable table in bamboo - Gr\u00f8nt Kontor<\/title>\n<meta name=\"robots\" content=\"index, follow, max-snippet:-1, max-image-preview:large, max-video-preview:-1\" \/>\n<link rel=\"canonical\" href=\"https:\/\/grontkontor.dk\/en\/shop\/sustainable-height-adjustable-table-in-bamboo\/\" \/>\n<meta property=\"og:locale\" content=\"en_US\" \/>\n<meta property=\"og:type\" content=\"article\" \/>\n<meta property=\"og:title\" content=\"Sustainable height adjustable table in bamboo\" \/>\n<meta property=\"og:description\" content=\"Well-designed height adjustable table in bamboo and steel. Bamboo is an extremely sustainable material, as it is grown completely without the use of chemical substances. The table top is made of bamboo and can be supplied in the following shades: Natural, glow, dark and black. The table is surface treated with oil, which is made [&hellip;]\" \/>\n<meta property=\"og:url\" content=\"https:\/\/grontkontor.dk\/en\/shop\/sustainable-height-adjustable-table-in-bamboo\/\" \/>\n<meta property=\"og:site_name\" content=\"Gr\u00f8nt Kontor\" \/>\n<meta property=\"article:publisher\" content=\"https:\/\/www.facebook.com\/grontkontor.dk\/\" \/>\n<meta property=\"article:modified_time\" content=\"2023-09-22T14:02:27+00:00\" \/>\n<meta property=\"og:image\" content=\"https:\/\/grontkontor.dk\/wp-content\/uploads\/2022\/04\/haeve-saenkebord-bambus-gloed-01.jpg\" \/>\n\t<meta property=\"og:image:width\" content=\"900\" \/>\n\t<meta property=\"og:image:height\" content=\"639\" \/>\n\t<meta property=\"og:image:type\" content=\"image\/jpeg\" \/>\n<meta name=\"twitter:card\" content=\"summary_large_image\" \/>\n<meta name=\"twitter:label1\" content=\"Est. reading time\" \/>\n\t<meta name=\"twitter:data1\" content=\"1 minute\" \/>\n<script type=\"application\/ld+json\" class=\"yoast-schema-graph\">{\"@context\":\"https:\/\/schema.org\",\"@graph\":[{\"@type\":\"WebPage\",\"@id\":\"https:\/\/grontkontor.dk\/en\/shop\/sustainable-height-adjustable-table-in-bamboo\/\",\"url\":\"https:\/\/grontkontor.dk\/en\/shop\/sustainable-height-adjustable-table-in-bamboo\/\",\"name\":\"Sustainable height adjustable table in bamboo - Gr\u00f8nt Kontor\",\"isPartOf\":{\"@id\":\"https:\/\/grontkontor.dk\/#website\"},\"datePublished\":\"2023-09-22T14:02:11+00:00\",\"dateModified\":\"2023-09-22T14:02:27+00:00\",\"breadcrumb\":{\"@id\":\"https:\/\/grontkontor.dk\/en\/shop\/sustainable-height-adjustable-table-in-bamboo\/#breadcrumb\"},\"inLanguage\":\"en-US\",\"potentialAction\":[{\"@type\":\"ReadAction\",\"target\":[\"https:\/\/grontkontor.dk\/en\/shop\/sustainable-height-adjustable-table-in-bamboo\/\"]}]},{\"@type\":\"BreadcrumbList\",\"@id\":\"https:\/\/grontkontor.dk\/en\/shop\/sustainable-height-adjustable-table-in-bamboo\/#breadcrumb\",\"itemListElement\":[{\"@type\":\"ListItem\",\"position\":1,\"name\":\"Forside\",\"item\":\"https:\/\/grontkontor.dk\/\"},{\"@type\":\"ListItem\",\"position\":2,\"name\":\"Shop\",\"item\":\"https:\/\/grontkontor.dk\/en\/shop-2\/\"},{\"@type\":\"ListItem\",\"position\":3,\"name\":\"M\u00f8bler og inventar\",\"item\":\"https:\/\/grontkontor.dk\/produkt-kategori\/mobler-og-inventar\/\"},{\"@type\":\"ListItem\",\"position\":4,\"name\":\"Borde\",\"item\":\"https:\/\/grontkontor.dk\/produkt-kategori\/mobler-og-inventar\/borde\/\"},{\"@type\":\"ListItem\",\"position\":5,\"name\":\"Sustainable height adjustable table in bamboo\"}]},{\"@type\":\"WebSite\",\"@id\":\"https:\/\/grontkontor.dk\/#website\",\"url\":\"https:\/\/grontkontor.dk\/\",\"name\":\"Gr\u00f8nt Kontor\",\"description\":\"Milj\u00f8venlige produkter til kontor og erhverv med fokus p\u00e5 b\u00e6redygtighed, design og fair trade.\",\"publisher\":{\"@id\":\"https:\/\/grontkontor.dk\/#organization\"},\"potentialAction\":[{\"@type\":\"SearchAction\",\"target\":{\"@type\":\"EntryPoint\",\"urlTemplate\":\"https:\/\/grontkontor.dk\/?s={search_term_string}\"},\"query-input\":\"required name=search_term_string\"}],\"inLanguage\":\"en-US\"},{\"@type\":\"Organization\",\"@id\":\"https:\/\/grontkontor.dk\/#organization\",\"name\":\"Gr\u00f8nt Kontor\",\"url\":\"https:\/\/grontkontor.dk\/\",\"logo\":{\"@type\":\"ImageObject\",\"inLanguage\":\"en-US\",\"@id\":\"https:\/\/grontkontor.dk\/#\/schema\/logo\/image\/\",\"url\":\"https:\/\/grontkontor.dk\/wp-content\/uploads\/2014\/02\/Logo_groent_kontor_300x80.png\",\"contentUrl\":\"https:\/\/grontkontor.dk\/wp-content\/uploads\/2014\/02\/Logo_groent_kontor_300x80.png\",\"width\":300,\"height\":80,\"caption\":\"Gr\u00f8nt Kontor\"},\"image\":{\"@id\":\"https:\/\/grontkontor.dk\/#\/schema\/logo\/image\/\"},\"sameAs\":[\"https:\/\/www.facebook.com\/grontkontor.dk\/\"]}]}<\/script>\n<!-- \/ Yoast SEO Premium plugin. -->","yoast_head_json":{"title":"Sustainable height adjustable table in bamboo - Gr\u00f8nt Kontor","robots":{"index":"index","follow":"follow","max-snippet":"max-snippet:-1","max-image-preview":"max-image-preview:large","max-video-preview":"max-video-preview:-1"},"canonical":"https:\/\/grontkontor.dk\/en\/shop\/sustainable-height-adjustable-table-in-bamboo\/","og_locale":"en_US","og_type":"article","og_title":"Sustainable height adjustable table in bamboo","og_description":"Well-designed height adjustable table in bamboo and steel. Bamboo is an extremely sustainable material, as it is grown completely without the use of chemical substances. The table top is made of bamboo and can be supplied in the following shades: Natural, glow, dark and black. The table is surface treated with oil, which is made [&hellip;]","og_url":"https:\/\/grontkontor.dk\/en\/shop\/sustainable-height-adjustable-table-in-bamboo\/","og_site_name":"Gr\u00f8nt Kontor","article_publisher":"https:\/\/www.facebook.com\/grontkontor.dk\/","article_modified_time":"2023-09-22T14:02:27+00:00","og_image":[{"width":900,"height":639,"url":"https:\/\/grontkontor.dk\/wp-content\/uploads\/2022\/04\/haeve-saenkebord-bambus-gloed-01.jpg","type":"image\/jpeg"}],"twitter_card":"summary_large_image","twitter_misc":{"Est. reading time":"1 minute"},"schema":{"@context":"https:\/\/schema.org","@graph":[{"@type":"WebPage","@id":"https:\/\/grontkontor.dk\/en\/shop\/sustainable-height-adjustable-table-in-bamboo\/","url":"https:\/\/grontkontor.dk\/en\/shop\/sustainable-height-adjustable-table-in-bamboo\/","name":"Sustainable height adjustable table in bamboo - Gr\u00f8nt Kontor","isPartOf":{"@id":"https:\/\/grontkontor.dk\/#website"},"datePublished":"2023-09-22T14:02:11+00:00","dateModified":"2023-09-22T14:02:27+00:00","breadcrumb":{"@id":"https:\/\/grontkontor.dk\/en\/shop\/sustainable-height-adjustable-table-in-bamboo\/#breadcrumb"},"inLanguage":"en-US","potentialAction":[{"@type":"ReadAction","target":["https:\/\/grontkontor.dk\/en\/shop\/sustainable-height-adjustable-table-in-bamboo\/"]}]},{"@type":"BreadcrumbList","@id":"https:\/\/grontkontor.dk\/en\/shop\/sustainable-height-adjustable-table-in-bamboo\/#breadcrumb","itemListElement":[{"@type":"ListItem","position":1,"name":"Forside","item":"https:\/\/grontkontor.dk\/"},{"@type":"ListItem","position":2,"name":"Shop","item":"https:\/\/grontkontor.dk\/en\/shop-2\/"},{"@type":"ListItem","position":3,"name":"M\u00f8bler og inventar","item":"https:\/\/grontkontor.dk\/produkt-kategori\/mobler-og-inventar\/"},{"@type":"ListItem","position":4,"name":"Borde","item":"https:\/\/grontkontor.dk\/produkt-kategori\/mobler-og-inventar\/borde\/"},{"@type":"ListItem","position":5,"name":"Sustainable height adjustable table in bamboo"}]},{"@type":"WebSite","@id":"https:\/\/grontkontor.dk\/#website","url":"https:\/\/grontkontor.dk\/","name":"Gr\u00f8nt Kontor","description":"Milj\u00f8venlige produkter til kontor og erhverv med fokus p\u00e5 b\u00e6redygtighed, design og fair trade.","publisher":{"@id":"https:\/\/grontkontor.dk\/#organization"},"potentialAction":[{"@type":"SearchAction","target":{"@type":"EntryPoint","urlTemplate":"https:\/\/grontkontor.dk\/?s={search_term_string}"},"query-input":"required name=search_term_string"}],"inLanguage":"en-US"},{"@type":"Organization","@id":"https:\/\/grontkontor.dk\/#organization","name":"Gr\u00f8nt Kontor","url":"https:\/\/grontkontor.dk\/","logo":{"@type":"ImageObject","inLanguage":"en-US","@id":"https:\/\/grontkontor.dk\/#\/schema\/logo\/image\/","url":"https:\/\/grontkontor.dk\/wp-content\/uploads\/2014\/02\/Logo_groent_kontor_300x80.png","contentUrl":"https:\/\/grontkontor.dk\/wp-content\/uploads\/2014\/02\/Logo_groent_kontor_300x80.png","width":300,"height":80,"caption":"Gr\u00f8nt Kontor"},"image":{"@id":"https:\/\/grontkontor.dk\/#\/schema\/logo\/image\/"},"sameAs":["https:\/\/www.facebook.com\/grontkontor.dk\/"]}]}},"_links":{"self":[{"href":"https:\/\/grontkontor.dk\/en\/wp-json\/wp\/v2\/product\/73512"}],"collection":[{"href":"https:\/\/grontkontor.dk\/en\/wp-json\/wp\/v2\/product"}],"about":[{"href":"https:\/\/grontkontor.dk\/en\/wp-json\/wp\/v2\/types\/product"}],"replies":[{"embeddable":true,"href":"https:\/\/grontkontor.dk\/en\/wp-json\/wp\/v2\/comments?post=73512"}],"wp:featuredmedia":[{"embeddable":true,"href":"https:\/\/grontkontor.dk\/en\/wp-json\/wp\/v2\/media\/35674"}],"wp:attachment":[{"href":"https:\/\/grontkontor.dk\/en\/wp-json\/wp\/v2\/media?parent=73512"}],"wp:term":[{"taxonomy":"product_cat","embeddable":true,"href":"https:\/\/grontkontor.dk\/en\/wp-json\/wp\/v2\/product_cat?post=73512"},{"taxonomy":"product_tag","embeddable":true,"href":"https:\/\/grontkontor.dk\/en\/wp-json\/wp\/v2\/product_tag?post=73512"}],"curies":[{"name":"wp","href":"https:\/\/api.w.org\/{rel}","templated":true}]}}