{"id":73579,"date":"2023-09-22T13:55:58","date_gmt":"2023-09-22T14:03:29","guid":{"rendered":"https:\/\/grontkontor.dk\/produkt\/pen-case-in-bamboo-and-rpet\/"},"modified":"2024-02-27T09:34:21","modified_gmt":"2024-02-27T08:34:21","slug":"pen-case-in-bamboo-and-rpet","status":"publish","type":"product","link":"https:\/\/grontkontor.dk\/en\/shop\/pen-case-in-bamboo-and-rpet\/","title":{"rendered":"Pen case in bamboo and rPET"},"content":{"rendered":"<p>Exclusive and climate-friendly pen case made of bamboo and rPET. The lid, made of bamboo, works both as a ruler and holder for mobile or tablet. Can be used as storage for smaller items such as charging cables or as a pencil case.<\/p>\n<p>&nbsp;<\/p>\n<p>rPET (recycled polyethylene) is a food-grade, climate-friendly and reusable recycled plastic typically made from recycled water bottles. rPET has a high carbon content, and is therefore an effective carbon depot throughout the lifetime of the product and recycled products.  Bamboo is an extremely sustainable biodegradable material, with extremely fast regeneration when harvested. Bamboo, like other natural products, functions as a CO2 depot throughout the products lifetime. <\/p>\n<p>&nbsp;<\/p>\n<img loading=\"lazy\" decoding=\"async\" src=\"https:\/\/grontkontor.dk\/wp-content\/uploads\/2021\/02\/genbrug.jpg\" alt=\"Fremstillet af genbrugsmaterialer\" width=\"50\" height=\"50\" class=\"size-full wp-image-23031\" srcset=\"https:\/\/grontkontor.dk\/wp-content\/uploads\/2021\/02\/genbrug.jpg 199w, https:\/\/grontkontor.dk\/wp-content\/uploads\/2021\/02\/genbrug-100x100.jpg 100w\" sizes=\"(max-width: 50px) 100vw, 50px\" \/>\n","protected":false},"excerpt":{"rendered":"<p>Exclusive and climate-friendly pen case made of bamboo and rPET. The lid, made of bamboo, works both as a ruler and holder for mobile or tablet. Can be used as storage for smaller items such as charging cables or as a pencil case. &nbsp; &nbsp;<\/p>\n","protected":false},"featured_media":39162,"comment_status":"closed","ping_status":"closed","template":"","meta":{"_acf_changed":false},"product_cat":[2174,1262,2106,2390,1309,1303,1263,1853,1286],"product_tag":[1702,1266],"class_list":{"0":"post-73579","1":"product","2":"type-product","3":"status-publish","4":"has-post-thumbnail","6":"product_cat-bamboo-products","7":"product_cat-sustainable-presents","8":"product_cat-dummy-moq-1-en","9":"product_cat-news","10":"product_cat-pen-holders-en","11":"product_cat-pen-holders","12":"product_cat-pencil-cases","13":"product_cat-product-series","14":"product_cat-writing-utensils","15":"product_tag-penalhus-en","16":"product_tag-penneetui-en","17":"tm-has-options","19":"first","20":"instock","21":"taxable","22":"shipping-taxable","23":"purchasable","24":"product-type-simple"},"acf":[],"yoast_head":"<!-- This site is optimized with the Yoast SEO Premium plugin v21.2 (Yoast SEO v21.2) - https:\/\/yoast.com\/wordpress\/plugins\/seo\/ -->\n<title>Pen case in bamboo and rPET - Gr\u00f8nt Kontor<\/title>\n<meta name=\"robots\" content=\"index, follow, max-snippet:-1, max-image-preview:large, max-video-preview:-1\" \/>\n<link rel=\"canonical\" href=\"https:\/\/grontkontor.dk\/en\/shop\/pen-case-in-bamboo-and-rpet\/\" \/>\n<meta property=\"og:locale\" content=\"en_US\" \/>\n<meta property=\"og:type\" content=\"article\" \/>\n<meta property=\"og:title\" content=\"Pen case in bamboo and rPET\" \/>\n<meta property=\"og:description\" content=\"Exclusive and climate-friendly pen case made of bamboo and rPET. The lid, made of bamboo, works both as a ruler and holder for mobile or tablet. Can be used as storage for smaller items such as charging cables or as a pencil case. &nbsp; &nbsp;\" \/>\n<meta property=\"og:url\" content=\"https:\/\/grontkontor.dk\/en\/shop\/pen-case-in-bamboo-and-rpet\/\" \/>\n<meta property=\"og:site_name\" content=\"Gr\u00f8nt Kontor\" \/>\n<meta property=\"article:publisher\" content=\"https:\/\/www.facebook.com\/grontkontor.dk\/\" \/>\n<meta property=\"article:modified_time\" content=\"2024-02-27T08:34:21+00:00\" \/>\n<meta property=\"og:image\" content=\"https:\/\/grontkontor.dk\/wp-content\/uploads\/2022\/11\/penneetui-bambus-rpet-filt-03.jpg\" \/>\n\t<meta property=\"og:image:width\" content=\"900\" \/>\n\t<meta property=\"og:image:height\" content=\"639\" \/>\n\t<meta property=\"og:image:type\" content=\"image\/jpeg\" \/>\n<meta name=\"twitter:card\" content=\"summary_large_image\" \/>\n<script type=\"application\/ld+json\" class=\"yoast-schema-graph\">{\"@context\":\"https:\/\/schema.org\",\"@graph\":[{\"@type\":\"WebPage\",\"@id\":\"https:\/\/grontkontor.dk\/en\/shop\/pen-case-in-bamboo-and-rpet\/\",\"url\":\"https:\/\/grontkontor.dk\/en\/shop\/pen-case-in-bamboo-and-rpet\/\",\"name\":\"Pen case in bamboo and rPET - Gr\u00f8nt Kontor\",\"isPartOf\":{\"@id\":\"https:\/\/grontkontor.dk\/#website\"},\"datePublished\":\"2023-09-22T14:03:29+00:00\",\"dateModified\":\"2024-02-27T08:34:21+00:00\",\"breadcrumb\":{\"@id\":\"https:\/\/grontkontor.dk\/en\/shop\/pen-case-in-bamboo-and-rpet\/#breadcrumb\"},\"inLanguage\":\"en-US\",\"potentialAction\":[{\"@type\":\"ReadAction\",\"target\":[\"https:\/\/grontkontor.dk\/en\/shop\/pen-case-in-bamboo-and-rpet\/\"]}]},{\"@type\":\"BreadcrumbList\",\"@id\":\"https:\/\/grontkontor.dk\/en\/shop\/pen-case-in-bamboo-and-rpet\/#breadcrumb\",\"itemListElement\":[{\"@type\":\"ListItem\",\"position\":1,\"name\":\"Forside\",\"item\":\"https:\/\/grontkontor.dk\/\"},{\"@type\":\"ListItem\",\"position\":2,\"name\":\"Shop\",\"item\":\"https:\/\/grontkontor.dk\/en\/shop-2\/\"},{\"@type\":\"ListItem\",\"position\":3,\"name\":\"Skrivebordsudstyr\",\"item\":\"https:\/\/grontkontor.dk\/produkt-kategori\/skrivebordsudstyr\/\"},{\"@type\":\"ListItem\",\"position\":4,\"name\":\"Penneholdere\",\"item\":\"https:\/\/grontkontor.dk\/produkt-kategori\/skrivebordsudstyr\/penneholdere-skrivebordsudstyr\/\"},{\"@type\":\"ListItem\",\"position\":5,\"name\":\"Pen case in bamboo and rPET\"}]},{\"@type\":\"WebSite\",\"@id\":\"https:\/\/grontkontor.dk\/#website\",\"url\":\"https:\/\/grontkontor.dk\/\",\"name\":\"Gr\u00f8nt Kontor\",\"description\":\"Milj\u00f8venlige produkter til kontor og erhverv med fokus p\u00e5 b\u00e6redygtighed, design og fair trade.\",\"publisher\":{\"@id\":\"https:\/\/grontkontor.dk\/#organization\"},\"potentialAction\":[{\"@type\":\"SearchAction\",\"target\":{\"@type\":\"EntryPoint\",\"urlTemplate\":\"https:\/\/grontkontor.dk\/?s={search_term_string}\"},\"query-input\":\"required name=search_term_string\"}],\"inLanguage\":\"en-US\"},{\"@type\":\"Organization\",\"@id\":\"https:\/\/grontkontor.dk\/#organization\",\"name\":\"Gr\u00f8nt Kontor\",\"url\":\"https:\/\/grontkontor.dk\/\",\"logo\":{\"@type\":\"ImageObject\",\"inLanguage\":\"en-US\",\"@id\":\"https:\/\/grontkontor.dk\/#\/schema\/logo\/image\/\",\"url\":\"https:\/\/grontkontor.dk\/wp-content\/uploads\/2014\/02\/Logo_groent_kontor_300x80.png\",\"contentUrl\":\"https:\/\/grontkontor.dk\/wp-content\/uploads\/2014\/02\/Logo_groent_kontor_300x80.png\",\"width\":300,\"height\":80,\"caption\":\"Gr\u00f8nt Kontor\"},\"image\":{\"@id\":\"https:\/\/grontkontor.dk\/#\/schema\/logo\/image\/\"},\"sameAs\":[\"https:\/\/www.facebook.com\/grontkontor.dk\/\"]}]}<\/script>\n<!-- \/ Yoast SEO Premium plugin. -->","yoast_head_json":{"title":"Pen case in bamboo and rPET - Gr\u00f8nt Kontor","robots":{"index":"index","follow":"follow","max-snippet":"max-snippet:-1","max-image-preview":"max-image-preview:large","max-video-preview":"max-video-preview:-1"},"canonical":"https:\/\/grontkontor.dk\/en\/shop\/pen-case-in-bamboo-and-rpet\/","og_locale":"en_US","og_type":"article","og_title":"Pen case in bamboo and rPET","og_description":"Exclusive and climate-friendly pen case made of bamboo and rPET. The lid, made of bamboo, works both as a ruler and holder for mobile or tablet. Can be used as storage for smaller items such as charging cables or as a pencil case. &nbsp; &nbsp;","og_url":"https:\/\/grontkontor.dk\/en\/shop\/pen-case-in-bamboo-and-rpet\/","og_site_name":"Gr\u00f8nt Kontor","article_publisher":"https:\/\/www.facebook.com\/grontkontor.dk\/","article_modified_time":"2024-02-27T08:34:21+00:00","og_image":[{"width":900,"height":639,"url":"https:\/\/grontkontor.dk\/wp-content\/uploads\/2022\/11\/penneetui-bambus-rpet-filt-03.jpg","type":"image\/jpeg"}],"twitter_card":"summary_large_image","schema":{"@context":"https:\/\/schema.org","@graph":[{"@type":"WebPage","@id":"https:\/\/grontkontor.dk\/en\/shop\/pen-case-in-bamboo-and-rpet\/","url":"https:\/\/grontkontor.dk\/en\/shop\/pen-case-in-bamboo-and-rpet\/","name":"Pen case in bamboo and rPET - Gr\u00f8nt Kontor","isPartOf":{"@id":"https:\/\/grontkontor.dk\/#website"},"datePublished":"2023-09-22T14:03:29+00:00","dateModified":"2024-02-27T08:34:21+00:00","breadcrumb":{"@id":"https:\/\/grontkontor.dk\/en\/shop\/pen-case-in-bamboo-and-rpet\/#breadcrumb"},"inLanguage":"en-US","potentialAction":[{"@type":"ReadAction","target":["https:\/\/grontkontor.dk\/en\/shop\/pen-case-in-bamboo-and-rpet\/"]}]},{"@type":"BreadcrumbList","@id":"https:\/\/grontkontor.dk\/en\/shop\/pen-case-in-bamboo-and-rpet\/#breadcrumb","itemListElement":[{"@type":"ListItem","position":1,"name":"Forside","item":"https:\/\/grontkontor.dk\/"},{"@type":"ListItem","position":2,"name":"Shop","item":"https:\/\/grontkontor.dk\/en\/shop-2\/"},{"@type":"ListItem","position":3,"name":"Skrivebordsudstyr","item":"https:\/\/grontkontor.dk\/produkt-kategori\/skrivebordsudstyr\/"},{"@type":"ListItem","position":4,"name":"Penneholdere","item":"https:\/\/grontkontor.dk\/produkt-kategori\/skrivebordsudstyr\/penneholdere-skrivebordsudstyr\/"},{"@type":"ListItem","position":5,"name":"Pen case in bamboo and rPET"}]},{"@type":"WebSite","@id":"https:\/\/grontkontor.dk\/#website","url":"https:\/\/grontkontor.dk\/","name":"Gr\u00f8nt Kontor","description":"Milj\u00f8venlige produkter til kontor og erhverv med fokus p\u00e5 b\u00e6redygtighed, design og fair trade.","publisher":{"@id":"https:\/\/grontkontor.dk\/#organization"},"potentialAction":[{"@type":"SearchAction","target":{"@type":"EntryPoint","urlTemplate":"https:\/\/grontkontor.dk\/?s={search_term_string}"},"query-input":"required name=search_term_string"}],"inLanguage":"en-US"},{"@type":"Organization","@id":"https:\/\/grontkontor.dk\/#organization","name":"Gr\u00f8nt Kontor","url":"https:\/\/grontkontor.dk\/","logo":{"@type":"ImageObject","inLanguage":"en-US","@id":"https:\/\/grontkontor.dk\/#\/schema\/logo\/image\/","url":"https:\/\/grontkontor.dk\/wp-content\/uploads\/2014\/02\/Logo_groent_kontor_300x80.png","contentUrl":"https:\/\/grontkontor.dk\/wp-content\/uploads\/2014\/02\/Logo_groent_kontor_300x80.png","width":300,"height":80,"caption":"Gr\u00f8nt Kontor"},"image":{"@id":"https:\/\/grontkontor.dk\/#\/schema\/logo\/image\/"},"sameAs":["https:\/\/www.facebook.com\/grontkontor.dk\/"]}]}},"_links":{"self":[{"href":"https:\/\/grontkontor.dk\/en\/wp-json\/wp\/v2\/product\/73579"}],"collection":[{"href":"https:\/\/grontkontor.dk\/en\/wp-json\/wp\/v2\/product"}],"about":[{"href":"https:\/\/grontkontor.dk\/en\/wp-json\/wp\/v2\/types\/product"}],"replies":[{"embeddable":true,"href":"https:\/\/grontkontor.dk\/en\/wp-json\/wp\/v2\/comments?post=73579"}],"wp:featuredmedia":[{"embeddable":true,"href":"https:\/\/grontkontor.dk\/en\/wp-json\/wp\/v2\/media\/39162"}],"wp:attachment":[{"href":"https:\/\/grontkontor.dk\/en\/wp-json\/wp\/v2\/media?parent=73579"}],"wp:term":[{"taxonomy":"product_cat","embeddable":true,"href":"https:\/\/grontkontor.dk\/en\/wp-json\/wp\/v2\/product_cat?post=73579"},{"taxonomy":"product_tag","embeddable":true,"href":"https:\/\/grontkontor.dk\/en\/wp-json\/wp\/v2\/product_tag?post=73579"}],"curies":[{"name":"wp","href":"https:\/\/api.w.org\/{rel}","templated":true}]}}