{"id":73626,"date":"2023-09-22T13:56:37","date_gmt":"2023-09-22T14:04:40","guid":{"rendered":"https:\/\/grontkontor.dk\/produkt\/sales-folder-a5-in-fsc-recycled-cardboard-eu\/"},"modified":"2024-02-27T08:54:41","modified_gmt":"2024-02-27T07:54:41","slug":"sales-folder-a5-in-fsc-recycled-cardboard-eu","status":"publish","type":"product","link":"https:\/\/grontkontor.dk\/en\/shop\/sales-folder-a5-in-fsc-recycled-cardboard-eu\/","title":{"rendered":"Sales folder A5 in FSC recycled cardboard EU"},"content":{"rendered":"<p>Climate-friendly recycled presentation folder A5 in FSC certified 450 GSM recycled cardboard with clear signals of climate friendliness.<\/p>\n<p>An environmentally friendly, 100% biodegradable and super cheap leaflet for presenting your products. Is especially cheap in large quantities.<\/p>\n<p>Comes standard with full-color logo printing on both front, back and inside with the option of gold, silver or bronze printing (Hot foil embossing)<\/p>\n<p>Available with or without pane, choose between back width 1mm, 5mm, 8mm or 12mm.<\/p>\n<p>Comes with slot for business cards. <a class=\"light\" href=\"https:\/\/grontkontor.dk\/produkt\/salgsmappe-a45i-fsc-genbrugspap-eu\/\">Also available as A5<\/a><\/p>\n<p>Made in the EU. Minimum order 100 pcs.<\/p>\nThe FSC certification ensures replanting of forests, protection of animal and plant life and ensuring good pay and working conditions. \nWe consider this product to be one of the most sustainable in its category. If you are aware of similar products that you consider to be more sustainable, we would like to hear from you. Read more about our sustainability criteria <a href=\"https:\/\/grontkontor.dk\/en\/about-sustainability\/\" class=\"light\" >here<\/a>\n<p>&nbsp;<\/p>\n<p><img loading=\"lazy\" decoding=\"async\" src=\"https:\/\/grontkontor.dk\/wp-content\/uploads\/2021\/02\/genbrug.jpg\" alt=\"Fremstillet af genbrugsmaterialer\" width=\"50\" height=\"50\" class=\"size-full wp-image-23031\" srcset=\"https:\/\/grontkontor.dk\/wp-content\/uploads\/2021\/02\/genbrug.jpg 199w, https:\/\/grontkontor.dk\/wp-content\/uploads\/2021\/02\/genbrug-100x100.jpg 100w\" sizes=\"(max-width: 50px) 100vw, 50px\" \/><a href=\"https:\/\/ic.fsc.org\/en\/\" target=\"window\"><img loading=\"lazy\" decoding=\"async\" class=\"size-full wp-image-12735\" src=\"https:\/\/grontkontor.dk\/wp-content\/uploads\/2019\/04\/fsc-certificeret.png\" \n\t\t alt=\"FSC-certificeret\" title=\"FSC-certificeret\" width=\"44\" height=\"51\" border=0\/><\/a><img loading=\"lazy\" decoding=\"async\" class=\"size-medium wp-image-21008\" src=\"https:\/\/grontkontor.dk\/wp-content\/uploads\/2020\/11\/eu-flag_1-300x199.jpg\" alt=\"Fremstillet i EU\" width=\"76\" height=\"50\" srcset=\"https:\/\/grontkontor.dk\/wp-content\/uploads\/2020\/11\/eu-flag_1-300x199.jpg 300w, https:\/\/grontkontor.dk\/wp-content\/uploads\/2020\/11\/eu-flag_1.jpg 530w\" sizes=\"(max-width: 76px) 100vw, 76px\" \/><\/p>\n","protected":false},"excerpt":{"rendered":"<p>Climate-friendly recycled presentation folder A5 in FSC certified 450 GSM recycled cardboard with clear signals of climate friendliness. An environmentally friendly, 100% biodegradable and super cheap leaflet for presenting your products. Is especially cheap in large quantities. Comes standard with full-color logo printing on both front, back and inside with the option of gold, silver [&hellip;]<\/p>\n","protected":false},"featured_media":39050,"comment_status":"closed","ping_status":"closed","template":"","meta":{"_acf_changed":false},"product_cat":[1276,1278,1830,2390],"product_tag":[1627,1391,1628,2926],"class_list":{"0":"post-73626","1":"product","2":"type-product","3":"status-publish","4":"has-post-thumbnail","6":"product_cat-storage","7":"product_cat-folders","8":"product_cat-nature-recycled-paper","9":"product_cat-news","10":"product_tag-dokumentmappe-en","11":"product_tag-mappe-en","12":"product_tag-praesentationsmappe-en","13":"product_tag-sales-folder","14":"tm-has-options","16":"first","17":"instock","18":"taxable","19":"shipping-taxable","20":"purchasable","21":"product-type-simple"},"acf":[],"yoast_head":"<!-- This site is optimized with the Yoast SEO Premium plugin v21.2 (Yoast SEO v21.2) - https:\/\/yoast.com\/wordpress\/plugins\/seo\/ -->\n<title>Sales folder A5 in FSC recycled cardboard EU - Gr\u00f8nt Kontor<\/title>\n<meta name=\"robots\" content=\"index, follow, max-snippet:-1, max-image-preview:large, max-video-preview:-1\" \/>\n<link rel=\"canonical\" href=\"https:\/\/grontkontor.dk\/en\/shop\/sales-folder-a5-in-fsc-recycled-cardboard-eu\/\" \/>\n<meta property=\"og:locale\" content=\"en_US\" \/>\n<meta property=\"og:type\" content=\"article\" \/>\n<meta property=\"og:title\" content=\"Sales folder A5 in FSC recycled cardboard EU\" \/>\n<meta property=\"og:description\" content=\"Climate-friendly recycled presentation folder A5 in FSC certified 450 GSM recycled cardboard with clear signals of climate friendliness. An environmentally friendly, 100% biodegradable and super cheap leaflet for presenting your products. Is especially cheap in large quantities. Comes standard with full-color logo printing on both front, back and inside with the option of gold, silver [&hellip;]\" \/>\n<meta property=\"og:url\" content=\"https:\/\/grontkontor.dk\/en\/shop\/sales-folder-a5-in-fsc-recycled-cardboard-eu\/\" \/>\n<meta property=\"og:site_name\" content=\"Gr\u00f8nt Kontor\" \/>\n<meta property=\"article:publisher\" content=\"https:\/\/www.facebook.com\/grontkontor.dk\/\" \/>\n<meta property=\"article:modified_time\" content=\"2024-02-27T07:54:41+00:00\" \/>\n<meta property=\"og:image\" content=\"https:\/\/grontkontor.dk\/wp-content\/uploads\/2022\/10\/Praesentationsmappe-A4-450g-genbrug-med-visitkortslids.jpg\" \/>\n\t<meta property=\"og:image:width\" content=\"900\" \/>\n\t<meta property=\"og:image:height\" content=\"639\" \/>\n\t<meta property=\"og:image:type\" content=\"image\/jpeg\" \/>\n<meta name=\"twitter:card\" content=\"summary_large_image\" \/>\n<script type=\"application\/ld+json\" class=\"yoast-schema-graph\">{\"@context\":\"https:\/\/schema.org\",\"@graph\":[{\"@type\":\"WebPage\",\"@id\":\"https:\/\/grontkontor.dk\/en\/shop\/sales-folder-a5-in-fsc-recycled-cardboard-eu\/\",\"url\":\"https:\/\/grontkontor.dk\/en\/shop\/sales-folder-a5-in-fsc-recycled-cardboard-eu\/\",\"name\":\"Sales folder A5 in FSC recycled cardboard EU - Gr\u00f8nt Kontor\",\"isPartOf\":{\"@id\":\"https:\/\/grontkontor.dk\/#website\"},\"datePublished\":\"2023-09-22T14:04:40+00:00\",\"dateModified\":\"2024-02-27T07:54:41+00:00\",\"breadcrumb\":{\"@id\":\"https:\/\/grontkontor.dk\/en\/shop\/sales-folder-a5-in-fsc-recycled-cardboard-eu\/#breadcrumb\"},\"inLanguage\":\"en-US\",\"potentialAction\":[{\"@type\":\"ReadAction\",\"target\":[\"https:\/\/grontkontor.dk\/en\/shop\/sales-folder-a5-in-fsc-recycled-cardboard-eu\/\"]}]},{\"@type\":\"BreadcrumbList\",\"@id\":\"https:\/\/grontkontor.dk\/en\/shop\/sales-folder-a5-in-fsc-recycled-cardboard-eu\/#breadcrumb\",\"itemListElement\":[{\"@type\":\"ListItem\",\"position\":1,\"name\":\"Forside\",\"item\":\"https:\/\/grontkontor.dk\/\"},{\"@type\":\"ListItem\",\"position\":2,\"name\":\"Shop\",\"item\":\"https:\/\/grontkontor.dk\/en\/shop-2\/\"},{\"@type\":\"ListItem\",\"position\":3,\"name\":\"Arkivering\",\"item\":\"https:\/\/grontkontor.dk\/produkt-kategori\/arkivering\/\"},{\"@type\":\"ListItem\",\"position\":4,\"name\":\"Mapper og clipboards\",\"item\":\"https:\/\/grontkontor.dk\/produkt-kategori\/arkivering\/mapper-clipboards\/\"},{\"@type\":\"ListItem\",\"position\":5,\"name\":\"Sales folder A5 in FSC recycled cardboard EU\"}]},{\"@type\":\"WebSite\",\"@id\":\"https:\/\/grontkontor.dk\/#website\",\"url\":\"https:\/\/grontkontor.dk\/\",\"name\":\"Gr\u00f8nt Kontor\",\"description\":\"Milj\u00f8venlige produkter til kontor og erhverv med fokus p\u00e5 b\u00e6redygtighed, design og fair trade.\",\"publisher\":{\"@id\":\"https:\/\/grontkontor.dk\/#organization\"},\"potentialAction\":[{\"@type\":\"SearchAction\",\"target\":{\"@type\":\"EntryPoint\",\"urlTemplate\":\"https:\/\/grontkontor.dk\/?s={search_term_string}\"},\"query-input\":\"required name=search_term_string\"}],\"inLanguage\":\"en-US\"},{\"@type\":\"Organization\",\"@id\":\"https:\/\/grontkontor.dk\/#organization\",\"name\":\"Gr\u00f8nt Kontor\",\"url\":\"https:\/\/grontkontor.dk\/\",\"logo\":{\"@type\":\"ImageObject\",\"inLanguage\":\"en-US\",\"@id\":\"https:\/\/grontkontor.dk\/#\/schema\/logo\/image\/\",\"url\":\"https:\/\/grontkontor.dk\/wp-content\/uploads\/2014\/02\/Logo_groent_kontor_300x80.png\",\"contentUrl\":\"https:\/\/grontkontor.dk\/wp-content\/uploads\/2014\/02\/Logo_groent_kontor_300x80.png\",\"width\":300,\"height\":80,\"caption\":\"Gr\u00f8nt Kontor\"},\"image\":{\"@id\":\"https:\/\/grontkontor.dk\/#\/schema\/logo\/image\/\"},\"sameAs\":[\"https:\/\/www.facebook.com\/grontkontor.dk\/\"]}]}<\/script>\n<!-- \/ Yoast SEO Premium plugin. -->","yoast_head_json":{"title":"Sales folder A5 in FSC recycled cardboard EU - Gr\u00f8nt Kontor","robots":{"index":"index","follow":"follow","max-snippet":"max-snippet:-1","max-image-preview":"max-image-preview:large","max-video-preview":"max-video-preview:-1"},"canonical":"https:\/\/grontkontor.dk\/en\/shop\/sales-folder-a5-in-fsc-recycled-cardboard-eu\/","og_locale":"en_US","og_type":"article","og_title":"Sales folder A5 in FSC recycled cardboard EU","og_description":"Climate-friendly recycled presentation folder A5 in FSC certified 450 GSM recycled cardboard with clear signals of climate friendliness. An environmentally friendly, 100% biodegradable and super cheap leaflet for presenting your products. Is especially cheap in large quantities. Comes standard with full-color logo printing on both front, back and inside with the option of gold, silver [&hellip;]","og_url":"https:\/\/grontkontor.dk\/en\/shop\/sales-folder-a5-in-fsc-recycled-cardboard-eu\/","og_site_name":"Gr\u00f8nt Kontor","article_publisher":"https:\/\/www.facebook.com\/grontkontor.dk\/","article_modified_time":"2024-02-27T07:54:41+00:00","og_image":[{"width":900,"height":639,"url":"https:\/\/grontkontor.dk\/wp-content\/uploads\/2022\/10\/Praesentationsmappe-A4-450g-genbrug-med-visitkortslids.jpg","type":"image\/jpeg"}],"twitter_card":"summary_large_image","schema":{"@context":"https:\/\/schema.org","@graph":[{"@type":"WebPage","@id":"https:\/\/grontkontor.dk\/en\/shop\/sales-folder-a5-in-fsc-recycled-cardboard-eu\/","url":"https:\/\/grontkontor.dk\/en\/shop\/sales-folder-a5-in-fsc-recycled-cardboard-eu\/","name":"Sales folder A5 in FSC recycled cardboard EU - Gr\u00f8nt Kontor","isPartOf":{"@id":"https:\/\/grontkontor.dk\/#website"},"datePublished":"2023-09-22T14:04:40+00:00","dateModified":"2024-02-27T07:54:41+00:00","breadcrumb":{"@id":"https:\/\/grontkontor.dk\/en\/shop\/sales-folder-a5-in-fsc-recycled-cardboard-eu\/#breadcrumb"},"inLanguage":"en-US","potentialAction":[{"@type":"ReadAction","target":["https:\/\/grontkontor.dk\/en\/shop\/sales-folder-a5-in-fsc-recycled-cardboard-eu\/"]}]},{"@type":"BreadcrumbList","@id":"https:\/\/grontkontor.dk\/en\/shop\/sales-folder-a5-in-fsc-recycled-cardboard-eu\/#breadcrumb","itemListElement":[{"@type":"ListItem","position":1,"name":"Forside","item":"https:\/\/grontkontor.dk\/"},{"@type":"ListItem","position":2,"name":"Shop","item":"https:\/\/grontkontor.dk\/en\/shop-2\/"},{"@type":"ListItem","position":3,"name":"Arkivering","item":"https:\/\/grontkontor.dk\/produkt-kategori\/arkivering\/"},{"@type":"ListItem","position":4,"name":"Mapper og clipboards","item":"https:\/\/grontkontor.dk\/produkt-kategori\/arkivering\/mapper-clipboards\/"},{"@type":"ListItem","position":5,"name":"Sales folder A5 in FSC recycled cardboard EU"}]},{"@type":"WebSite","@id":"https:\/\/grontkontor.dk\/#website","url":"https:\/\/grontkontor.dk\/","name":"Gr\u00f8nt Kontor","description":"Milj\u00f8venlige produkter til kontor og erhverv med fokus p\u00e5 b\u00e6redygtighed, design og fair trade.","publisher":{"@id":"https:\/\/grontkontor.dk\/#organization"},"potentialAction":[{"@type":"SearchAction","target":{"@type":"EntryPoint","urlTemplate":"https:\/\/grontkontor.dk\/?s={search_term_string}"},"query-input":"required name=search_term_string"}],"inLanguage":"en-US"},{"@type":"Organization","@id":"https:\/\/grontkontor.dk\/#organization","name":"Gr\u00f8nt Kontor","url":"https:\/\/grontkontor.dk\/","logo":{"@type":"ImageObject","inLanguage":"en-US","@id":"https:\/\/grontkontor.dk\/#\/schema\/logo\/image\/","url":"https:\/\/grontkontor.dk\/wp-content\/uploads\/2014\/02\/Logo_groent_kontor_300x80.png","contentUrl":"https:\/\/grontkontor.dk\/wp-content\/uploads\/2014\/02\/Logo_groent_kontor_300x80.png","width":300,"height":80,"caption":"Gr\u00f8nt Kontor"},"image":{"@id":"https:\/\/grontkontor.dk\/#\/schema\/logo\/image\/"},"sameAs":["https:\/\/www.facebook.com\/grontkontor.dk\/"]}]}},"_links":{"self":[{"href":"https:\/\/grontkontor.dk\/en\/wp-json\/wp\/v2\/product\/73626"}],"collection":[{"href":"https:\/\/grontkontor.dk\/en\/wp-json\/wp\/v2\/product"}],"about":[{"href":"https:\/\/grontkontor.dk\/en\/wp-json\/wp\/v2\/types\/product"}],"replies":[{"embeddable":true,"href":"https:\/\/grontkontor.dk\/en\/wp-json\/wp\/v2\/comments?post=73626"}],"wp:featuredmedia":[{"embeddable":true,"href":"https:\/\/grontkontor.dk\/en\/wp-json\/wp\/v2\/media\/39050"}],"wp:attachment":[{"href":"https:\/\/grontkontor.dk\/en\/wp-json\/wp\/v2\/media?parent=73626"}],"wp:term":[{"taxonomy":"product_cat","embeddable":true,"href":"https:\/\/grontkontor.dk\/en\/wp-json\/wp\/v2\/product_cat?post=73626"},{"taxonomy":"product_tag","embeddable":true,"href":"https:\/\/grontkontor.dk\/en\/wp-json\/wp\/v2\/product_tag?post=73626"}],"curies":[{"name":"wp","href":"https:\/\/api.w.org\/{rel}","templated":true}]}}